{"id":35389,"date":"2024-09-19T11:02:05","date_gmt":"2024-09-19T09:02:05","guid":{"rendered":"https:\/\/www.aspira.hr\/cijene-i-smjestaj\/"},"modified":"2024-12-10T12:07:24","modified_gmt":"2024-12-10T11:07:24","slug":"pricing-accommodation","status":"publish","type":"page","link":"https:\/\/www.aspira.hr\/en\/pricing-accommodation\/","title":{"rendered":"Pricing and accommodation"},"content":{"rendered":"<p>[vc_row][vc_column][vc_column_text]\n<table id=\"tablepress-6\" class=\"tablepress tablepress-id-6\">\n<thead>\n<tr class=\"row-1\">\n\t<th class=\"column-1\">PRICING <\/th><th class=\"column-2\">EARLY BIRD<\/th><th class=\"column-3\">REGULAR PRICE<\/th>\n<\/tr>\n<\/thead>\n<tbody>\n<tr class=\"row-2\">\n\t<td class=\"column-1\">REGULAR PARTICIPANTS<\/td><td class=\"column-2\">125<\/td><td class=\"column-3\">185<\/td>\n<\/tr>\n<tr class=\"row-3\">\n\t<td class=\"column-1\">LISTENERS ONLY <\/td><td class=\"column-2\">85<\/td><td class=\"column-3\">125<\/td>\n<\/tr>\n<tr class=\"row-4\">\n\t<td class=\"column-1\">STUDENTS\t<\/td><td class=\"column-2\">65<\/td><td class=\"column-3\">85<\/td>\n<\/tr>\n<\/tbody>\n<\/table>\n[\/vc_column_text][vc_column_text]<em>All prices are listed in EUROS (VAT included)<br \/>\nPresenters with video presentations pay the same price as listeners.<br \/>\n<\/em><\/p>\n<p><strong>PAYMENT INFORMATION<\/strong><br \/>\nVeleu\u010dili\u0161te\u00a0<span class=\"il\">Aspira<\/span><br \/>\nMike Tripala 6, 21000 Split<br \/>\nDomovinskog rata 65, 21000 Split<br \/>\nIBAN Split: HR4024840081104992880<br \/>\nSWIFT: RZBHHR2XXX<br \/>\nPayment description: Registration fee for Modern Aspirations Conference[\/vc_column_text][\/vc_column][\/vc_row][vc_row][vc_column][vc_column_text]Registration Deadline \u2013 <strong>1 March 2025<\/strong><\/p>\n<p>Early Bird Deadline \u2013 <strong>10 February 2025<\/strong><\/p>\n<p>The conference registration is valid once the abstract is accepted and\/or the conference registration fee payment is completed.<\/p>\n<p>&nbsp;<\/p>\n<p>&nbsp;<\/p>\n<p>You can find the conference partner hotels below.<\/p>\n<p>[\/vc_column_text][\/vc_column][\/vc_row][vc_row][vc_column][vc_column_text]Thank you for choosing to have your Event with us!<\/p>\n<p>Here&#8217;s your reservation link your guests can use to make reservations:<\/p>\n<p>Book your group rate for Aspira<\/p>\n<p>You will find the information for your online reservation link below. If you have questions or need help with the link, please do not hesitate to ask. We appreciate your business and look forward to a successful event.<\/p>\n<p><strong>Event Summary:<br \/>\nAspira<\/strong><br \/>\n<strong>Start Date: Thursday, March 13, 2025<\/strong><br \/>\n<strong>End Date: Saturday, March 15, 2025<\/strong><br \/>\n<strong>Last Day to Book:<\/strong><\/p>\n<p><strong>Hotel(s) offering your special group rate:<br \/>\n<\/strong><strong>AC Hotel Split for 100 EUR per night<\/strong><\/p>\n<p><strong><a href=\"https:\/\/www.marriott.com\/event-reservations\/reservation-link.mi?id=1721205720804&amp;key=GRP&amp;app=resvlink\">Book your group rate for Aspira<\/a><\/strong>[\/vc_column_text][\/vc_column][\/vc_row]<\/p>\n","protected":false},"excerpt":{"rendered":"<p>[vc_row][vc_column][vc_column_text][\/vc_column_text][vc_column_text]All prices are listed in EUROS (VAT included) Presenters with video presentations pay the same price as listeners. PAYMENT INFORMATION Veleu\u010dili\u0161te\u00a0Aspira Mike Tripala 6, 21000 Split Domovinskog rata 65, 21000 Split IBAN Split: HR4024840081104992880 SWIFT: RZBHHR2XXX Payment description: Registration fee for Modern Aspirations Conference[\/vc_column_text][\/vc_column][\/vc_row][vc_row][vc_column][vc_column_text]Registration Deadline \u2013 1 March 2025 Early Bird Deadline \u2013 10 February&hellip;<\/p>\n","protected":false},"author":1,"featured_media":0,"parent":0,"menu_order":0,"comment_status":"closed","ping_status":"closed","template":"template-microsite.php","meta":{"_monsterinsights_skip_tracking":false,"_monsterinsights_sitenote_active":false,"_monsterinsights_sitenote_note":"","_monsterinsights_sitenote_category":0},"yoast_head":"<!-- This site is optimized with the Yoast SEO plugin v18.0 - https:\/\/yoast.com\/wordpress\/plugins\/seo\/ -->\n<title>Modern Aspirations - Pricing and accommodation<\/title>\n<meta name=\"robots\" content=\"index, follow, max-snippet:-1, max-image-preview:large, max-video-preview:-1\" \/>\n<link rel=\"canonical\" href=\"https:\/\/www.aspira.hr\/en\/pricing-accommodation\/\" \/>\n<meta property=\"og:locale\" content=\"en_US\" \/>\n<meta property=\"og:type\" content=\"article\" \/>\n<meta property=\"og:title\" content=\"Modern Aspirations - Pricing and accommodation\" \/>\n<meta property=\"og:description\" content=\"[vc_row][vc_column][vc_column_text][\/vc_column_text][vc_column_text]All prices are listed in EUROS (VAT included) Presenters with video presentations pay the same price as listeners. PAYMENT INFORMATION Veleu\u010dili\u0161te\u00a0Aspira Mike Tripala 6, 21000 Split Domovinskog rata 65, 21000 Split IBAN Split: HR4024840081104992880 SWIFT: RZBHHR2XXX Payment description: Registration fee for Modern Aspirations Conference[\/vc_column_text][\/vc_column][\/vc_row][vc_row][vc_column][vc_column_text]Registration Deadline \u2013 1 March 2025 Early Bird Deadline \u2013 10 February&hellip;\" \/>\n<meta property=\"og:url\" content=\"https:\/\/www.aspira.hr\/en\/pricing-accommodation\/\" \/>\n<meta property=\"og:site_name\" content=\"ASPIRA University College\" \/>\n<meta property=\"article:publisher\" content=\"https:\/\/www.facebook.com\/Aspira.University.College\" \/>\n<meta property=\"article:modified_time\" content=\"2024-12-10T11:07:24+00:00\" \/>\n<meta name=\"twitter:card\" content=\"summary_large_image\" \/>\n<meta name=\"twitter:site\" content=\"@aspirasplit\" \/>\n<meta name=\"twitter:label1\" content=\"Est. reading time\" \/>\n\t<meta name=\"twitter:data1\" content=\"1 minute\" \/>\n<script type=\"application\/ld+json\" class=\"yoast-schema-graph\">{\"@context\":\"https:\/\/schema.org\",\"@graph\":[{\"@type\":\"Organization\",\"@id\":\"https:\/\/www.aspira.hr\/#organization\",\"name\":\"Aspira university college\",\"url\":\"https:\/\/www.aspira.hr\/\",\"sameAs\":[\"https:\/\/www.facebook.com\/Aspira.University.College\",\"https:\/\/www.instagram.com\/aspira_university\/\",\"https:\/\/www.youtube.com\/channel\/UCIgYMJQ9r3uxEjC6kX_q7EQ\",\"https:\/\/twitter.com\/aspirasplit\"],\"logo\":{\"@type\":\"ImageObject\",\"@id\":\"https:\/\/www.aspira.hr\/#logo\",\"inLanguage\":\"en-US\",\"url\":\"https:\/\/www.aspira.hr\/wp-content\/uploads\/2018\/02\/Aspira-University-College-1.png\",\"contentUrl\":\"https:\/\/www.aspira.hr\/wp-content\/uploads\/2018\/02\/Aspira-University-College-1.png\",\"width\":247,\"height\":60,\"caption\":\"Aspira university college\"},\"image\":{\"@id\":\"https:\/\/www.aspira.hr\/#logo\"}},{\"@type\":\"WebSite\",\"@id\":\"https:\/\/www.aspira.hr\/#website\",\"url\":\"https:\/\/www.aspira.hr\/\",\"name\":\"ASPIRA University College\",\"description\":\"Obrazovanje vrhunskih menad\u017eera iz podru\u010dja sporta i turizma. Studijski programi Me\u0111unarodnog menad\u017ementa u hotelijerstvu i turizmu, te Sportskog menad\u017ementa.\",\"publisher\":{\"@id\":\"https:\/\/www.aspira.hr\/#organization\"},\"potentialAction\":[{\"@type\":\"SearchAction\",\"target\":{\"@type\":\"EntryPoint\",\"urlTemplate\":\"https:\/\/www.aspira.hr\/?s={search_term_string}\"},\"query-input\":\"required name=search_term_string\"}],\"inLanguage\":\"en-US\"},{\"@type\":\"WebPage\",\"@id\":\"https:\/\/www.aspira.hr\/en\/pricing-accommodation\/#webpage\",\"url\":\"https:\/\/www.aspira.hr\/en\/pricing-accommodation\/\",\"name\":\"Modern Aspirations - Pricing and accommodation\",\"isPartOf\":{\"@id\":\"https:\/\/www.aspira.hr\/#website\"},\"datePublished\":\"2024-09-19T09:02:05+00:00\",\"dateModified\":\"2024-12-10T11:07:24+00:00\",\"breadcrumb\":{\"@id\":\"https:\/\/www.aspira.hr\/en\/pricing-accommodation\/#breadcrumb\"},\"inLanguage\":\"en-US\",\"potentialAction\":[{\"@type\":\"ReadAction\",\"target\":[\"https:\/\/www.aspira.hr\/en\/pricing-accommodation\/\"]}]},{\"@type\":\"BreadcrumbList\",\"@id\":\"https:\/\/www.aspira.hr\/en\/pricing-accommodation\/#breadcrumb\",\"itemListElement\":[{\"@type\":\"ListItem\",\"position\":1,\"name\":\"Po\u010detna stranica\",\"item\":\"https:\/\/www.aspira.hr\/en\/\"},{\"@type\":\"ListItem\",\"position\":2,\"name\":\"Pricing and accommodation\"}]}]}<\/script>\n<!-- \/ Yoast SEO plugin. -->","yoast_head_json":{"title":"Modern Aspirations - Pricing and accommodation","robots":{"index":"index","follow":"follow","max-snippet":"max-snippet:-1","max-image-preview":"max-image-preview:large","max-video-preview":"max-video-preview:-1"},"canonical":"https:\/\/www.aspira.hr\/en\/pricing-accommodation\/","og_locale":"en_US","og_type":"article","og_title":"Modern Aspirations - Pricing and accommodation","og_description":"[vc_row][vc_column][vc_column_text][\/vc_column_text][vc_column_text]All prices are listed in EUROS (VAT included) Presenters with video presentations pay the same price as listeners. PAYMENT INFORMATION Veleu\u010dili\u0161te\u00a0Aspira Mike Tripala 6, 21000 Split Domovinskog rata 65, 21000 Split IBAN Split: HR4024840081104992880 SWIFT: RZBHHR2XXX Payment description: Registration fee for Modern Aspirations Conference[\/vc_column_text][\/vc_column][\/vc_row][vc_row][vc_column][vc_column_text]Registration Deadline \u2013 1 March 2025 Early Bird Deadline \u2013 10 February&hellip;","og_url":"https:\/\/www.aspira.hr\/en\/pricing-accommodation\/","og_site_name":"ASPIRA University College","article_publisher":"https:\/\/www.facebook.com\/Aspira.University.College","article_modified_time":"2024-12-10T11:07:24+00:00","twitter_card":"summary_large_image","twitter_site":"@aspirasplit","twitter_misc":{"Est. reading time":"1 minute"},"schema":{"@context":"https:\/\/schema.org","@graph":[{"@type":"Organization","@id":"https:\/\/www.aspira.hr\/#organization","name":"Aspira university college","url":"https:\/\/www.aspira.hr\/","sameAs":["https:\/\/www.facebook.com\/Aspira.University.College","https:\/\/www.instagram.com\/aspira_university\/","https:\/\/www.youtube.com\/channel\/UCIgYMJQ9r3uxEjC6kX_q7EQ","https:\/\/twitter.com\/aspirasplit"],"logo":{"@type":"ImageObject","@id":"https:\/\/www.aspira.hr\/#logo","inLanguage":"en-US","url":"https:\/\/www.aspira.hr\/wp-content\/uploads\/2018\/02\/Aspira-University-College-1.png","contentUrl":"https:\/\/www.aspira.hr\/wp-content\/uploads\/2018\/02\/Aspira-University-College-1.png","width":247,"height":60,"caption":"Aspira university college"},"image":{"@id":"https:\/\/www.aspira.hr\/#logo"}},{"@type":"WebSite","@id":"https:\/\/www.aspira.hr\/#website","url":"https:\/\/www.aspira.hr\/","name":"ASPIRA University College","description":"Obrazovanje vrhunskih menad\u017eera iz podru\u010dja sporta i turizma. Studijski programi Me\u0111unarodnog menad\u017ementa u hotelijerstvu i turizmu, te Sportskog menad\u017ementa.","publisher":{"@id":"https:\/\/www.aspira.hr\/#organization"},"potentialAction":[{"@type":"SearchAction","target":{"@type":"EntryPoint","urlTemplate":"https:\/\/www.aspira.hr\/?s={search_term_string}"},"query-input":"required name=search_term_string"}],"inLanguage":"en-US"},{"@type":"WebPage","@id":"https:\/\/www.aspira.hr\/en\/pricing-accommodation\/#webpage","url":"https:\/\/www.aspira.hr\/en\/pricing-accommodation\/","name":"Modern Aspirations - Pricing and accommodation","isPartOf":{"@id":"https:\/\/www.aspira.hr\/#website"},"datePublished":"2024-09-19T09:02:05+00:00","dateModified":"2024-12-10T11:07:24+00:00","breadcrumb":{"@id":"https:\/\/www.aspira.hr\/en\/pricing-accommodation\/#breadcrumb"},"inLanguage":"en-US","potentialAction":[{"@type":"ReadAction","target":["https:\/\/www.aspira.hr\/en\/pricing-accommodation\/"]}]},{"@type":"BreadcrumbList","@id":"https:\/\/www.aspira.hr\/en\/pricing-accommodation\/#breadcrumb","itemListElement":[{"@type":"ListItem","position":1,"name":"Po\u010detna stranica","item":"https:\/\/www.aspira.hr\/en\/"},{"@type":"ListItem","position":2,"name":"Pricing and accommodation"}]}]}},"_links":{"self":[{"href":"https:\/\/www.aspira.hr\/en\/wp-json\/wp\/v2\/pages\/35389"}],"collection":[{"href":"https:\/\/www.aspira.hr\/en\/wp-json\/wp\/v2\/pages"}],"about":[{"href":"https:\/\/www.aspira.hr\/en\/wp-json\/wp\/v2\/types\/page"}],"author":[{"embeddable":true,"href":"https:\/\/www.aspira.hr\/en\/wp-json\/wp\/v2\/users\/1"}],"replies":[{"embeddable":true,"href":"https:\/\/www.aspira.hr\/en\/wp-json\/wp\/v2\/comments?post=35389"}],"version-history":[{"count":6,"href":"https:\/\/www.aspira.hr\/en\/wp-json\/wp\/v2\/pages\/35389\/revisions"}],"predecessor-version":[{"id":36543,"href":"https:\/\/www.aspira.hr\/en\/wp-json\/wp\/v2\/pages\/35389\/revisions\/36543"}],"wp:attachment":[{"href":"https:\/\/www.aspira.hr\/en\/wp-json\/wp\/v2\/media?parent=35389"}],"curies":[{"name":"wp","href":"https:\/\/api.w.org\/{rel}","templated":true}]}}