{"id":35383,"date":"2024-09-19T11:14:24","date_gmt":"2024-09-19T09:14:24","guid":{"rendered":"https:\/\/www.aspira.hr\/smjernice-za-autore\/"},"modified":"2024-09-24T20:10:42","modified_gmt":"2024-09-24T18:10:42","slug":"guidelines-for-the-authors","status":"publish","type":"page","link":"https:\/\/www.aspira.hr\/en\/guidelines-for-the-authors\/","title":{"rendered":"Guidelines for the authors"},"content":{"rendered":"<p>[vc_row][vc_column][vc_column_text]<strong><a href=\"https:\/\/www.aspira.hr\/wp-content\/uploads\/2024\/09\/Template-for-Authors_HR.docx\">Template for Authors_HR<\/a><\/strong><\/p>\n<p><a href=\"https:\/\/www.aspira.hr\/wp-content\/uploads\/2024\/09\/Template-for-Authors_EN.docx\"><strong>Template for Authors_EN<\/strong><\/a><\/p>\n<p><a href=\"https:\/\/www.aspira.hr\/wp-content\/uploads\/2024\/09\/Instructions-for-Authors.pdf\"><span class=\"media-list-title\"><strong>Instructions for Authors<\/strong><\/span><\/a><\/p>\n<p><a href=\"https:\/\/www.aspira.hr\/wp-content\/uploads\/2024\/09\/Review-Process-and-Guidelines.pdf\"><span class=\"media-list-title\"><strong>Review Process and Guidelines<\/strong><\/span><\/a>[\/vc_column_text][vc_column_text]The conference proceedings contain both scientific and professional papers. Submitted manuscripts will initially be evaluated by the Program Committee. Those considered as suitable for the conference proceedings will undergo double blind review by two anonymous and independent reviewers who do not belong to the same institution as the authors. Accepted and presented papers will be published in the open-access Modern Aspirations conference proceedings.[\/vc_column_text][\/vc_column][\/vc_row]<\/p>\n","protected":false},"excerpt":{"rendered":"<p>[vc_row][vc_column][vc_column_text]Template for Authors_HR Template for Authors_EN Instructions for Authors Review Process and Guidelines[\/vc_column_text][vc_column_text]The conference proceedings contain both scientific and professional papers. Submitted manuscripts will initially be evaluated by the Program Committee. Those considered as suitable for the conference proceedings will undergo double blind review by two anonymous and independent reviewers who do not belong to&hellip;<\/p>\n","protected":false},"author":1,"featured_media":0,"parent":0,"menu_order":0,"comment_status":"closed","ping_status":"closed","template":"template-microsite.php","meta":{"_monsterinsights_skip_tracking":false,"_monsterinsights_sitenote_active":false,"_monsterinsights_sitenote_note":"","_monsterinsights_sitenote_category":0},"yoast_head":"<!-- This site is optimized with the Yoast SEO plugin v18.0 - https:\/\/yoast.com\/wordpress\/plugins\/seo\/ -->\n<title>Guidelines for the authors | Modern Aspirations<\/title>\n<meta name=\"robots\" content=\"index, follow, max-snippet:-1, max-image-preview:large, max-video-preview:-1\" \/>\n<link rel=\"canonical\" href=\"https:\/\/www.aspira.hr\/en\/guidelines-for-the-authors\/\" \/>\n<meta property=\"og:locale\" content=\"en_US\" \/>\n<meta property=\"og:type\" content=\"article\" \/>\n<meta property=\"og:title\" content=\"Guidelines for the authors | Modern Aspirations\" \/>\n<meta property=\"og:description\" content=\"[vc_row][vc_column][vc_column_text]Template for Authors_HR Template for Authors_EN Instructions for Authors Review Process and Guidelines[\/vc_column_text][vc_column_text]The conference proceedings contain both scientific and professional papers. Submitted manuscripts will initially be evaluated by the Program Committee. Those considered as suitable for the conference proceedings will undergo double blind review by two anonymous and independent reviewers who do not belong to&hellip;\" \/>\n<meta property=\"og:url\" content=\"https:\/\/www.aspira.hr\/en\/guidelines-for-the-authors\/\" \/>\n<meta property=\"og:site_name\" content=\"ASPIRA University College\" \/>\n<meta property=\"article:publisher\" content=\"https:\/\/www.facebook.com\/Aspira.University.College\" \/>\n<meta property=\"article:modified_time\" content=\"2024-09-24T18:10:42+00:00\" \/>\n<meta name=\"twitter:card\" content=\"summary_large_image\" \/>\n<meta name=\"twitter:site\" content=\"@aspirasplit\" \/>\n<meta name=\"twitter:label1\" content=\"Est. reading time\" \/>\n\t<meta name=\"twitter:data1\" content=\"1 minute\" \/>\n<script type=\"application\/ld+json\" class=\"yoast-schema-graph\">{\"@context\":\"https:\/\/schema.org\",\"@graph\":[{\"@type\":\"Organization\",\"@id\":\"https:\/\/www.aspira.hr\/#organization\",\"name\":\"Aspira university college\",\"url\":\"https:\/\/www.aspira.hr\/\",\"sameAs\":[\"https:\/\/www.facebook.com\/Aspira.University.College\",\"https:\/\/www.instagram.com\/aspira_university\/\",\"https:\/\/www.youtube.com\/channel\/UCIgYMJQ9r3uxEjC6kX_q7EQ\",\"https:\/\/twitter.com\/aspirasplit\"],\"logo\":{\"@type\":\"ImageObject\",\"@id\":\"https:\/\/www.aspira.hr\/#logo\",\"inLanguage\":\"en-US\",\"url\":\"https:\/\/www.aspira.hr\/wp-content\/uploads\/2018\/02\/Aspira-University-College-1.png\",\"contentUrl\":\"https:\/\/www.aspira.hr\/wp-content\/uploads\/2018\/02\/Aspira-University-College-1.png\",\"width\":247,\"height\":60,\"caption\":\"Aspira university college\"},\"image\":{\"@id\":\"https:\/\/www.aspira.hr\/#logo\"}},{\"@type\":\"WebSite\",\"@id\":\"https:\/\/www.aspira.hr\/#website\",\"url\":\"https:\/\/www.aspira.hr\/\",\"name\":\"ASPIRA University College\",\"description\":\"Obrazovanje vrhunskih menad\u017eera iz podru\u010dja sporta i turizma. Studijski programi Me\u0111unarodnog menad\u017ementa u hotelijerstvu i turizmu, te Sportskog menad\u017ementa.\",\"publisher\":{\"@id\":\"https:\/\/www.aspira.hr\/#organization\"},\"potentialAction\":[{\"@type\":\"SearchAction\",\"target\":{\"@type\":\"EntryPoint\",\"urlTemplate\":\"https:\/\/www.aspira.hr\/?s={search_term_string}\"},\"query-input\":\"required name=search_term_string\"}],\"inLanguage\":\"en-US\"},{\"@type\":\"WebPage\",\"@id\":\"https:\/\/www.aspira.hr\/en\/guidelines-for-the-authors\/#webpage\",\"url\":\"https:\/\/www.aspira.hr\/en\/guidelines-for-the-authors\/\",\"name\":\"Guidelines for the authors | Modern Aspirations\",\"isPartOf\":{\"@id\":\"https:\/\/www.aspira.hr\/#website\"},\"datePublished\":\"2024-09-19T09:14:24+00:00\",\"dateModified\":\"2024-09-24T18:10:42+00:00\",\"breadcrumb\":{\"@id\":\"https:\/\/www.aspira.hr\/en\/guidelines-for-the-authors\/#breadcrumb\"},\"inLanguage\":\"en-US\",\"potentialAction\":[{\"@type\":\"ReadAction\",\"target\":[\"https:\/\/www.aspira.hr\/en\/guidelines-for-the-authors\/\"]}]},{\"@type\":\"BreadcrumbList\",\"@id\":\"https:\/\/www.aspira.hr\/en\/guidelines-for-the-authors\/#breadcrumb\",\"itemListElement\":[{\"@type\":\"ListItem\",\"position\":1,\"name\":\"Po\u010detna stranica\",\"item\":\"https:\/\/www.aspira.hr\/en\/\"},{\"@type\":\"ListItem\",\"position\":2,\"name\":\"Guidelines for the authors\"}]}]}<\/script>\n<!-- \/ Yoast SEO plugin. -->","yoast_head_json":{"title":"Guidelines for the authors | Modern Aspirations","robots":{"index":"index","follow":"follow","max-snippet":"max-snippet:-1","max-image-preview":"max-image-preview:large","max-video-preview":"max-video-preview:-1"},"canonical":"https:\/\/www.aspira.hr\/en\/guidelines-for-the-authors\/","og_locale":"en_US","og_type":"article","og_title":"Guidelines for the authors | Modern Aspirations","og_description":"[vc_row][vc_column][vc_column_text]Template for Authors_HR Template for Authors_EN Instructions for Authors Review Process and Guidelines[\/vc_column_text][vc_column_text]The conference proceedings contain both scientific and professional papers. Submitted manuscripts will initially be evaluated by the Program Committee. Those considered as suitable for the conference proceedings will undergo double blind review by two anonymous and independent reviewers who do not belong to&hellip;","og_url":"https:\/\/www.aspira.hr\/en\/guidelines-for-the-authors\/","og_site_name":"ASPIRA University College","article_publisher":"https:\/\/www.facebook.com\/Aspira.University.College","article_modified_time":"2024-09-24T18:10:42+00:00","twitter_card":"summary_large_image","twitter_site":"@aspirasplit","twitter_misc":{"Est. reading time":"1 minute"},"schema":{"@context":"https:\/\/schema.org","@graph":[{"@type":"Organization","@id":"https:\/\/www.aspira.hr\/#organization","name":"Aspira university college","url":"https:\/\/www.aspira.hr\/","sameAs":["https:\/\/www.facebook.com\/Aspira.University.College","https:\/\/www.instagram.com\/aspira_university\/","https:\/\/www.youtube.com\/channel\/UCIgYMJQ9r3uxEjC6kX_q7EQ","https:\/\/twitter.com\/aspirasplit"],"logo":{"@type":"ImageObject","@id":"https:\/\/www.aspira.hr\/#logo","inLanguage":"en-US","url":"https:\/\/www.aspira.hr\/wp-content\/uploads\/2018\/02\/Aspira-University-College-1.png","contentUrl":"https:\/\/www.aspira.hr\/wp-content\/uploads\/2018\/02\/Aspira-University-College-1.png","width":247,"height":60,"caption":"Aspira university college"},"image":{"@id":"https:\/\/www.aspira.hr\/#logo"}},{"@type":"WebSite","@id":"https:\/\/www.aspira.hr\/#website","url":"https:\/\/www.aspira.hr\/","name":"ASPIRA University College","description":"Obrazovanje vrhunskih menad\u017eera iz podru\u010dja sporta i turizma. Studijski programi Me\u0111unarodnog menad\u017ementa u hotelijerstvu i turizmu, te Sportskog menad\u017ementa.","publisher":{"@id":"https:\/\/www.aspira.hr\/#organization"},"potentialAction":[{"@type":"SearchAction","target":{"@type":"EntryPoint","urlTemplate":"https:\/\/www.aspira.hr\/?s={search_term_string}"},"query-input":"required name=search_term_string"}],"inLanguage":"en-US"},{"@type":"WebPage","@id":"https:\/\/www.aspira.hr\/en\/guidelines-for-the-authors\/#webpage","url":"https:\/\/www.aspira.hr\/en\/guidelines-for-the-authors\/","name":"Guidelines for the authors | Modern Aspirations","isPartOf":{"@id":"https:\/\/www.aspira.hr\/#website"},"datePublished":"2024-09-19T09:14:24+00:00","dateModified":"2024-09-24T18:10:42+00:00","breadcrumb":{"@id":"https:\/\/www.aspira.hr\/en\/guidelines-for-the-authors\/#breadcrumb"},"inLanguage":"en-US","potentialAction":[{"@type":"ReadAction","target":["https:\/\/www.aspira.hr\/en\/guidelines-for-the-authors\/"]}]},{"@type":"BreadcrumbList","@id":"https:\/\/www.aspira.hr\/en\/guidelines-for-the-authors\/#breadcrumb","itemListElement":[{"@type":"ListItem","position":1,"name":"Po\u010detna stranica","item":"https:\/\/www.aspira.hr\/en\/"},{"@type":"ListItem","position":2,"name":"Guidelines for the authors"}]}]}},"_links":{"self":[{"href":"https:\/\/www.aspira.hr\/en\/wp-json\/wp\/v2\/pages\/35383"}],"collection":[{"href":"https:\/\/www.aspira.hr\/en\/wp-json\/wp\/v2\/pages"}],"about":[{"href":"https:\/\/www.aspira.hr\/en\/wp-json\/wp\/v2\/types\/page"}],"author":[{"embeddable":true,"href":"https:\/\/www.aspira.hr\/en\/wp-json\/wp\/v2\/users\/1"}],"replies":[{"embeddable":true,"href":"https:\/\/www.aspira.hr\/en\/wp-json\/wp\/v2\/comments?post=35383"}],"version-history":[{"count":2,"href":"https:\/\/www.aspira.hr\/en\/wp-json\/wp\/v2\/pages\/35383\/revisions"}],"predecessor-version":[{"id":35385,"href":"https:\/\/www.aspira.hr\/en\/wp-json\/wp\/v2\/pages\/35383\/revisions\/35385"}],"wp:attachment":[{"href":"https:\/\/www.aspira.hr\/en\/wp-json\/wp\/v2\/media?parent=35383"}],"curies":[{"name":"wp","href":"https:\/\/api.w.org\/{rel}","templated":true}]}}