{"id":35372,"date":"2024-09-17T12:20:58","date_gmt":"2024-09-17T10:20:58","guid":{"rendered":"https:\/\/www.aspira.hr\/organizacijski-odbor\/"},"modified":"2024-09-24T20:05:03","modified_gmt":"2024-09-24T18:05:03","slug":"organizing-committee","status":"publish","type":"page","link":"https:\/\/www.aspira.hr\/en\/organizing-committee\/","title":{"rendered":"Organizing committee"},"content":{"rendered":"<p>Alen Jerkunica<\/p>\n<p>Bepo \u017dura<\/p>\n<p>Matija Tresic Skara<\/p>\n<p>Branka \u0160egvi\u0107<\/p>\n<p>Petra Mandac<\/p>\n<p>\u0110ur\u0111ica Vuki\u0107<\/p>\n<p>Jelena Vuleti\u0107<\/p>\n<p>Luka Androja<\/p>\n<p>Sandra Kova\u010devi\u0107<\/p>\n<p>Josip Radi\u0107<\/p>\n<p>Ana Luji\u0107 Tabain<\/p>\n<p>Ivana Vladu\u0161i\u0107<\/p>\n","protected":false},"excerpt":{"rendered":"<p>Alen Jerkunica Bepo \u017dura Matija Tresic Skara Branka \u0160egvi\u0107 Petra Mandac \u0110ur\u0111ica Vuki\u0107 Jelena Vuleti\u0107 Luka Androja Sandra Kova\u010devi\u0107 Josip Radi\u0107 Ana Luji\u0107 Tabain Ivana Vladu\u0161i\u0107<\/p>\n","protected":false},"author":1,"featured_media":0,"parent":0,"menu_order":0,"comment_status":"closed","ping_status":"closed","template":"template-microsite.php","meta":{"_monsterinsights_skip_tracking":false,"_monsterinsights_sitenote_active":false,"_monsterinsights_sitenote_note":"","_monsterinsights_sitenote_category":0},"yoast_head":"<!-- This site is optimized with the Yoast SEO plugin v18.0 - https:\/\/yoast.com\/wordpress\/plugins\/seo\/ -->\n<title>Organizing committee | Modern Aspirations<\/title>\n<meta name=\"robots\" content=\"index, follow, max-snippet:-1, max-image-preview:large, max-video-preview:-1\" \/>\n<link rel=\"canonical\" href=\"https:\/\/www.aspira.hr\/en\/organizing-committee\/\" \/>\n<meta property=\"og:locale\" content=\"en_US\" \/>\n<meta property=\"og:type\" content=\"article\" \/>\n<meta property=\"og:title\" content=\"Organizing committee | Modern Aspirations\" \/>\n<meta property=\"og:description\" content=\"Alen Jerkunica Bepo \u017dura Matija Tresic Skara Branka \u0160egvi\u0107 Petra Mandac \u0110ur\u0111ica Vuki\u0107 Jelena Vuleti\u0107 Luka Androja Sandra Kova\u010devi\u0107 Josip Radi\u0107 Ana Luji\u0107 Tabain Ivana Vladu\u0161i\u0107\" \/>\n<meta property=\"og:url\" content=\"https:\/\/www.aspira.hr\/en\/organizing-committee\/\" \/>\n<meta property=\"og:site_name\" content=\"ASPIRA University College\" \/>\n<meta property=\"article:publisher\" content=\"https:\/\/www.facebook.com\/Aspira.University.College\" \/>\n<meta property=\"article:modified_time\" content=\"2024-09-24T18:05:03+00:00\" \/>\n<meta name=\"twitter:card\" content=\"summary_large_image\" \/>\n<meta name=\"twitter:site\" content=\"@aspirasplit\" \/>\n<meta name=\"twitter:label1\" content=\"Est. reading time\" \/>\n\t<meta name=\"twitter:data1\" content=\"1 minute\" \/>\n<script type=\"application\/ld+json\" class=\"yoast-schema-graph\">{\"@context\":\"https:\/\/schema.org\",\"@graph\":[{\"@type\":\"Organization\",\"@id\":\"https:\/\/www.aspira.hr\/#organization\",\"name\":\"Aspira university college\",\"url\":\"https:\/\/www.aspira.hr\/\",\"sameAs\":[\"https:\/\/www.facebook.com\/Aspira.University.College\",\"https:\/\/www.instagram.com\/aspira_university\/\",\"https:\/\/www.youtube.com\/channel\/UCIgYMJQ9r3uxEjC6kX_q7EQ\",\"https:\/\/twitter.com\/aspirasplit\"],\"logo\":{\"@type\":\"ImageObject\",\"@id\":\"https:\/\/www.aspira.hr\/#logo\",\"inLanguage\":\"en-US\",\"url\":\"https:\/\/www.aspira.hr\/wp-content\/uploads\/2018\/02\/Aspira-University-College-1.png\",\"contentUrl\":\"https:\/\/www.aspira.hr\/wp-content\/uploads\/2018\/02\/Aspira-University-College-1.png\",\"width\":247,\"height\":60,\"caption\":\"Aspira university college\"},\"image\":{\"@id\":\"https:\/\/www.aspira.hr\/#logo\"}},{\"@type\":\"WebSite\",\"@id\":\"https:\/\/www.aspira.hr\/#website\",\"url\":\"https:\/\/www.aspira.hr\/\",\"name\":\"ASPIRA University College\",\"description\":\"Obrazovanje vrhunskih menad\u017eera iz podru\u010dja sporta i turizma. Studijski programi Me\u0111unarodnog menad\u017ementa u hotelijerstvu i turizmu, te Sportskog menad\u017ementa.\",\"publisher\":{\"@id\":\"https:\/\/www.aspira.hr\/#organization\"},\"potentialAction\":[{\"@type\":\"SearchAction\",\"target\":{\"@type\":\"EntryPoint\",\"urlTemplate\":\"https:\/\/www.aspira.hr\/?s={search_term_string}\"},\"query-input\":\"required name=search_term_string\"}],\"inLanguage\":\"en-US\"},{\"@type\":\"WebPage\",\"@id\":\"https:\/\/www.aspira.hr\/en\/organizing-committee\/#webpage\",\"url\":\"https:\/\/www.aspira.hr\/en\/organizing-committee\/\",\"name\":\"Organizing committee | Modern Aspirations\",\"isPartOf\":{\"@id\":\"https:\/\/www.aspira.hr\/#website\"},\"datePublished\":\"2024-09-17T10:20:58+00:00\",\"dateModified\":\"2024-09-24T18:05:03+00:00\",\"breadcrumb\":{\"@id\":\"https:\/\/www.aspira.hr\/en\/organizing-committee\/#breadcrumb\"},\"inLanguage\":\"en-US\",\"potentialAction\":[{\"@type\":\"ReadAction\",\"target\":[\"https:\/\/www.aspira.hr\/en\/organizing-committee\/\"]}]},{\"@type\":\"BreadcrumbList\",\"@id\":\"https:\/\/www.aspira.hr\/en\/organizing-committee\/#breadcrumb\",\"itemListElement\":[{\"@type\":\"ListItem\",\"position\":1,\"name\":\"Po\u010detna stranica\",\"item\":\"https:\/\/www.aspira.hr\/en\/\"},{\"@type\":\"ListItem\",\"position\":2,\"name\":\"Organizing committee\"}]}]}<\/script>\n<!-- \/ Yoast SEO plugin. -->","yoast_head_json":{"title":"Organizing committee | Modern Aspirations","robots":{"index":"index","follow":"follow","max-snippet":"max-snippet:-1","max-image-preview":"max-image-preview:large","max-video-preview":"max-video-preview:-1"},"canonical":"https:\/\/www.aspira.hr\/en\/organizing-committee\/","og_locale":"en_US","og_type":"article","og_title":"Organizing committee | Modern Aspirations","og_description":"Alen Jerkunica Bepo \u017dura Matija Tresic Skara Branka \u0160egvi\u0107 Petra Mandac \u0110ur\u0111ica Vuki\u0107 Jelena Vuleti\u0107 Luka Androja Sandra Kova\u010devi\u0107 Josip Radi\u0107 Ana Luji\u0107 Tabain Ivana Vladu\u0161i\u0107","og_url":"https:\/\/www.aspira.hr\/en\/organizing-committee\/","og_site_name":"ASPIRA University College","article_publisher":"https:\/\/www.facebook.com\/Aspira.University.College","article_modified_time":"2024-09-24T18:05:03+00:00","twitter_card":"summary_large_image","twitter_site":"@aspirasplit","twitter_misc":{"Est. reading time":"1 minute"},"schema":{"@context":"https:\/\/schema.org","@graph":[{"@type":"Organization","@id":"https:\/\/www.aspira.hr\/#organization","name":"Aspira university college","url":"https:\/\/www.aspira.hr\/","sameAs":["https:\/\/www.facebook.com\/Aspira.University.College","https:\/\/www.instagram.com\/aspira_university\/","https:\/\/www.youtube.com\/channel\/UCIgYMJQ9r3uxEjC6kX_q7EQ","https:\/\/twitter.com\/aspirasplit"],"logo":{"@type":"ImageObject","@id":"https:\/\/www.aspira.hr\/#logo","inLanguage":"en-US","url":"https:\/\/www.aspira.hr\/wp-content\/uploads\/2018\/02\/Aspira-University-College-1.png","contentUrl":"https:\/\/www.aspira.hr\/wp-content\/uploads\/2018\/02\/Aspira-University-College-1.png","width":247,"height":60,"caption":"Aspira university college"},"image":{"@id":"https:\/\/www.aspira.hr\/#logo"}},{"@type":"WebSite","@id":"https:\/\/www.aspira.hr\/#website","url":"https:\/\/www.aspira.hr\/","name":"ASPIRA University College","description":"Obrazovanje vrhunskih menad\u017eera iz podru\u010dja sporta i turizma. Studijski programi Me\u0111unarodnog menad\u017ementa u hotelijerstvu i turizmu, te Sportskog menad\u017ementa.","publisher":{"@id":"https:\/\/www.aspira.hr\/#organization"},"potentialAction":[{"@type":"SearchAction","target":{"@type":"EntryPoint","urlTemplate":"https:\/\/www.aspira.hr\/?s={search_term_string}"},"query-input":"required name=search_term_string"}],"inLanguage":"en-US"},{"@type":"WebPage","@id":"https:\/\/www.aspira.hr\/en\/organizing-committee\/#webpage","url":"https:\/\/www.aspira.hr\/en\/organizing-committee\/","name":"Organizing committee | Modern Aspirations","isPartOf":{"@id":"https:\/\/www.aspira.hr\/#website"},"datePublished":"2024-09-17T10:20:58+00:00","dateModified":"2024-09-24T18:05:03+00:00","breadcrumb":{"@id":"https:\/\/www.aspira.hr\/en\/organizing-committee\/#breadcrumb"},"inLanguage":"en-US","potentialAction":[{"@type":"ReadAction","target":["https:\/\/www.aspira.hr\/en\/organizing-committee\/"]}]},{"@type":"BreadcrumbList","@id":"https:\/\/www.aspira.hr\/en\/organizing-committee\/#breadcrumb","itemListElement":[{"@type":"ListItem","position":1,"name":"Po\u010detna stranica","item":"https:\/\/www.aspira.hr\/en\/"},{"@type":"ListItem","position":2,"name":"Organizing committee"}]}]}},"_links":{"self":[{"href":"https:\/\/www.aspira.hr\/en\/wp-json\/wp\/v2\/pages\/35372"}],"collection":[{"href":"https:\/\/www.aspira.hr\/en\/wp-json\/wp\/v2\/pages"}],"about":[{"href":"https:\/\/www.aspira.hr\/en\/wp-json\/wp\/v2\/types\/page"}],"author":[{"embeddable":true,"href":"https:\/\/www.aspira.hr\/en\/wp-json\/wp\/v2\/users\/1"}],"replies":[{"embeddable":true,"href":"https:\/\/www.aspira.hr\/en\/wp-json\/wp\/v2\/comments?post=35372"}],"version-history":[{"count":1,"href":"https:\/\/www.aspira.hr\/en\/wp-json\/wp\/v2\/pages\/35372\/revisions"}],"predecessor-version":[{"id":35373,"href":"https:\/\/www.aspira.hr\/en\/wp-json\/wp\/v2\/pages\/35372\/revisions\/35373"}],"wp:attachment":[{"href":"https:\/\/www.aspira.hr\/en\/wp-json\/wp\/v2\/media?parent=35372"}],"curies":[{"name":"wp","href":"https:\/\/api.w.org\/{rel}","templated":true}]}}