{"id":35369,"date":"2024-09-17T12:14:44","date_gmt":"2024-09-17T10:14:44","guid":{"rendered":"https:\/\/www.aspira.hr\/programski-odbor\/"},"modified":"2024-09-24T20:03:59","modified_gmt":"2024-09-24T18:03:59","slug":"program-committee","status":"publish","type":"page","link":"https:\/\/www.aspira.hr\/en\/program-committee\/","title":{"rendered":"Program committee"},"content":{"rendered":"<p>[vc_row][vc_column][vc_column_text]Igor Tomi\u0107, Ph.D, \u00c9cole Polytechnique F\u00e9d\u00e9rale de Lausanne, University of Lausanne, Switzerland<\/p>\n<p>Jana Pisk, Ph.D, Faculty of Science, University of Zagreb, Croatia<\/p>\n<p>Ton\u0107i Prodan, Ph.D, University Department for Forensic Sciences, University of Split, Croatia<\/p>\n<p>Bruno Grbac, Ph.D, Faculty of Economy, University of Rijeka, Croatia<\/p>\n<p>Gorana Duplancic Rogosic, Ph.D, Faculty of Economy, University of Split, Croatia<\/p>\n<p>Aleksandar Skend\u017ei\u0107, Ph.D \u2013 Croatian Pension Insurance Institute, Croatia<\/p>\n<p>Marko Vujasinovi\u0107, Ph.D \u2013 Aspira University of Applied Sciences, Croatia<\/p>\n<p>Ivica Klinac, Ph.D, Baltazar Zapre\u0161i\u0107 Polytechnic, Croatia<\/p>\n<p>Marijana Juri\u0161i\u0107, Ph.D, Aspira University of Applied Sciences, Croatia<\/p>\n<p>Ernest Vla\u010di\u0107, Ph.D, Univerzitet Metropolitan Beograd (FEFA fakultet), Serbia<\/p>\n<p>Suzana Toma\u0161, Ph.D, Faculty of Humanities and Social Sciences, University of Split, Croatia<\/p>\n<p>Branka \u0160egvi\u0107, Ph.D, Aspira University of Applied Sciences, Croatia<\/p>\n<p>Tihomir Lukovi\u0107, Ph.D, Aspira University of Applied Sciences, Croatia<\/p>\n<p>Ana Mr\u0161i\u0107 Zdilar, Graduate Anglicist and Italianist, Faculty of Science, University of Split, Croatia<\/p>\n<p>Iva Polic, mag. educ. philol. angl. et croat., Graduate Croatist and Anglicist, Faculty of Humanities and Social Sciences, University of Split, Croatia<\/p>\n<p>Matija Tresi\u0107 \u0160kara, MA, Aspira University of Applied Sciences, Croatia<\/p>\n<p>\u0110ur\u0111ica Vuki\u0107, MEng, Aspira University of Applied Sciences, Croatia<\/p>\n<p>Ton\u0107i Bav\u010devi\u0107, Ph.D., Faculty of Kinesiology, University of Split, Croatia<\/p>\n<p>Luka Androja, MKin, Aspira University of Applied Sciences, Croatia<\/p>\n<p>Damir Bav\u010devi\u0107, Ph.D, Faculty of Kinesiology, University of Split, Croatia<\/p>\n<p>Karla \u0160iti\u0107, Ph.D., Faculty of Kinesology, University of Split, Croatia<\/p>\n<p>Ivan Konstantinovi\u0107, MD, University Hospital of Split, Croatia<\/p>\n<p>Diana Da Silva Dias, Ph.D., School of Economic and Organizational Sciences, Portugal<\/p>\n<p>Michal Fabu\u0161, Ph.D, University of Economics<a href=\"https:\/\/www.researchgate.net\/profile\/Michal-Fabus\">,<\/a> Slovakia<\/p>\n<p>Bahar Baran, Ph.D, Dokuz Eyl\u00fcl University, Turkey<\/p>\n<p>Franjo Lovri\u0107, Ph.D, Faculty of Science and Education, University of Mostar, BiH[\/vc_column_text][\/vc_column][\/vc_row]<\/p>\n","protected":false},"excerpt":{"rendered":"<p>[vc_row][vc_column][vc_column_text]Igor Tomi\u0107, Ph.D, \u00c9cole Polytechnique F\u00e9d\u00e9rale de Lausanne, University of Lausanne, Switzerland Jana Pisk, Ph.D, Faculty of Science, University of Zagreb, Croatia Ton\u0107i Prodan, Ph.D, University Department for Forensic Sciences, University of Split, Croatia Bruno Grbac, Ph.D, Faculty of Economy, University of Rijeka, Croatia Gorana Duplancic Rogosic, Ph.D, Faculty of Economy, University of Split, Croatia&hellip;<\/p>\n","protected":false},"author":1,"featured_media":0,"parent":0,"menu_order":0,"comment_status":"closed","ping_status":"closed","template":"template-microsite.php","meta":{"_monsterinsights_skip_tracking":false,"_monsterinsights_sitenote_active":false,"_monsterinsights_sitenote_note":"","_monsterinsights_sitenote_category":0},"yoast_head":"<!-- This site is optimized with the Yoast SEO plugin v18.0 - https:\/\/yoast.com\/wordpress\/plugins\/seo\/ -->\n<title>Program committee | Modern Aspirations<\/title>\n<meta name=\"robots\" content=\"index, follow, max-snippet:-1, max-image-preview:large, max-video-preview:-1\" \/>\n<link rel=\"canonical\" href=\"https:\/\/www.aspira.hr\/en\/program-committee\/\" \/>\n<meta property=\"og:locale\" content=\"en_US\" \/>\n<meta property=\"og:type\" content=\"article\" \/>\n<meta property=\"og:title\" content=\"Program committee | Modern Aspirations\" \/>\n<meta property=\"og:description\" content=\"[vc_row][vc_column][vc_column_text]Igor Tomi\u0107, Ph.D, \u00c9cole Polytechnique F\u00e9d\u00e9rale de Lausanne, University of Lausanne, Switzerland Jana Pisk, Ph.D, Faculty of Science, University of Zagreb, Croatia Ton\u0107i Prodan, Ph.D, University Department for Forensic Sciences, University of Split, Croatia Bruno Grbac, Ph.D, Faculty of Economy, University of Rijeka, Croatia Gorana Duplancic Rogosic, Ph.D, Faculty of Economy, University of Split, Croatia&hellip;\" \/>\n<meta property=\"og:url\" content=\"https:\/\/www.aspira.hr\/en\/program-committee\/\" \/>\n<meta property=\"og:site_name\" content=\"ASPIRA University College\" \/>\n<meta property=\"article:publisher\" content=\"https:\/\/www.facebook.com\/Aspira.University.College\" \/>\n<meta property=\"article:modified_time\" content=\"2024-09-24T18:03:59+00:00\" \/>\n<meta name=\"twitter:card\" content=\"summary_large_image\" \/>\n<meta name=\"twitter:site\" content=\"@aspirasplit\" \/>\n<meta name=\"twitter:label1\" content=\"Est. reading time\" \/>\n\t<meta name=\"twitter:data1\" content=\"2 minutes\" \/>\n<script type=\"application\/ld+json\" class=\"yoast-schema-graph\">{\"@context\":\"https:\/\/schema.org\",\"@graph\":[{\"@type\":\"Organization\",\"@id\":\"https:\/\/www.aspira.hr\/#organization\",\"name\":\"Aspira university college\",\"url\":\"https:\/\/www.aspira.hr\/\",\"sameAs\":[\"https:\/\/www.facebook.com\/Aspira.University.College\",\"https:\/\/www.instagram.com\/aspira_university\/\",\"https:\/\/www.youtube.com\/channel\/UCIgYMJQ9r3uxEjC6kX_q7EQ\",\"https:\/\/twitter.com\/aspirasplit\"],\"logo\":{\"@type\":\"ImageObject\",\"@id\":\"https:\/\/www.aspira.hr\/#logo\",\"inLanguage\":\"en-US\",\"url\":\"https:\/\/www.aspira.hr\/wp-content\/uploads\/2018\/02\/Aspira-University-College-1.png\",\"contentUrl\":\"https:\/\/www.aspira.hr\/wp-content\/uploads\/2018\/02\/Aspira-University-College-1.png\",\"width\":247,\"height\":60,\"caption\":\"Aspira university college\"},\"image\":{\"@id\":\"https:\/\/www.aspira.hr\/#logo\"}},{\"@type\":\"WebSite\",\"@id\":\"https:\/\/www.aspira.hr\/#website\",\"url\":\"https:\/\/www.aspira.hr\/\",\"name\":\"ASPIRA University College\",\"description\":\"Obrazovanje vrhunskih menad\u017eera iz podru\u010dja sporta i turizma. Studijski programi Me\u0111unarodnog menad\u017ementa u hotelijerstvu i turizmu, te Sportskog menad\u017ementa.\",\"publisher\":{\"@id\":\"https:\/\/www.aspira.hr\/#organization\"},\"potentialAction\":[{\"@type\":\"SearchAction\",\"target\":{\"@type\":\"EntryPoint\",\"urlTemplate\":\"https:\/\/www.aspira.hr\/?s={search_term_string}\"},\"query-input\":\"required name=search_term_string\"}],\"inLanguage\":\"en-US\"},{\"@type\":\"WebPage\",\"@id\":\"https:\/\/www.aspira.hr\/en\/program-committee\/#webpage\",\"url\":\"https:\/\/www.aspira.hr\/en\/program-committee\/\",\"name\":\"Program committee | Modern Aspirations\",\"isPartOf\":{\"@id\":\"https:\/\/www.aspira.hr\/#website\"},\"datePublished\":\"2024-09-17T10:14:44+00:00\",\"dateModified\":\"2024-09-24T18:03:59+00:00\",\"breadcrumb\":{\"@id\":\"https:\/\/www.aspira.hr\/en\/program-committee\/#breadcrumb\"},\"inLanguage\":\"en-US\",\"potentialAction\":[{\"@type\":\"ReadAction\",\"target\":[\"https:\/\/www.aspira.hr\/en\/program-committee\/\"]}]},{\"@type\":\"BreadcrumbList\",\"@id\":\"https:\/\/www.aspira.hr\/en\/program-committee\/#breadcrumb\",\"itemListElement\":[{\"@type\":\"ListItem\",\"position\":1,\"name\":\"Po\u010detna stranica\",\"item\":\"https:\/\/www.aspira.hr\/en\/\"},{\"@type\":\"ListItem\",\"position\":2,\"name\":\"Program committee\"}]}]}<\/script>\n<!-- \/ Yoast SEO plugin. -->","yoast_head_json":{"title":"Program committee | Modern Aspirations","robots":{"index":"index","follow":"follow","max-snippet":"max-snippet:-1","max-image-preview":"max-image-preview:large","max-video-preview":"max-video-preview:-1"},"canonical":"https:\/\/www.aspira.hr\/en\/program-committee\/","og_locale":"en_US","og_type":"article","og_title":"Program committee | Modern Aspirations","og_description":"[vc_row][vc_column][vc_column_text]Igor Tomi\u0107, Ph.D, \u00c9cole Polytechnique F\u00e9d\u00e9rale de Lausanne, University of Lausanne, Switzerland Jana Pisk, Ph.D, Faculty of Science, University of Zagreb, Croatia Ton\u0107i Prodan, Ph.D, University Department for Forensic Sciences, University of Split, Croatia Bruno Grbac, Ph.D, Faculty of Economy, University of Rijeka, Croatia Gorana Duplancic Rogosic, Ph.D, Faculty of Economy, University of Split, Croatia&hellip;","og_url":"https:\/\/www.aspira.hr\/en\/program-committee\/","og_site_name":"ASPIRA University College","article_publisher":"https:\/\/www.facebook.com\/Aspira.University.College","article_modified_time":"2024-09-24T18:03:59+00:00","twitter_card":"summary_large_image","twitter_site":"@aspirasplit","twitter_misc":{"Est. reading time":"2 minutes"},"schema":{"@context":"https:\/\/schema.org","@graph":[{"@type":"Organization","@id":"https:\/\/www.aspira.hr\/#organization","name":"Aspira university college","url":"https:\/\/www.aspira.hr\/","sameAs":["https:\/\/www.facebook.com\/Aspira.University.College","https:\/\/www.instagram.com\/aspira_university\/","https:\/\/www.youtube.com\/channel\/UCIgYMJQ9r3uxEjC6kX_q7EQ","https:\/\/twitter.com\/aspirasplit"],"logo":{"@type":"ImageObject","@id":"https:\/\/www.aspira.hr\/#logo","inLanguage":"en-US","url":"https:\/\/www.aspira.hr\/wp-content\/uploads\/2018\/02\/Aspira-University-College-1.png","contentUrl":"https:\/\/www.aspira.hr\/wp-content\/uploads\/2018\/02\/Aspira-University-College-1.png","width":247,"height":60,"caption":"Aspira university college"},"image":{"@id":"https:\/\/www.aspira.hr\/#logo"}},{"@type":"WebSite","@id":"https:\/\/www.aspira.hr\/#website","url":"https:\/\/www.aspira.hr\/","name":"ASPIRA University College","description":"Obrazovanje vrhunskih menad\u017eera iz podru\u010dja sporta i turizma. Studijski programi Me\u0111unarodnog menad\u017ementa u hotelijerstvu i turizmu, te Sportskog menad\u017ementa.","publisher":{"@id":"https:\/\/www.aspira.hr\/#organization"},"potentialAction":[{"@type":"SearchAction","target":{"@type":"EntryPoint","urlTemplate":"https:\/\/www.aspira.hr\/?s={search_term_string}"},"query-input":"required name=search_term_string"}],"inLanguage":"en-US"},{"@type":"WebPage","@id":"https:\/\/www.aspira.hr\/en\/program-committee\/#webpage","url":"https:\/\/www.aspira.hr\/en\/program-committee\/","name":"Program committee | Modern Aspirations","isPartOf":{"@id":"https:\/\/www.aspira.hr\/#website"},"datePublished":"2024-09-17T10:14:44+00:00","dateModified":"2024-09-24T18:03:59+00:00","breadcrumb":{"@id":"https:\/\/www.aspira.hr\/en\/program-committee\/#breadcrumb"},"inLanguage":"en-US","potentialAction":[{"@type":"ReadAction","target":["https:\/\/www.aspira.hr\/en\/program-committee\/"]}]},{"@type":"BreadcrumbList","@id":"https:\/\/www.aspira.hr\/en\/program-committee\/#breadcrumb","itemListElement":[{"@type":"ListItem","position":1,"name":"Po\u010detna stranica","item":"https:\/\/www.aspira.hr\/en\/"},{"@type":"ListItem","position":2,"name":"Program committee"}]}]}},"_links":{"self":[{"href":"https:\/\/www.aspira.hr\/en\/wp-json\/wp\/v2\/pages\/35369"}],"collection":[{"href":"https:\/\/www.aspira.hr\/en\/wp-json\/wp\/v2\/pages"}],"about":[{"href":"https:\/\/www.aspira.hr\/en\/wp-json\/wp\/v2\/types\/page"}],"author":[{"embeddable":true,"href":"https:\/\/www.aspira.hr\/en\/wp-json\/wp\/v2\/users\/1"}],"replies":[{"embeddable":true,"href":"https:\/\/www.aspira.hr\/en\/wp-json\/wp\/v2\/comments?post=35369"}],"version-history":[{"count":1,"href":"https:\/\/www.aspira.hr\/en\/wp-json\/wp\/v2\/pages\/35369\/revisions"}],"predecessor-version":[{"id":35370,"href":"https:\/\/www.aspira.hr\/en\/wp-json\/wp\/v2\/pages\/35369\/revisions\/35370"}],"wp:attachment":[{"href":"https:\/\/www.aspira.hr\/en\/wp-json\/wp\/v2\/media?parent=35369"}],"curies":[{"name":"wp","href":"https:\/\/api.w.org\/{rel}","templated":true}]}}