{"id":35352,"date":"2024-09-17T11:59:40","date_gmt":"2024-09-17T09:59:40","guid":{"rendered":"https:\/\/www.aspira.hr\/o-konferenciji\/"},"modified":"2024-12-10T12:05:13","modified_gmt":"2024-12-10T11:05:13","slug":"modern-aspirations","status":"publish","type":"page","link":"https:\/\/www.aspira.hr\/en\/modern-aspirations\/","title":{"rendered":"About the conference"},"content":{"rendered":"<p>[vc_row][vc_column][vc_column_text]<strong>Scientific and professional conference entitled \u2018Modern Aspirations\u2019 is organized by the Aspira University of Applied Sciences <\/strong>with the goal of developing scientific and professional activities, as well as promoting the role of profession and science in the development of innovative and socially responsible local, national and international communities. Conference proceedings, which would cover a wide range of topics in the field of humanities, social, technical and interdisciplinary sciences, will be published after the conference. Considering the multidisciplinary nature of the conference and proceedings and having in mind the content of numerous study programs organized by Aspira, we wish to gather experts and professionals who would provide different perspectives on the modern world challenges. These challenges would be tacked through scientific and professional papers grouped in the following modules:[\/vc_column_text][\/vc_column][\/vc_row][vc_row][vc_column][vc_column_text]<\/p>\n<h3>TOURISM, ECONOMY AND ENTERPRENEURSHIP<\/h3>\n<ul>\n<li>Tourism and its forms<\/li>\n<li>Marketing and branding<\/li>\n<li>Ecology, sustainability and protected areas<\/li>\n<li>Financing and EU funds in tourism<\/li>\n<li>Gastronomy and food heritage<\/li>\n<li>Policies, migrations and cultural heritage<\/li>\n<li>Human resources<\/li>\n<li>Economy and trade<\/li>\n<li>New technologies in tourism<\/li>\n<li>Entrepreneurship and leadership<\/li>\n<\/ul>\n<h3>INFORMATION AND COMMUNICATION TECHNOLOGIES<\/h3>\n<ul>\n<li>Telecommunication Systems<\/li>\n<li>Data Science and Analytics<\/li>\n<li>Information Security<\/li>\n<li>Software Engineering<\/li>\n<li>Information Systems and Databases<\/li>\n<li>Human-Computer Interaction (HCI)<\/li>\n<li>Cloud Computing<\/li>\n<li>Artificial Intelligence in Practice<\/li>\n<li>Web Systems<\/li>\n<li>Digitalisation and Accessibility<\/li>\n<li>Digital Communication<\/li>\n<\/ul>\n<h3>SPORTS AND SPORTS MANAGEMENT<\/h3>\n<ul>\n<li>Demand for sport attendance<\/li>\n<li>Leadership styles in sports organizations<\/li>\n<li>Sports management in different sports<\/li>\n<li>Management skills in sports industry<\/li>\n<li>Environmental sustainability in sport<\/li>\n<li>Event management in sport<\/li>\n<li>Marketing strategies in sports industry<\/li>\n<li>Innovations in sports management<\/li>\n<\/ul>\n<h3>EDUCATION AND COMMUNICATION<\/h3>\n<ul>\n<li>Teaching and learning methodologies<\/li>\n<li>New technologies in teaching<\/li>\n<li>Classroom pedagogy and psychology<\/li>\n<li>Communication skills and strategies<\/li>\n<li>Language learning and teaching<\/li>\n<li>Language for specific purposes<\/li>\n<li>Linguistics<\/li>\n<li>Journalism and public relations<\/li>\n<\/ul>\n<p>[\/vc_column_text][\/vc_column][\/vc_row][vc_row full_width=&#8221;stretch_row&#8221; bg_type=&#8221;bg_color&#8221; bg_color_value=&#8221;#f2f2f2&#8243;][vc_column][vc_column_text]<\/p>\n<h2>Conference objectives<\/h2>\n<p>The aim of the conference is to provide a platform for researchers and professionals to engage into dialogue ad exchange knowledge and ideas.<\/p>\n<p><strong>Objectives:<\/strong><\/p>\n<ol>\n<li><strong>Knowledge Exchange<\/strong>: Fostering the exchange of the newest research findings and practical insights among participants.<\/li>\n<li><strong>Multidisciplinary Perspectives:<\/strong> Encouraging multidisciplinary discussions by examining and exploring potential synergies of different fields.<\/li>\n<li><strong>Global Challenges<\/strong>: Addressing and analysing modern challenges with the goal of reaching practical and relevant solutions.<\/li>\n<li><strong>Networking and Collaboration<\/strong>: Providing a platform for networking and collaboration among conference participants and fostering partnerships between scientific community and industry.<\/li>\n<\/ol>\n<p>[\/vc_column_text][\/vc_column][\/vc_row][vc_row][vc_column]<div id=\"ultimate-heading-54069e36cd97970f\" class=\"uvc-heading ult-adjust-bottom-margin ultimate-heading-54069e36cd97970f uvc-430  uvc-heading-default-font-sizes\" data-hspacer=\"no_spacer\"  data-halign=\"center\" style=\"text-align:center\"><div class=\"uvc-heading-spacer no_spacer\" style=\"top\"><\/div><div class=\"uvc-main-heading ult-responsive\"  data-ultimate-target='.uvc-heading.ultimate-heading-54069e36cd97970f h2'  data-responsive-json-new='{\"font-size\":\"\",\"line-height\":\"\"}' ><h2 style=\"--font-weight:theme;\">Partners<\/h2><\/div><\/div>[\/vc_column][\/vc_row][vc_row][vc_column width=&#8221;1\/4&#8243;][vc_single_image image=&#8221;35346&#8243; img_size=&#8221;full&#8221; onclick=&#8221;custom_link&#8221; img_link_target=&#8221;_blank&#8221; image_hovers=&#8221;false&#8221; rel_no_follow=&#8221;true&#8221; link=&#8221;https:\/\/upuhh.hr\/&#8221;][\/vc_column][vc_column width=&#8221;1\/4&#8243;][vc_single_image image=&#8221;35348&#8243; img_size=&#8221;full&#8221; onclick=&#8221;custom_link&#8221; img_link_target=&#8221;_blank&#8221; image_hovers=&#8221;false&#8221; rel_no_follow=&#8221;true&#8221; link=&#8221;https:\/\/www.uhpa.hr\/hr\/&#8221;][\/vc_column][vc_column width=&#8221;1\/4&#8243;][vc_single_image image=&#8221;35769&#8243; img_size=&#8221;full&#8221; onclick=&#8221;custom_link&#8221; img_link_target=&#8221;_blank&#8221; image_hovers=&#8221;false&#8221; rel_no_follow=&#8221;true&#8221; link=&#8221;https:\/\/visitsplit.com\/&#8221;][\/vc_column][vc_column width=&#8221;1\/4&#8243;][vc_single_image image=&#8221;36539&#8243; img_size=&#8221;full&#8221; onclick=&#8221;custom_link&#8221; img_link_target=&#8221;_blank&#8221; image_hovers=&#8221;false&#8221; rel_no_follow=&#8221;true&#8221; link=&#8221;https:\/\/visitsplit.com\/&#8221;][\/vc_column][\/vc_row]<\/p>\n","protected":false},"excerpt":{"rendered":"<p>[vc_row][vc_column][vc_column_text]Scientific and professional conference entitled \u2018Modern Aspirations\u2019 is organized by the Aspira University of Applied Sciences with the goal of developing scientific and professional activities, as well as promoting the role of profession and science in the development of innovative and socially responsible local, national and international communities. Conference proceedings, which would cover a wide&hellip;<\/p>\n","protected":false},"author":1,"featured_media":0,"parent":0,"menu_order":0,"comment_status":"closed","ping_status":"closed","template":"template-microsite.php","meta":{"_monsterinsights_skip_tracking":false,"_monsterinsights_sitenote_active":false,"_monsterinsights_sitenote_note":"","_monsterinsights_sitenote_category":0},"yoast_head":"<!-- This site is optimized with the Yoast SEO plugin v18.0 - https:\/\/yoast.com\/wordpress\/plugins\/seo\/ -->\n<title>About the conference | Modern Aspirations<\/title>\n<meta name=\"robots\" content=\"index, follow, max-snippet:-1, max-image-preview:large, max-video-preview:-1\" \/>\n<link rel=\"canonical\" href=\"https:\/\/www.aspira.hr\/en\/modern-aspirations\/\" \/>\n<meta property=\"og:locale\" content=\"en_US\" \/>\n<meta property=\"og:type\" content=\"article\" \/>\n<meta property=\"og:title\" content=\"About the conference | Modern Aspirations\" \/>\n<meta property=\"og:description\" content=\"[vc_row][vc_column][vc_column_text]Scientific and professional conference entitled \u2018Modern Aspirations\u2019 is organized by the Aspira University of Applied Sciences with the goal of developing scientific and professional activities, as well as promoting the role of profession and science in the development of innovative and socially responsible local, national and international communities. Conference proceedings, which would cover a wide&hellip;\" \/>\n<meta property=\"og:url\" content=\"https:\/\/www.aspira.hr\/en\/modern-aspirations\/\" \/>\n<meta property=\"og:site_name\" content=\"ASPIRA University College\" \/>\n<meta property=\"article:publisher\" content=\"https:\/\/www.facebook.com\/Aspira.University.College\" \/>\n<meta property=\"article:modified_time\" content=\"2024-12-10T11:05:13+00:00\" \/>\n<meta name=\"twitter:card\" content=\"summary_large_image\" \/>\n<meta name=\"twitter:site\" content=\"@aspirasplit\" \/>\n<meta name=\"twitter:label1\" content=\"Est. reading time\" \/>\n\t<meta name=\"twitter:data1\" content=\"3 minutes\" \/>\n<script type=\"application\/ld+json\" class=\"yoast-schema-graph\">{\"@context\":\"https:\/\/schema.org\",\"@graph\":[{\"@type\":\"Organization\",\"@id\":\"https:\/\/www.aspira.hr\/#organization\",\"name\":\"Aspira university college\",\"url\":\"https:\/\/www.aspira.hr\/\",\"sameAs\":[\"https:\/\/www.facebook.com\/Aspira.University.College\",\"https:\/\/www.instagram.com\/aspira_university\/\",\"https:\/\/www.youtube.com\/channel\/UCIgYMJQ9r3uxEjC6kX_q7EQ\",\"https:\/\/twitter.com\/aspirasplit\"],\"logo\":{\"@type\":\"ImageObject\",\"@id\":\"https:\/\/www.aspira.hr\/#logo\",\"inLanguage\":\"en-US\",\"url\":\"https:\/\/www.aspira.hr\/wp-content\/uploads\/2018\/02\/Aspira-University-College-1.png\",\"contentUrl\":\"https:\/\/www.aspira.hr\/wp-content\/uploads\/2018\/02\/Aspira-University-College-1.png\",\"width\":247,\"height\":60,\"caption\":\"Aspira university college\"},\"image\":{\"@id\":\"https:\/\/www.aspira.hr\/#logo\"}},{\"@type\":\"WebSite\",\"@id\":\"https:\/\/www.aspira.hr\/#website\",\"url\":\"https:\/\/www.aspira.hr\/\",\"name\":\"ASPIRA University College\",\"description\":\"Obrazovanje vrhunskih menad\u017eera iz podru\u010dja sporta i turizma. Studijski programi Me\u0111unarodnog menad\u017ementa u hotelijerstvu i turizmu, te Sportskog menad\u017ementa.\",\"publisher\":{\"@id\":\"https:\/\/www.aspira.hr\/#organization\"},\"potentialAction\":[{\"@type\":\"SearchAction\",\"target\":{\"@type\":\"EntryPoint\",\"urlTemplate\":\"https:\/\/www.aspira.hr\/?s={search_term_string}\"},\"query-input\":\"required name=search_term_string\"}],\"inLanguage\":\"en-US\"},{\"@type\":\"WebPage\",\"@id\":\"https:\/\/www.aspira.hr\/en\/modern-aspirations\/#webpage\",\"url\":\"https:\/\/www.aspira.hr\/en\/modern-aspirations\/\",\"name\":\"About the conference | Modern Aspirations\",\"isPartOf\":{\"@id\":\"https:\/\/www.aspira.hr\/#website\"},\"datePublished\":\"2024-09-17T09:59:40+00:00\",\"dateModified\":\"2024-12-10T11:05:13+00:00\",\"breadcrumb\":{\"@id\":\"https:\/\/www.aspira.hr\/en\/modern-aspirations\/#breadcrumb\"},\"inLanguage\":\"en-US\",\"potentialAction\":[{\"@type\":\"ReadAction\",\"target\":[\"https:\/\/www.aspira.hr\/en\/modern-aspirations\/\"]}]},{\"@type\":\"BreadcrumbList\",\"@id\":\"https:\/\/www.aspira.hr\/en\/modern-aspirations\/#breadcrumb\",\"itemListElement\":[{\"@type\":\"ListItem\",\"position\":1,\"name\":\"Po\u010detna stranica\",\"item\":\"https:\/\/www.aspira.hr\/en\/\"},{\"@type\":\"ListItem\",\"position\":2,\"name\":\"About the conference\"}]}]}<\/script>\n<!-- \/ Yoast SEO plugin. -->","yoast_head_json":{"title":"About the conference | Modern Aspirations","robots":{"index":"index","follow":"follow","max-snippet":"max-snippet:-1","max-image-preview":"max-image-preview:large","max-video-preview":"max-video-preview:-1"},"canonical":"https:\/\/www.aspira.hr\/en\/modern-aspirations\/","og_locale":"en_US","og_type":"article","og_title":"About the conference | Modern Aspirations","og_description":"[vc_row][vc_column][vc_column_text]Scientific and professional conference entitled \u2018Modern Aspirations\u2019 is organized by the Aspira University of Applied Sciences with the goal of developing scientific and professional activities, as well as promoting the role of profession and science in the development of innovative and socially responsible local, national and international communities. Conference proceedings, which would cover a wide&hellip;","og_url":"https:\/\/www.aspira.hr\/en\/modern-aspirations\/","og_site_name":"ASPIRA University College","article_publisher":"https:\/\/www.facebook.com\/Aspira.University.College","article_modified_time":"2024-12-10T11:05:13+00:00","twitter_card":"summary_large_image","twitter_site":"@aspirasplit","twitter_misc":{"Est. reading time":"3 minutes"},"schema":{"@context":"https:\/\/schema.org","@graph":[{"@type":"Organization","@id":"https:\/\/www.aspira.hr\/#organization","name":"Aspira university college","url":"https:\/\/www.aspira.hr\/","sameAs":["https:\/\/www.facebook.com\/Aspira.University.College","https:\/\/www.instagram.com\/aspira_university\/","https:\/\/www.youtube.com\/channel\/UCIgYMJQ9r3uxEjC6kX_q7EQ","https:\/\/twitter.com\/aspirasplit"],"logo":{"@type":"ImageObject","@id":"https:\/\/www.aspira.hr\/#logo","inLanguage":"en-US","url":"https:\/\/www.aspira.hr\/wp-content\/uploads\/2018\/02\/Aspira-University-College-1.png","contentUrl":"https:\/\/www.aspira.hr\/wp-content\/uploads\/2018\/02\/Aspira-University-College-1.png","width":247,"height":60,"caption":"Aspira university college"},"image":{"@id":"https:\/\/www.aspira.hr\/#logo"}},{"@type":"WebSite","@id":"https:\/\/www.aspira.hr\/#website","url":"https:\/\/www.aspira.hr\/","name":"ASPIRA University College","description":"Obrazovanje vrhunskih menad\u017eera iz podru\u010dja sporta i turizma. Studijski programi Me\u0111unarodnog menad\u017ementa u hotelijerstvu i turizmu, te Sportskog menad\u017ementa.","publisher":{"@id":"https:\/\/www.aspira.hr\/#organization"},"potentialAction":[{"@type":"SearchAction","target":{"@type":"EntryPoint","urlTemplate":"https:\/\/www.aspira.hr\/?s={search_term_string}"},"query-input":"required name=search_term_string"}],"inLanguage":"en-US"},{"@type":"WebPage","@id":"https:\/\/www.aspira.hr\/en\/modern-aspirations\/#webpage","url":"https:\/\/www.aspira.hr\/en\/modern-aspirations\/","name":"About the conference | Modern Aspirations","isPartOf":{"@id":"https:\/\/www.aspira.hr\/#website"},"datePublished":"2024-09-17T09:59:40+00:00","dateModified":"2024-12-10T11:05:13+00:00","breadcrumb":{"@id":"https:\/\/www.aspira.hr\/en\/modern-aspirations\/#breadcrumb"},"inLanguage":"en-US","potentialAction":[{"@type":"ReadAction","target":["https:\/\/www.aspira.hr\/en\/modern-aspirations\/"]}]},{"@type":"BreadcrumbList","@id":"https:\/\/www.aspira.hr\/en\/modern-aspirations\/#breadcrumb","itemListElement":[{"@type":"ListItem","position":1,"name":"Po\u010detna stranica","item":"https:\/\/www.aspira.hr\/en\/"},{"@type":"ListItem","position":2,"name":"About the conference"}]}]}},"_links":{"self":[{"href":"https:\/\/www.aspira.hr\/en\/wp-json\/wp\/v2\/pages\/35352"}],"collection":[{"href":"https:\/\/www.aspira.hr\/en\/wp-json\/wp\/v2\/pages"}],"about":[{"href":"https:\/\/www.aspira.hr\/en\/wp-json\/wp\/v2\/types\/page"}],"author":[{"embeddable":true,"href":"https:\/\/www.aspira.hr\/en\/wp-json\/wp\/v2\/users\/1"}],"replies":[{"embeddable":true,"href":"https:\/\/www.aspira.hr\/en\/wp-json\/wp\/v2\/comments?post=35352"}],"version-history":[{"count":11,"href":"https:\/\/www.aspira.hr\/en\/wp-json\/wp\/v2\/pages\/35352\/revisions"}],"predecessor-version":[{"id":36541,"href":"https:\/\/www.aspira.hr\/en\/wp-json\/wp\/v2\/pages\/35352\/revisions\/36541"}],"wp:attachment":[{"href":"https:\/\/www.aspira.hr\/en\/wp-json\/wp\/v2\/media?parent=35352"}],"curies":[{"name":"wp","href":"https:\/\/api.w.org\/{rel}","templated":true}]}}