{"id":25533,"date":"2021-02-22T23:21:37","date_gmt":"2021-02-22T22:21:37","guid":{"rendered":"https:\/\/www.aspira.hr\/?page_id=25533"},"modified":"2024-09-06T11:03:01","modified_gmt":"2024-09-06T09:03:01","slug":"library-online-databases","status":"publish","type":"page","link":"https:\/\/www.aspira.hr\/en\/library-online-databases\/","title":{"rendered":"Library &#038; Online Databases"},"content":{"rendered":"<p>[vc_row][vc_column][vc_column_text]The library includes textbooks, manuals, magazines and other professional and scientific literature used in the teaching of study programs.<br \/>\nThe library can be used by students and teaching and non-teaching staff.<\/p>\n<p><strong>Working hours:<\/strong><\/p>\n<p>Monday to Friday:<br \/>\n8:30 \u2013 16:00 h<br \/>\nLibrary can be used until 20:00 h.<\/p>\n<p><strong>Contact:<\/strong><\/p>\n<p>Email:\u00a0<a href=\"mailto:jelena.vuletic@aspira.hr\">jelena.vuletic@aspira.hr<\/a><\/p>\n<p>Phone: +385(0)21\/383-677[\/vc_column_text][\/vc_column][\/vc_row][vc_row full_width=&#8221;stretch_row&#8221; bg_type=&#8221;bg_color&#8221; seperator_enable=&#8221;seperator_enable_value&#8221; seperator_type=&#8221;tilt_right_seperator&#8221; seperator_svg_height=&#8221;60&#8243; bg_color_value=&#8221;#f2f2f2&#8243;][vc_column][vc_column_text]<\/p>\n<h2>Databases<\/h2>\n<p><strong>Google Scholar (<\/strong><a href=\"https:\/\/scholar.google.com\/\"><strong>https:\/\/scholar.google.com\/<\/strong><\/a><strong>) <\/strong><\/p>\n<p>Areas represented: all scientific fields<\/p>\n<p>Database type: specialized search engine \/ database<\/p>\n<p>Manufacturer: Google<\/p>\n<p>Description: Google Scholar is a specialized search engine for scientific and professional literature, including articles, books, abstracts, technical reports, etc. It is a very good starting point when searching the literature, but it is necessary to search the relevant databases separately. In addition to searching the literature, Google Scholar also offers the ability to track citations of works, whereby you need to create a personal profile and join your works (scholar.google.com\/citations).[\/vc_column_text][vc_separator color=&#8221;custom&#8221; accent_color=&#8221;#ed1c24&#8243;][vc_column_text]<strong>EThOS \u2013 Electronic <\/strong><strong>Theses Online Service (<\/strong><a href=\"https:\/\/ethos.bl.uk\/Home.do;jsessionid=9FD7B0366A9B4BC1AEDB3EE0AB913567\"><strong>https:\/\/ethos.bl.uk\/Home.do;jsessionid=9FD7B0366A9B4BC1AEDB3EE0AB913567<\/strong><\/a><strong>) <\/strong><\/p>\n<p>Areas represented: all scientific fields<\/p>\n<p>Right of access: open access (note: free registration required)<\/p>\n<p>Type of database: collection of doctoral dissertations<\/p>\n<p>Manufacturer: The British Library, United Kingdom<\/p>\n<p>Description: Multidisciplinary base doctoral dissertation of British universities in full text. A large number of dissertations are available in full text and some are available for a fee. Prior free registration is required.[\/vc_column_text][vc_separator color=&#8221;custom&#8221; accent_color=&#8221;#ed1c24&#8243;][vc_column_text]<strong>Scopus (<\/strong><a href=\"https:\/\/www.scopus.com\/home.uri\"><strong>https:\/\/www.scopus.com\/home.uri<\/strong><\/a><strong>) <\/strong><\/p>\n<p>&nbsp;<\/p>\n<p>Areas represented: all scientific fields<\/p>\n<p>Right of access: all members of the Croatian academic community<\/p>\n<p>Type of database: bibliographic and citation database<\/p>\n<p>Manufacturer: Elsevier<\/p>\n<p>Description: Scopus is a multidisciplinary citation database covering natural, technical, medical, social sciences and, to a lesser extent, the humanities.[\/vc_column_text][vc_separator color=&#8221;custom&#8221; accent_color=&#8221;#ed1c24&#8243;][vc_column_text]<strong>\u00a0<\/strong><\/p>\n<p><strong>Springer Journals (<\/strong><a href=\"https:\/\/link.springer.com\/\"><strong>https:\/\/link.springer.com\/<\/strong><\/a><strong>) <\/strong><\/p>\n<p>Areas represented: all scientific fields<\/p>\n<p>Right of access: all members of the Croatian academic community<\/p>\n<p>Type of database: database of complete texts<\/p>\n<p>Manufacturer: Springer Publishing<\/p>\n<p>Description: Springer Journals contains about 2100 journals from all fields of science.[\/vc_column_text][\/vc_column][\/vc_row][vc_row][vc_column][vc_column_text]<strong>Other databases:<\/strong><\/p>\n<p><a href=\"http:\/\/search.ebscohost.com\/\">http:\/\/search.ebscohost.com<\/a><\/p>\n<p><a href=\"https:\/\/bookboon.com\/en\/it-programming-ebooks\">https:\/\/bookboon.com\/en\/it-programming-ebooks<\/a><\/p>\n<p><a href=\"http:\/\/www.allitebooks.in\/\">http:\/\/www.allitebooks.in\/<\/a><\/p>\n<p><a href=\"https:\/\/itbook.store\/books\/9781593278861\">https:\/\/itbook.store\/books\/9781593278861<\/a><\/p>\n<p><a href=\"https:\/\/www.doaj.org\/\">https:\/\/www.doaj.org\/<\/a><\/p>\n<p>&nbsp;<\/p>\n<p><strong>ANTI-PLAGING PROGRAM &#8211; PlagScan<\/strong><\/p>\n<p>https:\/\/www.plagscan.com\/en\/<\/p>\n<p>Plagiarism directly affects transparency and integrity in education. Aspira, as a responsible higher education institution, aims to promote ethics and quality of education. Plagiarism detection software allows each work to be original and a clear reflection of the integrity of the academic community.[\/vc_column_text][\/vc_column][\/vc_row]<\/p>\n","protected":false},"excerpt":{"rendered":"<p>[vc_row][vc_column][vc_column_text]The library includes textbooks, manuals, magazines and other professional and scientific literature used in the teaching of study programs. The library can be used by students and teaching and non-teaching staff. Working hours: Monday to Friday: 8:30 \u2013 16:00 h Library can be used until 20:00 h. Contact: Email:\u00a0jelena.vuletic@aspira.hr Phone: +385(0)21\/383-677[\/vc_column_text][\/vc_column][\/vc_row][vc_row full_width=&#8221;stretch_row&#8221; bg_type=&#8221;bg_color&#8221; seperator_enable=&#8221;seperator_enable_value&#8221; seperator_type=&#8221;tilt_right_seperator&#8221;&hellip;<\/p>\n","protected":false},"author":1,"featured_media":0,"parent":0,"menu_order":0,"comment_status":"closed","ping_status":"closed","template":"","meta":{"_monsterinsights_skip_tracking":false,"_monsterinsights_sitenote_active":false,"_monsterinsights_sitenote_note":"","_monsterinsights_sitenote_category":0},"yoast_head":"<!-- This site is optimized with the Yoast SEO plugin v18.0 - https:\/\/yoast.com\/wordpress\/plugins\/seo\/ -->\n<title>Library &amp; Online Databases | ASPIRA University College<\/title>\n<meta name=\"robots\" content=\"index, follow, max-snippet:-1, max-image-preview:large, max-video-preview:-1\" \/>\n<link rel=\"canonical\" href=\"https:\/\/www.aspira.hr\/en\/library-online-databases\/\" \/>\n<meta property=\"og:locale\" content=\"en_US\" \/>\n<meta property=\"og:type\" content=\"article\" \/>\n<meta property=\"og:title\" content=\"Library &amp; Online Databases | ASPIRA University College\" \/>\n<meta property=\"og:description\" content=\"[vc_row][vc_column][vc_column_text]The library includes textbooks, manuals, magazines and other professional and scientific literature used in the teaching of study programs. The library can be used by students and teaching and non-teaching staff. Working hours: Monday to Friday: 8:30 \u2013 16:00 h Library can be used until 20:00 h. Contact: Email:\u00a0jelena.vuletic@aspira.hr Phone: +385(0)21\/383-677[\/vc_column_text][\/vc_column][\/vc_row][vc_row full_width=&#8221;stretch_row&#8221; bg_type=&#8221;bg_color&#8221; seperator_enable=&#8221;seperator_enable_value&#8221; seperator_type=&#8221;tilt_right_seperator&#8221;&hellip;\" \/>\n<meta property=\"og:url\" content=\"https:\/\/www.aspira.hr\/en\/library-online-databases\/\" \/>\n<meta property=\"og:site_name\" content=\"ASPIRA University College\" \/>\n<meta property=\"article:publisher\" content=\"https:\/\/www.facebook.com\/Aspira.University.College\" \/>\n<meta property=\"article:modified_time\" content=\"2024-09-06T09:03:01+00:00\" \/>\n<meta name=\"twitter:card\" content=\"summary_large_image\" \/>\n<meta name=\"twitter:site\" content=\"@aspirasplit\" \/>\n<meta name=\"twitter:label1\" content=\"Est. reading time\" \/>\n\t<meta name=\"twitter:data1\" content=\"2 minutes\" \/>\n<script type=\"application\/ld+json\" class=\"yoast-schema-graph\">{\"@context\":\"https:\/\/schema.org\",\"@graph\":[{\"@type\":\"Organization\",\"@id\":\"https:\/\/www.aspira.hr\/#organization\",\"name\":\"Aspira university college\",\"url\":\"https:\/\/www.aspira.hr\/\",\"sameAs\":[\"https:\/\/www.facebook.com\/Aspira.University.College\",\"https:\/\/www.instagram.com\/aspira_university\/\",\"https:\/\/www.youtube.com\/channel\/UCIgYMJQ9r3uxEjC6kX_q7EQ\",\"https:\/\/twitter.com\/aspirasplit\"],\"logo\":{\"@type\":\"ImageObject\",\"@id\":\"https:\/\/www.aspira.hr\/#logo\",\"inLanguage\":\"en-US\",\"url\":\"https:\/\/www.aspira.hr\/wp-content\/uploads\/2018\/02\/Aspira-University-College-1.png\",\"contentUrl\":\"https:\/\/www.aspira.hr\/wp-content\/uploads\/2018\/02\/Aspira-University-College-1.png\",\"width\":247,\"height\":60,\"caption\":\"Aspira university college\"},\"image\":{\"@id\":\"https:\/\/www.aspira.hr\/#logo\"}},{\"@type\":\"WebSite\",\"@id\":\"https:\/\/www.aspira.hr\/#website\",\"url\":\"https:\/\/www.aspira.hr\/\",\"name\":\"ASPIRA University College\",\"description\":\"Obrazovanje vrhunskih menad\u017eera iz podru\u010dja sporta i turizma. Studijski programi Me\u0111unarodnog menad\u017ementa u hotelijerstvu i turizmu, te Sportskog menad\u017ementa.\",\"publisher\":{\"@id\":\"https:\/\/www.aspira.hr\/#organization\"},\"potentialAction\":[{\"@type\":\"SearchAction\",\"target\":{\"@type\":\"EntryPoint\",\"urlTemplate\":\"https:\/\/www.aspira.hr\/?s={search_term_string}\"},\"query-input\":\"required name=search_term_string\"}],\"inLanguage\":\"en-US\"},{\"@type\":\"WebPage\",\"@id\":\"https:\/\/www.aspira.hr\/en\/library-online-databases\/#webpage\",\"url\":\"https:\/\/www.aspira.hr\/en\/library-online-databases\/\",\"name\":\"Library & Online Databases | ASPIRA University College\",\"isPartOf\":{\"@id\":\"https:\/\/www.aspira.hr\/#website\"},\"datePublished\":\"2021-02-22T22:21:37+00:00\",\"dateModified\":\"2024-09-06T09:03:01+00:00\",\"breadcrumb\":{\"@id\":\"https:\/\/www.aspira.hr\/en\/library-online-databases\/#breadcrumb\"},\"inLanguage\":\"en-US\",\"potentialAction\":[{\"@type\":\"ReadAction\",\"target\":[\"https:\/\/www.aspira.hr\/en\/library-online-databases\/\"]}]},{\"@type\":\"BreadcrumbList\",\"@id\":\"https:\/\/www.aspira.hr\/en\/library-online-databases\/#breadcrumb\",\"itemListElement\":[{\"@type\":\"ListItem\",\"position\":1,\"name\":\"Po\u010detna stranica\",\"item\":\"https:\/\/www.aspira.hr\/en\/\"},{\"@type\":\"ListItem\",\"position\":2,\"name\":\"Library &#038; Online Databases\"}]}]}<\/script>\n<!-- \/ Yoast SEO plugin. -->","yoast_head_json":{"title":"Library & Online Databases | ASPIRA University College","robots":{"index":"index","follow":"follow","max-snippet":"max-snippet:-1","max-image-preview":"max-image-preview:large","max-video-preview":"max-video-preview:-1"},"canonical":"https:\/\/www.aspira.hr\/en\/library-online-databases\/","og_locale":"en_US","og_type":"article","og_title":"Library & Online Databases | ASPIRA University College","og_description":"[vc_row][vc_column][vc_column_text]The library includes textbooks, manuals, magazines and other professional and scientific literature used in the teaching of study programs. The library can be used by students and teaching and non-teaching staff. Working hours: Monday to Friday: 8:30 \u2013 16:00 h Library can be used until 20:00 h. Contact: Email:\u00a0jelena.vuletic@aspira.hr Phone: +385(0)21\/383-677[\/vc_column_text][\/vc_column][\/vc_row][vc_row full_width=&#8221;stretch_row&#8221; bg_type=&#8221;bg_color&#8221; seperator_enable=&#8221;seperator_enable_value&#8221; seperator_type=&#8221;tilt_right_seperator&#8221;&hellip;","og_url":"https:\/\/www.aspira.hr\/en\/library-online-databases\/","og_site_name":"ASPIRA University College","article_publisher":"https:\/\/www.facebook.com\/Aspira.University.College","article_modified_time":"2024-09-06T09:03:01+00:00","twitter_card":"summary_large_image","twitter_site":"@aspirasplit","twitter_misc":{"Est. reading time":"2 minutes"},"schema":{"@context":"https:\/\/schema.org","@graph":[{"@type":"Organization","@id":"https:\/\/www.aspira.hr\/#organization","name":"Aspira university college","url":"https:\/\/www.aspira.hr\/","sameAs":["https:\/\/www.facebook.com\/Aspira.University.College","https:\/\/www.instagram.com\/aspira_university\/","https:\/\/www.youtube.com\/channel\/UCIgYMJQ9r3uxEjC6kX_q7EQ","https:\/\/twitter.com\/aspirasplit"],"logo":{"@type":"ImageObject","@id":"https:\/\/www.aspira.hr\/#logo","inLanguage":"en-US","url":"https:\/\/www.aspira.hr\/wp-content\/uploads\/2018\/02\/Aspira-University-College-1.png","contentUrl":"https:\/\/www.aspira.hr\/wp-content\/uploads\/2018\/02\/Aspira-University-College-1.png","width":247,"height":60,"caption":"Aspira university college"},"image":{"@id":"https:\/\/www.aspira.hr\/#logo"}},{"@type":"WebSite","@id":"https:\/\/www.aspira.hr\/#website","url":"https:\/\/www.aspira.hr\/","name":"ASPIRA University College","description":"Obrazovanje vrhunskih menad\u017eera iz podru\u010dja sporta i turizma. Studijski programi Me\u0111unarodnog menad\u017ementa u hotelijerstvu i turizmu, te Sportskog menad\u017ementa.","publisher":{"@id":"https:\/\/www.aspira.hr\/#organization"},"potentialAction":[{"@type":"SearchAction","target":{"@type":"EntryPoint","urlTemplate":"https:\/\/www.aspira.hr\/?s={search_term_string}"},"query-input":"required name=search_term_string"}],"inLanguage":"en-US"},{"@type":"WebPage","@id":"https:\/\/www.aspira.hr\/en\/library-online-databases\/#webpage","url":"https:\/\/www.aspira.hr\/en\/library-online-databases\/","name":"Library & Online Databases | ASPIRA University College","isPartOf":{"@id":"https:\/\/www.aspira.hr\/#website"},"datePublished":"2021-02-22T22:21:37+00:00","dateModified":"2024-09-06T09:03:01+00:00","breadcrumb":{"@id":"https:\/\/www.aspira.hr\/en\/library-online-databases\/#breadcrumb"},"inLanguage":"en-US","potentialAction":[{"@type":"ReadAction","target":["https:\/\/www.aspira.hr\/en\/library-online-databases\/"]}]},{"@type":"BreadcrumbList","@id":"https:\/\/www.aspira.hr\/en\/library-online-databases\/#breadcrumb","itemListElement":[{"@type":"ListItem","position":1,"name":"Po\u010detna stranica","item":"https:\/\/www.aspira.hr\/en\/"},{"@type":"ListItem","position":2,"name":"Library &#038; Online Databases"}]}]}},"_links":{"self":[{"href":"https:\/\/www.aspira.hr\/en\/wp-json\/wp\/v2\/pages\/25533"}],"collection":[{"href":"https:\/\/www.aspira.hr\/en\/wp-json\/wp\/v2\/pages"}],"about":[{"href":"https:\/\/www.aspira.hr\/en\/wp-json\/wp\/v2\/types\/page"}],"author":[{"embeddable":true,"href":"https:\/\/www.aspira.hr\/en\/wp-json\/wp\/v2\/users\/1"}],"replies":[{"embeddable":true,"href":"https:\/\/www.aspira.hr\/en\/wp-json\/wp\/v2\/comments?post=25533"}],"version-history":[{"count":9,"href":"https:\/\/www.aspira.hr\/en\/wp-json\/wp\/v2\/pages\/25533\/revisions"}],"predecessor-version":[{"id":34902,"href":"https:\/\/www.aspira.hr\/en\/wp-json\/wp\/v2\/pages\/25533\/revisions\/34902"}],"wp:attachment":[{"href":"https:\/\/www.aspira.hr\/en\/wp-json\/wp\/v2\/media?parent=25533"}],"curies":[{"name":"wp","href":"https:\/\/api.w.org\/{rel}","templated":true}]}}