{"id":23329,"date":"2019-05-25T14:24:41","date_gmt":"2019-05-25T12:24:41","guid":{"rendered":"https:\/\/www.aspira.hr\/hotel-and-tourism\/master-study-hospitality-tourism\/strucna-praksa\/"},"modified":"2026-01-26T11:21:28","modified_gmt":"2026-01-26T10:21:28","slug":"proffesional-practice","status":"publish","type":"page","link":"https:\/\/www.aspira.hr\/en\/hotel-and-tourism\/mba-study-hospitality-tourism\/proffesional-practice\/","title":{"rendered":"Proffesional practice"},"content":{"rendered":"<p><strong>Internship<\/strong> is mandatory for all full-time students, and the way of execution is defined by a special rulebook. It is being conducted in hotel, catering and tourism companies and institutions as well as other public or private work organizations engaged in activities related to the corresponding study program of Hospitality and Tourism Management in a time period of 450 hours during the 4<sup>th<\/sup> semester.<\/p>\n<p>Completed Internship is a prerequisite for taking the final exam. Internship is carried out in the Republic of Croatia and abroad; in hotels, organizations, tourist offices, agencies with which the Aspira University of Applied Sciences has signed a cooperation agreement. During the internship, students will be familiar with the specifics of administrative, managerial and other organizations&#8217; activities, depending on the specifics of the organization they practice in, to be directly involved in everyday activities and work issues. The specific situations in which the organization is involved are elaborated through graduation thesis, as internship is directly related to it. This way internship, graduation thesis, students and real-sector experts are interrelated.<\/p>\n<p>The basic aims of internship are: to connect acquired theoretical knowledge with professional experiences, to acquire additional skills in the field of management in hotel and tourism and other fields of business of tourist and other organizations in which the practice is performed, finding the topic for graduate work and obtaining possible recommendations for future employment of graduate students.<\/p>\n","protected":false},"excerpt":{"rendered":"<p>Internship is mandatory for all full-time students, and the way of execution is defined by a special rulebook. It is being conducted in hotel, catering and tourism companies and institutions as well as other public or private work organizations engaged in activities related to the corresponding study program of Hospitality and Tourism Management in a&hellip;<\/p>\n","protected":false},"author":1,"featured_media":0,"parent":23273,"menu_order":0,"comment_status":"closed","ping_status":"closed","template":"","meta":{"_monsterinsights_skip_tracking":false,"_monsterinsights_sitenote_active":false,"_monsterinsights_sitenote_note":"","_monsterinsights_sitenote_category":0},"yoast_head":"<!-- This site is optimized with the Yoast SEO plugin v18.0 - https:\/\/yoast.com\/wordpress\/plugins\/seo\/ -->\n<title>Proffesional practice - Master\u2019s Degree in Hotel and Tourism Management<\/title>\n<meta name=\"robots\" content=\"index, follow, max-snippet:-1, max-image-preview:large, max-video-preview:-1\" \/>\n<link rel=\"canonical\" href=\"https:\/\/www.aspira.hr\/en\/hotel-and-tourism\/mba-study-hospitality-tourism\/proffesional-practice\/\" \/>\n<meta property=\"og:locale\" content=\"en_US\" \/>\n<meta property=\"og:type\" content=\"article\" \/>\n<meta property=\"og:title\" content=\"Proffesional practice - Master\u2019s Degree in Hotel and Tourism Management\" \/>\n<meta property=\"og:description\" content=\"Internship is mandatory for all full-time students, and the way of execution is defined by a special rulebook. It is being conducted in hotel, catering and tourism companies and institutions as well as other public or private work organizations engaged in activities related to the corresponding study program of Hospitality and Tourism Management in a&hellip;\" \/>\n<meta property=\"og:url\" content=\"https:\/\/www.aspira.hr\/en\/hotel-and-tourism\/mba-study-hospitality-tourism\/proffesional-practice\/\" \/>\n<meta property=\"og:site_name\" content=\"ASPIRA University College\" \/>\n<meta property=\"article:publisher\" content=\"https:\/\/www.facebook.com\/Aspira.University.College\" \/>\n<meta property=\"article:modified_time\" content=\"2026-01-26T10:21:28+00:00\" \/>\n<meta name=\"twitter:card\" content=\"summary_large_image\" \/>\n<meta name=\"twitter:site\" content=\"@aspirasplit\" \/>\n<meta name=\"twitter:label1\" content=\"Est. reading time\" \/>\n\t<meta name=\"twitter:data1\" content=\"2 minutes\" \/>\n<script type=\"application\/ld+json\" class=\"yoast-schema-graph\">{\"@context\":\"https:\/\/schema.org\",\"@graph\":[{\"@type\":\"Organization\",\"@id\":\"https:\/\/www.aspira.hr\/#organization\",\"name\":\"Aspira university college\",\"url\":\"https:\/\/www.aspira.hr\/\",\"sameAs\":[\"https:\/\/www.facebook.com\/Aspira.University.College\",\"https:\/\/www.instagram.com\/aspira_university\/\",\"https:\/\/www.youtube.com\/channel\/UCIgYMJQ9r3uxEjC6kX_q7EQ\",\"https:\/\/twitter.com\/aspirasplit\"],\"logo\":{\"@type\":\"ImageObject\",\"@id\":\"https:\/\/www.aspira.hr\/#logo\",\"inLanguage\":\"en-US\",\"url\":\"https:\/\/www.aspira.hr\/wp-content\/uploads\/2018\/02\/Aspira-University-College-1.png\",\"contentUrl\":\"https:\/\/www.aspira.hr\/wp-content\/uploads\/2018\/02\/Aspira-University-College-1.png\",\"width\":247,\"height\":60,\"caption\":\"Aspira university college\"},\"image\":{\"@id\":\"https:\/\/www.aspira.hr\/#logo\"}},{\"@type\":\"WebSite\",\"@id\":\"https:\/\/www.aspira.hr\/#website\",\"url\":\"https:\/\/www.aspira.hr\/\",\"name\":\"ASPIRA University College\",\"description\":\"Obrazovanje vrhunskih menad\u017eera iz podru\u010dja sporta i turizma. Studijski programi Me\u0111unarodnog menad\u017ementa u hotelijerstvu i turizmu, te Sportskog menad\u017ementa.\",\"publisher\":{\"@id\":\"https:\/\/www.aspira.hr\/#organization\"},\"potentialAction\":[{\"@type\":\"SearchAction\",\"target\":{\"@type\":\"EntryPoint\",\"urlTemplate\":\"https:\/\/www.aspira.hr\/?s={search_term_string}\"},\"query-input\":\"required name=search_term_string\"}],\"inLanguage\":\"en-US\"},{\"@type\":\"WebPage\",\"@id\":\"https:\/\/www.aspira.hr\/en\/hotel-and-tourism\/mba-study-hospitality-tourism\/proffesional-practice\/#webpage\",\"url\":\"https:\/\/www.aspira.hr\/en\/hotel-and-tourism\/mba-study-hospitality-tourism\/proffesional-practice\/\",\"name\":\"Proffesional practice - Master\u2019s Degree in Hotel and Tourism Management\",\"isPartOf\":{\"@id\":\"https:\/\/www.aspira.hr\/#website\"},\"datePublished\":\"2019-05-25T12:24:41+00:00\",\"dateModified\":\"2026-01-26T10:21:28+00:00\",\"breadcrumb\":{\"@id\":\"https:\/\/www.aspira.hr\/en\/hotel-and-tourism\/mba-study-hospitality-tourism\/proffesional-practice\/#breadcrumb\"},\"inLanguage\":\"en-US\",\"potentialAction\":[{\"@type\":\"ReadAction\",\"target\":[\"https:\/\/www.aspira.hr\/en\/hotel-and-tourism\/mba-study-hospitality-tourism\/proffesional-practice\/\"]}]},{\"@type\":\"BreadcrumbList\",\"@id\":\"https:\/\/www.aspira.hr\/en\/hotel-and-tourism\/mba-study-hospitality-tourism\/proffesional-practice\/#breadcrumb\",\"itemListElement\":[{\"@type\":\"ListItem\",\"position\":1,\"name\":\"Po\u010detna stranica\",\"item\":\"https:\/\/www.aspira.hr\/en\/\"},{\"@type\":\"ListItem\",\"position\":2,\"name\":\"Hotel and tourism\",\"item\":\"https:\/\/www.aspira.hr\/en\/hotel-and-tourism\/\"},{\"@type\":\"ListItem\",\"position\":3,\"name\":\"Graduate study in Hotel and Tourism Management\",\"item\":\"https:\/\/www.aspira.hr\/en\/hotel-and-tourism\/mba-study-hospitality-tourism\/\"},{\"@type\":\"ListItem\",\"position\":4,\"name\":\"Proffesional practice\"}]}]}<\/script>\n<!-- \/ Yoast SEO plugin. -->","yoast_head_json":{"title":"Proffesional practice - Master\u2019s Degree in Hotel and Tourism Management","robots":{"index":"index","follow":"follow","max-snippet":"max-snippet:-1","max-image-preview":"max-image-preview:large","max-video-preview":"max-video-preview:-1"},"canonical":"https:\/\/www.aspira.hr\/en\/hotel-and-tourism\/mba-study-hospitality-tourism\/proffesional-practice\/","og_locale":"en_US","og_type":"article","og_title":"Proffesional practice - Master\u2019s Degree in Hotel and Tourism Management","og_description":"Internship is mandatory for all full-time students, and the way of execution is defined by a special rulebook. It is being conducted in hotel, catering and tourism companies and institutions as well as other public or private work organizations engaged in activities related to the corresponding study program of Hospitality and Tourism Management in a&hellip;","og_url":"https:\/\/www.aspira.hr\/en\/hotel-and-tourism\/mba-study-hospitality-tourism\/proffesional-practice\/","og_site_name":"ASPIRA University College","article_publisher":"https:\/\/www.facebook.com\/Aspira.University.College","article_modified_time":"2026-01-26T10:21:28+00:00","twitter_card":"summary_large_image","twitter_site":"@aspirasplit","twitter_misc":{"Est. reading time":"2 minutes"},"schema":{"@context":"https:\/\/schema.org","@graph":[{"@type":"Organization","@id":"https:\/\/www.aspira.hr\/#organization","name":"Aspira university college","url":"https:\/\/www.aspira.hr\/","sameAs":["https:\/\/www.facebook.com\/Aspira.University.College","https:\/\/www.instagram.com\/aspira_university\/","https:\/\/www.youtube.com\/channel\/UCIgYMJQ9r3uxEjC6kX_q7EQ","https:\/\/twitter.com\/aspirasplit"],"logo":{"@type":"ImageObject","@id":"https:\/\/www.aspira.hr\/#logo","inLanguage":"en-US","url":"https:\/\/www.aspira.hr\/wp-content\/uploads\/2018\/02\/Aspira-University-College-1.png","contentUrl":"https:\/\/www.aspira.hr\/wp-content\/uploads\/2018\/02\/Aspira-University-College-1.png","width":247,"height":60,"caption":"Aspira university college"},"image":{"@id":"https:\/\/www.aspira.hr\/#logo"}},{"@type":"WebSite","@id":"https:\/\/www.aspira.hr\/#website","url":"https:\/\/www.aspira.hr\/","name":"ASPIRA University College","description":"Obrazovanje vrhunskih menad\u017eera iz podru\u010dja sporta i turizma. Studijski programi Me\u0111unarodnog menad\u017ementa u hotelijerstvu i turizmu, te Sportskog menad\u017ementa.","publisher":{"@id":"https:\/\/www.aspira.hr\/#organization"},"potentialAction":[{"@type":"SearchAction","target":{"@type":"EntryPoint","urlTemplate":"https:\/\/www.aspira.hr\/?s={search_term_string}"},"query-input":"required name=search_term_string"}],"inLanguage":"en-US"},{"@type":"WebPage","@id":"https:\/\/www.aspira.hr\/en\/hotel-and-tourism\/mba-study-hospitality-tourism\/proffesional-practice\/#webpage","url":"https:\/\/www.aspira.hr\/en\/hotel-and-tourism\/mba-study-hospitality-tourism\/proffesional-practice\/","name":"Proffesional practice - Master\u2019s Degree in Hotel and Tourism Management","isPartOf":{"@id":"https:\/\/www.aspira.hr\/#website"},"datePublished":"2019-05-25T12:24:41+00:00","dateModified":"2026-01-26T10:21:28+00:00","breadcrumb":{"@id":"https:\/\/www.aspira.hr\/en\/hotel-and-tourism\/mba-study-hospitality-tourism\/proffesional-practice\/#breadcrumb"},"inLanguage":"en-US","potentialAction":[{"@type":"ReadAction","target":["https:\/\/www.aspira.hr\/en\/hotel-and-tourism\/mba-study-hospitality-tourism\/proffesional-practice\/"]}]},{"@type":"BreadcrumbList","@id":"https:\/\/www.aspira.hr\/en\/hotel-and-tourism\/mba-study-hospitality-tourism\/proffesional-practice\/#breadcrumb","itemListElement":[{"@type":"ListItem","position":1,"name":"Po\u010detna stranica","item":"https:\/\/www.aspira.hr\/en\/"},{"@type":"ListItem","position":2,"name":"Hotel and tourism","item":"https:\/\/www.aspira.hr\/en\/hotel-and-tourism\/"},{"@type":"ListItem","position":3,"name":"Graduate study in Hotel and Tourism Management","item":"https:\/\/www.aspira.hr\/en\/hotel-and-tourism\/mba-study-hospitality-tourism\/"},{"@type":"ListItem","position":4,"name":"Proffesional practice"}]}]}},"_links":{"self":[{"href":"https:\/\/www.aspira.hr\/en\/wp-json\/wp\/v2\/pages\/23329"}],"collection":[{"href":"https:\/\/www.aspira.hr\/en\/wp-json\/wp\/v2\/pages"}],"about":[{"href":"https:\/\/www.aspira.hr\/en\/wp-json\/wp\/v2\/types\/page"}],"author":[{"embeddable":true,"href":"https:\/\/www.aspira.hr\/en\/wp-json\/wp\/v2\/users\/1"}],"replies":[{"embeddable":true,"href":"https:\/\/www.aspira.hr\/en\/wp-json\/wp\/v2\/comments?post=23329"}],"version-history":[{"count":1,"href":"https:\/\/www.aspira.hr\/en\/wp-json\/wp\/v2\/pages\/23329\/revisions"}],"predecessor-version":[{"id":37046,"href":"https:\/\/www.aspira.hr\/en\/wp-json\/wp\/v2\/pages\/23329\/revisions\/37046"}],"up":[{"embeddable":true,"href":"https:\/\/www.aspira.hr\/en\/wp-json\/wp\/v2\/pages\/23273"}],"wp:attachment":[{"href":"https:\/\/www.aspira.hr\/en\/wp-json\/wp\/v2\/media?parent=23329"}],"curies":[{"name":"wp","href":"https:\/\/api.w.org\/{rel}","templated":true}]}}