{"id":23325,"date":"2019-05-25T14:20:35","date_gmt":"2019-05-25T12:20:35","guid":{"rendered":"https:\/\/www.aspira.hr\/hotel-and-tourism\/master-study-hospitality-tourism\/prijelaz-s-drugog-ucilista\/"},"modified":"2026-01-26T11:19:45","modified_gmt":"2026-01-26T10:19:45","slug":"transition","status":"publish","type":"page","link":"https:\/\/www.aspira.hr\/en\/hotel-and-tourism\/mba-study-hospitality-tourism\/transition\/","title":{"rendered":"Transition from other study programs"},"content":{"rendered":"<p>A student who has been granted a transfer from another course of study may apply for admission to the exams, subject to the Statute of the University, which requires students to admit those exams that match at least 70% of the content of the course in Aspira. If the content overlap ratio is less than 70%, the professor may decide to recognize part of the exam. Also, the student may be admitted to the subjects which he \/ she passed at the previous faculty as elective subjects at the University.<\/p>\n<p>In order to ensure the mobility of students, the study content consists of the core curriculum which contains the obligatory courses of Hotel and Tourism Management (core subjects), which are mandatory for the professional title, and elective contents. Graduate study in Hotel and Tourism Management can also be accessed by applicants who have completed a number of semesters at another higher education institution in the Republic of Croatia or in EU countries, at the undergraduate level, i.e. in another country that has an ECTS study and study system adapted to the Bologna process whereby the difference in content will be treated as elective content and as differential exams that must be passed from the core curriculum according to the proposed program.<\/p>\n<p>Example: A student who has completed one year of professional specialist graduate study at another institution of higher education in the Republic of Croatia, or in another country that has an ECTS system of study credits and a system of studies adapted to the Bologna Process wants to enroll in the study of Hotel and Tourism Management. Only the mandatory courses defined in the 1st\u00a0 and 2nd semester may appear as differential courses required to be taken by the student when transferring to the study program. Other courses that the student has taken at another institution of higher education are treated as elective courses.<\/p>\n","protected":false},"excerpt":{"rendered":"<p>A student who has been granted a transfer from another course of study may apply for admission to the exams, subject to the Statute of the University, which requires students to admit those exams that match at least 70% of the content of the course in Aspira. If the content overlap ratio is less than&hellip;<\/p>\n","protected":false},"author":1,"featured_media":0,"parent":23273,"menu_order":0,"comment_status":"closed","ping_status":"closed","template":"","meta":{"_monsterinsights_skip_tracking":false,"_monsterinsights_sitenote_active":false,"_monsterinsights_sitenote_note":"","_monsterinsights_sitenote_category":0},"yoast_head":"<!-- This site is optimized with the Yoast SEO plugin v18.0 - https:\/\/yoast.com\/wordpress\/plugins\/seo\/ -->\n<title>Transition from other study programs | ASPIRA University College<\/title>\n<meta name=\"robots\" content=\"index, follow, max-snippet:-1, max-image-preview:large, max-video-preview:-1\" \/>\n<link rel=\"canonical\" href=\"https:\/\/www.aspira.hr\/en\/hotel-and-tourism\/mba-study-hospitality-tourism\/transition\/\" \/>\n<meta property=\"og:locale\" content=\"en_US\" \/>\n<meta property=\"og:type\" content=\"article\" \/>\n<meta property=\"og:title\" content=\"Transition from other study programs | ASPIRA University College\" \/>\n<meta property=\"og:description\" content=\"A student who has been granted a transfer from another course of study may apply for admission to the exams, subject to the Statute of the University, which requires students to admit those exams that match at least 70% of the content of the course in Aspira. If the content overlap ratio is less than&hellip;\" \/>\n<meta property=\"og:url\" content=\"https:\/\/www.aspira.hr\/en\/hotel-and-tourism\/mba-study-hospitality-tourism\/transition\/\" \/>\n<meta property=\"og:site_name\" content=\"ASPIRA University College\" \/>\n<meta property=\"article:publisher\" content=\"https:\/\/www.facebook.com\/Aspira.University.College\" \/>\n<meta property=\"article:modified_time\" content=\"2026-01-26T10:19:45+00:00\" \/>\n<meta name=\"twitter:card\" content=\"summary_large_image\" \/>\n<meta name=\"twitter:site\" content=\"@aspirasplit\" \/>\n<meta name=\"twitter:label1\" content=\"Est. reading time\" \/>\n\t<meta name=\"twitter:data1\" content=\"2 minutes\" \/>\n<script type=\"application\/ld+json\" class=\"yoast-schema-graph\">{\"@context\":\"https:\/\/schema.org\",\"@graph\":[{\"@type\":\"Organization\",\"@id\":\"https:\/\/www.aspira.hr\/#organization\",\"name\":\"Aspira university college\",\"url\":\"https:\/\/www.aspira.hr\/\",\"sameAs\":[\"https:\/\/www.facebook.com\/Aspira.University.College\",\"https:\/\/www.instagram.com\/aspira_university\/\",\"https:\/\/www.youtube.com\/channel\/UCIgYMJQ9r3uxEjC6kX_q7EQ\",\"https:\/\/twitter.com\/aspirasplit\"],\"logo\":{\"@type\":\"ImageObject\",\"@id\":\"https:\/\/www.aspira.hr\/#logo\",\"inLanguage\":\"en-US\",\"url\":\"https:\/\/www.aspira.hr\/wp-content\/uploads\/2018\/02\/Aspira-University-College-1.png\",\"contentUrl\":\"https:\/\/www.aspira.hr\/wp-content\/uploads\/2018\/02\/Aspira-University-College-1.png\",\"width\":247,\"height\":60,\"caption\":\"Aspira university college\"},\"image\":{\"@id\":\"https:\/\/www.aspira.hr\/#logo\"}},{\"@type\":\"WebSite\",\"@id\":\"https:\/\/www.aspira.hr\/#website\",\"url\":\"https:\/\/www.aspira.hr\/\",\"name\":\"ASPIRA University College\",\"description\":\"Obrazovanje vrhunskih menad\u017eera iz podru\u010dja sporta i turizma. Studijski programi Me\u0111unarodnog menad\u017ementa u hotelijerstvu i turizmu, te Sportskog menad\u017ementa.\",\"publisher\":{\"@id\":\"https:\/\/www.aspira.hr\/#organization\"},\"potentialAction\":[{\"@type\":\"SearchAction\",\"target\":{\"@type\":\"EntryPoint\",\"urlTemplate\":\"https:\/\/www.aspira.hr\/?s={search_term_string}\"},\"query-input\":\"required name=search_term_string\"}],\"inLanguage\":\"en-US\"},{\"@type\":\"WebPage\",\"@id\":\"https:\/\/www.aspira.hr\/en\/hotel-and-tourism\/mba-study-hospitality-tourism\/transition\/#webpage\",\"url\":\"https:\/\/www.aspira.hr\/en\/hotel-and-tourism\/mba-study-hospitality-tourism\/transition\/\",\"name\":\"Transition from other study programs | ASPIRA University College\",\"isPartOf\":{\"@id\":\"https:\/\/www.aspira.hr\/#website\"},\"datePublished\":\"2019-05-25T12:20:35+00:00\",\"dateModified\":\"2026-01-26T10:19:45+00:00\",\"breadcrumb\":{\"@id\":\"https:\/\/www.aspira.hr\/en\/hotel-and-tourism\/mba-study-hospitality-tourism\/transition\/#breadcrumb\"},\"inLanguage\":\"en-US\",\"potentialAction\":[{\"@type\":\"ReadAction\",\"target\":[\"https:\/\/www.aspira.hr\/en\/hotel-and-tourism\/mba-study-hospitality-tourism\/transition\/\"]}]},{\"@type\":\"BreadcrumbList\",\"@id\":\"https:\/\/www.aspira.hr\/en\/hotel-and-tourism\/mba-study-hospitality-tourism\/transition\/#breadcrumb\",\"itemListElement\":[{\"@type\":\"ListItem\",\"position\":1,\"name\":\"Po\u010detna stranica\",\"item\":\"https:\/\/www.aspira.hr\/en\/\"},{\"@type\":\"ListItem\",\"position\":2,\"name\":\"Hotel and tourism\",\"item\":\"https:\/\/www.aspira.hr\/en\/hotel-and-tourism\/\"},{\"@type\":\"ListItem\",\"position\":3,\"name\":\"Graduate study in Hotel and Tourism Management\",\"item\":\"https:\/\/www.aspira.hr\/en\/hotel-and-tourism\/mba-study-hospitality-tourism\/\"},{\"@type\":\"ListItem\",\"position\":4,\"name\":\"Transition from other study programs\"}]}]}<\/script>\n<!-- \/ Yoast SEO plugin. -->","yoast_head_json":{"title":"Transition from other study programs | ASPIRA University College","robots":{"index":"index","follow":"follow","max-snippet":"max-snippet:-1","max-image-preview":"max-image-preview:large","max-video-preview":"max-video-preview:-1"},"canonical":"https:\/\/www.aspira.hr\/en\/hotel-and-tourism\/mba-study-hospitality-tourism\/transition\/","og_locale":"en_US","og_type":"article","og_title":"Transition from other study programs | ASPIRA University College","og_description":"A student who has been granted a transfer from another course of study may apply for admission to the exams, subject to the Statute of the University, which requires students to admit those exams that match at least 70% of the content of the course in Aspira. If the content overlap ratio is less than&hellip;","og_url":"https:\/\/www.aspira.hr\/en\/hotel-and-tourism\/mba-study-hospitality-tourism\/transition\/","og_site_name":"ASPIRA University College","article_publisher":"https:\/\/www.facebook.com\/Aspira.University.College","article_modified_time":"2026-01-26T10:19:45+00:00","twitter_card":"summary_large_image","twitter_site":"@aspirasplit","twitter_misc":{"Est. reading time":"2 minutes"},"schema":{"@context":"https:\/\/schema.org","@graph":[{"@type":"Organization","@id":"https:\/\/www.aspira.hr\/#organization","name":"Aspira university college","url":"https:\/\/www.aspira.hr\/","sameAs":["https:\/\/www.facebook.com\/Aspira.University.College","https:\/\/www.instagram.com\/aspira_university\/","https:\/\/www.youtube.com\/channel\/UCIgYMJQ9r3uxEjC6kX_q7EQ","https:\/\/twitter.com\/aspirasplit"],"logo":{"@type":"ImageObject","@id":"https:\/\/www.aspira.hr\/#logo","inLanguage":"en-US","url":"https:\/\/www.aspira.hr\/wp-content\/uploads\/2018\/02\/Aspira-University-College-1.png","contentUrl":"https:\/\/www.aspira.hr\/wp-content\/uploads\/2018\/02\/Aspira-University-College-1.png","width":247,"height":60,"caption":"Aspira university college"},"image":{"@id":"https:\/\/www.aspira.hr\/#logo"}},{"@type":"WebSite","@id":"https:\/\/www.aspira.hr\/#website","url":"https:\/\/www.aspira.hr\/","name":"ASPIRA University College","description":"Obrazovanje vrhunskih menad\u017eera iz podru\u010dja sporta i turizma. Studijski programi Me\u0111unarodnog menad\u017ementa u hotelijerstvu i turizmu, te Sportskog menad\u017ementa.","publisher":{"@id":"https:\/\/www.aspira.hr\/#organization"},"potentialAction":[{"@type":"SearchAction","target":{"@type":"EntryPoint","urlTemplate":"https:\/\/www.aspira.hr\/?s={search_term_string}"},"query-input":"required name=search_term_string"}],"inLanguage":"en-US"},{"@type":"WebPage","@id":"https:\/\/www.aspira.hr\/en\/hotel-and-tourism\/mba-study-hospitality-tourism\/transition\/#webpage","url":"https:\/\/www.aspira.hr\/en\/hotel-and-tourism\/mba-study-hospitality-tourism\/transition\/","name":"Transition from other study programs | ASPIRA University College","isPartOf":{"@id":"https:\/\/www.aspira.hr\/#website"},"datePublished":"2019-05-25T12:20:35+00:00","dateModified":"2026-01-26T10:19:45+00:00","breadcrumb":{"@id":"https:\/\/www.aspira.hr\/en\/hotel-and-tourism\/mba-study-hospitality-tourism\/transition\/#breadcrumb"},"inLanguage":"en-US","potentialAction":[{"@type":"ReadAction","target":["https:\/\/www.aspira.hr\/en\/hotel-and-tourism\/mba-study-hospitality-tourism\/transition\/"]}]},{"@type":"BreadcrumbList","@id":"https:\/\/www.aspira.hr\/en\/hotel-and-tourism\/mba-study-hospitality-tourism\/transition\/#breadcrumb","itemListElement":[{"@type":"ListItem","position":1,"name":"Po\u010detna stranica","item":"https:\/\/www.aspira.hr\/en\/"},{"@type":"ListItem","position":2,"name":"Hotel and tourism","item":"https:\/\/www.aspira.hr\/en\/hotel-and-tourism\/"},{"@type":"ListItem","position":3,"name":"Graduate study in Hotel and Tourism Management","item":"https:\/\/www.aspira.hr\/en\/hotel-and-tourism\/mba-study-hospitality-tourism\/"},{"@type":"ListItem","position":4,"name":"Transition from other study programs"}]}]}},"_links":{"self":[{"href":"https:\/\/www.aspira.hr\/en\/wp-json\/wp\/v2\/pages\/23325"}],"collection":[{"href":"https:\/\/www.aspira.hr\/en\/wp-json\/wp\/v2\/pages"}],"about":[{"href":"https:\/\/www.aspira.hr\/en\/wp-json\/wp\/v2\/types\/page"}],"author":[{"embeddable":true,"href":"https:\/\/www.aspira.hr\/en\/wp-json\/wp\/v2\/users\/1"}],"replies":[{"embeddable":true,"href":"https:\/\/www.aspira.hr\/en\/wp-json\/wp\/v2\/comments?post=23325"}],"version-history":[{"count":1,"href":"https:\/\/www.aspira.hr\/en\/wp-json\/wp\/v2\/pages\/23325\/revisions"}],"predecessor-version":[{"id":37045,"href":"https:\/\/www.aspira.hr\/en\/wp-json\/wp\/v2\/pages\/23325\/revisions\/37045"}],"up":[{"embeddable":true,"href":"https:\/\/www.aspira.hr\/en\/wp-json\/wp\/v2\/pages\/23273"}],"wp:attachment":[{"href":"https:\/\/www.aspira.hr\/en\/wp-json\/wp\/v2\/media?parent=23325"}],"curies":[{"name":"wp","href":"https:\/\/api.w.org\/{rel}","templated":true}]}}