{"id":23292,"date":"2019-05-25T13:31:50","date_gmt":"2019-05-25T11:31:50","guid":{"rendered":"https:\/\/www.aspira.hr\/hotel-and-tourism\/master-study-hospitality-tourism\/about-study-program\/hotelski-menadzment\/"},"modified":"2019-10-02T14:35:14","modified_gmt":"2019-10-02T12:35:14","slug":"hotel-management","status":"publish","type":"page","link":"https:\/\/www.aspira.hr\/en\/hotel-and-tourism\/mba-study-hospitality-tourism\/about-study-program\/hotel-management\/","title":{"rendered":"Hotel management"},"content":{"rendered":"<p>[vc_row][vc_column][vc_column_text]Study program Hotel management is intended for those who wish to specialize in management functions in the hotel industry and acquire managerial knowledge and skills through the practices of the world&#8217;s best hotel companies. With the growth of investments and big players into the industry, especially international brands, there is a need for a radical shift in the development of personnel and management for the hotel and other tourism industries. The current job market is neither quantitative nor qualitative in meeting the business needs.<\/p>\n<p>Success is evident in those hotel companies that invest heavily in employees. One of the reasons why the expansion of domestic tourism is hindered is the insufficient number of highly qualified personnel.<\/p>\n<p>The study program of Hotel Management is realized in such a way that students, with the help of top experts and academically educated lecturers with rich expertise and experience in the practical world, learn through working on examples of world business cases, as well as domestic practices applicable in their own business environment, to reach the very source of knowledge, to learn ways of proactive and creative thinking focused on solving even the most challenging business problems[\/vc_column_text][\/vc_column][\/vc_row]<\/p>\n","protected":false},"excerpt":{"rendered":"<p>[vc_row][vc_column][vc_column_text]Study program Hotel management is intended for those who wish to specialize in management functions in the hotel industry and acquire managerial knowledge and skills through the practices of the world&#8217;s best hotel companies. With the growth of investments and big players into the industry, especially international brands, there is a need for a radical&hellip;<\/p>\n","protected":false},"author":1,"featured_media":0,"parent":23278,"menu_order":0,"comment_status":"closed","ping_status":"closed","template":"","meta":{"_monsterinsights_skip_tracking":false,"_monsterinsights_sitenote_active":false,"_monsterinsights_sitenote_note":"","_monsterinsights_sitenote_category":0},"yoast_head":"<!-- This site is optimized with the Yoast SEO plugin v18.0 - https:\/\/yoast.com\/wordpress\/plugins\/seo\/ -->\n<title>Specialized fields of study - Hotel management<\/title>\n<meta name=\"robots\" content=\"index, follow, max-snippet:-1, max-image-preview:large, max-video-preview:-1\" \/>\n<link rel=\"canonical\" href=\"https:\/\/www.aspira.hr\/en\/hotel-and-tourism\/mba-study-hospitality-tourism\/about-study-program\/hotel-management\/\" \/>\n<meta property=\"og:locale\" content=\"en_US\" \/>\n<meta property=\"og:type\" content=\"article\" \/>\n<meta property=\"og:title\" content=\"Specialized fields of study - Hotel management\" \/>\n<meta property=\"og:description\" content=\"[vc_row][vc_column][vc_column_text]Study program Hotel management is intended for those who wish to specialize in management functions in the hotel industry and acquire managerial knowledge and skills through the practices of the world&#8217;s best hotel companies. With the growth of investments and big players into the industry, especially international brands, there is a need for a radical&hellip;\" \/>\n<meta property=\"og:url\" content=\"https:\/\/www.aspira.hr\/en\/hotel-and-tourism\/mba-study-hospitality-tourism\/about-study-program\/hotel-management\/\" \/>\n<meta property=\"og:site_name\" content=\"ASPIRA University College\" \/>\n<meta property=\"article:publisher\" content=\"https:\/\/www.facebook.com\/Aspira.University.College\" \/>\n<meta property=\"article:modified_time\" content=\"2019-10-02T12:35:14+00:00\" \/>\n<meta name=\"twitter:card\" content=\"summary_large_image\" \/>\n<meta name=\"twitter:site\" content=\"@aspirasplit\" \/>\n<meta name=\"twitter:label1\" content=\"Est. reading time\" \/>\n\t<meta name=\"twitter:data1\" content=\"1 minute\" \/>\n<script type=\"application\/ld+json\" class=\"yoast-schema-graph\">{\"@context\":\"https:\/\/schema.org\",\"@graph\":[{\"@type\":\"Organization\",\"@id\":\"https:\/\/www.aspira.hr\/#organization\",\"name\":\"Aspira university college\",\"url\":\"https:\/\/www.aspira.hr\/\",\"sameAs\":[\"https:\/\/www.facebook.com\/Aspira.University.College\",\"https:\/\/www.instagram.com\/aspira_university\/\",\"https:\/\/www.youtube.com\/channel\/UCIgYMJQ9r3uxEjC6kX_q7EQ\",\"https:\/\/twitter.com\/aspirasplit\"],\"logo\":{\"@type\":\"ImageObject\",\"@id\":\"https:\/\/www.aspira.hr\/#logo\",\"inLanguage\":\"en-US\",\"url\":\"https:\/\/www.aspira.hr\/wp-content\/uploads\/2018\/02\/Aspira-University-College-1.png\",\"contentUrl\":\"https:\/\/www.aspira.hr\/wp-content\/uploads\/2018\/02\/Aspira-University-College-1.png\",\"width\":247,\"height\":60,\"caption\":\"Aspira university college\"},\"image\":{\"@id\":\"https:\/\/www.aspira.hr\/#logo\"}},{\"@type\":\"WebSite\",\"@id\":\"https:\/\/www.aspira.hr\/#website\",\"url\":\"https:\/\/www.aspira.hr\/\",\"name\":\"ASPIRA University College\",\"description\":\"Obrazovanje vrhunskih menad\u017eera iz podru\u010dja sporta i turizma. Studijski programi Me\u0111unarodnog menad\u017ementa u hotelijerstvu i turizmu, te Sportskog menad\u017ementa.\",\"publisher\":{\"@id\":\"https:\/\/www.aspira.hr\/#organization\"},\"potentialAction\":[{\"@type\":\"SearchAction\",\"target\":{\"@type\":\"EntryPoint\",\"urlTemplate\":\"https:\/\/www.aspira.hr\/?s={search_term_string}\"},\"query-input\":\"required name=search_term_string\"}],\"inLanguage\":\"en-US\"},{\"@type\":\"WebPage\",\"@id\":\"https:\/\/www.aspira.hr\/en\/hotel-and-tourism\/mba-study-hospitality-tourism\/about-study-program\/hotel-management\/#webpage\",\"url\":\"https:\/\/www.aspira.hr\/en\/hotel-and-tourism\/mba-study-hospitality-tourism\/about-study-program\/hotel-management\/\",\"name\":\"Specialized fields of study - Hotel management\",\"isPartOf\":{\"@id\":\"https:\/\/www.aspira.hr\/#website\"},\"datePublished\":\"2019-05-25T11:31:50+00:00\",\"dateModified\":\"2019-10-02T12:35:14+00:00\",\"breadcrumb\":{\"@id\":\"https:\/\/www.aspira.hr\/en\/hotel-and-tourism\/mba-study-hospitality-tourism\/about-study-program\/hotel-management\/#breadcrumb\"},\"inLanguage\":\"en-US\",\"potentialAction\":[{\"@type\":\"ReadAction\",\"target\":[\"https:\/\/www.aspira.hr\/en\/hotel-and-tourism\/mba-study-hospitality-tourism\/about-study-program\/hotel-management\/\"]}]},{\"@type\":\"BreadcrumbList\",\"@id\":\"https:\/\/www.aspira.hr\/en\/hotel-and-tourism\/mba-study-hospitality-tourism\/about-study-program\/hotel-management\/#breadcrumb\",\"itemListElement\":[{\"@type\":\"ListItem\",\"position\":1,\"name\":\"Po\u010detna stranica\",\"item\":\"https:\/\/www.aspira.hr\/en\/\"},{\"@type\":\"ListItem\",\"position\":2,\"name\":\"Hotel and tourism\",\"item\":\"https:\/\/www.aspira.hr\/en\/hotel-and-tourism\/\"},{\"@type\":\"ListItem\",\"position\":3,\"name\":\"Graduate study in Hotel and Tourism Management\",\"item\":\"https:\/\/www.aspira.hr\/en\/hotel-and-tourism\/mba-study-hospitality-tourism\/\"},{\"@type\":\"ListItem\",\"position\":4,\"name\":\"About study program\",\"item\":\"https:\/\/www.aspira.hr\/en\/hotel-and-tourism\/mba-study-hospitality-tourism\/about-study-program\/\"},{\"@type\":\"ListItem\",\"position\":5,\"name\":\"Hotel management\"}]}]}<\/script>\n<!-- \/ Yoast SEO plugin. -->","yoast_head_json":{"title":"Specialized fields of study - Hotel management","robots":{"index":"index","follow":"follow","max-snippet":"max-snippet:-1","max-image-preview":"max-image-preview:large","max-video-preview":"max-video-preview:-1"},"canonical":"https:\/\/www.aspira.hr\/en\/hotel-and-tourism\/mba-study-hospitality-tourism\/about-study-program\/hotel-management\/","og_locale":"en_US","og_type":"article","og_title":"Specialized fields of study - Hotel management","og_description":"[vc_row][vc_column][vc_column_text]Study program Hotel management is intended for those who wish to specialize in management functions in the hotel industry and acquire managerial knowledge and skills through the practices of the world&#8217;s best hotel companies. With the growth of investments and big players into the industry, especially international brands, there is a need for a radical&hellip;","og_url":"https:\/\/www.aspira.hr\/en\/hotel-and-tourism\/mba-study-hospitality-tourism\/about-study-program\/hotel-management\/","og_site_name":"ASPIRA University College","article_publisher":"https:\/\/www.facebook.com\/Aspira.University.College","article_modified_time":"2019-10-02T12:35:14+00:00","twitter_card":"summary_large_image","twitter_site":"@aspirasplit","twitter_misc":{"Est. reading time":"1 minute"},"schema":{"@context":"https:\/\/schema.org","@graph":[{"@type":"Organization","@id":"https:\/\/www.aspira.hr\/#organization","name":"Aspira university college","url":"https:\/\/www.aspira.hr\/","sameAs":["https:\/\/www.facebook.com\/Aspira.University.College","https:\/\/www.instagram.com\/aspira_university\/","https:\/\/www.youtube.com\/channel\/UCIgYMJQ9r3uxEjC6kX_q7EQ","https:\/\/twitter.com\/aspirasplit"],"logo":{"@type":"ImageObject","@id":"https:\/\/www.aspira.hr\/#logo","inLanguage":"en-US","url":"https:\/\/www.aspira.hr\/wp-content\/uploads\/2018\/02\/Aspira-University-College-1.png","contentUrl":"https:\/\/www.aspira.hr\/wp-content\/uploads\/2018\/02\/Aspira-University-College-1.png","width":247,"height":60,"caption":"Aspira university college"},"image":{"@id":"https:\/\/www.aspira.hr\/#logo"}},{"@type":"WebSite","@id":"https:\/\/www.aspira.hr\/#website","url":"https:\/\/www.aspira.hr\/","name":"ASPIRA University College","description":"Obrazovanje vrhunskih menad\u017eera iz podru\u010dja sporta i turizma. Studijski programi Me\u0111unarodnog menad\u017ementa u hotelijerstvu i turizmu, te Sportskog menad\u017ementa.","publisher":{"@id":"https:\/\/www.aspira.hr\/#organization"},"potentialAction":[{"@type":"SearchAction","target":{"@type":"EntryPoint","urlTemplate":"https:\/\/www.aspira.hr\/?s={search_term_string}"},"query-input":"required name=search_term_string"}],"inLanguage":"en-US"},{"@type":"WebPage","@id":"https:\/\/www.aspira.hr\/en\/hotel-and-tourism\/mba-study-hospitality-tourism\/about-study-program\/hotel-management\/#webpage","url":"https:\/\/www.aspira.hr\/en\/hotel-and-tourism\/mba-study-hospitality-tourism\/about-study-program\/hotel-management\/","name":"Specialized fields of study - Hotel management","isPartOf":{"@id":"https:\/\/www.aspira.hr\/#website"},"datePublished":"2019-05-25T11:31:50+00:00","dateModified":"2019-10-02T12:35:14+00:00","breadcrumb":{"@id":"https:\/\/www.aspira.hr\/en\/hotel-and-tourism\/mba-study-hospitality-tourism\/about-study-program\/hotel-management\/#breadcrumb"},"inLanguage":"en-US","potentialAction":[{"@type":"ReadAction","target":["https:\/\/www.aspira.hr\/en\/hotel-and-tourism\/mba-study-hospitality-tourism\/about-study-program\/hotel-management\/"]}]},{"@type":"BreadcrumbList","@id":"https:\/\/www.aspira.hr\/en\/hotel-and-tourism\/mba-study-hospitality-tourism\/about-study-program\/hotel-management\/#breadcrumb","itemListElement":[{"@type":"ListItem","position":1,"name":"Po\u010detna stranica","item":"https:\/\/www.aspira.hr\/en\/"},{"@type":"ListItem","position":2,"name":"Hotel and tourism","item":"https:\/\/www.aspira.hr\/en\/hotel-and-tourism\/"},{"@type":"ListItem","position":3,"name":"Graduate study in Hotel and Tourism Management","item":"https:\/\/www.aspira.hr\/en\/hotel-and-tourism\/mba-study-hospitality-tourism\/"},{"@type":"ListItem","position":4,"name":"About study program","item":"https:\/\/www.aspira.hr\/en\/hotel-and-tourism\/mba-study-hospitality-tourism\/about-study-program\/"},{"@type":"ListItem","position":5,"name":"Hotel management"}]}]}},"_links":{"self":[{"href":"https:\/\/www.aspira.hr\/en\/wp-json\/wp\/v2\/pages\/23292"}],"collection":[{"href":"https:\/\/www.aspira.hr\/en\/wp-json\/wp\/v2\/pages"}],"about":[{"href":"https:\/\/www.aspira.hr\/en\/wp-json\/wp\/v2\/types\/page"}],"author":[{"embeddable":true,"href":"https:\/\/www.aspira.hr\/en\/wp-json\/wp\/v2\/users\/1"}],"replies":[{"embeddable":true,"href":"https:\/\/www.aspira.hr\/en\/wp-json\/wp\/v2\/comments?post=23292"}],"version-history":[{"count":0,"href":"https:\/\/www.aspira.hr\/en\/wp-json\/wp\/v2\/pages\/23292\/revisions"}],"up":[{"embeddable":true,"href":"https:\/\/www.aspira.hr\/en\/wp-json\/wp\/v2\/pages\/23278"}],"wp:attachment":[{"href":"https:\/\/www.aspira.hr\/en\/wp-json\/wp\/v2\/media?parent=23292"}],"curies":[{"name":"wp","href":"https:\/\/api.w.org\/{rel}","templated":true}]}}