{"id":23273,"date":"2019-05-25T12:40:29","date_gmt":"2019-05-25T10:40:29","guid":{"rendered":"https:\/\/www.aspira.hr\/hotel-and-tourism\/diplomski-studij\/"},"modified":"2026-01-26T11:12:09","modified_gmt":"2026-01-26T10:12:09","slug":"mba-study-hospitality-tourism","status":"publish","type":"page","link":"https:\/\/www.aspira.hr\/en\/hotel-and-tourism\/mba-study-hospitality-tourism\/","title":{"rendered":"Graduate study in Hotel and Tourism Management"},"content":{"rendered":"<p>[vc_row full_width=&#8221;stretch_row_content_no_spaces&#8221; equal_height=&#8221;yes&#8221; bg_type=&#8221;image&#8221; parallax_style=&#8221;vcpb-default&#8221; css=&#8221;.vc_custom_1531263850336{margin-top: -65px !important;margin-left: 0px !important;border-left-width: 0px !important;padding-left: 0px !important;}&#8221;][vc_column width=&#8221;1\/4&#8243;]<div class=\"ult-content-box-container \" >\t<a class=\"ult-content-box-anchor\" href=\"https:\/\/www.aspira.hr\/en\/hotel-and-tourism\/mba-study-hospitality-tourism\/about-study-program\/\" >\t\t<div class=\"ult-content-box\" style=\"background-image:url(&#039;https:\/\/www.aspira.hr\/wp-content\/uploads\/2018\/05\/infobox-o-studiju.jpg&#039;);background-size: cover;background-repeat: no-repeat;background-position: center center;background-color: rgba(0, 0, 0, 0);box-shadow: px px px px none;border-style:inset;border-width:1px;border-color:#ff004c;min-height:370px;-webkit-transition: height 1000ms ease;-moz-transition: height 1000ms ease;-ms-transition: height 1000ms ease;-o-transition: height 1000ms ease;transition: height 1000ms ease;\"  data-hover_box_shadow=\"none\"     data-border_color=\"#ff004c\" >[vc_icon icon_fontawesome=&#8221;fa fa-info&#8221; color=&#8221;white&#8221; align=&#8221;center&#8221;][vc_column_text]<\/p>\n<h3 style=\"text-align: center;\"><span style=\"color: #f2f2f2;\">About study program<\/span><\/h3>\n<p style=\"text-align: center;\"><span style=\"color: #f2f2f2;\">Professional graduate study of Hospitality and Tourism management ensures the highest level of specialization in the complex hospitality and tourism sector<\/span><\/p>\n<p>[\/vc_column_text]\t\t<\/div>\t<\/a><\/div>[\/vc_column][vc_column width=&#8221;1\/4&#8243;]<div class=\"ult-content-box-container \" >\t<a class=\"ult-content-box-anchor\" href=\"https:\/\/www.aspira.hr\/en\/hotel-and-tourism\/mba-study-hospitality-tourism\/admissions\/\" >\t\t<div class=\"ult-content-box\" style=\"background-image:url(&#039;https:\/\/www.aspira.hr\/wp-content\/uploads\/2018\/05\/kako-upisati-infobox.jpg&#039;);background-size: cover;background-repeat: no-repeat;background-position: center center;background-color: rgba(0, 0, 0, 0);box-shadow: px px px px none;padding:5px;min-height:370px;-webkit-transition: color 700ms ease;-moz-transition: color 700ms ease;-ms-transition: color 700ms ease;-o-transition: color 700ms ease;transition: color 700ms ease;\"  data-hover_box_shadow=\"none\"    >[vc_icon icon_fontawesome=&#8221;fa fa-sticky-note-o&#8221; color=&#8221;white&#8221; align=&#8221;center&#8221;][vc_column_text]<\/p>\n<h3 style=\"text-align: center;\"><span style=\"color: #f2f2f2;\">Admissions<\/span><\/h3>\n<p style=\"text-align: center;\"><span style=\"color: #f2f2f2;\">Professional graduate professional studies, after finishing the enrolment procedure, can be enrolled by applicants who have completed a university undergraduate or professional studies or have mastered or completed a degree in another higher educational institution. <\/span><\/p>\n<p>[\/vc_column_text]\t\t<\/div>\t<\/a><\/div>[\/vc_column][vc_column width=&#8221;1\/4&#8243;]<div class=\"ult-content-box-container \" >\t<a class=\"ult-content-box-anchor\" href=\"https:\/\/www.aspira.hr\/en\/hotel-and-tourism\/mba-study-hospitality-tourism\/transition\/\" >\t\t<div class=\"ult-content-box\" style=\"background-image:url(&#039;https:\/\/www.aspira.hr\/wp-content\/uploads\/2018\/05\/prijelaz-s-studija.jpg&#039;);background-size: cover;background-repeat: no-repeat;background-position: center center;background-color: rgba(0, 0, 0, 0);box-shadow: px px px px none;padding:5px;min-height:370px;-webkit-transition: all 700ms ease;-moz-transition: all 700ms ease;-ms-transition: all 700ms ease;-o-transition: all 700ms ease;transition: all 700ms ease;\"  data-hover_box_shadow=\"none\"    >[vc_icon icon_fontawesome=&#8221;fa fa-graduation-cap&#8221; color=&#8221;white&#8221; align=&#8221;center&#8221;][vc_column_text]<\/p>\n<h3 style=\"text-align: center;\"><span style=\"color: #f2f2f2;\">Transition from other study programs <\/span><\/h3>\n<p style=\"text-align: center;\"><span style=\"color: #f2f2f2;\">A student who has been granted a transfer from another course of study may apply for admission to the exams, subject to the Statute of the College, which requires students to admit those exams that match at least 70% of the content of the course in Aspira.<\/span><\/p>\n<p>[\/vc_column_text]\t\t<\/div>\t<\/a><\/div>[\/vc_column][vc_column width=&#8221;1\/4&#8243;]<div class=\"ult-content-box-container \" >\t<a class=\"ult-content-box-anchor\" href=\"https:\/\/www.aspira.hr\/en\/hotel-and-tourism\/mba-study-hospitality-tourism\/proffesional-practice\/\" title=\"Proffesional practice\" >\t\t<div class=\"ult-content-box\" style=\"background-image:url(&#039;https:\/\/www.aspira.hr\/wp-content\/uploads\/2018\/05\/praksa-2.jpg&#039;);background-size: cover;background-repeat: no-repeat;background-position: center center;background-color: rgba(0, 0, 0, 0);box-shadow: px px px px none;padding:5px;min-height:370px;-webkit-transition: all 700ms ease;-moz-transition: all 700ms ease;-ms-transition: all 700ms ease;-o-transition: all 700ms ease;transition: all 700ms ease;\"  data-hover_box_shadow=\"none\"    >[vc_icon icon_fontawesome=&#8221;fa fa-handshake-o&#8221; color=&#8221;white&#8221; align=&#8221;center&#8221; link=&#8221;|||&#8221;][vc_column_text]<\/p>\n<h3 style=\"text-align: center;\"><span style=\"color: #f2f2f2;\">Proffesional practice <\/span><\/h3>\n<p style=\"text-align: center;\"><span style=\"color: #f2f2f2;\">Internship is mandatory for all full-time students, and the way of execution is defined by a special rulebook. It is being conducted in hotel, catering and tourism companies and institutions as well as other public or private work organizations <\/span><\/p>\n<p>[\/vc_column_text]\t\t<\/div>\t<\/a><\/div>[\/vc_column][\/vc_row]<\/p>\n","protected":false},"excerpt":{"rendered":"<p>[vc_row full_width=&#8221;stretch_row_content_no_spaces&#8221; equal_height=&#8221;yes&#8221; bg_type=&#8221;image&#8221; parallax_style=&#8221;vcpb-default&#8221; css=&#8221;.vc_custom_1531263850336{margin-top: -65px !important;margin-left: 0px !important;border-left-width: 0px !important;padding-left: 0px !important;}&#8221;][vc_column width=&#8221;1\/4&#8243;][\/vc_column][vc_column width=&#8221;1\/4&#8243;][\/vc_column][vc_column width=&#8221;1\/4&#8243;][\/vc_column][vc_column width=&#8221;1\/4&#8243;][\/vc_column][\/vc_row]<\/p>\n","protected":false},"author":1,"featured_media":0,"parent":23268,"menu_order":0,"comment_status":"closed","ping_status":"closed","template":"","meta":{"_monsterinsights_skip_tracking":false,"_monsterinsights_sitenote_active":false,"_monsterinsights_sitenote_note":"","_monsterinsights_sitenote_category":0},"yoast_head":"<!-- This site is optimized with the Yoast SEO plugin v18.0 - https:\/\/yoast.com\/wordpress\/plugins\/seo\/ -->\n<title>Graduate study in Hotel and Tourism Management | ASPIRA University College<\/title>\n<meta name=\"robots\" content=\"index, follow, max-snippet:-1, max-image-preview:large, max-video-preview:-1\" \/>\n<link rel=\"canonical\" href=\"https:\/\/www.aspira.hr\/en\/hotel-and-tourism\/mba-study-hospitality-tourism\/\" \/>\n<meta property=\"og:locale\" content=\"en_US\" \/>\n<meta property=\"og:type\" content=\"article\" \/>\n<meta property=\"og:title\" content=\"Graduate study in Hotel and Tourism Management | ASPIRA University College\" \/>\n<meta property=\"og:description\" content=\"[vc_row full_width=&#8221;stretch_row_content_no_spaces&#8221; equal_height=&#8221;yes&#8221; bg_type=&#8221;image&#8221; parallax_style=&#8221;vcpb-default&#8221; css=&#8221;.vc_custom_1531263850336{margin-top: -65px !important;margin-left: 0px !important;border-left-width: 0px !important;padding-left: 0px !important;}&#8221;][vc_column width=&#8221;1\/4&#8243;][\/vc_column][vc_column width=&#8221;1\/4&#8243;][\/vc_column][vc_column width=&#8221;1\/4&#8243;][\/vc_column][vc_column width=&#8221;1\/4&#8243;][\/vc_column][\/vc_row]\" \/>\n<meta property=\"og:url\" content=\"https:\/\/www.aspira.hr\/en\/hotel-and-tourism\/mba-study-hospitality-tourism\/\" \/>\n<meta property=\"og:site_name\" content=\"ASPIRA University College\" \/>\n<meta property=\"article:publisher\" content=\"https:\/\/www.facebook.com\/Aspira.University.College\" \/>\n<meta property=\"article:modified_time\" content=\"2026-01-26T10:12:09+00:00\" \/>\n<meta name=\"twitter:card\" content=\"summary_large_image\" \/>\n<meta name=\"twitter:site\" content=\"@aspirasplit\" \/>\n<meta name=\"twitter:label1\" content=\"Est. reading time\" \/>\n\t<meta name=\"twitter:data1\" content=\"2 minutes\" \/>\n<script type=\"application\/ld+json\" class=\"yoast-schema-graph\">{\"@context\":\"https:\/\/schema.org\",\"@graph\":[{\"@type\":\"Organization\",\"@id\":\"https:\/\/www.aspira.hr\/#organization\",\"name\":\"Aspira university college\",\"url\":\"https:\/\/www.aspira.hr\/\",\"sameAs\":[\"https:\/\/www.facebook.com\/Aspira.University.College\",\"https:\/\/www.instagram.com\/aspira_university\/\",\"https:\/\/www.youtube.com\/channel\/UCIgYMJQ9r3uxEjC6kX_q7EQ\",\"https:\/\/twitter.com\/aspirasplit\"],\"logo\":{\"@type\":\"ImageObject\",\"@id\":\"https:\/\/www.aspira.hr\/#logo\",\"inLanguage\":\"en-US\",\"url\":\"https:\/\/www.aspira.hr\/wp-content\/uploads\/2018\/02\/Aspira-University-College-1.png\",\"contentUrl\":\"https:\/\/www.aspira.hr\/wp-content\/uploads\/2018\/02\/Aspira-University-College-1.png\",\"width\":247,\"height\":60,\"caption\":\"Aspira university college\"},\"image\":{\"@id\":\"https:\/\/www.aspira.hr\/#logo\"}},{\"@type\":\"WebSite\",\"@id\":\"https:\/\/www.aspira.hr\/#website\",\"url\":\"https:\/\/www.aspira.hr\/\",\"name\":\"ASPIRA University College\",\"description\":\"Obrazovanje vrhunskih menad\u017eera iz podru\u010dja sporta i turizma. Studijski programi Me\u0111unarodnog menad\u017ementa u hotelijerstvu i turizmu, te Sportskog menad\u017ementa.\",\"publisher\":{\"@id\":\"https:\/\/www.aspira.hr\/#organization\"},\"potentialAction\":[{\"@type\":\"SearchAction\",\"target\":{\"@type\":\"EntryPoint\",\"urlTemplate\":\"https:\/\/www.aspira.hr\/?s={search_term_string}\"},\"query-input\":\"required name=search_term_string\"}],\"inLanguage\":\"en-US\"},{\"@type\":\"WebPage\",\"@id\":\"https:\/\/www.aspira.hr\/en\/hotel-and-tourism\/mba-study-hospitality-tourism\/#webpage\",\"url\":\"https:\/\/www.aspira.hr\/en\/hotel-and-tourism\/mba-study-hospitality-tourism\/\",\"name\":\"Graduate study in Hotel and Tourism Management | ASPIRA University College\",\"isPartOf\":{\"@id\":\"https:\/\/www.aspira.hr\/#website\"},\"datePublished\":\"2019-05-25T10:40:29+00:00\",\"dateModified\":\"2026-01-26T10:12:09+00:00\",\"breadcrumb\":{\"@id\":\"https:\/\/www.aspira.hr\/en\/hotel-and-tourism\/mba-study-hospitality-tourism\/#breadcrumb\"},\"inLanguage\":\"en-US\",\"potentialAction\":[{\"@type\":\"ReadAction\",\"target\":[\"https:\/\/www.aspira.hr\/en\/hotel-and-tourism\/mba-study-hospitality-tourism\/\"]}]},{\"@type\":\"BreadcrumbList\",\"@id\":\"https:\/\/www.aspira.hr\/en\/hotel-and-tourism\/mba-study-hospitality-tourism\/#breadcrumb\",\"itemListElement\":[{\"@type\":\"ListItem\",\"position\":1,\"name\":\"Po\u010detna stranica\",\"item\":\"https:\/\/www.aspira.hr\/en\/\"},{\"@type\":\"ListItem\",\"position\":2,\"name\":\"Hotel and tourism\",\"item\":\"https:\/\/www.aspira.hr\/en\/hotel-and-tourism\/\"},{\"@type\":\"ListItem\",\"position\":3,\"name\":\"Graduate study in Hotel and Tourism Management\"}]}]}<\/script>\n<!-- \/ Yoast SEO plugin. -->","yoast_head_json":{"title":"Graduate study in Hotel and Tourism Management | ASPIRA University College","robots":{"index":"index","follow":"follow","max-snippet":"max-snippet:-1","max-image-preview":"max-image-preview:large","max-video-preview":"max-video-preview:-1"},"canonical":"https:\/\/www.aspira.hr\/en\/hotel-and-tourism\/mba-study-hospitality-tourism\/","og_locale":"en_US","og_type":"article","og_title":"Graduate study in Hotel and Tourism Management | ASPIRA University College","og_description":"[vc_row full_width=&#8221;stretch_row_content_no_spaces&#8221; equal_height=&#8221;yes&#8221; bg_type=&#8221;image&#8221; parallax_style=&#8221;vcpb-default&#8221; css=&#8221;.vc_custom_1531263850336{margin-top: -65px !important;margin-left: 0px !important;border-left-width: 0px !important;padding-left: 0px !important;}&#8221;][vc_column width=&#8221;1\/4&#8243;][\/vc_column][vc_column width=&#8221;1\/4&#8243;][\/vc_column][vc_column width=&#8221;1\/4&#8243;][\/vc_column][vc_column width=&#8221;1\/4&#8243;][\/vc_column][\/vc_row]","og_url":"https:\/\/www.aspira.hr\/en\/hotel-and-tourism\/mba-study-hospitality-tourism\/","og_site_name":"ASPIRA University College","article_publisher":"https:\/\/www.facebook.com\/Aspira.University.College","article_modified_time":"2026-01-26T10:12:09+00:00","twitter_card":"summary_large_image","twitter_site":"@aspirasplit","twitter_misc":{"Est. reading time":"2 minutes"},"schema":{"@context":"https:\/\/schema.org","@graph":[{"@type":"Organization","@id":"https:\/\/www.aspira.hr\/#organization","name":"Aspira university college","url":"https:\/\/www.aspira.hr\/","sameAs":["https:\/\/www.facebook.com\/Aspira.University.College","https:\/\/www.instagram.com\/aspira_university\/","https:\/\/www.youtube.com\/channel\/UCIgYMJQ9r3uxEjC6kX_q7EQ","https:\/\/twitter.com\/aspirasplit"],"logo":{"@type":"ImageObject","@id":"https:\/\/www.aspira.hr\/#logo","inLanguage":"en-US","url":"https:\/\/www.aspira.hr\/wp-content\/uploads\/2018\/02\/Aspira-University-College-1.png","contentUrl":"https:\/\/www.aspira.hr\/wp-content\/uploads\/2018\/02\/Aspira-University-College-1.png","width":247,"height":60,"caption":"Aspira university college"},"image":{"@id":"https:\/\/www.aspira.hr\/#logo"}},{"@type":"WebSite","@id":"https:\/\/www.aspira.hr\/#website","url":"https:\/\/www.aspira.hr\/","name":"ASPIRA University College","description":"Obrazovanje vrhunskih menad\u017eera iz podru\u010dja sporta i turizma. Studijski programi Me\u0111unarodnog menad\u017ementa u hotelijerstvu i turizmu, te Sportskog menad\u017ementa.","publisher":{"@id":"https:\/\/www.aspira.hr\/#organization"},"potentialAction":[{"@type":"SearchAction","target":{"@type":"EntryPoint","urlTemplate":"https:\/\/www.aspira.hr\/?s={search_term_string}"},"query-input":"required name=search_term_string"}],"inLanguage":"en-US"},{"@type":"WebPage","@id":"https:\/\/www.aspira.hr\/en\/hotel-and-tourism\/mba-study-hospitality-tourism\/#webpage","url":"https:\/\/www.aspira.hr\/en\/hotel-and-tourism\/mba-study-hospitality-tourism\/","name":"Graduate study in Hotel and Tourism Management | ASPIRA University College","isPartOf":{"@id":"https:\/\/www.aspira.hr\/#website"},"datePublished":"2019-05-25T10:40:29+00:00","dateModified":"2026-01-26T10:12:09+00:00","breadcrumb":{"@id":"https:\/\/www.aspira.hr\/en\/hotel-and-tourism\/mba-study-hospitality-tourism\/#breadcrumb"},"inLanguage":"en-US","potentialAction":[{"@type":"ReadAction","target":["https:\/\/www.aspira.hr\/en\/hotel-and-tourism\/mba-study-hospitality-tourism\/"]}]},{"@type":"BreadcrumbList","@id":"https:\/\/www.aspira.hr\/en\/hotel-and-tourism\/mba-study-hospitality-tourism\/#breadcrumb","itemListElement":[{"@type":"ListItem","position":1,"name":"Po\u010detna stranica","item":"https:\/\/www.aspira.hr\/en\/"},{"@type":"ListItem","position":2,"name":"Hotel and tourism","item":"https:\/\/www.aspira.hr\/en\/hotel-and-tourism\/"},{"@type":"ListItem","position":3,"name":"Graduate study in Hotel and Tourism Management"}]}]}},"_links":{"self":[{"href":"https:\/\/www.aspira.hr\/en\/wp-json\/wp\/v2\/pages\/23273"}],"collection":[{"href":"https:\/\/www.aspira.hr\/en\/wp-json\/wp\/v2\/pages"}],"about":[{"href":"https:\/\/www.aspira.hr\/en\/wp-json\/wp\/v2\/types\/page"}],"author":[{"embeddable":true,"href":"https:\/\/www.aspira.hr\/en\/wp-json\/wp\/v2\/users\/1"}],"replies":[{"embeddable":true,"href":"https:\/\/www.aspira.hr\/en\/wp-json\/wp\/v2\/comments?post=23273"}],"version-history":[{"count":10,"href":"https:\/\/www.aspira.hr\/en\/wp-json\/wp\/v2\/pages\/23273\/revisions"}],"predecessor-version":[{"id":38654,"href":"https:\/\/www.aspira.hr\/en\/wp-json\/wp\/v2\/pages\/23273\/revisions\/38654"}],"up":[{"embeddable":true,"href":"https:\/\/www.aspira.hr\/en\/wp-json\/wp\/v2\/pages\/23268"}],"wp:attachment":[{"href":"https:\/\/www.aspira.hr\/en\/wp-json\/wp\/v2\/media?parent=23273"}],"curies":[{"name":"wp","href":"https:\/\/api.w.org\/{rel}","templated":true}]}}