{"id":23163,"date":"2018-05-16T20:33:11","date_gmt":"2018-05-16T18:33:11","guid":{"rendered":"https:\/\/www.aspira.hr\/lifelong-learning\/voditelj-prodaje\/"},"modified":"2019-08-23T13:46:00","modified_gmt":"2019-08-23T11:46:00","slug":"sales-manager","status":"publish","type":"page","link":"https:\/\/www.aspira.hr\/en\/lifelong-learning\/sales-manager\/","title":{"rendered":"Sales Manager"},"content":{"rendered":"<p>[vc_row][vc_column width=&#8221;1\/2&#8243;][vc_column_text]<strong>IN SPLIT: ENROLLING NOW!<\/strong><\/p>\n<p>Registration information:<br \/>\n<a href=\"mailto:info@aspira.hr\">info@aspira.hr<\/a>[\/vc_column_text][\/vc_column][vc_column width=&#8221;1\/2&#8243;][\/vc_column][\/vc_row][vc_row][vc_column][vc_column_text]The program is intended for those who want to engage in sales business or are already in it but want to improve the skills and knowledge they possess. Due to the opening of new markets in Croatia and dispersal of old ones into different directions of the European market, there is an increasing demand for sales managers that directly affects the labor market. This program not only allows professional training in sales to the benefit of existing employers, but also enables unemployed people to requalify for the new position and become sales managers in the field of sales management, business communication and marketing for the purpose of employment in a sales company or the purpose of starting their own business.[\/vc_column_text][\/vc_column][\/vc_row][vc_row][vc_column][vc_column_text]<\/p>\n<h2>COMPETENCES ACQUIRED BY THE END OF THE PROGRAM<\/h2>\n<ol>\n<li>Differentiate styles and ways of selling<\/li>\n<li>Identify the characteristics and the specifics of the product in order to make better marketing placement decisions<\/li>\n<li>Distinguish strategies and tactics of business negotiations<\/li>\n<li>Identify consumer characteristics and patterns of behavior<\/li>\n<li>Communicate in an appropriate manner<\/li>\n<li>Apply safety rules at work<\/li>\n<\/ol>\n<p>[\/vc_column_text][\/vc_column][\/vc_row][vc_row full_width=&#8221;stretch_row&#8221; bg_type=&#8221;bg_color&#8221; seperator_enable=&#8221;seperator_enable_value&#8221; seperator_type=&#8221;round_split_seperator&#8221; bg_color_value=&#8221;#f2f2f2&#8243;][vc_column][vc_column_text css=&#8221;.vc_custom_1566560691910{margin-top: 30px !important;}&#8221;]<\/p>\n<h2>CONTENTS OF THE PROGRAM:<\/h2>\n<ul>\n<li>SELLING PROCESSES &#8211; personal sales principles, sales department organization, sales staff training, sales team management, controlling&#8230;<\/li>\n<li>MARKETING DECISIONS ON PRODUCT \/ SERVICE &#8211; product features decisions, new product development &#8211; basic phases of development, lifecycle of the product on the market&#8230;<\/li>\n<li>RESEARCH AND SEGMENTING THE MARKET &#8211; methods and application of market research, process and market segmentation variables&#8230;<\/li>\n<li>DISTRIBUTIVE CHANNELS AND SALES METHODS\u00a0 &#8211; customer pre-contact stage, access and initial contact, telephone and internet sales, presentation of goods \/ services, response to customer&#8217;s remarks, conclusion of sales<\/li>\n<li>CONSUMER BEHAVIOUR &#8211; stages of the consumer behavior process, consumer characteristics, behavioral patterns of organizational consumer<\/li>\n<li>PRESENTATION AND COMMUNICATION SKILLS &#8211; the art of communicating and conducting dialogue, the proper use of voice and intonation (exercises), the presentation structure, timing, active listening skills, nonverbal communication, interference and noise in communication channels, communication conflicts and their resolution<\/li>\n<li>BUSINESS NEGOTIATIONS &#8211; business negotiation strategies, analysis of negotiating tactics<\/li>\n<\/ul>\n<p>[\/vc_column_text][vc_column_text]<strong>The final exam consists of making a business-sales plan which includes:<\/strong><\/p>\n<ul>\n<li>Marketing decisions on the product \/ service<\/li>\n<li>Sales methods<\/li>\n<li>Presentation of the product \/ service<\/li>\n<\/ul>\n<p>[\/vc_column_text][vc_column_text css=&#8221;.vc_custom_1566560710317{margin-top: 30px !important;margin-bottom: 30px !important;}&#8221;]After successfully completing the final exam, the participants are issued a certificate of training for Sales Manager.[\/vc_column_text][\/vc_column][\/vc_row][vc_row full_width=&#8221;stretch_row&#8221; bg_type=&#8221;bg_color&#8221; seperator_enable=&#8221;seperator_enable_value&#8221; seperator_type=&#8221;triangle_svg_seperator&#8221; seperator_svg_height=&#8221;35&#8243; seperator_shape_background=&#8221;#f2f2f2&#8243; bg_color_value=&#8221;#262f40&#8243;][vc_column][vc_column_text css=&#8221;.vc_custom_1566560729265{padding-bottom: 33px !important;}&#8221;]<\/p>\n<h3><span style=\"color: #f2f2f2;\">REQUIRED ENROLLMENT DOCUMENTS<\/span><\/h3>\n<p><span style=\"color: #f2f2f2;\">Documents required for enrollment are: a copy of the ID or national identity card, the birth certificate, the last degree of education, the small photograph and the PIN.<\/span><\/p>\n<p><span style=\"color: #f2f2f2;\">Installment payment options.<\/span><\/p>\n<h3><span style=\"color: #f2f2f2;\">ENTRY INTO EMPLOYMENT RECORD BOOK<\/span><\/h3>\n<p><span style=\"color: #f2f2f2;\">The program is verified by the Ministry of Science and Education and upon completion it is entered into the electronic employment record book.<\/span><\/p>\n<p><span style=\"color: #f2f2f2;\">Duration of the program: 1 semester<\/span>[\/vc_column_text][\/vc_column][\/vc_row][vc_row][vc_column]<div class=\" ubtn-ctn-center \"><a class=\"ubtn-link ult-adjust-bottom-margin ubtn-center ubtn-block \" href=\"https:\/\/www.aspira.hr\/en\/application-form\/application-lifelong-learning\/\" ><button type=\"button\" id=\"ubtn-4604\"  class=\"ubtn ult-adjust-bottom-margin ult-responsive ubtn-block ubtn-fade-bg  none  ubtn-center   tooltip-69e52b041ccf1 ubtn-block\"  data-hover=\"#ffffff\" data-border-color=\"\" data-bg=\"#da1611\" data-hover-bg=\"#262f40\" data-border-hover=\"\" data-shadow-hover=\"\" data-shadow-click=\"none\" data-shadow=\"\" data-shd-shadow=\"\"  data-ultimate-target='#ubtn-4604'  data-responsive-json-new='{\"font-size\":\"desktop:20px;\",\"line-height\":\"\"}'  style=\"font-weight:normal;border:none;background: #da1611;color: #ffffff;\"><span class=\"ubtn-hover\" style=\"background-color:#262f40\"><\/span><span class=\"ubtn-data ubtn-text \" >Application form<\/span><\/button><\/a><\/div>[\/vc_column][\/vc_row]<\/p>\n","protected":false},"excerpt":{"rendered":"<p>[vc_row][vc_column width=&#8221;1\/2&#8243;][vc_column_text]IN SPLIT: ENROLLING NOW! Registration information: info@aspira.hr[\/vc_column_text][\/vc_column][vc_column width=&#8221;1\/2&#8243;][\/vc_column][\/vc_row][vc_row][vc_column][vc_column_text]The program is intended for those who want to engage in sales business or are already in it but want to improve the skills and knowledge they possess. Due to the opening of new markets in Croatia and dispersal of old ones into different directions of the&hellip;<\/p>\n","protected":false},"author":1,"featured_media":0,"parent":20494,"menu_order":0,"comment_status":"closed","ping_status":"closed","template":"","meta":{"_monsterinsights_skip_tracking":false,"_monsterinsights_sitenote_active":false,"_monsterinsights_sitenote_note":"","_monsterinsights_sitenote_category":0},"yoast_head":"<!-- This site is optimized with the Yoast SEO plugin v18.0 - https:\/\/yoast.com\/wordpress\/plugins\/seo\/ -->\n<title>Sales Manager | ASPIRA University College<\/title>\n<meta name=\"robots\" content=\"index, follow, max-snippet:-1, max-image-preview:large, max-video-preview:-1\" \/>\n<link rel=\"canonical\" href=\"https:\/\/www.aspira.hr\/en\/lifelong-learning\/sales-manager\/\" \/>\n<meta property=\"og:locale\" content=\"en_US\" \/>\n<meta property=\"og:type\" content=\"article\" \/>\n<meta property=\"og:title\" content=\"Sales Manager | ASPIRA University College\" \/>\n<meta property=\"og:description\" content=\"[vc_row][vc_column width=&#8221;1\/2&#8243;][vc_column_text]IN SPLIT: ENROLLING NOW! Registration information: info@aspira.hr[\/vc_column_text][\/vc_column][vc_column width=&#8221;1\/2&#8243;][\/vc_column][\/vc_row][vc_row][vc_column][vc_column_text]The program is intended for those who want to engage in sales business or are already in it but want to improve the skills and knowledge they possess. Due to the opening of new markets in Croatia and dispersal of old ones into different directions of the&hellip;\" \/>\n<meta property=\"og:url\" content=\"https:\/\/www.aspira.hr\/en\/lifelong-learning\/sales-manager\/\" \/>\n<meta property=\"og:site_name\" content=\"ASPIRA University College\" \/>\n<meta property=\"article:publisher\" content=\"https:\/\/www.facebook.com\/Aspira.University.College\" \/>\n<meta property=\"article:modified_time\" content=\"2019-08-23T11:46:00+00:00\" \/>\n<meta name=\"twitter:card\" content=\"summary_large_image\" \/>\n<meta name=\"twitter:site\" content=\"@aspirasplit\" \/>\n<meta name=\"twitter:label1\" content=\"Est. reading time\" \/>\n\t<meta name=\"twitter:data1\" content=\"3 minutes\" \/>\n<script type=\"application\/ld+json\" class=\"yoast-schema-graph\">{\"@context\":\"https:\/\/schema.org\",\"@graph\":[{\"@type\":\"Organization\",\"@id\":\"https:\/\/www.aspira.hr\/#organization\",\"name\":\"Aspira university college\",\"url\":\"https:\/\/www.aspira.hr\/\",\"sameAs\":[\"https:\/\/www.facebook.com\/Aspira.University.College\",\"https:\/\/www.instagram.com\/aspira_university\/\",\"https:\/\/www.youtube.com\/channel\/UCIgYMJQ9r3uxEjC6kX_q7EQ\",\"https:\/\/twitter.com\/aspirasplit\"],\"logo\":{\"@type\":\"ImageObject\",\"@id\":\"https:\/\/www.aspira.hr\/#logo\",\"inLanguage\":\"en-US\",\"url\":\"https:\/\/www.aspira.hr\/wp-content\/uploads\/2018\/02\/Aspira-University-College-1.png\",\"contentUrl\":\"https:\/\/www.aspira.hr\/wp-content\/uploads\/2018\/02\/Aspira-University-College-1.png\",\"width\":247,\"height\":60,\"caption\":\"Aspira university college\"},\"image\":{\"@id\":\"https:\/\/www.aspira.hr\/#logo\"}},{\"@type\":\"WebSite\",\"@id\":\"https:\/\/www.aspira.hr\/#website\",\"url\":\"https:\/\/www.aspira.hr\/\",\"name\":\"ASPIRA University College\",\"description\":\"Obrazovanje vrhunskih menad\u017eera iz podru\u010dja sporta i turizma. Studijski programi Me\u0111unarodnog menad\u017ementa u hotelijerstvu i turizmu, te Sportskog menad\u017ementa.\",\"publisher\":{\"@id\":\"https:\/\/www.aspira.hr\/#organization\"},\"potentialAction\":[{\"@type\":\"SearchAction\",\"target\":{\"@type\":\"EntryPoint\",\"urlTemplate\":\"https:\/\/www.aspira.hr\/?s={search_term_string}\"},\"query-input\":\"required name=search_term_string\"}],\"inLanguage\":\"en-US\"},{\"@type\":\"WebPage\",\"@id\":\"https:\/\/www.aspira.hr\/en\/lifelong-learning\/sales-manager\/#webpage\",\"url\":\"https:\/\/www.aspira.hr\/en\/lifelong-learning\/sales-manager\/\",\"name\":\"Sales Manager | ASPIRA University College\",\"isPartOf\":{\"@id\":\"https:\/\/www.aspira.hr\/#website\"},\"datePublished\":\"2018-05-16T18:33:11+00:00\",\"dateModified\":\"2019-08-23T11:46:00+00:00\",\"breadcrumb\":{\"@id\":\"https:\/\/www.aspira.hr\/en\/lifelong-learning\/sales-manager\/#breadcrumb\"},\"inLanguage\":\"en-US\",\"potentialAction\":[{\"@type\":\"ReadAction\",\"target\":[\"https:\/\/www.aspira.hr\/en\/lifelong-learning\/sales-manager\/\"]}]},{\"@type\":\"BreadcrumbList\",\"@id\":\"https:\/\/www.aspira.hr\/en\/lifelong-learning\/sales-manager\/#breadcrumb\",\"itemListElement\":[{\"@type\":\"ListItem\",\"position\":1,\"name\":\"Po\u010detna stranica\",\"item\":\"https:\/\/www.aspira.hr\/en\/\"},{\"@type\":\"ListItem\",\"position\":2,\"name\":\"Lifelong learning\",\"item\":\"https:\/\/www.aspira.hr\/en\/lifelong-learning\/\"},{\"@type\":\"ListItem\",\"position\":3,\"name\":\"Sales Manager\"}]}]}<\/script>\n<!-- \/ Yoast SEO plugin. -->","yoast_head_json":{"title":"Sales Manager | ASPIRA University College","robots":{"index":"index","follow":"follow","max-snippet":"max-snippet:-1","max-image-preview":"max-image-preview:large","max-video-preview":"max-video-preview:-1"},"canonical":"https:\/\/www.aspira.hr\/en\/lifelong-learning\/sales-manager\/","og_locale":"en_US","og_type":"article","og_title":"Sales Manager | ASPIRA University College","og_description":"[vc_row][vc_column width=&#8221;1\/2&#8243;][vc_column_text]IN SPLIT: ENROLLING NOW! Registration information: info@aspira.hr[\/vc_column_text][\/vc_column][vc_column width=&#8221;1\/2&#8243;][\/vc_column][\/vc_row][vc_row][vc_column][vc_column_text]The program is intended for those who want to engage in sales business or are already in it but want to improve the skills and knowledge they possess. Due to the opening of new markets in Croatia and dispersal of old ones into different directions of the&hellip;","og_url":"https:\/\/www.aspira.hr\/en\/lifelong-learning\/sales-manager\/","og_site_name":"ASPIRA University College","article_publisher":"https:\/\/www.facebook.com\/Aspira.University.College","article_modified_time":"2019-08-23T11:46:00+00:00","twitter_card":"summary_large_image","twitter_site":"@aspirasplit","twitter_misc":{"Est. reading time":"3 minutes"},"schema":{"@context":"https:\/\/schema.org","@graph":[{"@type":"Organization","@id":"https:\/\/www.aspira.hr\/#organization","name":"Aspira university college","url":"https:\/\/www.aspira.hr\/","sameAs":["https:\/\/www.facebook.com\/Aspira.University.College","https:\/\/www.instagram.com\/aspira_university\/","https:\/\/www.youtube.com\/channel\/UCIgYMJQ9r3uxEjC6kX_q7EQ","https:\/\/twitter.com\/aspirasplit"],"logo":{"@type":"ImageObject","@id":"https:\/\/www.aspira.hr\/#logo","inLanguage":"en-US","url":"https:\/\/www.aspira.hr\/wp-content\/uploads\/2018\/02\/Aspira-University-College-1.png","contentUrl":"https:\/\/www.aspira.hr\/wp-content\/uploads\/2018\/02\/Aspira-University-College-1.png","width":247,"height":60,"caption":"Aspira university college"},"image":{"@id":"https:\/\/www.aspira.hr\/#logo"}},{"@type":"WebSite","@id":"https:\/\/www.aspira.hr\/#website","url":"https:\/\/www.aspira.hr\/","name":"ASPIRA University College","description":"Obrazovanje vrhunskih menad\u017eera iz podru\u010dja sporta i turizma. Studijski programi Me\u0111unarodnog menad\u017ementa u hotelijerstvu i turizmu, te Sportskog menad\u017ementa.","publisher":{"@id":"https:\/\/www.aspira.hr\/#organization"},"potentialAction":[{"@type":"SearchAction","target":{"@type":"EntryPoint","urlTemplate":"https:\/\/www.aspira.hr\/?s={search_term_string}"},"query-input":"required name=search_term_string"}],"inLanguage":"en-US"},{"@type":"WebPage","@id":"https:\/\/www.aspira.hr\/en\/lifelong-learning\/sales-manager\/#webpage","url":"https:\/\/www.aspira.hr\/en\/lifelong-learning\/sales-manager\/","name":"Sales Manager | ASPIRA University College","isPartOf":{"@id":"https:\/\/www.aspira.hr\/#website"},"datePublished":"2018-05-16T18:33:11+00:00","dateModified":"2019-08-23T11:46:00+00:00","breadcrumb":{"@id":"https:\/\/www.aspira.hr\/en\/lifelong-learning\/sales-manager\/#breadcrumb"},"inLanguage":"en-US","potentialAction":[{"@type":"ReadAction","target":["https:\/\/www.aspira.hr\/en\/lifelong-learning\/sales-manager\/"]}]},{"@type":"BreadcrumbList","@id":"https:\/\/www.aspira.hr\/en\/lifelong-learning\/sales-manager\/#breadcrumb","itemListElement":[{"@type":"ListItem","position":1,"name":"Po\u010detna stranica","item":"https:\/\/www.aspira.hr\/en\/"},{"@type":"ListItem","position":2,"name":"Lifelong learning","item":"https:\/\/www.aspira.hr\/en\/lifelong-learning\/"},{"@type":"ListItem","position":3,"name":"Sales Manager"}]}]}},"_links":{"self":[{"href":"https:\/\/www.aspira.hr\/en\/wp-json\/wp\/v2\/pages\/23163"}],"collection":[{"href":"https:\/\/www.aspira.hr\/en\/wp-json\/wp\/v2\/pages"}],"about":[{"href":"https:\/\/www.aspira.hr\/en\/wp-json\/wp\/v2\/types\/page"}],"author":[{"embeddable":true,"href":"https:\/\/www.aspira.hr\/en\/wp-json\/wp\/v2\/users\/1"}],"replies":[{"embeddable":true,"href":"https:\/\/www.aspira.hr\/en\/wp-json\/wp\/v2\/comments?post=23163"}],"version-history":[{"count":0,"href":"https:\/\/www.aspira.hr\/en\/wp-json\/wp\/v2\/pages\/23163\/revisions"}],"up":[{"embeddable":true,"href":"https:\/\/www.aspira.hr\/en\/wp-json\/wp\/v2\/pages\/20494"}],"wp:attachment":[{"href":"https:\/\/www.aspira.hr\/en\/wp-json\/wp\/v2\/media?parent=23163"}],"curies":[{"name":"wp","href":"https:\/\/api.w.org\/{rel}","templated":true}]}}