{"id":22670,"date":"2019-04-04T14:58:58","date_gmt":"2019-04-04T12:58:58","guid":{"rendered":"https:\/\/www.aspira.hr\/?page_id=22670"},"modified":"2021-10-15T14:30:18","modified_gmt":"2021-10-15T12:30:18","slug":"hotel-e-academy","status":"publish","type":"page","link":"https:\/\/www.aspira.hr\/en\/about-aspira\/projects\/hotel-e-academy\/","title":{"rendered":"Hotel E-ACADEMY"},"content":{"rendered":"<p><a class=\"dt-pswp-item\" href=\"https:\/\/www.aspira.hr\/wp-content\/uploads\/2021\/10\/Slika1-1.png\" data-dt-img-description=\"\" data-large_image_width=\"270\" data-large_image_height=\"139\"><img loading=\"lazy\" class=\"aligncenter size-full wp-image-26470\" src=\"https:\/\/www.aspira.hr\/wp-content\/uploads\/2021\/10\/Slika1-1.png\" alt=\"\" width=\"270\" height=\"139\" \/><\/a><\/p>\n<p><strong>Project Hotel Academy<\/strong> was chosen on a call Erasmus + Strategic Partnerships 2018. Project partners come from Slovenia, Croatia (Aspira College) and Austria. European grants are intended for the development of proficiency training programs on profiles: hotel chambermaid, bellboy, hotel animator, concierge, hotel diplomacy manager.<\/p>\n<p>Strategic Partnerships are transnational projects designed to develop and share innovative practices and promote cooperation, peer learning, and exchanges of experiences in the fields of education, training, and youth.<\/p>\n<p id=\"tw-target-text\" class=\"tw-data-text tw-text-large XcVN5d tw-ta\" dir=\"ltr\" data-placeholder=\"Translation\"><span class=\"Y2IQFc\" lang=\"en\">The project is implemented from September 3, 2018 to March 2, 2021, so the duration of the project is 30 months. The total value of the project is: 294,185.00 EUR. Aspira as one of the partners and receives: 37,200.00 EUR.<\/span><\/p>\n<p id=\"tw-target-text\" class=\"tw-data-text tw-text-large XcVN5d tw-ta\" dir=\"ltr\" data-placeholder=\"Translation\"><strong><span class=\"Y2IQFc\" lang=\"en\">Project goals: <\/span><\/strong><\/p>\n<p class=\"tw-data-text tw-text-large XcVN5d tw-ta\" dir=\"ltr\" data-placeholder=\"Translation\"><span class=\"Y2IQFc\" lang=\"en\">&#8211; Improve the quality and access to vocational education and training <\/span><\/p>\n<p class=\"tw-data-text tw-text-large XcVN5d tw-ta\" dir=\"ltr\" data-placeholder=\"Translation\"><span class=\"Y2IQFc\" lang=\"en\">&#8211; Improve the professional and general competencies of hotel employees<\/span><\/p>\n<p class=\"tw-data-text tw-text-large XcVN5d tw-ta\" dir=\"ltr\" data-placeholder=\"Translation\"><span class=\"Y2IQFc\" lang=\"en\">&#8211; Improve the employability of other adult students\u00a0<\/span><\/p>\n<p class=\"tw-data-text tw-text-large XcVN5d tw-ta\" dir=\"ltr\" data-placeholder=\"Translation\"><span class=\"Y2IQFc\" lang=\"en\">&#8211; Motivate personal hotels with additional training programs <\/span><\/p>\n<p class=\"tw-data-text tw-text-large XcVN5d tw-ta\" dir=\"ltr\" data-placeholder=\"Translation\"><span class=\"Y2IQFc\" lang=\"en\">&#8211; Promote hotel occupations<\/span><\/p>\n<p class=\"tw-data-text tw-text-large XcVN5d tw-ta\" dir=\"ltr\" data-placeholder=\"Translation\"><strong><span class=\"Y2IQFc\" lang=\"en\"> Specific objectives: <\/span><\/strong><\/p>\n<p class=\"tw-data-text tw-text-large XcVN5d tw-ta\" dir=\"ltr\" data-placeholder=\"Translation\"><span class=\"Y2IQFc\" lang=\"en\">&#8211; Development of an educational platform for hotel employees<\/span><\/p>\n<p class=\"tw-data-text tw-text-large XcVN5d tw-ta\" dir=\"ltr\" data-placeholder=\"Translation\"><span class=\"Y2IQFc\" lang=\"en\">&#8211; Develop training programs for the following hotel occupation: hotel animator, concierge, bellboy, hotel diplomacy manager, chambermaid<\/span><\/p>\n<p class=\"tw-data-text tw-text-large XcVN5d tw-ta\" dir=\"ltr\" data-placeholder=\"Translation\"><span class=\"Y2IQFc\" lang=\"en\">&#8211; Develop a training program for trainers <\/span><\/p>\n<p class=\"tw-data-text tw-text-large XcVN5d tw-ta\" dir=\"ltr\" data-placeholder=\"Translation\"><span class=\"Y2IQFc\" lang=\"en\">&#8211; Develop relevant learning materials <\/span><\/p>\n<p class=\"tw-data-text tw-text-large XcVN5d tw-ta\" dir=\"ltr\" data-placeholder=\"Translation\"><span class=\"Y2IQFc\" lang=\"en\">&#8211; Development of a workplace learning system from the exchange of best practices<\/span><\/p>\n<p dir=\"ltr\" data-placeholder=\"Translation\"><strong>Gallery &#8211; meetings:<\/strong><\/p>\n\n\t\t\t<style type='text\/css'>\n\t\t\t\t#gallery-1 {\n\t\t\t\t\tmargin: auto;\n\t\t\t\t}\n\t\t\t\t#gallery-1 .gallery-item {\n\t\t\t\t\tfloat: left;\n\t\t\t\t\tmargin-top: 10px;\n\t\t\t\t\ttext-align: center;\n\t\t\t\t\twidth: 33%;\n\t\t\t\t}\n\t\t\t\t#gallery-1 img {\n\t\t\t\t\tborder: 2px solid #cfcfcf;\n\t\t\t\t}\n\t\t\t\t#gallery-1 .gallery-caption {\n\t\t\t\t\tmargin-left: 0;\n\t\t\t\t}\n\t\t\t\t\/* see gallery_shortcode() in wp-includes\/media.php *\/\n\t\t\t<\/style>\n\t\t<div id='gallery-1' class='dt-gallery-container gallery galleryid-22670 gallery-columns-3 gallery-size-thumbnail'><dl class='gallery-item'>\n\t\t\t\t<dt class='gallery-icon landscape'>\n\t\t\t\t\t<a class=\"rollover\" href='https:\/\/www.aspira.hr\/en\/about-aspira\/projects\/hotel-e-academy\/20190315_100457-2\/'><img width=\"150\" height=\"150\" src=\"https:\/\/www.aspira.hr\/wp-content\/uploads\/2021\/10\/20190315_100457-150x150.jpg\" class=\"attachment-thumbnail size-thumbnail\" alt=\"\" loading=\"lazy\" \/><\/a>\n\t\t\t\t<\/dt><\/dl><dl class='gallery-item'>\n\t\t\t\t<dt class='gallery-icon landscape'>\n\t\t\t\t\t<a class=\"rollover\" href='https:\/\/www.aspira.hr\/en\/about-aspira\/projects\/hotel-e-academy\/20190506_104424-2-2\/'><img width=\"150\" height=\"150\" src=\"https:\/\/www.aspira.hr\/wp-content\/uploads\/2021\/10\/20190506_104424-1-150x150.jpg\" class=\"attachment-thumbnail size-thumbnail\" alt=\"\" loading=\"lazy\" \/><\/a>\n\t\t\t\t<\/dt><\/dl><dl class='gallery-item'>\n\t\t\t\t<dt class='gallery-icon landscape'>\n\t\t\t\t\t<a class=\"rollover\" href='https:\/\/www.aspira.hr\/en\/about-aspira\/projects\/hotel-e-academy\/20200124_092230-2-2\/'><img width=\"150\" height=\"150\" src=\"https:\/\/www.aspira.hr\/wp-content\/uploads\/2021\/10\/20200124_092230-1-150x150.jpg\" class=\"attachment-thumbnail size-thumbnail\" alt=\"\" loading=\"lazy\" \/><\/a>\n\t\t\t\t<\/dt><\/dl><br style=\"clear: both\" \/><dl class='gallery-item'>\n\t\t\t\t<dt class='gallery-icon landscape'>\n\t\t\t\t\t<a class=\"rollover\" href='https:\/\/www.aspira.hr\/en\/about-aspira\/projects\/hotel-e-academy\/img_0189-2-2\/'><img width=\"150\" height=\"150\" src=\"https:\/\/www.aspira.hr\/wp-content\/uploads\/2021\/10\/IMG_0189-1-150x150.jpg\" class=\"attachment-thumbnail size-thumbnail\" alt=\"\" loading=\"lazy\" \/><\/a>\n\t\t\t\t<\/dt><\/dl><dl class='gallery-item'>\n\t\t\t\t<dt class='gallery-icon landscape'>\n\t\t\t\t\t<a class=\"rollover\" href='https:\/\/www.aspira.hr\/en\/about-aspira\/projects\/hotel-e-academy\/img_1843-2-2\/'><img width=\"150\" height=\"150\" src=\"https:\/\/www.aspira.hr\/wp-content\/uploads\/2021\/10\/IMG_1843-1-150x150.jpg\" class=\"attachment-thumbnail size-thumbnail\" alt=\"\" loading=\"lazy\" \/><\/a>\n\t\t\t\t<\/dt><\/dl><dl class='gallery-item'>\n\t\t\t\t<dt class='gallery-icon landscape'>\n\t\t\t\t\t<a class=\"rollover\" href='https:\/\/www.aspira.hr\/en\/about-aspira\/projects\/hotel-e-academy\/img_2299-002-2-2\/'><img width=\"150\" height=\"150\" src=\"https:\/\/www.aspira.hr\/wp-content\/uploads\/2021\/10\/IMG_2299-002-1-150x150.jpg\" class=\"attachment-thumbnail size-thumbnail\" alt=\"\" loading=\"lazy\" \/><\/a>\n\t\t\t\t<\/dt><\/dl><br style=\"clear: both\" \/><dl class='gallery-item'>\n\t\t\t\t<dt class='gallery-icon portrait'>\n\t\t\t\t\t<a class=\"rollover\" href='https:\/\/www.aspira.hr\/en\/about-aspira\/projects\/hotel-e-academy\/img_8813-002-2-2\/'><img width=\"150\" height=\"150\" src=\"https:\/\/www.aspira.hr\/wp-content\/uploads\/2021\/10\/IMG_8813-002-1-150x150.jpg\" class=\"attachment-thumbnail size-thumbnail\" alt=\"\" loading=\"lazy\" \/><\/a>\n\t\t\t\t<\/dt><\/dl><dl class='gallery-item'>\n\t\t\t\t<dt class='gallery-icon landscape'>\n\t\t\t\t\t<a class=\"rollover\" href='https:\/\/www.aspira.hr\/en\/about-aspira\/projects\/hotel-e-academy\/slika_drugi-sastanak-2-2\/'><img width=\"150\" height=\"150\" src=\"https:\/\/www.aspira.hr\/wp-content\/uploads\/2021\/10\/Slika_drugi-sastanak-1-150x150.jpg\" class=\"attachment-thumbnail size-thumbnail\" alt=\"\" loading=\"lazy\" \/><\/a>\n\t\t\t\t<\/dt><\/dl><dl class='gallery-item'>\n\t\t\t\t<dt class='gallery-icon landscape'>\n\t\t\t\t\t<a class=\"rollover\" href='https:\/\/www.aspira.hr\/en\/about-aspira\/projects\/hotel-e-academy\/slika_prvi-sastanak-2-2\/'><img width=\"150\" height=\"150\" src=\"https:\/\/www.aspira.hr\/wp-content\/uploads\/2021\/10\/Slika_prvi-sastanak-1-150x150.jpg\" class=\"attachment-thumbnail size-thumbnail\" alt=\"\" loading=\"lazy\" \/><\/a>\n\t\t\t\t<\/dt><\/dl><br style=\"clear: both\" \/>\n\t\t\t<\/div>\n\n<p dir=\"ltr\" data-placeholder=\"Translation\">\n","protected":false},"excerpt":{"rendered":"<p>Project Hotel Academy was chosen on a call Erasmus + Strategic Partnerships 2018. Project partners come from Slovenia, Croatia (Aspira College) and Austria. European grants are intended for the development of proficiency training programs on profiles: hotel chambermaid, bellboy, hotel animator, concierge, hotel diplomacy manager. Strategic Partnerships are transnational projects designed to develop and share&hellip;<\/p>\n","protected":false},"author":1,"featured_media":33178,"parent":22641,"menu_order":0,"comment_status":"closed","ping_status":"closed","template":"","meta":{"_monsterinsights_skip_tracking":false,"_monsterinsights_sitenote_active":false,"_monsterinsights_sitenote_note":"","_monsterinsights_sitenote_category":0},"yoast_head":"<!-- This site is optimized with the Yoast SEO plugin v18.0 - https:\/\/yoast.com\/wordpress\/plugins\/seo\/ -->\n<title>Hotel E-ACADEMY | ASPIRA University College<\/title>\n<meta name=\"robots\" content=\"index, follow, max-snippet:-1, max-image-preview:large, max-video-preview:-1\" \/>\n<link rel=\"canonical\" href=\"https:\/\/www.aspira.hr\/en\/about-aspira\/projects\/hotel-e-academy\/\" \/>\n<meta property=\"og:locale\" content=\"en_US\" \/>\n<meta property=\"og:type\" content=\"article\" \/>\n<meta property=\"og:title\" content=\"Hotel E-ACADEMY | ASPIRA University College\" \/>\n<meta property=\"og:description\" content=\"Project Hotel Academy was chosen on a call Erasmus + Strategic Partnerships 2018. Project partners come from Slovenia, Croatia (Aspira College) and Austria. European grants are intended for the development of proficiency training programs on profiles: hotel chambermaid, bellboy, hotel animator, concierge, hotel diplomacy manager. Strategic Partnerships are transnational projects designed to develop and share&hellip;\" \/>\n<meta property=\"og:url\" content=\"https:\/\/www.aspira.hr\/en\/about-aspira\/projects\/hotel-e-academy\/\" \/>\n<meta property=\"og:site_name\" content=\"ASPIRA University College\" \/>\n<meta property=\"article:publisher\" content=\"https:\/\/www.facebook.com\/Aspira.University.College\" \/>\n<meta property=\"article:modified_time\" content=\"2021-10-15T12:30:18+00:00\" \/>\n<meta property=\"og:image\" content=\"https:\/\/www.aspira.hr\/wp-content\/uploads\/2021\/10\/20190315_100457-150x150.jpg\" \/>\n<meta name=\"twitter:card\" content=\"summary_large_image\" \/>\n<meta name=\"twitter:site\" content=\"@aspirasplit\" \/>\n<meta name=\"twitter:label1\" content=\"Est. reading time\" \/>\n\t<meta name=\"twitter:data1\" content=\"1 minute\" \/>\n<script type=\"application\/ld+json\" class=\"yoast-schema-graph\">{\"@context\":\"https:\/\/schema.org\",\"@graph\":[{\"@type\":\"Organization\",\"@id\":\"https:\/\/www.aspira.hr\/#organization\",\"name\":\"Aspira university college\",\"url\":\"https:\/\/www.aspira.hr\/\",\"sameAs\":[\"https:\/\/www.facebook.com\/Aspira.University.College\",\"https:\/\/www.instagram.com\/aspira_university\/\",\"https:\/\/www.youtube.com\/channel\/UCIgYMJQ9r3uxEjC6kX_q7EQ\",\"https:\/\/twitter.com\/aspirasplit\"],\"logo\":{\"@type\":\"ImageObject\",\"@id\":\"https:\/\/www.aspira.hr\/#logo\",\"inLanguage\":\"en-US\",\"url\":\"https:\/\/www.aspira.hr\/wp-content\/uploads\/2018\/02\/Aspira-University-College-1.png\",\"contentUrl\":\"https:\/\/www.aspira.hr\/wp-content\/uploads\/2018\/02\/Aspira-University-College-1.png\",\"width\":247,\"height\":60,\"caption\":\"Aspira university college\"},\"image\":{\"@id\":\"https:\/\/www.aspira.hr\/#logo\"}},{\"@type\":\"WebSite\",\"@id\":\"https:\/\/www.aspira.hr\/#website\",\"url\":\"https:\/\/www.aspira.hr\/\",\"name\":\"ASPIRA University College\",\"description\":\"Obrazovanje vrhunskih menad\u017eera iz podru\u010dja sporta i turizma. Studijski programi Me\u0111unarodnog menad\u017ementa u hotelijerstvu i turizmu, te Sportskog menad\u017ementa.\",\"publisher\":{\"@id\":\"https:\/\/www.aspira.hr\/#organization\"},\"potentialAction\":[{\"@type\":\"SearchAction\",\"target\":{\"@type\":\"EntryPoint\",\"urlTemplate\":\"https:\/\/www.aspira.hr\/?s={search_term_string}\"},\"query-input\":\"required name=search_term_string\"}],\"inLanguage\":\"en-US\"},{\"@type\":\"ImageObject\",\"@id\":\"https:\/\/www.aspira.hr\/en\/about-aspira\/projects\/hotel-e-academy\/#primaryimage\",\"inLanguage\":\"en-US\",\"url\":\"https:\/\/www.aspira.hr\/wp-content\/uploads\/2024\/03\/Dizajn-bez-naslova-14.png\",\"contentUrl\":\"https:\/\/www.aspira.hr\/wp-content\/uploads\/2024\/03\/Dizajn-bez-naslova-14.png\",\"width\":900,\"height\":506},{\"@type\":\"WebPage\",\"@id\":\"https:\/\/www.aspira.hr\/en\/about-aspira\/projects\/hotel-e-academy\/#webpage\",\"url\":\"https:\/\/www.aspira.hr\/en\/about-aspira\/projects\/hotel-e-academy\/\",\"name\":\"Hotel E-ACADEMY | ASPIRA University College\",\"isPartOf\":{\"@id\":\"https:\/\/www.aspira.hr\/#website\"},\"primaryImageOfPage\":{\"@id\":\"https:\/\/www.aspira.hr\/en\/about-aspira\/projects\/hotel-e-academy\/#primaryimage\"},\"datePublished\":\"2019-04-04T12:58:58+00:00\",\"dateModified\":\"2021-10-15T12:30:18+00:00\",\"breadcrumb\":{\"@id\":\"https:\/\/www.aspira.hr\/en\/about-aspira\/projects\/hotel-e-academy\/#breadcrumb\"},\"inLanguage\":\"en-US\",\"potentialAction\":[{\"@type\":\"ReadAction\",\"target\":[\"https:\/\/www.aspira.hr\/en\/about-aspira\/projects\/hotel-e-academy\/\"]}]},{\"@type\":\"BreadcrumbList\",\"@id\":\"https:\/\/www.aspira.hr\/en\/about-aspira\/projects\/hotel-e-academy\/#breadcrumb\",\"itemListElement\":[{\"@type\":\"ListItem\",\"position\":1,\"name\":\"Po\u010detna stranica\",\"item\":\"https:\/\/www.aspira.hr\/en\/\"},{\"@type\":\"ListItem\",\"position\":2,\"name\":\"About Aspira\",\"item\":\"https:\/\/www.aspira.hr\/en\/about-aspira\/\"},{\"@type\":\"ListItem\",\"position\":3,\"name\":\"Projects\",\"item\":\"https:\/\/www.aspira.hr\/en\/about-aspira\/projects\/\"},{\"@type\":\"ListItem\",\"position\":4,\"name\":\"Hotel E-ACADEMY\"}]}]}<\/script>\n<!-- \/ Yoast SEO plugin. -->","yoast_head_json":{"title":"Hotel E-ACADEMY | ASPIRA University College","robots":{"index":"index","follow":"follow","max-snippet":"max-snippet:-1","max-image-preview":"max-image-preview:large","max-video-preview":"max-video-preview:-1"},"canonical":"https:\/\/www.aspira.hr\/en\/about-aspira\/projects\/hotel-e-academy\/","og_locale":"en_US","og_type":"article","og_title":"Hotel E-ACADEMY | ASPIRA University College","og_description":"Project Hotel Academy was chosen on a call Erasmus + Strategic Partnerships 2018. Project partners come from Slovenia, Croatia (Aspira College) and Austria. European grants are intended for the development of proficiency training programs on profiles: hotel chambermaid, bellboy, hotel animator, concierge, hotel diplomacy manager. Strategic Partnerships are transnational projects designed to develop and share&hellip;","og_url":"https:\/\/www.aspira.hr\/en\/about-aspira\/projects\/hotel-e-academy\/","og_site_name":"ASPIRA University College","article_publisher":"https:\/\/www.facebook.com\/Aspira.University.College","article_modified_time":"2021-10-15T12:30:18+00:00","og_image":[{"url":"https:\/\/www.aspira.hr\/wp-content\/uploads\/2021\/10\/20190315_100457-150x150.jpg"}],"twitter_card":"summary_large_image","twitter_site":"@aspirasplit","twitter_misc":{"Est. reading time":"1 minute"},"schema":{"@context":"https:\/\/schema.org","@graph":[{"@type":"Organization","@id":"https:\/\/www.aspira.hr\/#organization","name":"Aspira university college","url":"https:\/\/www.aspira.hr\/","sameAs":["https:\/\/www.facebook.com\/Aspira.University.College","https:\/\/www.instagram.com\/aspira_university\/","https:\/\/www.youtube.com\/channel\/UCIgYMJQ9r3uxEjC6kX_q7EQ","https:\/\/twitter.com\/aspirasplit"],"logo":{"@type":"ImageObject","@id":"https:\/\/www.aspira.hr\/#logo","inLanguage":"en-US","url":"https:\/\/www.aspira.hr\/wp-content\/uploads\/2018\/02\/Aspira-University-College-1.png","contentUrl":"https:\/\/www.aspira.hr\/wp-content\/uploads\/2018\/02\/Aspira-University-College-1.png","width":247,"height":60,"caption":"Aspira university college"},"image":{"@id":"https:\/\/www.aspira.hr\/#logo"}},{"@type":"WebSite","@id":"https:\/\/www.aspira.hr\/#website","url":"https:\/\/www.aspira.hr\/","name":"ASPIRA University College","description":"Obrazovanje vrhunskih menad\u017eera iz podru\u010dja sporta i turizma. Studijski programi Me\u0111unarodnog menad\u017ementa u hotelijerstvu i turizmu, te Sportskog menad\u017ementa.","publisher":{"@id":"https:\/\/www.aspira.hr\/#organization"},"potentialAction":[{"@type":"SearchAction","target":{"@type":"EntryPoint","urlTemplate":"https:\/\/www.aspira.hr\/?s={search_term_string}"},"query-input":"required name=search_term_string"}],"inLanguage":"en-US"},{"@type":"ImageObject","@id":"https:\/\/www.aspira.hr\/en\/about-aspira\/projects\/hotel-e-academy\/#primaryimage","inLanguage":"en-US","url":"https:\/\/www.aspira.hr\/wp-content\/uploads\/2024\/03\/Dizajn-bez-naslova-14.png","contentUrl":"https:\/\/www.aspira.hr\/wp-content\/uploads\/2024\/03\/Dizajn-bez-naslova-14.png","width":900,"height":506},{"@type":"WebPage","@id":"https:\/\/www.aspira.hr\/en\/about-aspira\/projects\/hotel-e-academy\/#webpage","url":"https:\/\/www.aspira.hr\/en\/about-aspira\/projects\/hotel-e-academy\/","name":"Hotel E-ACADEMY | ASPIRA University College","isPartOf":{"@id":"https:\/\/www.aspira.hr\/#website"},"primaryImageOfPage":{"@id":"https:\/\/www.aspira.hr\/en\/about-aspira\/projects\/hotel-e-academy\/#primaryimage"},"datePublished":"2019-04-04T12:58:58+00:00","dateModified":"2021-10-15T12:30:18+00:00","breadcrumb":{"@id":"https:\/\/www.aspira.hr\/en\/about-aspira\/projects\/hotel-e-academy\/#breadcrumb"},"inLanguage":"en-US","potentialAction":[{"@type":"ReadAction","target":["https:\/\/www.aspira.hr\/en\/about-aspira\/projects\/hotel-e-academy\/"]}]},{"@type":"BreadcrumbList","@id":"https:\/\/www.aspira.hr\/en\/about-aspira\/projects\/hotel-e-academy\/#breadcrumb","itemListElement":[{"@type":"ListItem","position":1,"name":"Po\u010detna stranica","item":"https:\/\/www.aspira.hr\/en\/"},{"@type":"ListItem","position":2,"name":"About Aspira","item":"https:\/\/www.aspira.hr\/en\/about-aspira\/"},{"@type":"ListItem","position":3,"name":"Projects","item":"https:\/\/www.aspira.hr\/en\/about-aspira\/projects\/"},{"@type":"ListItem","position":4,"name":"Hotel E-ACADEMY"}]}]}},"_links":{"self":[{"href":"https:\/\/www.aspira.hr\/en\/wp-json\/wp\/v2\/pages\/22670"}],"collection":[{"href":"https:\/\/www.aspira.hr\/en\/wp-json\/wp\/v2\/pages"}],"about":[{"href":"https:\/\/www.aspira.hr\/en\/wp-json\/wp\/v2\/types\/page"}],"author":[{"embeddable":true,"href":"https:\/\/www.aspira.hr\/en\/wp-json\/wp\/v2\/users\/1"}],"replies":[{"embeddable":true,"href":"https:\/\/www.aspira.hr\/en\/wp-json\/wp\/v2\/comments?post=22670"}],"version-history":[{"count":2,"href":"https:\/\/www.aspira.hr\/en\/wp-json\/wp\/v2\/pages\/22670\/revisions"}],"predecessor-version":[{"id":26473,"href":"https:\/\/www.aspira.hr\/en\/wp-json\/wp\/v2\/pages\/22670\/revisions\/26473"}],"up":[{"embeddable":true,"href":"https:\/\/www.aspira.hr\/en\/wp-json\/wp\/v2\/pages\/22641"}],"wp:featuredmedia":[{"embeddable":true,"href":"https:\/\/www.aspira.hr\/en\/wp-json\/wp\/v2\/media\/33178"}],"wp:attachment":[{"href":"https:\/\/www.aspira.hr\/en\/wp-json\/wp\/v2\/media?parent=22670"}],"curies":[{"name":"wp","href":"https:\/\/api.w.org\/{rel}","templated":true}]}}