{"id":22666,"date":"2019-04-04T14:56:35","date_gmt":"2019-04-04T12:56:35","guid":{"rendered":"https:\/\/www.aspira.hr\/?page_id=22666"},"modified":"2022-10-11T08:58:53","modified_gmt":"2022-10-11T06:58:53","slug":"hko-implementation-in-professional-study-of-computer-engineering","status":"publish","type":"page","link":"https:\/\/www.aspira.hr\/en\/about-aspira\/projects\/hko-implementation-in-professional-study-of-computer-engineering\/","title":{"rendered":"HKO Implementation in Professional Study of Computer Engineering"},"content":{"rendered":"<p>Algebra University College started to implement the project &#8220;Implementation of Croatian Qualifications Framework (CQF) in Professional Studies of Computer Science&#8221; together with 11 partners (Zagreb University of Applied Sciences, The Polytechnic of Me\u0111imurje in \u010cakovec, Virovitica University of Applied Sciences, Bjelovar University of Applied Sciences, Faculty of Electrical Engineering, Computer Science and Information Technology Osijek, Faculty of Electrical Engineering, Mechanical Engineering and Naval Architecture, College of Management and Design Aspira, Split, Croatian Employers&#8217; Association, The College for Information Technologies in Zagreb, University of Applied Sciences Velika Gorica, University of Applied Sciences Hrvatsko Zagorje Krapina). Funds in the amount of HRK 3,836,901.74 were allocated, and the project was financed by the European Social Fund, OP Efficient Human Resources 2014-2020.<\/p>\n<p>College of Management and Design Aspira participates as a partner of Algebra University College in the project &#8221; Implementation of CQF in Professional Studies of Computer Science &#8220;. The project proposal, under unique reference number &#8211; UP-03.1.1.03.0063, successfully passed the stage of administrative verification and quality assessment with 102.5 points achieved, and the total planned cost was proposed in the budget of the project proposal (HRK 3,836,901.74) accepted for financing. The decision on financing and the signing of the Grant Agreement is expected in January 2019. The main activities of the project:<\/p>\n<ol>\n<li><strong> Development and creation of occupational standards:<\/strong><\/li>\n<\/ol>\n<ul>\n<li>Bachelor&#8217;s level: 1 occupational standard i<\/li>\n<li>Master&#8217;s level: 2 occupational standards.<\/li>\n<\/ul>\n<p>&nbsp;<\/p>\n<ol start=\"2\">\n<li><strong> Development and creation of qualification standards:<\/strong><\/li>\n<\/ol>\n<ul>\n<li>1 qualification standard at the bachelor&#8217;s professional level:<\/li>\n<\/ul>\n<p>\u2013 professional bachelor&#8217;s degree (baccalaureus\/baccalaurea) of computer engineering<\/p>\n<ul>\n<li>1 qualification standard at professional specialist level:<\/li>\n<\/ul>\n<p>&#8211; professional specialist of computer engineering<\/p>\n<p>&nbsp;<\/p>\n<p><strong>In the academic year 2020\/2021 the following workshops were held:<\/strong><\/p>\n<p>&nbsp;<\/p>\n<ul>\n<li>Strengthening the Basic Teaching Competences of Higher Education Teachers (lecturer: Ante Kolak, date: June 8, 2021)<\/li>\n<li>Methodology and Quantitative Methods for Writing Papers (lecturer: Ajka Pribisali\u0107, date: May 11, 2021)<\/li>\n<li>How to Write and Publish Scientific and Professional Papers? (lecturer: Ivan Devi\u0107, Ph.D., date: May 26, 2021)<\/li>\n<li>Alignment of Learning Outcomes, Teaching and Evaluation Methods (lecturer: Mila Buli\u0107, Ph.D., date: May, 2021)<\/li>\n<\/ul>\n<p>&nbsp;<\/p>\n<p><strong>In the academic year 2021\/2022, Aspira College of Management and Desing held a Month of Educational Workshops for its teaching staff:<\/strong><\/p>\n<ul>\n<li>Abc workshop (lecturer: Ph.D. Sandra Ku\u010dina Softi\u0107, date: February 2 and 3, 2022)<\/li>\n<li>Constructive Alignment (lecturers: Prof. Dr. Vesna Vlahovi\u0107 \u0160teti\u0107,<\/li>\n<li>D. \u017deljka Kamenov, date: February 12, 2022)<\/li>\n<li>Online Knowledge Tests in Merlin (lecturer: Associate Professor Nikola Kadoi\u0107, date: February 23 and 24, 2022)<\/li>\n<li>Methodological Workshop (lecturers: Domagoj Mori\u0107 and Mario Bajku\u0161a, Forum for Freedom of Education, date: February 25 and 26 2022)<\/li>\n<li>How successful am I in conducting online classes? (lecturer: Sandra Ku\u010dina Softi\u0107, Ph.D., date: March 3, 2022)<\/li>\n<li>Design thinking (lecturer: Miroslav Ma\u0111ari\u0107, Sc., B.Eng., date: March 9 and 10, 2022)<\/li>\n<\/ul>\n<p>&nbsp;<\/p>\n<p>Throughout the month of February and March, teachers had the opportunity to participate in numerous workshops whose focus is on personal growth and development through the processing of relevant topics in the field of methodology, communication, etc.<\/p>\n","protected":false},"excerpt":{"rendered":"<p>Algebra University College started to implement the project &#8220;Implementation of Croatian Qualifications Framework (CQF) in Professional Studies of Computer Science&#8221; together with 11 partners (Zagreb University of Applied Sciences, The Polytechnic of Me\u0111imurje in \u010cakovec, Virovitica University of Applied Sciences, Bjelovar University of Applied Sciences, Faculty of Electrical Engineering, Computer Science and Information Technology Osijek,&hellip;<\/p>\n","protected":false},"author":1,"featured_media":0,"parent":22641,"menu_order":0,"comment_status":"closed","ping_status":"closed","template":"","meta":{"_monsterinsights_skip_tracking":false,"_monsterinsights_sitenote_active":false,"_monsterinsights_sitenote_note":"","_monsterinsights_sitenote_category":0},"yoast_head":"<!-- This site is optimized with the Yoast SEO plugin v18.0 - https:\/\/yoast.com\/wordpress\/plugins\/seo\/ -->\n<title>HKO Implementation in Professional Study of Computer Engineering | ASPIRA University College<\/title>\n<meta name=\"robots\" content=\"index, follow, max-snippet:-1, max-image-preview:large, max-video-preview:-1\" \/>\n<link rel=\"canonical\" href=\"https:\/\/www.aspira.hr\/en\/about-aspira\/projects\/hko-implementation-in-professional-study-of-computer-engineering\/\" \/>\n<meta property=\"og:locale\" content=\"en_US\" \/>\n<meta property=\"og:type\" content=\"article\" \/>\n<meta property=\"og:title\" content=\"HKO Implementation in Professional Study of Computer Engineering | ASPIRA University College\" \/>\n<meta property=\"og:description\" content=\"Algebra University College started to implement the project &#8220;Implementation of Croatian Qualifications Framework (CQF) in Professional Studies of Computer Science&#8221; together with 11 partners (Zagreb University of Applied Sciences, The Polytechnic of Me\u0111imurje in \u010cakovec, Virovitica University of Applied Sciences, Bjelovar University of Applied Sciences, Faculty of Electrical Engineering, Computer Science and Information Technology Osijek,&hellip;\" \/>\n<meta property=\"og:url\" content=\"https:\/\/www.aspira.hr\/en\/about-aspira\/projects\/hko-implementation-in-professional-study-of-computer-engineering\/\" \/>\n<meta property=\"og:site_name\" content=\"ASPIRA University College\" \/>\n<meta property=\"article:publisher\" content=\"https:\/\/www.facebook.com\/Aspira.University.College\" \/>\n<meta property=\"article:modified_time\" content=\"2022-10-11T06:58:53+00:00\" \/>\n<meta name=\"twitter:card\" content=\"summary_large_image\" \/>\n<meta name=\"twitter:site\" content=\"@aspirasplit\" \/>\n<meta name=\"twitter:label1\" content=\"Est. reading time\" \/>\n\t<meta name=\"twitter:data1\" content=\"3 minutes\" \/>\n<script type=\"application\/ld+json\" class=\"yoast-schema-graph\">{\"@context\":\"https:\/\/schema.org\",\"@graph\":[{\"@type\":\"Organization\",\"@id\":\"https:\/\/www.aspira.hr\/#organization\",\"name\":\"Aspira university college\",\"url\":\"https:\/\/www.aspira.hr\/\",\"sameAs\":[\"https:\/\/www.facebook.com\/Aspira.University.College\",\"https:\/\/www.instagram.com\/aspira_university\/\",\"https:\/\/www.youtube.com\/channel\/UCIgYMJQ9r3uxEjC6kX_q7EQ\",\"https:\/\/twitter.com\/aspirasplit\"],\"logo\":{\"@type\":\"ImageObject\",\"@id\":\"https:\/\/www.aspira.hr\/#logo\",\"inLanguage\":\"en-US\",\"url\":\"https:\/\/www.aspira.hr\/wp-content\/uploads\/2018\/02\/Aspira-University-College-1.png\",\"contentUrl\":\"https:\/\/www.aspira.hr\/wp-content\/uploads\/2018\/02\/Aspira-University-College-1.png\",\"width\":247,\"height\":60,\"caption\":\"Aspira university college\"},\"image\":{\"@id\":\"https:\/\/www.aspira.hr\/#logo\"}},{\"@type\":\"WebSite\",\"@id\":\"https:\/\/www.aspira.hr\/#website\",\"url\":\"https:\/\/www.aspira.hr\/\",\"name\":\"ASPIRA University College\",\"description\":\"Obrazovanje vrhunskih menad\u017eera iz podru\u010dja sporta i turizma. Studijski programi Me\u0111unarodnog menad\u017ementa u hotelijerstvu i turizmu, te Sportskog menad\u017ementa.\",\"publisher\":{\"@id\":\"https:\/\/www.aspira.hr\/#organization\"},\"potentialAction\":[{\"@type\":\"SearchAction\",\"target\":{\"@type\":\"EntryPoint\",\"urlTemplate\":\"https:\/\/www.aspira.hr\/?s={search_term_string}\"},\"query-input\":\"required name=search_term_string\"}],\"inLanguage\":\"en-US\"},{\"@type\":\"WebPage\",\"@id\":\"https:\/\/www.aspira.hr\/en\/about-aspira\/projects\/hko-implementation-in-professional-study-of-computer-engineering\/#webpage\",\"url\":\"https:\/\/www.aspira.hr\/en\/about-aspira\/projects\/hko-implementation-in-professional-study-of-computer-engineering\/\",\"name\":\"HKO Implementation in Professional Study of Computer Engineering | ASPIRA University College\",\"isPartOf\":{\"@id\":\"https:\/\/www.aspira.hr\/#website\"},\"datePublished\":\"2019-04-04T12:56:35+00:00\",\"dateModified\":\"2022-10-11T06:58:53+00:00\",\"breadcrumb\":{\"@id\":\"https:\/\/www.aspira.hr\/en\/about-aspira\/projects\/hko-implementation-in-professional-study-of-computer-engineering\/#breadcrumb\"},\"inLanguage\":\"en-US\",\"potentialAction\":[{\"@type\":\"ReadAction\",\"target\":[\"https:\/\/www.aspira.hr\/en\/about-aspira\/projects\/hko-implementation-in-professional-study-of-computer-engineering\/\"]}]},{\"@type\":\"BreadcrumbList\",\"@id\":\"https:\/\/www.aspira.hr\/en\/about-aspira\/projects\/hko-implementation-in-professional-study-of-computer-engineering\/#breadcrumb\",\"itemListElement\":[{\"@type\":\"ListItem\",\"position\":1,\"name\":\"Po\u010detna stranica\",\"item\":\"https:\/\/www.aspira.hr\/en\/\"},{\"@type\":\"ListItem\",\"position\":2,\"name\":\"About Aspira\",\"item\":\"https:\/\/www.aspira.hr\/en\/about-aspira\/\"},{\"@type\":\"ListItem\",\"position\":3,\"name\":\"Projects\",\"item\":\"https:\/\/www.aspira.hr\/en\/about-aspira\/projects\/\"},{\"@type\":\"ListItem\",\"position\":4,\"name\":\"HKO Implementation in Professional Study of Computer Engineering\"}]}]}<\/script>\n<!-- \/ Yoast SEO plugin. -->","yoast_head_json":{"title":"HKO Implementation in Professional Study of Computer Engineering | ASPIRA University College","robots":{"index":"index","follow":"follow","max-snippet":"max-snippet:-1","max-image-preview":"max-image-preview:large","max-video-preview":"max-video-preview:-1"},"canonical":"https:\/\/www.aspira.hr\/en\/about-aspira\/projects\/hko-implementation-in-professional-study-of-computer-engineering\/","og_locale":"en_US","og_type":"article","og_title":"HKO Implementation in Professional Study of Computer Engineering | ASPIRA University College","og_description":"Algebra University College started to implement the project &#8220;Implementation of Croatian Qualifications Framework (CQF) in Professional Studies of Computer Science&#8221; together with 11 partners (Zagreb University of Applied Sciences, The Polytechnic of Me\u0111imurje in \u010cakovec, Virovitica University of Applied Sciences, Bjelovar University of Applied Sciences, Faculty of Electrical Engineering, Computer Science and Information Technology Osijek,&hellip;","og_url":"https:\/\/www.aspira.hr\/en\/about-aspira\/projects\/hko-implementation-in-professional-study-of-computer-engineering\/","og_site_name":"ASPIRA University College","article_publisher":"https:\/\/www.facebook.com\/Aspira.University.College","article_modified_time":"2022-10-11T06:58:53+00:00","twitter_card":"summary_large_image","twitter_site":"@aspirasplit","twitter_misc":{"Est. reading time":"3 minutes"},"schema":{"@context":"https:\/\/schema.org","@graph":[{"@type":"Organization","@id":"https:\/\/www.aspira.hr\/#organization","name":"Aspira university college","url":"https:\/\/www.aspira.hr\/","sameAs":["https:\/\/www.facebook.com\/Aspira.University.College","https:\/\/www.instagram.com\/aspira_university\/","https:\/\/www.youtube.com\/channel\/UCIgYMJQ9r3uxEjC6kX_q7EQ","https:\/\/twitter.com\/aspirasplit"],"logo":{"@type":"ImageObject","@id":"https:\/\/www.aspira.hr\/#logo","inLanguage":"en-US","url":"https:\/\/www.aspira.hr\/wp-content\/uploads\/2018\/02\/Aspira-University-College-1.png","contentUrl":"https:\/\/www.aspira.hr\/wp-content\/uploads\/2018\/02\/Aspira-University-College-1.png","width":247,"height":60,"caption":"Aspira university college"},"image":{"@id":"https:\/\/www.aspira.hr\/#logo"}},{"@type":"WebSite","@id":"https:\/\/www.aspira.hr\/#website","url":"https:\/\/www.aspira.hr\/","name":"ASPIRA University College","description":"Obrazovanje vrhunskih menad\u017eera iz podru\u010dja sporta i turizma. Studijski programi Me\u0111unarodnog menad\u017ementa u hotelijerstvu i turizmu, te Sportskog menad\u017ementa.","publisher":{"@id":"https:\/\/www.aspira.hr\/#organization"},"potentialAction":[{"@type":"SearchAction","target":{"@type":"EntryPoint","urlTemplate":"https:\/\/www.aspira.hr\/?s={search_term_string}"},"query-input":"required name=search_term_string"}],"inLanguage":"en-US"},{"@type":"WebPage","@id":"https:\/\/www.aspira.hr\/en\/about-aspira\/projects\/hko-implementation-in-professional-study-of-computer-engineering\/#webpage","url":"https:\/\/www.aspira.hr\/en\/about-aspira\/projects\/hko-implementation-in-professional-study-of-computer-engineering\/","name":"HKO Implementation in Professional Study of Computer Engineering | ASPIRA University College","isPartOf":{"@id":"https:\/\/www.aspira.hr\/#website"},"datePublished":"2019-04-04T12:56:35+00:00","dateModified":"2022-10-11T06:58:53+00:00","breadcrumb":{"@id":"https:\/\/www.aspira.hr\/en\/about-aspira\/projects\/hko-implementation-in-professional-study-of-computer-engineering\/#breadcrumb"},"inLanguage":"en-US","potentialAction":[{"@type":"ReadAction","target":["https:\/\/www.aspira.hr\/en\/about-aspira\/projects\/hko-implementation-in-professional-study-of-computer-engineering\/"]}]},{"@type":"BreadcrumbList","@id":"https:\/\/www.aspira.hr\/en\/about-aspira\/projects\/hko-implementation-in-professional-study-of-computer-engineering\/#breadcrumb","itemListElement":[{"@type":"ListItem","position":1,"name":"Po\u010detna stranica","item":"https:\/\/www.aspira.hr\/en\/"},{"@type":"ListItem","position":2,"name":"About Aspira","item":"https:\/\/www.aspira.hr\/en\/about-aspira\/"},{"@type":"ListItem","position":3,"name":"Projects","item":"https:\/\/www.aspira.hr\/en\/about-aspira\/projects\/"},{"@type":"ListItem","position":4,"name":"HKO Implementation in Professional Study of Computer Engineering"}]}]}},"_links":{"self":[{"href":"https:\/\/www.aspira.hr\/en\/wp-json\/wp\/v2\/pages\/22666"}],"collection":[{"href":"https:\/\/www.aspira.hr\/en\/wp-json\/wp\/v2\/pages"}],"about":[{"href":"https:\/\/www.aspira.hr\/en\/wp-json\/wp\/v2\/types\/page"}],"author":[{"embeddable":true,"href":"https:\/\/www.aspira.hr\/en\/wp-json\/wp\/v2\/users\/1"}],"replies":[{"embeddable":true,"href":"https:\/\/www.aspira.hr\/en\/wp-json\/wp\/v2\/comments?post=22666"}],"version-history":[{"count":1,"href":"https:\/\/www.aspira.hr\/en\/wp-json\/wp\/v2\/pages\/22666\/revisions"}],"predecessor-version":[{"id":28908,"href":"https:\/\/www.aspira.hr\/en\/wp-json\/wp\/v2\/pages\/22666\/revisions\/28908"}],"up":[{"embeddable":true,"href":"https:\/\/www.aspira.hr\/en\/wp-json\/wp\/v2\/pages\/22641"}],"wp:attachment":[{"href":"https:\/\/www.aspira.hr\/en\/wp-json\/wp\/v2\/media?parent=22666"}],"curies":[{"name":"wp","href":"https:\/\/api.w.org\/{rel}","templated":true}]}}