{"id":22275,"date":"2018-08-28T17:58:35","date_gmt":"2018-08-28T15:58:35","guid":{"rendered":"https:\/\/www.aspira.hr\/erasmus\/odlazni-studenti\/"},"modified":"2023-07-10T09:39:09","modified_gmt":"2023-07-10T07:39:09","slug":"incoming-students","status":"publish","type":"page","link":"https:\/\/www.aspira.hr\/en\/erasmus\/incoming-students\/","title":{"rendered":"Incoming students"},"content":{"rendered":"<p>[vc_row][vc_column][vc_column_text]<\/p>\n<h2>Erasmus+ Students Nomination<\/h2>\n<p>Erasmus students first need to be nominated by their home universities to the Aspira Interna\u00adtional Relations Office via e-mail.<\/p>\n<p>Nomination needs to include student\u2019s full name, e-mail address, semester of planned mobility, study program \/ department and level of studies during the mobility period. The nomination\u00a0 e-mail should be sent by the Sending Institution Coordinator to our International Relations Coordinator\u00a0 <a href=\"mailto:maja.drvis@aspira.hr\">josip.radic@aspira.hr<\/a><\/p>\n<p>&nbsp;<\/p>\n<h2>Application and Selection<\/h2>\n<p>Erasmus+ students selected by their home universities to spend their Erasmus study period at Aspira need to prepare the following documents:<\/p>\n<p>1) <a href=\"https:\/\/www.aspira.hr\/wp-content\/uploads\/2022\/06\/Erasmus-Application-Form-for-Incoming-Students_1.doc\">Erasmus+ Application Form<\/a><\/p>\n<p>2) <a href=\"https:\/\/www.aspira.hr\/wp-content\/uploads\/2022\/06\/Erasmus-Learning-Agreement-for-Incoming-Students_1.docx\">Learning Agreement<\/a><\/p>\n<p>The list of available courses: <a href=\"https:\/\/www.aspira.hr\/wp-content\/uploads\/2023\/07\/Erasmus-Course-Catalogue-23-24.pdf\">Erasmus Courses WS 23-24 <\/a><\/p>\n<p>3) Copy of valid Passport \/ ID card<\/p>\n<p>4) Copy of European Health Card \/ travel insurance papers<\/p>\n<p>5) Certificate of Foreign Language Knowledge<\/p>\n<p>6) Passport photo (jpeg format)<\/p>\n<p>Completed Erasmus Student Application form, Learning Agreement need to be duly signed and stamped by home university. Once you have all the documents in place, a scanned copy of each need to be sent to the e-mail address: <a href=\"mailto:josip.radic@aspira.hr\">josip.radic@aspira.hr<\/a>[\/vc_column_text][\/vc_column][\/vc_row]<\/p>\n","protected":false},"excerpt":{"rendered":"<p>[vc_row][vc_column][vc_column_text] Erasmus+ Students Nomination Erasmus students first need to be nominated by their home universities to the Aspira Interna\u00adtional Relations Office via e-mail. Nomination needs to include student\u2019s full name, e-mail address, semester of planned mobility, study program \/ department and level of studies during the mobility period. The nomination\u00a0 e-mail should be sent by&hellip;<\/p>\n","protected":false},"author":1,"featured_media":0,"parent":22251,"menu_order":0,"comment_status":"closed","ping_status":"closed","template":"","meta":{"_monsterinsights_skip_tracking":false,"_monsterinsights_sitenote_active":false,"_monsterinsights_sitenote_note":"","_monsterinsights_sitenote_category":0},"yoast_head":"<!-- This site is optimized with the Yoast SEO plugin v18.0 - https:\/\/yoast.com\/wordpress\/plugins\/seo\/ -->\n<title>Incoming students | ASPIRA University College<\/title>\n<meta name=\"robots\" content=\"index, follow, max-snippet:-1, max-image-preview:large, max-video-preview:-1\" \/>\n<link rel=\"canonical\" href=\"https:\/\/www.aspira.hr\/en\/erasmus\/incoming-students\/\" \/>\n<meta property=\"og:locale\" content=\"en_US\" \/>\n<meta property=\"og:type\" content=\"article\" \/>\n<meta property=\"og:title\" content=\"Incoming students | ASPIRA University College\" \/>\n<meta property=\"og:description\" content=\"[vc_row][vc_column][vc_column_text] Erasmus+ Students Nomination Erasmus students first need to be nominated by their home universities to the Aspira Interna\u00adtional Relations Office via e-mail. Nomination needs to include student\u2019s full name, e-mail address, semester of planned mobility, study program \/ department and level of studies during the mobility period. The nomination\u00a0 e-mail should be sent by&hellip;\" \/>\n<meta property=\"og:url\" content=\"https:\/\/www.aspira.hr\/en\/erasmus\/incoming-students\/\" \/>\n<meta property=\"og:site_name\" content=\"ASPIRA University College\" \/>\n<meta property=\"article:publisher\" content=\"https:\/\/www.facebook.com\/Aspira.University.College\" \/>\n<meta property=\"article:modified_time\" content=\"2023-07-10T07:39:09+00:00\" \/>\n<meta name=\"twitter:card\" content=\"summary_large_image\" \/>\n<meta name=\"twitter:site\" content=\"@aspirasplit\" \/>\n<meta name=\"twitter:label1\" content=\"Est. reading time\" \/>\n\t<meta name=\"twitter:data1\" content=\"2 minutes\" \/>\n<script type=\"application\/ld+json\" class=\"yoast-schema-graph\">{\"@context\":\"https:\/\/schema.org\",\"@graph\":[{\"@type\":\"Organization\",\"@id\":\"https:\/\/www.aspira.hr\/#organization\",\"name\":\"Aspira university college\",\"url\":\"https:\/\/www.aspira.hr\/\",\"sameAs\":[\"https:\/\/www.facebook.com\/Aspira.University.College\",\"https:\/\/www.instagram.com\/aspira_university\/\",\"https:\/\/www.youtube.com\/channel\/UCIgYMJQ9r3uxEjC6kX_q7EQ\",\"https:\/\/twitter.com\/aspirasplit\"],\"logo\":{\"@type\":\"ImageObject\",\"@id\":\"https:\/\/www.aspira.hr\/#logo\",\"inLanguage\":\"en-US\",\"url\":\"https:\/\/www.aspira.hr\/wp-content\/uploads\/2018\/02\/Aspira-University-College-1.png\",\"contentUrl\":\"https:\/\/www.aspira.hr\/wp-content\/uploads\/2018\/02\/Aspira-University-College-1.png\",\"width\":247,\"height\":60,\"caption\":\"Aspira university college\"},\"image\":{\"@id\":\"https:\/\/www.aspira.hr\/#logo\"}},{\"@type\":\"WebSite\",\"@id\":\"https:\/\/www.aspira.hr\/#website\",\"url\":\"https:\/\/www.aspira.hr\/\",\"name\":\"ASPIRA University College\",\"description\":\"Obrazovanje vrhunskih menad\u017eera iz podru\u010dja sporta i turizma. Studijski programi Me\u0111unarodnog menad\u017ementa u hotelijerstvu i turizmu, te Sportskog menad\u017ementa.\",\"publisher\":{\"@id\":\"https:\/\/www.aspira.hr\/#organization\"},\"potentialAction\":[{\"@type\":\"SearchAction\",\"target\":{\"@type\":\"EntryPoint\",\"urlTemplate\":\"https:\/\/www.aspira.hr\/?s={search_term_string}\"},\"query-input\":\"required name=search_term_string\"}],\"inLanguage\":\"en-US\"},{\"@type\":\"WebPage\",\"@id\":\"https:\/\/www.aspira.hr\/en\/erasmus\/incoming-students\/#webpage\",\"url\":\"https:\/\/www.aspira.hr\/en\/erasmus\/incoming-students\/\",\"name\":\"Incoming students | ASPIRA University College\",\"isPartOf\":{\"@id\":\"https:\/\/www.aspira.hr\/#website\"},\"datePublished\":\"2018-08-28T15:58:35+00:00\",\"dateModified\":\"2023-07-10T07:39:09+00:00\",\"breadcrumb\":{\"@id\":\"https:\/\/www.aspira.hr\/en\/erasmus\/incoming-students\/#breadcrumb\"},\"inLanguage\":\"en-US\",\"potentialAction\":[{\"@type\":\"ReadAction\",\"target\":[\"https:\/\/www.aspira.hr\/en\/erasmus\/incoming-students\/\"]}]},{\"@type\":\"BreadcrumbList\",\"@id\":\"https:\/\/www.aspira.hr\/en\/erasmus\/incoming-students\/#breadcrumb\",\"itemListElement\":[{\"@type\":\"ListItem\",\"position\":1,\"name\":\"Po\u010detna stranica\",\"item\":\"https:\/\/www.aspira.hr\/en\/\"},{\"@type\":\"ListItem\",\"position\":2,\"name\":\"Erasmus+\",\"item\":\"https:\/\/www.aspira.hr\/en\/erasmus\/\"},{\"@type\":\"ListItem\",\"position\":3,\"name\":\"Incoming students\"}]}]}<\/script>\n<!-- \/ Yoast SEO plugin. -->","yoast_head_json":{"title":"Incoming students | ASPIRA University College","robots":{"index":"index","follow":"follow","max-snippet":"max-snippet:-1","max-image-preview":"max-image-preview:large","max-video-preview":"max-video-preview:-1"},"canonical":"https:\/\/www.aspira.hr\/en\/erasmus\/incoming-students\/","og_locale":"en_US","og_type":"article","og_title":"Incoming students | ASPIRA University College","og_description":"[vc_row][vc_column][vc_column_text] Erasmus+ Students Nomination Erasmus students first need to be nominated by their home universities to the Aspira Interna\u00adtional Relations Office via e-mail. Nomination needs to include student\u2019s full name, e-mail address, semester of planned mobility, study program \/ department and level of studies during the mobility period. The nomination\u00a0 e-mail should be sent by&hellip;","og_url":"https:\/\/www.aspira.hr\/en\/erasmus\/incoming-students\/","og_site_name":"ASPIRA University College","article_publisher":"https:\/\/www.facebook.com\/Aspira.University.College","article_modified_time":"2023-07-10T07:39:09+00:00","twitter_card":"summary_large_image","twitter_site":"@aspirasplit","twitter_misc":{"Est. reading time":"2 minutes"},"schema":{"@context":"https:\/\/schema.org","@graph":[{"@type":"Organization","@id":"https:\/\/www.aspira.hr\/#organization","name":"Aspira university college","url":"https:\/\/www.aspira.hr\/","sameAs":["https:\/\/www.facebook.com\/Aspira.University.College","https:\/\/www.instagram.com\/aspira_university\/","https:\/\/www.youtube.com\/channel\/UCIgYMJQ9r3uxEjC6kX_q7EQ","https:\/\/twitter.com\/aspirasplit"],"logo":{"@type":"ImageObject","@id":"https:\/\/www.aspira.hr\/#logo","inLanguage":"en-US","url":"https:\/\/www.aspira.hr\/wp-content\/uploads\/2018\/02\/Aspira-University-College-1.png","contentUrl":"https:\/\/www.aspira.hr\/wp-content\/uploads\/2018\/02\/Aspira-University-College-1.png","width":247,"height":60,"caption":"Aspira university college"},"image":{"@id":"https:\/\/www.aspira.hr\/#logo"}},{"@type":"WebSite","@id":"https:\/\/www.aspira.hr\/#website","url":"https:\/\/www.aspira.hr\/","name":"ASPIRA University College","description":"Obrazovanje vrhunskih menad\u017eera iz podru\u010dja sporta i turizma. Studijski programi Me\u0111unarodnog menad\u017ementa u hotelijerstvu i turizmu, te Sportskog menad\u017ementa.","publisher":{"@id":"https:\/\/www.aspira.hr\/#organization"},"potentialAction":[{"@type":"SearchAction","target":{"@type":"EntryPoint","urlTemplate":"https:\/\/www.aspira.hr\/?s={search_term_string}"},"query-input":"required name=search_term_string"}],"inLanguage":"en-US"},{"@type":"WebPage","@id":"https:\/\/www.aspira.hr\/en\/erasmus\/incoming-students\/#webpage","url":"https:\/\/www.aspira.hr\/en\/erasmus\/incoming-students\/","name":"Incoming students | ASPIRA University College","isPartOf":{"@id":"https:\/\/www.aspira.hr\/#website"},"datePublished":"2018-08-28T15:58:35+00:00","dateModified":"2023-07-10T07:39:09+00:00","breadcrumb":{"@id":"https:\/\/www.aspira.hr\/en\/erasmus\/incoming-students\/#breadcrumb"},"inLanguage":"en-US","potentialAction":[{"@type":"ReadAction","target":["https:\/\/www.aspira.hr\/en\/erasmus\/incoming-students\/"]}]},{"@type":"BreadcrumbList","@id":"https:\/\/www.aspira.hr\/en\/erasmus\/incoming-students\/#breadcrumb","itemListElement":[{"@type":"ListItem","position":1,"name":"Po\u010detna stranica","item":"https:\/\/www.aspira.hr\/en\/"},{"@type":"ListItem","position":2,"name":"Erasmus+","item":"https:\/\/www.aspira.hr\/en\/erasmus\/"},{"@type":"ListItem","position":3,"name":"Incoming students"}]}]}},"_links":{"self":[{"href":"https:\/\/www.aspira.hr\/en\/wp-json\/wp\/v2\/pages\/22275"}],"collection":[{"href":"https:\/\/www.aspira.hr\/en\/wp-json\/wp\/v2\/pages"}],"about":[{"href":"https:\/\/www.aspira.hr\/en\/wp-json\/wp\/v2\/types\/page"}],"author":[{"embeddable":true,"href":"https:\/\/www.aspira.hr\/en\/wp-json\/wp\/v2\/users\/1"}],"replies":[{"embeddable":true,"href":"https:\/\/www.aspira.hr\/en\/wp-json\/wp\/v2\/comments?post=22275"}],"version-history":[{"count":18,"href":"https:\/\/www.aspira.hr\/en\/wp-json\/wp\/v2\/pages\/22275\/revisions"}],"predecessor-version":[{"id":30811,"href":"https:\/\/www.aspira.hr\/en\/wp-json\/wp\/v2\/pages\/22275\/revisions\/30811"}],"up":[{"embeddable":true,"href":"https:\/\/www.aspira.hr\/en\/wp-json\/wp\/v2\/pages\/22251"}],"wp:attachment":[{"href":"https:\/\/www.aspira.hr\/en\/wp-json\/wp\/v2\/media?parent=22275"}],"curies":[{"name":"wp","href":"https:\/\/api.w.org\/{rel}","templated":true}]}}