{"id":22251,"date":"2018-08-28T17:29:54","date_gmt":"2018-08-28T15:29:54","guid":{"rendered":"https:\/\/www.aspira.hr\/erasmus\/"},"modified":"2024-09-06T10:33:57","modified_gmt":"2024-09-06T08:33:57","slug":"erasmus","status":"publish","type":"page","link":"https:\/\/www.aspira.hr\/en\/erasmus\/","title":{"rendered":"Erasmus+"},"content":{"rendered":"<p>[vc_row][vc_column width=&#8221;2\/3&#8243;][vc_column_text]<\/p>\n<h2>About ERASMUS+ program<\/h2>\n<p>Aspira has been awarded <strong>\u201e<a href=\"https:\/\/www.aspira.hr\/wp-content\/uploads\/2022\/06\/Erasmus-Charter-2021-2027.pdf\">Erasmus University Charter<\/a>\u201c<\/strong> (264404-IC-1-2013-1-HR-ERASMUS-EUCX-1; HR SPLIT02) and therefore participating in Erasmus+ Mobility programs since 2013. We cooperate with international institutions of higher education in terms of the exchange of lecturers, life-long learning, improving study programs, and scientific research, as well as symposiums, and publishing. We have established close cooperation with over 80 partner educational institutions across Europe.<\/p>\n<p>Erasmus+ mobility programs allow students to apply for up to 12 months study and internship periods at Aspira partner universities with financial support of up to 550 EUR per month from EU funds.\u00a0 Our Erasmus+ partner universities are located in the following countries:[\/vc_column_text][\/vc_column][vc_column width=&#8221;1\/3&#8243; css=&#8221;.vc_custom_1551518959078{margin-top: 50px !important;}&#8221;][vc_single_image image=&#8221;28343&#8243; img_size=&#8221;full&#8221; alignment=&#8221;center&#8221;][\/vc_column][\/vc_row][vc_row][vc_column width=&#8221;1\/2&#8243;][vc_column_text]<\/p>\n<ul>\n<li>France<\/li>\n<li>Italy<\/li>\n<li>Portugal<\/li>\n<li>Germany<\/li>\n<li>Austria<\/li>\n<li>Poland<\/li>\n<li>Lithuania<\/li>\n<li>Hungary<\/li>\n<li>Czech Republic<\/li>\n<li>Slovakia<\/li>\n<li>Romania<\/li>\n<li>Macedonia<\/li>\n<li>Slovenia<\/li>\n<li>Turkey<\/li>\n<\/ul>\n<p><a href=\"https:\/\/www.aspira.hr\/wp-content\/uploads\/2022\/06\/List-of-partner-Universities-WEB1.pdf\">List of partner Universities<\/a>[\/vc_column_text][\/vc_column][vc_column width=&#8221;1\/2&#8243;][vc_single_image image=&#8221;28345&#8243; img_size=&#8221;large&#8221; alignment=&#8221;center&#8221;][\/vc_column][\/vc_row][vc_row][vc_column width=&#8221;1\/4&#8243;]<div class=\"ult-new-ib ult-ib-effect-style10  ult-ib-resp  \" data-min-width=\"768\" data-max-width=\"900\" style=\"background:#000000;\" data-opacity=\"0.4\" data-hover-opacity=\"0.6\" ><img class=\"ult-new-ib-img\" style=\"opacity:0.4;\" alt=\"null\" src=\"https:\/\/www.aspira.hr\/wp-content\/uploads\/2018\/08\/Odlazni-studenti.jpg\"   \/><div id=\"interactive-banner-wrap-1355\" class=\"ult-new-ib-desc\" style=\"\"><h2 class=\"ult-new-ib-title ult-responsive\"  data-ultimate-target='#interactive-banner-wrap-1355 .ult-new-ib-title'  data-responsive-json-new='{\"font-size\":\"desktop:16px;\",\"line-height\":\"\"}'  style=\"font-weight:normal;color:#ffffff;\">Incoming students<\/h2><\/div><a class=\"ult-new-ib-link\" href=\"https:\/\/www.aspira.hr\/en\/erasmus\/incoming-students\/\"  ><\/a><\/div><script type=\"text\/javascript\">\n\t\t\t(function($){\n\t\t\t\t$(document).ready(function(){\n\t\t\t\t\t$(\".ult-new-ib\").css(\"opacity\",\"1\");\n\t\t\t\t});\n\t\t\t})(jQuery);\n\t\t\t<\/script>[\/vc_column][vc_column width=&#8221;1\/4&#8243;]<div class=\"ult-new-ib ult-ib-effect-style10  ult-ib-resp  \" data-min-width=\"768\" data-max-width=\"900\" style=\"background:#000000;\" data-opacity=\"0.4\" data-hover-opacity=\"0.6\" ><img class=\"ult-new-ib-img\" style=\"opacity:0.4;\" alt=\"null\" src=\"https:\/\/www.aspira.hr\/wp-content\/uploads\/2018\/08\/mobilnost.jpg\"   \/><div id=\"interactive-banner-wrap-4764\" class=\"ult-new-ib-desc\" style=\"\"><h2 class=\"ult-new-ib-title ult-responsive\"  data-ultimate-target='#interactive-banner-wrap-4764 .ult-new-ib-title'  data-responsive-json-new='{\"font-size\":\"desktop:16px;\",\"line-height\":\"\"}'  style=\"font-weight:normal;color:#ffffff;\">Incoming staff<\/h2><\/div><a class=\"ult-new-ib-link\" href=\"https:\/\/www.aspira.hr\/en\/erasmus\/incoming-staff\/\"  ><\/a><\/div><script type=\"text\/javascript\">\n\t\t\t(function($){\n\t\t\t\t$(document).ready(function(){\n\t\t\t\t\t$(\".ult-new-ib\").css(\"opacity\",\"1\");\n\t\t\t\t});\n\t\t\t})(jQuery);\n\t\t\t<\/script>[\/vc_column][vc_column width=&#8221;1\/4&#8243;]<div class=\"ult-new-ib ult-ib-effect-style10  ult-ib-resp  \" data-min-width=\"768\" data-max-width=\"900\" style=\"background:#000000;\" data-opacity=\"0.4\" data-hover-opacity=\"0.6\" ><img class=\"ult-new-ib-img\" style=\"opacity:0.4;\" alt=\"info oznaka\" src=\"https:\/\/www.aspira.hr\/wp-content\/uploads\/2018\/08\/info.jpg\"   \/><div id=\"interactive-banner-wrap-4094\" class=\"ult-new-ib-desc\" style=\"\"><h2 class=\"ult-new-ib-title ult-responsive\"  data-ultimate-target='#interactive-banner-wrap-4094 .ult-new-ib-title'  data-responsive-json-new='{\"font-size\":\"desktop:13px;\",\"line-height\":\"\"}'  style=\"font-weight:normal;color:#ffffff;\">Course Catalogue and Guide for International Students<\/h2><\/div><a class=\"ult-new-ib-link\" href=\"https:\/\/www.aspira.hr\/wp-content\/uploads\/2022\/06\/International-Student-Guide.pdf\"  ><\/a><\/div><script type=\"text\/javascript\">\n\t\t\t(function($){\n\t\t\t\t$(document).ready(function(){\n\t\t\t\t\t$(\".ult-new-ib\").css(\"opacity\",\"1\");\n\t\t\t\t});\n\t\t\t})(jQuery);\n\t\t\t<\/script>[\/vc_column][vc_column width=&#8221;1\/4&#8243;]<div class=\"ult-new-ib ult-ib-effect-style10  ult-ib-resp  \" data-min-width=\"768\" data-max-width=\"900\" style=\"background:#000000;\" data-opacity=\"0.4\" data-hover-opacity=\"0.6\" ><img class=\"ult-new-ib-img\" style=\"opacity:0.4;\" alt=\"Pravilnik Aspire\" src=\"https:\/\/www.aspira.hr\/wp-content\/uploads\/2018\/04\/Aspira-pravilnik.jpg\"   \/><div id=\"interactive-banner-wrap-1196\" class=\"ult-new-ib-desc\" style=\"\"><h2 class=\"ult-new-ib-title ult-responsive\"  data-ultimate-target='#interactive-banner-wrap-1196 .ult-new-ib-title'  data-responsive-json-new='{\"font-size\":\"desktop:16px;\",\"line-height\":\"\"}'  style=\"font-weight:normal;color:#ffffff;\">Erasmus Charter and Policy Statement<\/h2><\/div><a class=\"ult-new-ib-link\" href=\"https:\/\/www.aspira.hr\/en\/erasmus-policy-statement\/\"  ><\/a><\/div><script type=\"text\/javascript\">\n\t\t\t(function($){\n\t\t\t\t$(document).ready(function(){\n\t\t\t\t\t$(\".ult-new-ib\").css(\"opacity\",\"1\");\n\t\t\t\t});\n\t\t\t})(jQuery);\n\t\t\t<\/script>[\/vc_column][\/vc_row][vc_row][vc_column width=&#8221;1\/2&#8243;][vc_column_text]<\/p>\n<h3>Useful links<\/h3>\n<p><a href=\"http:\/\/www.mobilnost.hr\/\">Agencija za mobilnost i programe EU<\/a><br \/>\n<a href=\"http:\/\/ec.europa.eu\/programmes\/erasmus-plus\/about_en\">The European Commission<\/a><br \/>\n<a href=\"https:\/\/esn.org\/\">ESN International Exchange Erasmus Student Network <\/a><br \/>\n<a href=\"https:\/\/esnsplit.com\/\">ESN Split<\/a><br \/>\n<a href=\"https:\/\/www.justlanded.com\/\">JUST Landed<\/a><\/p>\n<p><strong>Internship<\/strong><\/p>\n<p><a href=\"https:\/\/erasmusintern.org\/\">Erasmus Intern<\/a><br \/>\n<a href=\"http:\/\/leo-net.org\/\">LEO-NET<\/a><br \/>\n<a href=\"http:\/\/globalplacement.com\/\">Globalplacement<\/a><br \/>\n<a href=\"http:\/\/www.praxisnetwork.eu\/\">Portal Praxis<\/a>[\/vc_column_text][\/vc_column][vc_column width=&#8221;1\/2&#8243;][vc_column_text]<\/p>\n<h2>International Relations Department<\/h2>\n<p><strong>Josip Radi\u0107<\/strong> \u2013 Head of International Relations Office<\/p>\n<p><a href=\"mailto:maja.drvis@aspira.hr\">josip.radic@aspira.hr<\/a><\/p>\n<p>Phone: +385(0)21 817 002<\/p>\n<p>Office hours: Mon-Fri 09:00-15:00[\/vc_column_text][\/vc_column][\/vc_row]<\/p>\n","protected":false},"excerpt":{"rendered":"<p>[vc_row][vc_column width=&#8221;2\/3&#8243;][vc_column_text] About ERASMUS+ program Aspira has been awarded \u201eErasmus University Charter\u201c (264404-IC-1-2013-1-HR-ERASMUS-EUCX-1; HR SPLIT02) and therefore participating in Erasmus+ Mobility programs since 2013. We cooperate with international institutions of higher education in terms of the exchange of lecturers, life-long learning, improving study programs, and scientific research, as well as symposiums, and publishing. We have&hellip;<\/p>\n","protected":false},"author":1,"featured_media":0,"parent":0,"menu_order":0,"comment_status":"closed","ping_status":"closed","template":"","meta":{"_monsterinsights_skip_tracking":false,"_monsterinsights_sitenote_active":false,"_monsterinsights_sitenote_note":"","_monsterinsights_sitenote_category":0},"yoast_head":"<!-- This site is optimized with the Yoast SEO plugin v18.0 - https:\/\/yoast.com\/wordpress\/plugins\/seo\/ -->\n<title>Erasmus+ | ASPIRA University College<\/title>\n<meta name=\"description\" content=\"Erasmus programi mobilnosti omogu\u0107avaju studentima da dio studijskih obaveza studija umjesto na mati\u010dnoj ustanovi izvr\u0161e na ustanovi u inozemstvu.\" \/>\n<meta name=\"robots\" content=\"index, follow, max-snippet:-1, max-image-preview:large, max-video-preview:-1\" \/>\n<link rel=\"canonical\" href=\"https:\/\/www.aspira.hr\/en\/erasmus\/\" \/>\n<meta property=\"og:locale\" content=\"en_US\" \/>\n<meta property=\"og:type\" content=\"article\" \/>\n<meta property=\"og:title\" content=\"Erasmus+ | ASPIRA University College\" \/>\n<meta property=\"og:description\" content=\"Erasmus programi mobilnosti omogu\u0107avaju studentima da dio studijskih obaveza studija umjesto na mati\u010dnoj ustanovi izvr\u0161e na ustanovi u inozemstvu.\" \/>\n<meta property=\"og:url\" content=\"https:\/\/www.aspira.hr\/en\/erasmus\/\" \/>\n<meta property=\"og:site_name\" content=\"ASPIRA University College\" \/>\n<meta property=\"article:publisher\" content=\"https:\/\/www.facebook.com\/Aspira.University.College\" \/>\n<meta property=\"article:modified_time\" content=\"2024-09-06T08:33:57+00:00\" \/>\n<meta name=\"twitter:card\" content=\"summary_large_image\" \/>\n<meta name=\"twitter:site\" content=\"@aspirasplit\" \/>\n<meta name=\"twitter:label1\" content=\"Est. reading time\" \/>\n\t<meta name=\"twitter:data1\" content=\"2 minutes\" \/>\n<script type=\"application\/ld+json\" class=\"yoast-schema-graph\">{\"@context\":\"https:\/\/schema.org\",\"@graph\":[{\"@type\":\"Organization\",\"@id\":\"https:\/\/www.aspira.hr\/#organization\",\"name\":\"Aspira university college\",\"url\":\"https:\/\/www.aspira.hr\/\",\"sameAs\":[\"https:\/\/www.facebook.com\/Aspira.University.College\",\"https:\/\/www.instagram.com\/aspira_university\/\",\"https:\/\/www.youtube.com\/channel\/UCIgYMJQ9r3uxEjC6kX_q7EQ\",\"https:\/\/twitter.com\/aspirasplit\"],\"logo\":{\"@type\":\"ImageObject\",\"@id\":\"https:\/\/www.aspira.hr\/#logo\",\"inLanguage\":\"en-US\",\"url\":\"https:\/\/www.aspira.hr\/wp-content\/uploads\/2018\/02\/Aspira-University-College-1.png\",\"contentUrl\":\"https:\/\/www.aspira.hr\/wp-content\/uploads\/2018\/02\/Aspira-University-College-1.png\",\"width\":247,\"height\":60,\"caption\":\"Aspira university college\"},\"image\":{\"@id\":\"https:\/\/www.aspira.hr\/#logo\"}},{\"@type\":\"WebSite\",\"@id\":\"https:\/\/www.aspira.hr\/#website\",\"url\":\"https:\/\/www.aspira.hr\/\",\"name\":\"ASPIRA University College\",\"description\":\"Obrazovanje vrhunskih menad\u017eera iz podru\u010dja sporta i turizma. Studijski programi Me\u0111unarodnog menad\u017ementa u hotelijerstvu i turizmu, te Sportskog menad\u017ementa.\",\"publisher\":{\"@id\":\"https:\/\/www.aspira.hr\/#organization\"},\"potentialAction\":[{\"@type\":\"SearchAction\",\"target\":{\"@type\":\"EntryPoint\",\"urlTemplate\":\"https:\/\/www.aspira.hr\/?s={search_term_string}\"},\"query-input\":\"required name=search_term_string\"}],\"inLanguage\":\"en-US\"},{\"@type\":\"WebPage\",\"@id\":\"https:\/\/www.aspira.hr\/en\/erasmus\/#webpage\",\"url\":\"https:\/\/www.aspira.hr\/en\/erasmus\/\",\"name\":\"Erasmus+ | ASPIRA University College\",\"isPartOf\":{\"@id\":\"https:\/\/www.aspira.hr\/#website\"},\"datePublished\":\"2018-08-28T15:29:54+00:00\",\"dateModified\":\"2024-09-06T08:33:57+00:00\",\"description\":\"Erasmus programi mobilnosti omogu\u0107avaju studentima da dio studijskih obaveza studija umjesto na mati\u010dnoj ustanovi izvr\u0161e na ustanovi u inozemstvu.\",\"breadcrumb\":{\"@id\":\"https:\/\/www.aspira.hr\/en\/erasmus\/#breadcrumb\"},\"inLanguage\":\"en-US\",\"potentialAction\":[{\"@type\":\"ReadAction\",\"target\":[\"https:\/\/www.aspira.hr\/en\/erasmus\/\"]}]},{\"@type\":\"BreadcrumbList\",\"@id\":\"https:\/\/www.aspira.hr\/en\/erasmus\/#breadcrumb\",\"itemListElement\":[{\"@type\":\"ListItem\",\"position\":1,\"name\":\"Po\u010detna stranica\",\"item\":\"https:\/\/www.aspira.hr\/en\/\"},{\"@type\":\"ListItem\",\"position\":2,\"name\":\"Erasmus+\"}]}]}<\/script>\n<!-- \/ Yoast SEO plugin. -->","yoast_head_json":{"title":"Erasmus+ | ASPIRA University College","description":"Erasmus programi mobilnosti omogu\u0107avaju studentima da dio studijskih obaveza studija umjesto na mati\u010dnoj ustanovi izvr\u0161e na ustanovi u inozemstvu.","robots":{"index":"index","follow":"follow","max-snippet":"max-snippet:-1","max-image-preview":"max-image-preview:large","max-video-preview":"max-video-preview:-1"},"canonical":"https:\/\/www.aspira.hr\/en\/erasmus\/","og_locale":"en_US","og_type":"article","og_title":"Erasmus+ | ASPIRA University College","og_description":"Erasmus programi mobilnosti omogu\u0107avaju studentima da dio studijskih obaveza studija umjesto na mati\u010dnoj ustanovi izvr\u0161e na ustanovi u inozemstvu.","og_url":"https:\/\/www.aspira.hr\/en\/erasmus\/","og_site_name":"ASPIRA University College","article_publisher":"https:\/\/www.facebook.com\/Aspira.University.College","article_modified_time":"2024-09-06T08:33:57+00:00","twitter_card":"summary_large_image","twitter_site":"@aspirasplit","twitter_misc":{"Est. reading time":"2 minutes"},"schema":{"@context":"https:\/\/schema.org","@graph":[{"@type":"Organization","@id":"https:\/\/www.aspira.hr\/#organization","name":"Aspira university college","url":"https:\/\/www.aspira.hr\/","sameAs":["https:\/\/www.facebook.com\/Aspira.University.College","https:\/\/www.instagram.com\/aspira_university\/","https:\/\/www.youtube.com\/channel\/UCIgYMJQ9r3uxEjC6kX_q7EQ","https:\/\/twitter.com\/aspirasplit"],"logo":{"@type":"ImageObject","@id":"https:\/\/www.aspira.hr\/#logo","inLanguage":"en-US","url":"https:\/\/www.aspira.hr\/wp-content\/uploads\/2018\/02\/Aspira-University-College-1.png","contentUrl":"https:\/\/www.aspira.hr\/wp-content\/uploads\/2018\/02\/Aspira-University-College-1.png","width":247,"height":60,"caption":"Aspira university college"},"image":{"@id":"https:\/\/www.aspira.hr\/#logo"}},{"@type":"WebSite","@id":"https:\/\/www.aspira.hr\/#website","url":"https:\/\/www.aspira.hr\/","name":"ASPIRA University College","description":"Obrazovanje vrhunskih menad\u017eera iz podru\u010dja sporta i turizma. Studijski programi Me\u0111unarodnog menad\u017ementa u hotelijerstvu i turizmu, te Sportskog menad\u017ementa.","publisher":{"@id":"https:\/\/www.aspira.hr\/#organization"},"potentialAction":[{"@type":"SearchAction","target":{"@type":"EntryPoint","urlTemplate":"https:\/\/www.aspira.hr\/?s={search_term_string}"},"query-input":"required name=search_term_string"}],"inLanguage":"en-US"},{"@type":"WebPage","@id":"https:\/\/www.aspira.hr\/en\/erasmus\/#webpage","url":"https:\/\/www.aspira.hr\/en\/erasmus\/","name":"Erasmus+ | ASPIRA University College","isPartOf":{"@id":"https:\/\/www.aspira.hr\/#website"},"datePublished":"2018-08-28T15:29:54+00:00","dateModified":"2024-09-06T08:33:57+00:00","description":"Erasmus programi mobilnosti omogu\u0107avaju studentima da dio studijskih obaveza studija umjesto na mati\u010dnoj ustanovi izvr\u0161e na ustanovi u inozemstvu.","breadcrumb":{"@id":"https:\/\/www.aspira.hr\/en\/erasmus\/#breadcrumb"},"inLanguage":"en-US","potentialAction":[{"@type":"ReadAction","target":["https:\/\/www.aspira.hr\/en\/erasmus\/"]}]},{"@type":"BreadcrumbList","@id":"https:\/\/www.aspira.hr\/en\/erasmus\/#breadcrumb","itemListElement":[{"@type":"ListItem","position":1,"name":"Po\u010detna stranica","item":"https:\/\/www.aspira.hr\/en\/"},{"@type":"ListItem","position":2,"name":"Erasmus+"}]}]}},"_links":{"self":[{"href":"https:\/\/www.aspira.hr\/en\/wp-json\/wp\/v2\/pages\/22251"}],"collection":[{"href":"https:\/\/www.aspira.hr\/en\/wp-json\/wp\/v2\/pages"}],"about":[{"href":"https:\/\/www.aspira.hr\/en\/wp-json\/wp\/v2\/types\/page"}],"author":[{"embeddable":true,"href":"https:\/\/www.aspira.hr\/en\/wp-json\/wp\/v2\/users\/1"}],"replies":[{"embeddable":true,"href":"https:\/\/www.aspira.hr\/en\/wp-json\/wp\/v2\/comments?post=22251"}],"version-history":[{"count":15,"href":"https:\/\/www.aspira.hr\/en\/wp-json\/wp\/v2\/pages\/22251\/revisions"}],"predecessor-version":[{"id":34898,"href":"https:\/\/www.aspira.hr\/en\/wp-json\/wp\/v2\/pages\/22251\/revisions\/34898"}],"wp:attachment":[{"href":"https:\/\/www.aspira.hr\/en\/wp-json\/wp\/v2\/media?parent=22251"}],"curies":[{"name":"wp","href":"https:\/\/api.w.org\/{rel}","templated":true}]}}