{"id":21124,"date":"2018-06-17T23:57:14","date_gmt":"2018-06-17T21:57:14","guid":{"rendered":"https:\/\/www.aspira.hr\/study-programs\/master-of-sports-management\/studiranje-uz-rad\/"},"modified":"2022-10-18T16:17:48","modified_gmt":"2022-10-18T14:17:48","slug":"studying-while-working","status":"publish","type":"page","link":"https:\/\/www.aspira.hr\/en\/study-programs\/master-of-sports-management\/studying-while-working\/","title":{"rendered":"Studying while working"},"content":{"rendered":"<p>[vc_row][vc_column][vc_column_text]Studying while working is adapted to employees and active athletes who are unable to attend lectures during their working week due to their professional responsibilities. Following this, classes are performed in turnovers on Fridays afternoon and Saturdays.<\/p>\n<p>Part-time study program has been started so that students can have extra exam terms and individual counselling with mentoring. Teaching materials are available on the web site via the distance-learning program Merlin that provides a very good way to follow the class as well as to interact with professors.<\/p>\n<p>In order for the part-time students to learn the lessons easily, at the beginning of each academic year, they are given a student mentor, i.e. a regular student who is available for all information related to teaching and study program. Also, students can contact the head of the department for any further information regarding the studies and exams.[\/vc_column_text][\/vc_column][\/vc_row]<\/p>\n","protected":false},"excerpt":{"rendered":"<p>[vc_row][vc_column][vc_column_text]Studying while working is adapted to employees and active athletes who are unable to attend lectures during their working week due to their professional responsibilities. Following this, classes are performed in turnovers on Fridays afternoon and Saturdays. Part-time study program has been started so that students can have extra exam terms and individual counselling with&hellip;<\/p>\n","protected":false},"author":1,"featured_media":0,"parent":20467,"menu_order":0,"comment_status":"closed","ping_status":"closed","template":"","meta":{"_monsterinsights_skip_tracking":false,"_monsterinsights_sitenote_active":false,"_monsterinsights_sitenote_note":"","_monsterinsights_sitenote_category":0},"yoast_head":"<!-- This site is optimized with the Yoast SEO plugin v18.0 - https:\/\/yoast.com\/wordpress\/plugins\/seo\/ -->\n<title>Studying while working | ASPIRA University College<\/title>\n<meta name=\"description\" content=\"Studiranje uz rad prilago\u0111eno je zaposlenim osobama te aktivnim sporta\u0161ima koji zbog svojih profesionalnih obveza nisu u mogu\u0107nosti poha\u0111ati predavanja tijekom radnog tjedna.\" \/>\n<meta name=\"robots\" content=\"index, follow, max-snippet:-1, max-image-preview:large, max-video-preview:-1\" \/>\n<link rel=\"canonical\" href=\"https:\/\/www.aspira.hr\/en\/study-programs\/master-of-sports-management\/studying-while-working\/\" \/>\n<meta property=\"og:locale\" content=\"en_US\" \/>\n<meta property=\"og:type\" content=\"article\" \/>\n<meta property=\"og:title\" content=\"Studying while working | ASPIRA University College\" \/>\n<meta property=\"og:description\" content=\"Studiranje uz rad prilago\u0111eno je zaposlenim osobama te aktivnim sporta\u0161ima koji zbog svojih profesionalnih obveza nisu u mogu\u0107nosti poha\u0111ati predavanja tijekom radnog tjedna.\" \/>\n<meta property=\"og:url\" content=\"https:\/\/www.aspira.hr\/en\/study-programs\/master-of-sports-management\/studying-while-working\/\" \/>\n<meta property=\"og:site_name\" content=\"ASPIRA University College\" \/>\n<meta property=\"article:publisher\" content=\"https:\/\/www.facebook.com\/Aspira.University.College\" \/>\n<meta property=\"article:modified_time\" content=\"2022-10-18T14:17:48+00:00\" \/>\n<meta name=\"twitter:card\" content=\"summary_large_image\" \/>\n<meta name=\"twitter:site\" content=\"@aspirasplit\" \/>\n<meta name=\"twitter:label1\" content=\"Est. reading time\" \/>\n\t<meta name=\"twitter:data1\" content=\"1 minute\" \/>\n<script type=\"application\/ld+json\" class=\"yoast-schema-graph\">{\"@context\":\"https:\/\/schema.org\",\"@graph\":[{\"@type\":\"Organization\",\"@id\":\"https:\/\/www.aspira.hr\/#organization\",\"name\":\"Aspira university college\",\"url\":\"https:\/\/www.aspira.hr\/\",\"sameAs\":[\"https:\/\/www.facebook.com\/Aspira.University.College\",\"https:\/\/www.instagram.com\/aspira_university\/\",\"https:\/\/www.youtube.com\/channel\/UCIgYMJQ9r3uxEjC6kX_q7EQ\",\"https:\/\/twitter.com\/aspirasplit\"],\"logo\":{\"@type\":\"ImageObject\",\"@id\":\"https:\/\/www.aspira.hr\/#logo\",\"inLanguage\":\"en-US\",\"url\":\"https:\/\/www.aspira.hr\/wp-content\/uploads\/2018\/02\/Aspira-University-College-1.png\",\"contentUrl\":\"https:\/\/www.aspira.hr\/wp-content\/uploads\/2018\/02\/Aspira-University-College-1.png\",\"width\":247,\"height\":60,\"caption\":\"Aspira university college\"},\"image\":{\"@id\":\"https:\/\/www.aspira.hr\/#logo\"}},{\"@type\":\"WebSite\",\"@id\":\"https:\/\/www.aspira.hr\/#website\",\"url\":\"https:\/\/www.aspira.hr\/\",\"name\":\"ASPIRA University College\",\"description\":\"Obrazovanje vrhunskih menad\u017eera iz podru\u010dja sporta i turizma. Studijski programi Me\u0111unarodnog menad\u017ementa u hotelijerstvu i turizmu, te Sportskog menad\u017ementa.\",\"publisher\":{\"@id\":\"https:\/\/www.aspira.hr\/#organization\"},\"potentialAction\":[{\"@type\":\"SearchAction\",\"target\":{\"@type\":\"EntryPoint\",\"urlTemplate\":\"https:\/\/www.aspira.hr\/?s={search_term_string}\"},\"query-input\":\"required name=search_term_string\"}],\"inLanguage\":\"en-US\"},{\"@type\":\"WebPage\",\"@id\":\"https:\/\/www.aspira.hr\/en\/study-programs\/master-of-sports-management\/studying-while-working\/#webpage\",\"url\":\"https:\/\/www.aspira.hr\/en\/study-programs\/master-of-sports-management\/studying-while-working\/\",\"name\":\"Studying while working | ASPIRA University College\",\"isPartOf\":{\"@id\":\"https:\/\/www.aspira.hr\/#website\"},\"datePublished\":\"2018-06-17T21:57:14+00:00\",\"dateModified\":\"2022-10-18T14:17:48+00:00\",\"description\":\"Studiranje uz rad prilago\u0111eno je zaposlenim osobama te aktivnim sporta\u0161ima koji zbog svojih profesionalnih obveza nisu u mogu\u0107nosti poha\u0111ati predavanja tijekom radnog tjedna.\",\"breadcrumb\":{\"@id\":\"https:\/\/www.aspira.hr\/en\/study-programs\/master-of-sports-management\/studying-while-working\/#breadcrumb\"},\"inLanguage\":\"en-US\",\"potentialAction\":[{\"@type\":\"ReadAction\",\"target\":[\"https:\/\/www.aspira.hr\/en\/study-programs\/master-of-sports-management\/studying-while-working\/\"]}]},{\"@type\":\"BreadcrumbList\",\"@id\":\"https:\/\/www.aspira.hr\/en\/study-programs\/master-of-sports-management\/studying-while-working\/#breadcrumb\",\"itemListElement\":[{\"@type\":\"ListItem\",\"position\":1,\"name\":\"Po\u010detna stranica\",\"item\":\"https:\/\/www.aspira.hr\/en\/\"},{\"@type\":\"ListItem\",\"position\":2,\"name\":\"Study programs\",\"item\":\"https:\/\/www.aspira.hr\/en\/study-programs\/\"},{\"@type\":\"ListItem\",\"position\":3,\"name\":\"Graduate study in Sports Management\",\"item\":\"https:\/\/www.aspira.hr\/en\/study-programs\/master-of-sports-management\/\"},{\"@type\":\"ListItem\",\"position\":4,\"name\":\"Studying while working\"}]}]}<\/script>\n<!-- \/ Yoast SEO plugin. -->","yoast_head_json":{"title":"Studying while working | ASPIRA University College","description":"Studiranje uz rad prilago\u0111eno je zaposlenim osobama te aktivnim sporta\u0161ima koji zbog svojih profesionalnih obveza nisu u mogu\u0107nosti poha\u0111ati predavanja tijekom radnog tjedna.","robots":{"index":"index","follow":"follow","max-snippet":"max-snippet:-1","max-image-preview":"max-image-preview:large","max-video-preview":"max-video-preview:-1"},"canonical":"https:\/\/www.aspira.hr\/en\/study-programs\/master-of-sports-management\/studying-while-working\/","og_locale":"en_US","og_type":"article","og_title":"Studying while working | ASPIRA University College","og_description":"Studiranje uz rad prilago\u0111eno je zaposlenim osobama te aktivnim sporta\u0161ima koji zbog svojih profesionalnih obveza nisu u mogu\u0107nosti poha\u0111ati predavanja tijekom radnog tjedna.","og_url":"https:\/\/www.aspira.hr\/en\/study-programs\/master-of-sports-management\/studying-while-working\/","og_site_name":"ASPIRA University College","article_publisher":"https:\/\/www.facebook.com\/Aspira.University.College","article_modified_time":"2022-10-18T14:17:48+00:00","twitter_card":"summary_large_image","twitter_site":"@aspirasplit","twitter_misc":{"Est. reading time":"1 minute"},"schema":{"@context":"https:\/\/schema.org","@graph":[{"@type":"Organization","@id":"https:\/\/www.aspira.hr\/#organization","name":"Aspira university college","url":"https:\/\/www.aspira.hr\/","sameAs":["https:\/\/www.facebook.com\/Aspira.University.College","https:\/\/www.instagram.com\/aspira_university\/","https:\/\/www.youtube.com\/channel\/UCIgYMJQ9r3uxEjC6kX_q7EQ","https:\/\/twitter.com\/aspirasplit"],"logo":{"@type":"ImageObject","@id":"https:\/\/www.aspira.hr\/#logo","inLanguage":"en-US","url":"https:\/\/www.aspira.hr\/wp-content\/uploads\/2018\/02\/Aspira-University-College-1.png","contentUrl":"https:\/\/www.aspira.hr\/wp-content\/uploads\/2018\/02\/Aspira-University-College-1.png","width":247,"height":60,"caption":"Aspira university college"},"image":{"@id":"https:\/\/www.aspira.hr\/#logo"}},{"@type":"WebSite","@id":"https:\/\/www.aspira.hr\/#website","url":"https:\/\/www.aspira.hr\/","name":"ASPIRA University College","description":"Obrazovanje vrhunskih menad\u017eera iz podru\u010dja sporta i turizma. Studijski programi Me\u0111unarodnog menad\u017ementa u hotelijerstvu i turizmu, te Sportskog menad\u017ementa.","publisher":{"@id":"https:\/\/www.aspira.hr\/#organization"},"potentialAction":[{"@type":"SearchAction","target":{"@type":"EntryPoint","urlTemplate":"https:\/\/www.aspira.hr\/?s={search_term_string}"},"query-input":"required name=search_term_string"}],"inLanguage":"en-US"},{"@type":"WebPage","@id":"https:\/\/www.aspira.hr\/en\/study-programs\/master-of-sports-management\/studying-while-working\/#webpage","url":"https:\/\/www.aspira.hr\/en\/study-programs\/master-of-sports-management\/studying-while-working\/","name":"Studying while working | ASPIRA University College","isPartOf":{"@id":"https:\/\/www.aspira.hr\/#website"},"datePublished":"2018-06-17T21:57:14+00:00","dateModified":"2022-10-18T14:17:48+00:00","description":"Studiranje uz rad prilago\u0111eno je zaposlenim osobama te aktivnim sporta\u0161ima koji zbog svojih profesionalnih obveza nisu u mogu\u0107nosti poha\u0111ati predavanja tijekom radnog tjedna.","breadcrumb":{"@id":"https:\/\/www.aspira.hr\/en\/study-programs\/master-of-sports-management\/studying-while-working\/#breadcrumb"},"inLanguage":"en-US","potentialAction":[{"@type":"ReadAction","target":["https:\/\/www.aspira.hr\/en\/study-programs\/master-of-sports-management\/studying-while-working\/"]}]},{"@type":"BreadcrumbList","@id":"https:\/\/www.aspira.hr\/en\/study-programs\/master-of-sports-management\/studying-while-working\/#breadcrumb","itemListElement":[{"@type":"ListItem","position":1,"name":"Po\u010detna stranica","item":"https:\/\/www.aspira.hr\/en\/"},{"@type":"ListItem","position":2,"name":"Study programs","item":"https:\/\/www.aspira.hr\/en\/study-programs\/"},{"@type":"ListItem","position":3,"name":"Graduate study in Sports Management","item":"https:\/\/www.aspira.hr\/en\/study-programs\/master-of-sports-management\/"},{"@type":"ListItem","position":4,"name":"Studying while working"}]}]}},"_links":{"self":[{"href":"https:\/\/www.aspira.hr\/en\/wp-json\/wp\/v2\/pages\/21124"}],"collection":[{"href":"https:\/\/www.aspira.hr\/en\/wp-json\/wp\/v2\/pages"}],"about":[{"href":"https:\/\/www.aspira.hr\/en\/wp-json\/wp\/v2\/types\/page"}],"author":[{"embeddable":true,"href":"https:\/\/www.aspira.hr\/en\/wp-json\/wp\/v2\/users\/1"}],"replies":[{"embeddable":true,"href":"https:\/\/www.aspira.hr\/en\/wp-json\/wp\/v2\/comments?post=21124"}],"version-history":[{"count":1,"href":"https:\/\/www.aspira.hr\/en\/wp-json\/wp\/v2\/pages\/21124\/revisions"}],"predecessor-version":[{"id":29193,"href":"https:\/\/www.aspira.hr\/en\/wp-json\/wp\/v2\/pages\/21124\/revisions\/29193"}],"up":[{"embeddable":true,"href":"https:\/\/www.aspira.hr\/en\/wp-json\/wp\/v2\/pages\/20467"}],"wp:attachment":[{"href":"https:\/\/www.aspira.hr\/en\/wp-json\/wp\/v2\/media?parent=21124"}],"curies":[{"name":"wp","href":"https:\/\/api.w.org\/{rel}","templated":true}]}}