{"id":21056,"date":"2018-06-17T23:22:43","date_gmt":"2018-06-17T21:22:43","guid":{"rendered":"https:\/\/www.aspira.hr\/study-programs\/sport-management\/kako-se-upisati\/"},"modified":"2025-03-04T11:50:25","modified_gmt":"2025-03-04T10:50:25","slug":"admissions","status":"publish","type":"page","link":"https:\/\/www.aspira.hr\/en\/study-programs\/sport-management\/admissions\/","title":{"rendered":"Admissions"},"content":{"rendered":"<p>[vc_row][vc_column][vc_column_text]<strong>Step 1<\/strong>: Applicants must fill in the <a href=\"https:\/\/www.aspira.hr\/en\/application-form\/application-study-programs\/\"><strong>application form<\/strong><\/a> on our website.[\/vc_column_text][vc_separator][vc_column_text]<strong>Step 2:<\/strong> After receiving filled application form, applicants will be contacted in order to provide necessary application documentation.<\/p>\n<p><strong>Application documents:<\/strong><\/p>\n<ul>\n<li>Secondary Education Diploma<\/li>\n<li>Secondary Education transcripts<\/li>\n<li>Copy of passport<\/li>\n<li>Proof of English proficiency (500 TOEFL or IELTS or equivalent)<\/li>\n<li>Curriculum vitae (r\u00e9sum\u00e9)<\/li>\n<li>Motivation letter<\/li>\n<\/ul>\n<p><em>* Candidates who have not taken the predicted level of English language can take a special test of English at Aspira University of Applied Sciences.<\/em>[\/vc_column_text][\/vc_column][\/vc_row][vc_row full_width=&#8221;stretch_row&#8221; bg_type=&#8221;bg_color&#8221; bg_color_value=&#8221;#f2f2f2&#8243;][vc_column][vc_column_text]<strong>Step 3<\/strong>: If your application is successful and the requested program is available, we will send you the letter of acceptance as soon as possible.[\/vc_column_text][vc_separator][vc_column_text]<\/p>\n<div id=\"content\">\n<div id=\"post-12317\" class=\"post-12317 page type-page status-publish hentry\">\n<div class=\"post-content\">\n<p><strong>Step 4:<\/strong>\u00a0Enrolment Confirmation &amp; Visa.<\/p>\n<p>A receipt &amp; enrollment confirmation will be sent to you as soon as we have received the initial payment.<\/p>\n<p>At this stage you will need to contact the diplomatic mission or consulate of the Republic of Croatia in the foreign national\u2019s home country. The visa application (Viza C) must be submitted to embassy either in person or via e-mail.<\/p>\n<p>On this link you can find application form for Visa:\u00a0<a href=\"http:\/\/www.mvep.hr\/en\/consular-information\/visas\/forms\/\" target=\"_blank\" rel=\"noopener\">http:\/\/www.mvep.hr\/en\/consular-information\/visas\/forms\/<\/a><\/p>\n<p>You must fill it and send it REPUBLIC OF CROATIA- Ministry of Foreign and European Affairs.<\/p>\n<div class=\"fusion-sep-clear\"><\/div>\n<div class=\"fusion-separator fusion-full-width-sep sep-single\"><\/div>\n<\/div>\n<\/div>\n<\/div>\n<div id=\"sidebar\" class=\"sidebar\">\n<div id=\"text-33\" class=\"widget widget_text\">\n<div class=\"textwidget\"><a id=\"maxbutton-7\" class=\"maxbutton-7 maxbutton-send-inquiry maxbutton\" href=\"http:\/\/www.aspira.hr\/kontakt-2\/?lang=en\"><span class=\"mb-text\">Send Inquiry<\/span><\/a><\/div>\n<\/div>\n<div id=\"text-34\" class=\"widget widget_text\">\n<div class=\"textwidget\"><\/div>\n<\/div>\n<\/div>\n<p>[\/vc_column_text][\/vc_column][\/vc_row][vc_row full_width=&#8221;stretch_row&#8221; bg_type=&#8221;bg_color&#8221; bg_color_value=&#8221;#262f40&#8243;][vc_column][vc_column_text]<\/p>\n<h3><span style=\"color: #f2f2f2;\">Documents for the application of enrolment procedure:<\/span><\/h3>\n<ul>\n<li><span style=\"color: #f2f2f2;\">the certificates of all secondary school grades and the certificate of the final exam in the secondary school (original or certified copy);<\/span><\/li>\n<li><span style=\"color: #f2f2f2;\">transcript of the 1st semester grades of the final school year (for graduates),<\/span><\/li>\n<li><span style=\"color: #f2f2f2;\">a copy of the nationality certificate and the birth certificate,<\/span><\/li>\n<li><span style=\"color: #f2f2f2;\">enrolment application received at Aspira facility or on a web site,<\/span><\/li>\n<li><span style=\"color: #f2f2f2;\">payment for the costs of enrolment procedure (180 kn) on IBAN account: HR4024840081104992880<\/span><\/li>\n<\/ul>\n<p><span style=\"color: #f2f2f2;\">The documentation must be submitted to the student service not later than two days before the classroom procedure.<\/span><\/p>\n<p><span style=\"color: #f2f2f2;\"><strong>\u00a0<\/strong><\/span><\/p>\n<h3><span style=\"color: #f2f2f2;\">Application documents:<\/span><\/h3>\n<ul>\n<li><span style=\"color: #f2f2f2;\">originals of previously attached documents,<\/span><\/li>\n<li><span style=\"color: #f2f2f2;\">registry,<\/span><\/li>\n<li><span style=\"color: #f2f2f2;\">the enrolment list and the index received at the student&#8217;s office,<\/span><\/li>\n<li><span style=\"color: #f2f2f2;\">two photos (3.5 x 4.5 cm) for the index and registry and<\/span><\/li>\n<li><span style=\"color: #f2f2f2;\">paid tuition fee confirmation.<\/span><\/li>\n<\/ul>\n<p><span style=\"color: #f2f2f2;\">Candidates who have been educated outside the Republic of Croatia are obliged to initiate the procedure for recognizing the conformity of a foreign certificate with the Ministry of Science and Higher Education, and the resulting conformity resolution may be submitted subsequently.<\/span><\/p>\n<h3><span style=\"color: #f2f2f2;\">Evaluation criteria<\/span><\/h3>\n<p><span style=\"color: #f2f2f2;\"><strong>Success during the four grades of high school<\/strong><\/span><\/p>\n<p><span style=\"color: #f2f2f2;\">The average rating of all grades is up to 40 points<\/span><\/p>\n<p><span style=\"color: #f2f2f2;\"><strong>State final exam<\/strong><\/span><\/p>\n<p><span style=\"color: #f2f2f2;\">Croatian language, level B carries up to 20 points<\/span><\/p>\n<p><span style=\"color: #f2f2f2;\">Mathematics, level B carries up to 20 points<\/span><\/p>\n<p><span style=\"color: #f2f2f2;\">Foreign language, level B carries up to 20 points<\/span><\/p>\n<p><span style=\"color: #f2f2f2;\">* Candidates who have not passed the anticipated level of English language can take English language test at Aspira.<\/span><\/p>\n<p><span style=\"color: #f2f2f2;\"><strong>Special achievements (extra points):<\/strong><\/span><\/p>\n<p><span style=\"color: #f2f2f2;\">First to third place at national and international competitions in all subjects as well as knowledge of third foreign language according to internationally recognized confirmation carries up to 5 points.<\/span>[\/vc_column_text][\/vc_column][\/vc_row][vc_row][vc_column][vc_column_text]<\/p>\n<h3>TUITION &#8211; Sports management<\/h3>\n<p>For all information on tuition amount please <a href=\"https:\/\/www.aspira.hr\/en\/contact\/\">contact us<\/a>.<\/p>\n<h3>SCHOLARSHIPS<\/h3>\n<p>The following criteria are considered for awarding scholarships:<\/p>\n<ol>\n<li>lower personal income;<\/li>\n<li>success in the secondary school education so far;<\/li>\n<\/ol>\n<p>The scholarship contract is extended at the end of each academic year after the end of the autumn exam term. In the case of repeating the academic year or if an average grade during one college year falls under 4.0, candidate will lose the right to scholarship.<\/p>\n<p>There is an application form for granting scholarships, and complete documentation is submitted to the Student Service of the Aspira University of Applied Sciences until the end of the list of candidates for enrollment.<\/p>\n<p>When submitting the application, it is necessary to submit: nationality certificate, the certificates of all secondary school grades and the certificate of the final exam in the secondary school or the certificates of all secondary school grades and the certificate of the state final exam in the secondary school (for candidates enrolled with the state final exam), the decision of the Centre for Social Welfare and \/ or the Household Income Certificate from the previous calendar year, i.e. documents that show the social status and \/ or personal income of the candidate (s).[\/vc_column_text][\/vc_column][\/vc_row]<\/p>\n","protected":false},"excerpt":{"rendered":"<p>[vc_row][vc_column][vc_column_text]Step 1: Applicants must fill in the application form on our website.[\/vc_column_text][vc_separator][vc_column_text]Step 2: After receiving filled application form, applicants will be contacted in order to provide necessary application documentation. Application documents: Secondary Education Diploma Secondary Education transcripts Copy of passport Proof of English proficiency (500 TOEFL or IELTS or equivalent) Curriculum vitae (r\u00e9sum\u00e9) Motivation letter&hellip;<\/p>\n","protected":false},"author":1,"featured_media":0,"parent":20443,"menu_order":0,"comment_status":"closed","ping_status":"closed","template":"","meta":{"_monsterinsights_skip_tracking":false,"_monsterinsights_sitenote_active":false,"_monsterinsights_sitenote_note":"","_monsterinsights_sitenote_category":0},"yoast_head":"<!-- This site is optimized with the Yoast SEO plugin v18.0 - https:\/\/yoast.com\/wordpress\/plugins\/seo\/ -->\n<title>Admissions Sports management | Aspira University College<\/title>\n<meta name=\"robots\" content=\"index, follow, max-snippet:-1, max-image-preview:large, max-video-preview:-1\" \/>\n<link rel=\"canonical\" href=\"https:\/\/www.aspira.hr\/en\/study-programs\/sport-management\/admissions\/\" \/>\n<meta property=\"og:locale\" content=\"en_US\" \/>\n<meta property=\"og:type\" content=\"article\" \/>\n<meta property=\"og:title\" content=\"Admissions Sports management | Aspira University College\" \/>\n<meta property=\"og:description\" content=\"[vc_row][vc_column][vc_column_text]Step 1: Applicants must fill in the application form on our website.[\/vc_column_text][vc_separator][vc_column_text]Step 2: After receiving filled application form, applicants will be contacted in order to provide necessary application documentation. Application documents: Secondary Education Diploma Secondary Education transcripts Copy of passport Proof of English proficiency (500 TOEFL or IELTS or equivalent) Curriculum vitae (r\u00e9sum\u00e9) Motivation letter&hellip;\" \/>\n<meta property=\"og:url\" content=\"https:\/\/www.aspira.hr\/en\/study-programs\/sport-management\/admissions\/\" \/>\n<meta property=\"og:site_name\" content=\"ASPIRA University College\" \/>\n<meta property=\"article:publisher\" content=\"https:\/\/www.facebook.com\/Aspira.University.College\" \/>\n<meta property=\"article:modified_time\" content=\"2025-03-04T10:50:25+00:00\" \/>\n<meta name=\"twitter:card\" content=\"summary_large_image\" \/>\n<meta name=\"twitter:site\" content=\"@aspirasplit\" \/>\n<meta name=\"twitter:label1\" content=\"Est. reading time\" \/>\n\t<meta name=\"twitter:data1\" content=\"4 minutes\" \/>\n<script type=\"application\/ld+json\" class=\"yoast-schema-graph\">{\"@context\":\"https:\/\/schema.org\",\"@graph\":[{\"@type\":\"Organization\",\"@id\":\"https:\/\/www.aspira.hr\/#organization\",\"name\":\"Aspira university college\",\"url\":\"https:\/\/www.aspira.hr\/\",\"sameAs\":[\"https:\/\/www.facebook.com\/Aspira.University.College\",\"https:\/\/www.instagram.com\/aspira_university\/\",\"https:\/\/www.youtube.com\/channel\/UCIgYMJQ9r3uxEjC6kX_q7EQ\",\"https:\/\/twitter.com\/aspirasplit\"],\"logo\":{\"@type\":\"ImageObject\",\"@id\":\"https:\/\/www.aspira.hr\/#logo\",\"inLanguage\":\"en-US\",\"url\":\"https:\/\/www.aspira.hr\/wp-content\/uploads\/2018\/02\/Aspira-University-College-1.png\",\"contentUrl\":\"https:\/\/www.aspira.hr\/wp-content\/uploads\/2018\/02\/Aspira-University-College-1.png\",\"width\":247,\"height\":60,\"caption\":\"Aspira university college\"},\"image\":{\"@id\":\"https:\/\/www.aspira.hr\/#logo\"}},{\"@type\":\"WebSite\",\"@id\":\"https:\/\/www.aspira.hr\/#website\",\"url\":\"https:\/\/www.aspira.hr\/\",\"name\":\"ASPIRA University College\",\"description\":\"Obrazovanje vrhunskih menad\u017eera iz podru\u010dja sporta i turizma. Studijski programi Me\u0111unarodnog menad\u017ementa u hotelijerstvu i turizmu, te Sportskog menad\u017ementa.\",\"publisher\":{\"@id\":\"https:\/\/www.aspira.hr\/#organization\"},\"potentialAction\":[{\"@type\":\"SearchAction\",\"target\":{\"@type\":\"EntryPoint\",\"urlTemplate\":\"https:\/\/www.aspira.hr\/?s={search_term_string}\"},\"query-input\":\"required name=search_term_string\"}],\"inLanguage\":\"en-US\"},{\"@type\":\"WebPage\",\"@id\":\"https:\/\/www.aspira.hr\/en\/study-programs\/sport-management\/admissions\/#webpage\",\"url\":\"https:\/\/www.aspira.hr\/en\/study-programs\/sport-management\/admissions\/\",\"name\":\"Admissions Sports management | Aspira University College\",\"isPartOf\":{\"@id\":\"https:\/\/www.aspira.hr\/#website\"},\"datePublished\":\"2018-06-17T21:22:43+00:00\",\"dateModified\":\"2025-03-04T10:50:25+00:00\",\"breadcrumb\":{\"@id\":\"https:\/\/www.aspira.hr\/en\/study-programs\/sport-management\/admissions\/#breadcrumb\"},\"inLanguage\":\"en-US\",\"potentialAction\":[{\"@type\":\"ReadAction\",\"target\":[\"https:\/\/www.aspira.hr\/en\/study-programs\/sport-management\/admissions\/\"]}]},{\"@type\":\"BreadcrumbList\",\"@id\":\"https:\/\/www.aspira.hr\/en\/study-programs\/sport-management\/admissions\/#breadcrumb\",\"itemListElement\":[{\"@type\":\"ListItem\",\"position\":1,\"name\":\"Po\u010detna stranica\",\"item\":\"https:\/\/www.aspira.hr\/en\/\"},{\"@type\":\"ListItem\",\"position\":2,\"name\":\"Study programs\",\"item\":\"https:\/\/www.aspira.hr\/en\/study-programs\/\"},{\"@type\":\"ListItem\",\"position\":3,\"name\":\"Sports management\",\"item\":\"https:\/\/www.aspira.hr\/en\/study-programs\/sport-management\/\"},{\"@type\":\"ListItem\",\"position\":4,\"name\":\"Admissions\"}]}]}<\/script>\n<!-- \/ Yoast SEO plugin. -->","yoast_head_json":{"title":"Admissions Sports management | Aspira University College","robots":{"index":"index","follow":"follow","max-snippet":"max-snippet:-1","max-image-preview":"max-image-preview:large","max-video-preview":"max-video-preview:-1"},"canonical":"https:\/\/www.aspira.hr\/en\/study-programs\/sport-management\/admissions\/","og_locale":"en_US","og_type":"article","og_title":"Admissions Sports management | Aspira University College","og_description":"[vc_row][vc_column][vc_column_text]Step 1: Applicants must fill in the application form on our website.[\/vc_column_text][vc_separator][vc_column_text]Step 2: After receiving filled application form, applicants will be contacted in order to provide necessary application documentation. Application documents: Secondary Education Diploma Secondary Education transcripts Copy of passport Proof of English proficiency (500 TOEFL or IELTS or equivalent) Curriculum vitae (r\u00e9sum\u00e9) Motivation letter&hellip;","og_url":"https:\/\/www.aspira.hr\/en\/study-programs\/sport-management\/admissions\/","og_site_name":"ASPIRA University College","article_publisher":"https:\/\/www.facebook.com\/Aspira.University.College","article_modified_time":"2025-03-04T10:50:25+00:00","twitter_card":"summary_large_image","twitter_site":"@aspirasplit","twitter_misc":{"Est. reading time":"4 minutes"},"schema":{"@context":"https:\/\/schema.org","@graph":[{"@type":"Organization","@id":"https:\/\/www.aspira.hr\/#organization","name":"Aspira university college","url":"https:\/\/www.aspira.hr\/","sameAs":["https:\/\/www.facebook.com\/Aspira.University.College","https:\/\/www.instagram.com\/aspira_university\/","https:\/\/www.youtube.com\/channel\/UCIgYMJQ9r3uxEjC6kX_q7EQ","https:\/\/twitter.com\/aspirasplit"],"logo":{"@type":"ImageObject","@id":"https:\/\/www.aspira.hr\/#logo","inLanguage":"en-US","url":"https:\/\/www.aspira.hr\/wp-content\/uploads\/2018\/02\/Aspira-University-College-1.png","contentUrl":"https:\/\/www.aspira.hr\/wp-content\/uploads\/2018\/02\/Aspira-University-College-1.png","width":247,"height":60,"caption":"Aspira university college"},"image":{"@id":"https:\/\/www.aspira.hr\/#logo"}},{"@type":"WebSite","@id":"https:\/\/www.aspira.hr\/#website","url":"https:\/\/www.aspira.hr\/","name":"ASPIRA University College","description":"Obrazovanje vrhunskih menad\u017eera iz podru\u010dja sporta i turizma. Studijski programi Me\u0111unarodnog menad\u017ementa u hotelijerstvu i turizmu, te Sportskog menad\u017ementa.","publisher":{"@id":"https:\/\/www.aspira.hr\/#organization"},"potentialAction":[{"@type":"SearchAction","target":{"@type":"EntryPoint","urlTemplate":"https:\/\/www.aspira.hr\/?s={search_term_string}"},"query-input":"required name=search_term_string"}],"inLanguage":"en-US"},{"@type":"WebPage","@id":"https:\/\/www.aspira.hr\/en\/study-programs\/sport-management\/admissions\/#webpage","url":"https:\/\/www.aspira.hr\/en\/study-programs\/sport-management\/admissions\/","name":"Admissions Sports management | Aspira University College","isPartOf":{"@id":"https:\/\/www.aspira.hr\/#website"},"datePublished":"2018-06-17T21:22:43+00:00","dateModified":"2025-03-04T10:50:25+00:00","breadcrumb":{"@id":"https:\/\/www.aspira.hr\/en\/study-programs\/sport-management\/admissions\/#breadcrumb"},"inLanguage":"en-US","potentialAction":[{"@type":"ReadAction","target":["https:\/\/www.aspira.hr\/en\/study-programs\/sport-management\/admissions\/"]}]},{"@type":"BreadcrumbList","@id":"https:\/\/www.aspira.hr\/en\/study-programs\/sport-management\/admissions\/#breadcrumb","itemListElement":[{"@type":"ListItem","position":1,"name":"Po\u010detna stranica","item":"https:\/\/www.aspira.hr\/en\/"},{"@type":"ListItem","position":2,"name":"Study programs","item":"https:\/\/www.aspira.hr\/en\/study-programs\/"},{"@type":"ListItem","position":3,"name":"Sports management","item":"https:\/\/www.aspira.hr\/en\/study-programs\/sport-management\/"},{"@type":"ListItem","position":4,"name":"Admissions"}]}]}},"_links":{"self":[{"href":"https:\/\/www.aspira.hr\/en\/wp-json\/wp\/v2\/pages\/21056"}],"collection":[{"href":"https:\/\/www.aspira.hr\/en\/wp-json\/wp\/v2\/pages"}],"about":[{"href":"https:\/\/www.aspira.hr\/en\/wp-json\/wp\/v2\/types\/page"}],"author":[{"embeddable":true,"href":"https:\/\/www.aspira.hr\/en\/wp-json\/wp\/v2\/users\/1"}],"replies":[{"embeddable":true,"href":"https:\/\/www.aspira.hr\/en\/wp-json\/wp\/v2\/comments?post=21056"}],"version-history":[{"count":2,"href":"https:\/\/www.aspira.hr\/en\/wp-json\/wp\/v2\/pages\/21056\/revisions"}],"predecessor-version":[{"id":37057,"href":"https:\/\/www.aspira.hr\/en\/wp-json\/wp\/v2\/pages\/21056\/revisions\/37057"}],"up":[{"embeddable":true,"href":"https:\/\/www.aspira.hr\/en\/wp-json\/wp\/v2\/pages\/20443"}],"wp:attachment":[{"href":"https:\/\/www.aspira.hr\/en\/wp-json\/wp\/v2\/media?parent=21056"}],"curies":[{"name":"wp","href":"https:\/\/api.w.org\/{rel}","templated":true}]}}