{"id":21052,"date":"2018-06-17T23:55:31","date_gmt":"2018-06-17T21:55:31","guid":{"rendered":"https:\/\/www.aspira.hr\/study-programs\/master-of-sports-management\/kako-se-upisati\/"},"modified":"2026-01-26T11:37:01","modified_gmt":"2026-01-26T10:37:01","slug":"admissions","status":"publish","type":"page","link":"https:\/\/www.aspira.hr\/en\/study-programs\/master-of-sports-management\/admissions\/","title":{"rendered":"Admissions"},"content":{"rendered":"<p>[vc_row][vc_column][vc_column_text]<\/p>\n<h2>Enrolment conditions<\/h2>\n<p>Specialist graduate professional studies, after finishing the enrolment procedure, can be enrolled by applicants who have completed a university undergraduate or professional studies or have mastered or completed a degree in another higher educational institution. Persons who have completed a study at other higher education institutions may enrol this study program under the condition they pass the subjects they did not pass on other educational institution.<\/p>\n<p>Graduate specialist professional studies, after finishing the enrolment procedure, can be enrolled by applicants who have previously completed higher education abroad, which is equivalent to the higher education in the Republic of Croatia.[\/vc_column_text][\/vc_column][\/vc_row][vc_row][vc_column][vc_column_text]<\/p>\n<h3>Enrolment procedure for a specialist graduate professional study<\/h3>\n<p>The enrolment process for a specialist graduate professional study includes evaluation of the success achieved in the previous higher education and discussion with the candidate on motivation for enrolling studies. Special attention is paid to the sports and other achievements achieved during the previous education or the active pursuit of sport.<\/p>\n<p>Aspira University of Applied Sciences can also determine the additional conditions of enrolment such as a motivational letter about which candidates will be properly notified.<\/p>\n<p><strong>The procedure and method of assessment of the enrolment procedure shall include the following:<\/strong><\/p>\n<ol>\n<li>The average of completed pre-graduate, undergraduate or graduate studies is multiplied by factor 10. Maximum 5 x 10 = 50 points.<\/li>\n<li>Letter of motivation or some other additional condition: maximum 25 points.<\/li>\n<li>Interview with the candidate: maximum 25 points.<\/li>\n<\/ol>\n<p>Overall: 1 + 2 + 3 = 100 points<\/p>\n<p>Entry minimum: 50 points[\/vc_column_text][\/vc_column][\/vc_row][vc_row full_width=&#8221;stretch_row&#8221; bg_type=&#8221;bg_color&#8221; bg_color_value=&#8221;#f5f5f5&#8243;][vc_column][vc_column_text]<strong>TUITION<\/strong><\/p>\n<p><strong>Tuition fee includes:<\/strong><\/p>\n<ul>\n<li>student record book (index)<\/li>\n<li>the right to attend lectures, seminars, and practical exercises<\/li>\n<li>educational materials available on the Merlin e-learning platform<\/li>\n<li>consultations (in-person meetings and communication with tutors via email)<\/li>\n<li>exam attempts for each course in the program<\/li>\n<li>supervision of final theses and additional classes in cases of justified need<\/li>\n<li>access to the Aspira University of Applied Sciences Library (all mandatory literature available)<\/li>\n<li>access to the University Library and the use of its electronic system<\/li>\n<li>obtaining the European Computer Driving Licence (ECDL)<\/li>\n<\/ul>\n<p>[\/vc_column_text][vc_column_text]For all information regarding the tuition fee amount, please <a href=\"https:\/\/www.aspira.hr\/en\/contact\/\">contact us<\/a>.[\/vc_column_text][\/vc_column][\/vc_row][vc_row full_width=&#8221;stretch_row&#8221; bg_type=&#8221;bg_color&#8221; seperator_enable=&#8221;seperator_enable_value&#8221; seperator_type=&#8221;triangle_svg_seperator&#8221; seperator_svg_height=&#8221;35&#8243; seperator_shape_background=&#8221;#f5f5f5&#8243; bg_color_value=&#8221;#262f40&#8243;][vc_column][vc_column_text]<\/p>\n<h3><span style=\"color: #f2f2f2;\">Enrolment documentation includes:<\/span><\/h3>\n<ul>\n<li><span style=\"color: #f2f2f2;\">nationality certificate<\/span><\/li>\n<li><span style=\"color: #f2f2f2;\">birth certificate<\/span><\/li>\n<li><span style=\"color: #f2f2f2;\">diploma<\/span><\/li>\n<li><span style=\"color: #f2f2f2;\">transcript of grades<\/span><\/li>\n<li><span style=\"color: #f2f2f2;\">letter of motivation for enrolment<\/span><\/li>\n<li><span style=\"color: #f2f2f2;\">biography and two small photos for the index<\/span><\/li>\n<\/ul>\n<p>[\/vc_column_text][\/vc_column][\/vc_row][vc_row][vc_column]<div class=\" ubtn-ctn-center \"><a class=\"ubtn-link ult-adjust-bottom-margin ubtn-center ubtn-custom \" href=\"https:\/\/www.aspira.hr\/en\/application-form\/application-study-programs\/\" ><button type=\"button\" id=\"ubtn-8419\"  class=\"ubtn ult-adjust-bottom-margin ult-responsive ubtn-custom ubtn-fade-bg  none  ubtn-center   tooltip-69f0e921782ec\"  data-hover=\"#ffffff\" data-border-color=\"\" data-bg=\"#c90501\" data-hover-bg=\"#262f40\" data-border-hover=\"\" data-shadow-hover=\"\" data-shadow-click=\"none\" data-shadow=\"\" data-shd-shadow=\"\"  data-ultimate-target='#ubtn-8419'  data-responsive-json-new='{\"font-size\":\"desktop:16px;\",\"line-height\":\"\"}'  style=\"font-weight:normal;width:300px;min-height:50px;padding:px px;border:none;background: #c90501;color: #ffffff;\"><span class=\"ubtn-hover\" style=\"background-color:#262f40\"><\/span><span class=\"ubtn-data ubtn-text \" >Application Form<\/span><\/button><\/a><\/div>[\/vc_column][\/vc_row]<\/p>\n","protected":false},"excerpt":{"rendered":"<p>[vc_row][vc_column][vc_column_text] Enrolment conditions Specialist graduate professional studies, after finishing the enrolment procedure, can be enrolled by applicants who have completed a university undergraduate or professional studies or have mastered or completed a degree in another higher educational institution. Persons who have completed a study at other higher education institutions may enrol this study program under&hellip;<\/p>\n","protected":false},"author":1,"featured_media":0,"parent":20467,"menu_order":0,"comment_status":"closed","ping_status":"closed","template":"","meta":{"_monsterinsights_skip_tracking":false,"_monsterinsights_sitenote_active":false,"_monsterinsights_sitenote_note":"","_monsterinsights_sitenote_category":0},"yoast_head":"<!-- This site is optimized with the Yoast SEO plugin v18.0 - https:\/\/yoast.com\/wordpress\/plugins\/seo\/ -->\n<title>Kako se upisati Specijalisti\u010dki diplomski studij Sportskog menad\u017ementa<\/title>\n<meta name=\"description\" content=\"Specijalisti\u010dki diplomski stru\u010dni studij mogu, nakon provedenog razredbenog postupka, upisati pristupnici koji su zavr\u0161ili sveu\u010dili\u0161ni preddiplomski ili stru\u010dni studij ili su pak magistrirali, odnosno diplomirali na nekoj drugoj visoko\u0161kolskoj ustanovi.\" \/>\n<meta name=\"robots\" content=\"index, follow, max-snippet:-1, max-image-preview:large, max-video-preview:-1\" \/>\n<link rel=\"canonical\" href=\"https:\/\/www.aspira.hr\/en\/study-programs\/master-of-sports-management\/admissions\/\" \/>\n<meta property=\"og:locale\" content=\"en_US\" \/>\n<meta property=\"og:type\" content=\"article\" \/>\n<meta property=\"og:title\" content=\"Kako se upisati Specijalisti\u010dki diplomski studij Sportskog menad\u017ementa\" \/>\n<meta property=\"og:description\" content=\"Specijalisti\u010dki diplomski stru\u010dni studij mogu, nakon provedenog razredbenog postupka, upisati pristupnici koji su zavr\u0161ili sveu\u010dili\u0161ni preddiplomski ili stru\u010dni studij ili su pak magistrirali, odnosno diplomirali na nekoj drugoj visoko\u0161kolskoj ustanovi.\" \/>\n<meta property=\"og:url\" content=\"https:\/\/www.aspira.hr\/en\/study-programs\/master-of-sports-management\/admissions\/\" \/>\n<meta property=\"og:site_name\" content=\"ASPIRA University College\" \/>\n<meta property=\"article:publisher\" content=\"https:\/\/www.facebook.com\/Aspira.University.College\" \/>\n<meta property=\"article:modified_time\" content=\"2026-01-26T10:37:01+00:00\" \/>\n<meta name=\"twitter:card\" content=\"summary_large_image\" \/>\n<meta name=\"twitter:site\" content=\"@aspirasplit\" \/>\n<meta name=\"twitter:label1\" content=\"Est. reading time\" \/>\n\t<meta name=\"twitter:data1\" content=\"3 minutes\" \/>\n<script type=\"application\/ld+json\" class=\"yoast-schema-graph\">{\"@context\":\"https:\/\/schema.org\",\"@graph\":[{\"@type\":\"Organization\",\"@id\":\"https:\/\/www.aspira.hr\/#organization\",\"name\":\"Aspira university college\",\"url\":\"https:\/\/www.aspira.hr\/\",\"sameAs\":[\"https:\/\/www.facebook.com\/Aspira.University.College\",\"https:\/\/www.instagram.com\/aspira_university\/\",\"https:\/\/www.youtube.com\/channel\/UCIgYMJQ9r3uxEjC6kX_q7EQ\",\"https:\/\/twitter.com\/aspirasplit\"],\"logo\":{\"@type\":\"ImageObject\",\"@id\":\"https:\/\/www.aspira.hr\/#logo\",\"inLanguage\":\"en-US\",\"url\":\"https:\/\/www.aspira.hr\/wp-content\/uploads\/2018\/02\/Aspira-University-College-1.png\",\"contentUrl\":\"https:\/\/www.aspira.hr\/wp-content\/uploads\/2018\/02\/Aspira-University-College-1.png\",\"width\":247,\"height\":60,\"caption\":\"Aspira university college\"},\"image\":{\"@id\":\"https:\/\/www.aspira.hr\/#logo\"}},{\"@type\":\"WebSite\",\"@id\":\"https:\/\/www.aspira.hr\/#website\",\"url\":\"https:\/\/www.aspira.hr\/\",\"name\":\"ASPIRA University College\",\"description\":\"Obrazovanje vrhunskih menad\u017eera iz podru\u010dja sporta i turizma. Studijski programi Me\u0111unarodnog menad\u017ementa u hotelijerstvu i turizmu, te Sportskog menad\u017ementa.\",\"publisher\":{\"@id\":\"https:\/\/www.aspira.hr\/#organization\"},\"potentialAction\":[{\"@type\":\"SearchAction\",\"target\":{\"@type\":\"EntryPoint\",\"urlTemplate\":\"https:\/\/www.aspira.hr\/?s={search_term_string}\"},\"query-input\":\"required name=search_term_string\"}],\"inLanguage\":\"en-US\"},{\"@type\":\"WebPage\",\"@id\":\"https:\/\/www.aspira.hr\/en\/study-programs\/master-of-sports-management\/admissions\/#webpage\",\"url\":\"https:\/\/www.aspira.hr\/en\/study-programs\/master-of-sports-management\/admissions\/\",\"name\":\"Kako se upisati Specijalisti\u010dki diplomski studij Sportskog menad\u017ementa\",\"isPartOf\":{\"@id\":\"https:\/\/www.aspira.hr\/#website\"},\"datePublished\":\"2018-06-17T21:55:31+00:00\",\"dateModified\":\"2026-01-26T10:37:01+00:00\",\"description\":\"Specijalisti\u010dki diplomski stru\u010dni studij mogu, nakon provedenog razredbenog postupka, upisati pristupnici koji su zavr\u0161ili sveu\u010dili\u0161ni preddiplomski ili stru\u010dni studij ili su pak magistrirali, odnosno diplomirali na nekoj drugoj visoko\u0161kolskoj ustanovi.\",\"breadcrumb\":{\"@id\":\"https:\/\/www.aspira.hr\/en\/study-programs\/master-of-sports-management\/admissions\/#breadcrumb\"},\"inLanguage\":\"en-US\",\"potentialAction\":[{\"@type\":\"ReadAction\",\"target\":[\"https:\/\/www.aspira.hr\/en\/study-programs\/master-of-sports-management\/admissions\/\"]}]},{\"@type\":\"BreadcrumbList\",\"@id\":\"https:\/\/www.aspira.hr\/en\/study-programs\/master-of-sports-management\/admissions\/#breadcrumb\",\"itemListElement\":[{\"@type\":\"ListItem\",\"position\":1,\"name\":\"Po\u010detna stranica\",\"item\":\"https:\/\/www.aspira.hr\/en\/\"},{\"@type\":\"ListItem\",\"position\":2,\"name\":\"Study programs\",\"item\":\"https:\/\/www.aspira.hr\/en\/study-programs\/\"},{\"@type\":\"ListItem\",\"position\":3,\"name\":\"Graduate study in Sports Management\",\"item\":\"https:\/\/www.aspira.hr\/en\/study-programs\/master-of-sports-management\/\"},{\"@type\":\"ListItem\",\"position\":4,\"name\":\"Admissions\"}]}]}<\/script>\n<!-- \/ Yoast SEO plugin. -->","yoast_head_json":{"title":"Kako se upisati Specijalisti\u010dki diplomski studij Sportskog menad\u017ementa","description":"Specijalisti\u010dki diplomski stru\u010dni studij mogu, nakon provedenog razredbenog postupka, upisati pristupnici koji su zavr\u0161ili sveu\u010dili\u0161ni preddiplomski ili stru\u010dni studij ili su pak magistrirali, odnosno diplomirali na nekoj drugoj visoko\u0161kolskoj ustanovi.","robots":{"index":"index","follow":"follow","max-snippet":"max-snippet:-1","max-image-preview":"max-image-preview:large","max-video-preview":"max-video-preview:-1"},"canonical":"https:\/\/www.aspira.hr\/en\/study-programs\/master-of-sports-management\/admissions\/","og_locale":"en_US","og_type":"article","og_title":"Kako se upisati Specijalisti\u010dki diplomski studij Sportskog menad\u017ementa","og_description":"Specijalisti\u010dki diplomski stru\u010dni studij mogu, nakon provedenog razredbenog postupka, upisati pristupnici koji su zavr\u0161ili sveu\u010dili\u0161ni preddiplomski ili stru\u010dni studij ili su pak magistrirali, odnosno diplomirali na nekoj drugoj visoko\u0161kolskoj ustanovi.","og_url":"https:\/\/www.aspira.hr\/en\/study-programs\/master-of-sports-management\/admissions\/","og_site_name":"ASPIRA University College","article_publisher":"https:\/\/www.facebook.com\/Aspira.University.College","article_modified_time":"2026-01-26T10:37:01+00:00","twitter_card":"summary_large_image","twitter_site":"@aspirasplit","twitter_misc":{"Est. reading time":"3 minutes"},"schema":{"@context":"https:\/\/schema.org","@graph":[{"@type":"Organization","@id":"https:\/\/www.aspira.hr\/#organization","name":"Aspira university college","url":"https:\/\/www.aspira.hr\/","sameAs":["https:\/\/www.facebook.com\/Aspira.University.College","https:\/\/www.instagram.com\/aspira_university\/","https:\/\/www.youtube.com\/channel\/UCIgYMJQ9r3uxEjC6kX_q7EQ","https:\/\/twitter.com\/aspirasplit"],"logo":{"@type":"ImageObject","@id":"https:\/\/www.aspira.hr\/#logo","inLanguage":"en-US","url":"https:\/\/www.aspira.hr\/wp-content\/uploads\/2018\/02\/Aspira-University-College-1.png","contentUrl":"https:\/\/www.aspira.hr\/wp-content\/uploads\/2018\/02\/Aspira-University-College-1.png","width":247,"height":60,"caption":"Aspira university college"},"image":{"@id":"https:\/\/www.aspira.hr\/#logo"}},{"@type":"WebSite","@id":"https:\/\/www.aspira.hr\/#website","url":"https:\/\/www.aspira.hr\/","name":"ASPIRA University College","description":"Obrazovanje vrhunskih menad\u017eera iz podru\u010dja sporta i turizma. Studijski programi Me\u0111unarodnog menad\u017ementa u hotelijerstvu i turizmu, te Sportskog menad\u017ementa.","publisher":{"@id":"https:\/\/www.aspira.hr\/#organization"},"potentialAction":[{"@type":"SearchAction","target":{"@type":"EntryPoint","urlTemplate":"https:\/\/www.aspira.hr\/?s={search_term_string}"},"query-input":"required name=search_term_string"}],"inLanguage":"en-US"},{"@type":"WebPage","@id":"https:\/\/www.aspira.hr\/en\/study-programs\/master-of-sports-management\/admissions\/#webpage","url":"https:\/\/www.aspira.hr\/en\/study-programs\/master-of-sports-management\/admissions\/","name":"Kako se upisati Specijalisti\u010dki diplomski studij Sportskog menad\u017ementa","isPartOf":{"@id":"https:\/\/www.aspira.hr\/#website"},"datePublished":"2018-06-17T21:55:31+00:00","dateModified":"2026-01-26T10:37:01+00:00","description":"Specijalisti\u010dki diplomski stru\u010dni studij mogu, nakon provedenog razredbenog postupka, upisati pristupnici koji su zavr\u0161ili sveu\u010dili\u0161ni preddiplomski ili stru\u010dni studij ili su pak magistrirali, odnosno diplomirali na nekoj drugoj visoko\u0161kolskoj ustanovi.","breadcrumb":{"@id":"https:\/\/www.aspira.hr\/en\/study-programs\/master-of-sports-management\/admissions\/#breadcrumb"},"inLanguage":"en-US","potentialAction":[{"@type":"ReadAction","target":["https:\/\/www.aspira.hr\/en\/study-programs\/master-of-sports-management\/admissions\/"]}]},{"@type":"BreadcrumbList","@id":"https:\/\/www.aspira.hr\/en\/study-programs\/master-of-sports-management\/admissions\/#breadcrumb","itemListElement":[{"@type":"ListItem","position":1,"name":"Po\u010detna stranica","item":"https:\/\/www.aspira.hr\/en\/"},{"@type":"ListItem","position":2,"name":"Study programs","item":"https:\/\/www.aspira.hr\/en\/study-programs\/"},{"@type":"ListItem","position":3,"name":"Graduate study in Sports Management","item":"https:\/\/www.aspira.hr\/en\/study-programs\/master-of-sports-management\/"},{"@type":"ListItem","position":4,"name":"Admissions"}]}]}},"_links":{"self":[{"href":"https:\/\/www.aspira.hr\/en\/wp-json\/wp\/v2\/pages\/21052"}],"collection":[{"href":"https:\/\/www.aspira.hr\/en\/wp-json\/wp\/v2\/pages"}],"about":[{"href":"https:\/\/www.aspira.hr\/en\/wp-json\/wp\/v2\/types\/page"}],"author":[{"embeddable":true,"href":"https:\/\/www.aspira.hr\/en\/wp-json\/wp\/v2\/users\/1"}],"replies":[{"embeddable":true,"href":"https:\/\/www.aspira.hr\/en\/wp-json\/wp\/v2\/comments?post=21052"}],"version-history":[{"count":4,"href":"https:\/\/www.aspira.hr\/en\/wp-json\/wp\/v2\/pages\/21052\/revisions"}],"predecessor-version":[{"id":37059,"href":"https:\/\/www.aspira.hr\/en\/wp-json\/wp\/v2\/pages\/21052\/revisions\/37059"}],"up":[{"embeddable":true,"href":"https:\/\/www.aspira.hr\/en\/wp-json\/wp\/v2\/pages\/20467"}],"wp:attachment":[{"href":"https:\/\/www.aspira.hr\/en\/wp-json\/wp\/v2\/media?parent=21052"}],"curies":[{"name":"wp","href":"https:\/\/api.w.org\/{rel}","templated":true}]}}