{"id":20568,"date":"2018-02-27T18:50:59","date_gmt":"2018-02-27T17:50:59","guid":{"rendered":"https:\/\/www.aspira.hr\/kontakt\/"},"modified":"2024-09-05T11:40:12","modified_gmt":"2024-09-05T09:40:12","slug":"contact","status":"publish","type":"page","link":"https:\/\/www.aspira.hr\/en\/contact\/","title":{"rendered":"Contact"},"content":{"rendered":"<p>[vc_row][vc_column width=&#8221;1\/4&#8243;][vc_column_text]<\/p>\n<h2>Aspira Split<\/h2>\n<p>Mike Tripala 6, 21000 Split<br \/>\nDomovinskog rata 65, 21000 Split<br \/>\nOIB: 14885934105<br \/>\nBANK: Raiffeisenbank Austria d.d.<br \/>\nIBAN: HR4024840081104992880<br \/>\nSWIFT: RZBHHR2XXXX[\/vc_column_text][\/vc_column][vc_column width=&#8221;1\/4&#8243;][vc_column_text]<strong>Contacts<\/strong><\/p>\n<p>Email: <a href=\"mailto:info@aspira.hr\">info@aspira.hr<\/a><br \/>\nTel: +385(0)21\/382802<br \/>\nFax: +385(0)21\/382-805<br \/>\nCell.:+385(0)99\/333-2009[\/vc_column_text][\/vc_column][vc_column width=&#8221;1\/2&#8243;][vc_raw_html]JTNDaWZyYW1lJTIwc3JjJTNEJTIyaHR0cHMlM0ElMkYlMkZ3d3cuZ29vZ2xlLmNvbSUyRm1hcHMlMkZlbWJlZCUzRnBiJTNEJTIxMW0xOCUyMTFtMTIlMjExbTMlMjExZDI4OTMuMTI1ODQwODU0ODExNSUyMTJkMTYuNDQ5ODE5MTE1NDkzNDUlMjEzZDQzLjUyMDU2ODQ3OTEyNjA1NSUyMTJtMyUyMTFmMCUyMTJmMCUyMTNmMCUyMTNtMiUyMTFpMTAyNCUyMTJpNzY4JTIxNGYxMy4xJTIxM20zJTIxMW0yJTIxMXMweDEzMzU1ZTBkN2M5ZGIxZTclMjUzQTB4YmIyY2I5Mjc3NjZhZDdjYiUyMTJzVW5pdmVyc2l0eSUyQkNvbGxlZ2UlMkJBc3BpcmElMjE1ZTAlMjEzbTIlMjExc2hyJTIxMnNociUyMTR2MTUyODkzMTQ4MjcyNiUyMiUyMHdpZHRoJTNEJTIyNjQwJTIyJTIwaGVpZ2h0JTNEJTIyMzAwJTIyJTIwZnJhbWVib3JkZXIlM0QlMjIwJTIyJTIwc3R5bGUlM0QlMjJib3JkZXIlM0EwJTIyJTIwYWxsb3dmdWxsc2NyZWVuJTNFJTNDJTJGaWZyYW1lJTNF[\/vc_raw_html][\/vc_column][\/vc_row][vc_row full_width=&#8221;stretch_row&#8221; bg_type=&#8221;bg_color&#8221; bg_color_value=&#8221;#f5f5f5&#8243;][vc_column width=&#8221;1\/4&#8243;][vc_column_text]<\/p>\n<h2>Aspira Zagreb<\/h2>\n<p>Heinzelova 62a, 10000 Zagreb<br \/>\n(Emporion \u2013\u00a0 south entrance)<br \/>\nSelska cesta 119, 10000 Zagreb<br \/>\nOIB: 14885934105<br \/>\nBANK: Raiffeisenbank Austria d.d.<br \/>\nIBAN: HR6624840081502004197<br \/>\nSWIFT: RZBHHR2XXXX[\/vc_column_text][\/vc_column][vc_column width=&#8221;1\/4&#8243;][vc_column_text]<strong>Contacts<\/strong><\/p>\n<p>Email: <a href=\"mailto:zagreb@aspira.hr\">zagreb@aspira.hr<\/a><br \/>\nTel: +385(0)1\/6446 360<br \/>\nCell:+385(0)99\/336-5500[\/vc_column_text][\/vc_column][vc_column width=&#8221;1\/2&#8243;][vc_raw_html]JTNDaWZyYW1lJTIwc3JjJTNEJTIyaHR0cHMlM0ElMkYlMkZ3d3cuZ29vZ2xlLmNvbSUyRm1hcHMlMkZlbWJlZCUzRnBiJTNEJTIxMW0xOCUyMTFtMTIlMjExbTMlMjExZDI3ODEuMTYxOTIzNDkzOTExJTIxMmQxNi4wMDIyNDEwMTUwMDI5MSUyMTNkNDUuODA4MDE1NDE4NDU3NjUlMjEybTMlMjExZjAlMjEyZjAlMjEzZjAlMjEzbTIlMjExaTEwMjQlMjEyaTc2OCUyMTRmMTMuMSUyMTNtMyUyMTFtMiUyMTFzMHg0NzY1ZDY0YmE3MmZhODk1JTI1M0EweDIxNzA3Mzg5Yzk2ZTkzM2QlMjEyc0FzcGlyYSUyQi0lMkJTdHVkaWolMkJHYXN0cm9ub21pamUlMjE1ZTAlMjEzbTIlMjExc2hyJTIxMnNociUyMTR2MTUyODkzMTU1Mjc5OCUyMiUyMHdpZHRoJTNEJTIyNjQwJTIyJTIwaGVpZ2h0JTNEJTIyMzAwJTIyJTIwZnJhbWVib3JkZXIlM0QlMjIwJTIyJTIwc3R5bGUlM0QlMjJib3JkZXIlM0EwJTIyJTIwYWxsb3dmdWxsc2NyZWVuJTNFJTNDJTJGaWZyYW1lJTNF[\/vc_raw_html][\/vc_column][\/vc_row][vc_row][vc_column width=&#8221;1\/2&#8243;][vc_column_text]<\/p>\n<h2>Head of International Relations Office<\/h2>\n<p><strong>Josip Radi\u0107<\/strong><br \/>\ne-mail: <a href=\"mailto:maja.drvis@aspira.hr\">josip.radic@aspira.hr<\/a><br \/>\nPhone: 00385 21 817 002[\/vc_column_text][\/vc_column][vc_column width=&#8221;1\/2&#8243;][vc_column_text]<\/p>\n<h2>Contact us<\/h2>\n<div role=\"form\" class=\"wpcf7\" id=\"wpcf7-f20575-o1\" lang=\"hr\" dir=\"ltr\">\n<div class=\"screen-reader-response\"><p role=\"status\" aria-live=\"polite\" aria-atomic=\"true\"><\/p> <ul><\/ul><\/div>\n<form action=\"\/en\/wp-json\/wp\/v2\/pages\/20568#wpcf7-f20575-o1\" method=\"post\" class=\"wpcf7-form init\" novalidate=\"novalidate\" data-status=\"init\">\n<div style=\"display: none;\">\n<input type=\"hidden\" name=\"_wpcf7\" value=\"20575\" \/>\n<input type=\"hidden\" name=\"_wpcf7_version\" value=\"5.5.6\" \/>\n<input type=\"hidden\" name=\"_wpcf7_locale\" value=\"hr\" \/>\n<input type=\"hidden\" name=\"_wpcf7_unit_tag\" value=\"wpcf7-f20575-o1\" \/>\n<input type=\"hidden\" name=\"_wpcf7_container_post\" value=\"0\" \/>\n<input type=\"hidden\" name=\"_wpcf7_posted_data_hash\" value=\"\" \/>\n<\/div>\n<p><label> Name and surname (required)<br \/>\n    <span class=\"wpcf7-form-control-wrap your-name\"><input type=\"text\" name=\"your-name\" value=\"\" size=\"40\" class=\"wpcf7-form-control wpcf7-text wpcf7-validates-as-required\" aria-required=\"true\" aria-invalid=\"false\" \/><\/span> <\/label><\/p>\n<p><label> Your e-mail (required)<br \/>\n    <span class=\"wpcf7-form-control-wrap your-email\"><input type=\"email\" name=\"your-email\" value=\"\" size=\"40\" class=\"wpcf7-form-control wpcf7-text wpcf7-email wpcf7-validates-as-required wpcf7-validates-as-email\" aria-required=\"true\" aria-invalid=\"false\" \/><\/span> <\/label><\/p>\n<p><label>Phone number<br \/>\n<span class=\"wpcf7-form-control-wrap Brojtelefona\"><input type=\"tel\" name=\"Brojtelefona\" value=\"\" size=\"40\" class=\"wpcf7-form-control wpcf7-text wpcf7-tel wpcf7-validates-as-tel\" aria-invalid=\"false\" \/><\/span><\/label><\/p>\n<p><label> Subject<br \/>\n    <span class=\"wpcf7-form-control-wrap your-subject\"><input type=\"text\" name=\"your-subject\" value=\"\" size=\"40\" class=\"wpcf7-form-control wpcf7-text\" aria-invalid=\"false\" \/><\/span> <\/label><\/p>\n<p><label> Message<br \/>\n    <span class=\"wpcf7-form-control-wrap your-message\"><textarea name=\"your-message\" cols=\"40\" rows=\"10\" class=\"wpcf7-form-control wpcf7-textarea\" aria-invalid=\"false\"><\/textarea><\/span> <\/label><\/p>\n<p><input type=\"submit\" value=\"Send\" class=\"wpcf7-form-control has-spinner wpcf7-submit\" \/><\/p>\n<div class=\"wpcf7-response-output\" aria-hidden=\"true\"><\/div><\/form><\/div>[\/vc_column_text][\/vc_column][\/vc_row]<\/p>\n","protected":false},"excerpt":{"rendered":"<p>[vc_row][vc_column width=&#8221;1\/4&#8243;][vc_column_text] Aspira Split Mike Tripala 6, 21000 Split Domovinskog rata 65, 21000 Split OIB: 14885934105 BANK: Raiffeisenbank Austria d.d. IBAN: HR4024840081104992880 SWIFT: RZBHHR2XXXX[\/vc_column_text][\/vc_column][vc_column width=&#8221;1\/4&#8243;][vc_column_text]Contacts Email: info@aspira.hr Tel: +385(0)21\/382802 Fax: +385(0)21\/382-805 Cell.:+385(0)99\/333-2009[\/vc_column_text][\/vc_column][vc_column width=&#8221;1\/2&#8243;][vc_raw_html]JTNDaWZyYW1lJTIwc3JjJTNEJTIyaHR0cHMlM0ElMkYlMkZ3d3cuZ29vZ2xlLmNvbSUyRm1hcHMlMkZlbWJlZCUzRnBiJTNEJTIxMW0xOCUyMTFtMTIlMjExbTMlMjExZDI4OTMuMTI1ODQwODU0ODExNSUyMTJkMTYuNDQ5ODE5MTE1NDkzNDUlMjEzZDQzLjUyMDU2ODQ3OTEyNjA1NSUyMTJtMyUyMTFmMCUyMTJmMCUyMTNmMCUyMTNtMiUyMTFpMTAyNCUyMTJpNzY4JTIxNGYxMy4xJTIxM20zJTIxMW0yJTIxMXMweDEzMzU1ZTBkN2M5ZGIxZTclMjUzQTB4YmIyY2I5Mjc3NjZhZDdjYiUyMTJzVW5pdmVyc2l0eSUyQkNvbGxlZ2UlMkJBc3BpcmElMjE1ZTAlMjEzbTIlMjExc2hyJTIxMnNociUyMTR2MTUyODkzMTQ4MjcyNiUyMiUyMHdpZHRoJTNEJTIyNjQwJTIyJTIwaGVpZ2h0JTNEJTIyMzAwJTIyJTIwZnJhbWVib3JkZXIlM0QlMjIwJTIyJTIwc3R5bGUlM0QlMjJib3JkZXIlM0EwJTIyJTIwYWxsb3dmdWxsc2NyZWVuJTNFJTNDJTJGaWZyYW1lJTNF[\/vc_raw_html][\/vc_column][\/vc_row][vc_row full_width=&#8221;stretch_row&#8221; bg_type=&#8221;bg_color&#8221; bg_color_value=&#8221;#f5f5f5&#8243;][vc_column width=&#8221;1\/4&#8243;][vc_column_text] Aspira Zagreb Heinzelova 62a, 10000 Zagreb (Emporion \u2013\u00a0 south entrance) Selska cesta 119, 10000 Zagreb OIB: 14885934105 BANK:&hellip;<\/p>\n","protected":false},"author":1,"featured_media":0,"parent":0,"menu_order":0,"comment_status":"closed","ping_status":"closed","template":"","meta":{"_monsterinsights_skip_tracking":false,"_monsterinsights_sitenote_active":false,"_monsterinsights_sitenote_note":"","_monsterinsights_sitenote_category":0},"yoast_head":"<!-- This site is optimized with the Yoast SEO plugin v18.0 - https:\/\/yoast.com\/wordpress\/plugins\/seo\/ -->\n<title>Contacts - ASPIRA University College in Zagreb &amp; Split<\/title>\n<meta name=\"description\" content=\"Aspira Split - Mike Tripala 6, Domovinskog rata 65, Split. Aspira Zagreb - Heinzelova 62a, Selska cesta 119, Zagreb.\" \/>\n<meta name=\"robots\" content=\"index, follow, max-snippet:-1, max-image-preview:large, max-video-preview:-1\" \/>\n<link rel=\"canonical\" href=\"https:\/\/www.aspira.hr\/en\/contact\/\" \/>\n<meta property=\"og:locale\" content=\"en_US\" \/>\n<meta property=\"og:type\" content=\"article\" \/>\n<meta property=\"og:title\" content=\"Contacts - ASPIRA University College in Zagreb &amp; Split\" \/>\n<meta property=\"og:description\" content=\"Aspira Split - Mike Tripala 6, Domovinskog rata 65, Split. Aspira Zagreb - Heinzelova 62a, Selska cesta 119, Zagreb.\" \/>\n<meta property=\"og:url\" content=\"https:\/\/www.aspira.hr\/en\/contact\/\" \/>\n<meta property=\"og:site_name\" content=\"ASPIRA University College\" \/>\n<meta property=\"article:publisher\" content=\"https:\/\/www.facebook.com\/Aspira.University.College\" \/>\n<meta property=\"article:modified_time\" content=\"2024-09-05T09:40:12+00:00\" \/>\n<meta name=\"twitter:card\" content=\"summary_large_image\" \/>\n<meta name=\"twitter:site\" content=\"@aspirasplit\" \/>\n<meta name=\"twitter:label1\" content=\"Est. reading time\" \/>\n\t<meta name=\"twitter:data1\" content=\"1 minute\" \/>\n<script type=\"application\/ld+json\" class=\"yoast-schema-graph\">{\"@context\":\"https:\/\/schema.org\",\"@graph\":[{\"@type\":\"Organization\",\"@id\":\"https:\/\/www.aspira.hr\/#organization\",\"name\":\"Aspira university college\",\"url\":\"https:\/\/www.aspira.hr\/\",\"sameAs\":[\"https:\/\/www.facebook.com\/Aspira.University.College\",\"https:\/\/www.instagram.com\/aspira_university\/\",\"https:\/\/www.youtube.com\/channel\/UCIgYMJQ9r3uxEjC6kX_q7EQ\",\"https:\/\/twitter.com\/aspirasplit\"],\"logo\":{\"@type\":\"ImageObject\",\"@id\":\"https:\/\/www.aspira.hr\/#logo\",\"inLanguage\":\"en-US\",\"url\":\"https:\/\/www.aspira.hr\/wp-content\/uploads\/2018\/02\/Aspira-University-College-1.png\",\"contentUrl\":\"https:\/\/www.aspira.hr\/wp-content\/uploads\/2018\/02\/Aspira-University-College-1.png\",\"width\":247,\"height\":60,\"caption\":\"Aspira university college\"},\"image\":{\"@id\":\"https:\/\/www.aspira.hr\/#logo\"}},{\"@type\":\"WebSite\",\"@id\":\"https:\/\/www.aspira.hr\/#website\",\"url\":\"https:\/\/www.aspira.hr\/\",\"name\":\"ASPIRA University College\",\"description\":\"Obrazovanje vrhunskih menad\u017eera iz podru\u010dja sporta i turizma. Studijski programi Me\u0111unarodnog menad\u017ementa u hotelijerstvu i turizmu, te Sportskog menad\u017ementa.\",\"publisher\":{\"@id\":\"https:\/\/www.aspira.hr\/#organization\"},\"potentialAction\":[{\"@type\":\"SearchAction\",\"target\":{\"@type\":\"EntryPoint\",\"urlTemplate\":\"https:\/\/www.aspira.hr\/?s={search_term_string}\"},\"query-input\":\"required name=search_term_string\"}],\"inLanguage\":\"en-US\"},{\"@type\":\"WebPage\",\"@id\":\"https:\/\/www.aspira.hr\/en\/contact\/#webpage\",\"url\":\"https:\/\/www.aspira.hr\/en\/contact\/\",\"name\":\"Contacts - ASPIRA University College in Zagreb & Split\",\"isPartOf\":{\"@id\":\"https:\/\/www.aspira.hr\/#website\"},\"datePublished\":\"2018-02-27T17:50:59+00:00\",\"dateModified\":\"2024-09-05T09:40:12+00:00\",\"description\":\"Aspira Split - Mike Tripala 6, Domovinskog rata 65, Split. Aspira Zagreb - Heinzelova 62a, Selska cesta 119, Zagreb.\",\"breadcrumb\":{\"@id\":\"https:\/\/www.aspira.hr\/en\/contact\/#breadcrumb\"},\"inLanguage\":\"en-US\",\"potentialAction\":[{\"@type\":\"ReadAction\",\"target\":[\"https:\/\/www.aspira.hr\/en\/contact\/\"]}]},{\"@type\":\"BreadcrumbList\",\"@id\":\"https:\/\/www.aspira.hr\/en\/contact\/#breadcrumb\",\"itemListElement\":[{\"@type\":\"ListItem\",\"position\":1,\"name\":\"Po\u010detna stranica\",\"item\":\"https:\/\/www.aspira.hr\/en\/\"},{\"@type\":\"ListItem\",\"position\":2,\"name\":\"Contact\"}]}]}<\/script>\n<!-- \/ Yoast SEO plugin. -->","yoast_head_json":{"title":"Contacts - ASPIRA University College in Zagreb & Split","description":"Aspira Split - Mike Tripala 6, Domovinskog rata 65, Split. Aspira Zagreb - Heinzelova 62a, Selska cesta 119, Zagreb.","robots":{"index":"index","follow":"follow","max-snippet":"max-snippet:-1","max-image-preview":"max-image-preview:large","max-video-preview":"max-video-preview:-1"},"canonical":"https:\/\/www.aspira.hr\/en\/contact\/","og_locale":"en_US","og_type":"article","og_title":"Contacts - ASPIRA University College in Zagreb & Split","og_description":"Aspira Split - Mike Tripala 6, Domovinskog rata 65, Split. Aspira Zagreb - Heinzelova 62a, Selska cesta 119, Zagreb.","og_url":"https:\/\/www.aspira.hr\/en\/contact\/","og_site_name":"ASPIRA University College","article_publisher":"https:\/\/www.facebook.com\/Aspira.University.College","article_modified_time":"2024-09-05T09:40:12+00:00","twitter_card":"summary_large_image","twitter_site":"@aspirasplit","twitter_misc":{"Est. reading time":"1 minute"},"schema":{"@context":"https:\/\/schema.org","@graph":[{"@type":"Organization","@id":"https:\/\/www.aspira.hr\/#organization","name":"Aspira university college","url":"https:\/\/www.aspira.hr\/","sameAs":["https:\/\/www.facebook.com\/Aspira.University.College","https:\/\/www.instagram.com\/aspira_university\/","https:\/\/www.youtube.com\/channel\/UCIgYMJQ9r3uxEjC6kX_q7EQ","https:\/\/twitter.com\/aspirasplit"],"logo":{"@type":"ImageObject","@id":"https:\/\/www.aspira.hr\/#logo","inLanguage":"en-US","url":"https:\/\/www.aspira.hr\/wp-content\/uploads\/2018\/02\/Aspira-University-College-1.png","contentUrl":"https:\/\/www.aspira.hr\/wp-content\/uploads\/2018\/02\/Aspira-University-College-1.png","width":247,"height":60,"caption":"Aspira university college"},"image":{"@id":"https:\/\/www.aspira.hr\/#logo"}},{"@type":"WebSite","@id":"https:\/\/www.aspira.hr\/#website","url":"https:\/\/www.aspira.hr\/","name":"ASPIRA University College","description":"Obrazovanje vrhunskih menad\u017eera iz podru\u010dja sporta i turizma. Studijski programi Me\u0111unarodnog menad\u017ementa u hotelijerstvu i turizmu, te Sportskog menad\u017ementa.","publisher":{"@id":"https:\/\/www.aspira.hr\/#organization"},"potentialAction":[{"@type":"SearchAction","target":{"@type":"EntryPoint","urlTemplate":"https:\/\/www.aspira.hr\/?s={search_term_string}"},"query-input":"required name=search_term_string"}],"inLanguage":"en-US"},{"@type":"WebPage","@id":"https:\/\/www.aspira.hr\/en\/contact\/#webpage","url":"https:\/\/www.aspira.hr\/en\/contact\/","name":"Contacts - ASPIRA University College in Zagreb & Split","isPartOf":{"@id":"https:\/\/www.aspira.hr\/#website"},"datePublished":"2018-02-27T17:50:59+00:00","dateModified":"2024-09-05T09:40:12+00:00","description":"Aspira Split - Mike Tripala 6, Domovinskog rata 65, Split. Aspira Zagreb - Heinzelova 62a, Selska cesta 119, Zagreb.","breadcrumb":{"@id":"https:\/\/www.aspira.hr\/en\/contact\/#breadcrumb"},"inLanguage":"en-US","potentialAction":[{"@type":"ReadAction","target":["https:\/\/www.aspira.hr\/en\/contact\/"]}]},{"@type":"BreadcrumbList","@id":"https:\/\/www.aspira.hr\/en\/contact\/#breadcrumb","itemListElement":[{"@type":"ListItem","position":1,"name":"Po\u010detna stranica","item":"https:\/\/www.aspira.hr\/en\/"},{"@type":"ListItem","position":2,"name":"Contact"}]}]}},"_links":{"self":[{"href":"https:\/\/www.aspira.hr\/en\/wp-json\/wp\/v2\/pages\/20568"}],"collection":[{"href":"https:\/\/www.aspira.hr\/en\/wp-json\/wp\/v2\/pages"}],"about":[{"href":"https:\/\/www.aspira.hr\/en\/wp-json\/wp\/v2\/types\/page"}],"author":[{"embeddable":true,"href":"https:\/\/www.aspira.hr\/en\/wp-json\/wp\/v2\/users\/1"}],"replies":[{"embeddable":true,"href":"https:\/\/www.aspira.hr\/en\/wp-json\/wp\/v2\/comments?post=20568"}],"version-history":[{"count":5,"href":"https:\/\/www.aspira.hr\/en\/wp-json\/wp\/v2\/pages\/20568\/revisions"}],"predecessor-version":[{"id":34874,"href":"https:\/\/www.aspira.hr\/en\/wp-json\/wp\/v2\/pages\/20568\/revisions\/34874"}],"wp:attachment":[{"href":"https:\/\/www.aspira.hr\/en\/wp-json\/wp\/v2\/media?parent=20568"}],"curies":[{"name":"wp","href":"https:\/\/api.w.org\/{rel}","templated":true}]}}