{"id":20524,"date":"2018-05-16T19:59:56","date_gmt":"2018-05-16T17:59:56","guid":{"rendered":"https:\/\/www.aspira.hr\/lifelong-learning\/internet-marketing-specijalist\/"},"modified":"2024-09-06T09:37:22","modified_gmt":"2024-09-06T07:37:22","slug":"internet-marketing-specialists","status":"publish","type":"page","link":"https:\/\/www.aspira.hr\/en\/lifelong-learning\/internet-marketing-specialists\/","title":{"rendered":"Internet marketing specialist and branding"},"content":{"rendered":"<p>[vc_row][vc_column][vc_column_text]Department of Lifelong Learning at University College Aspira from Split organizes a training program for Internet marketing specialists and branding. Due to the growth and development of the IT and marketing market, the importance of doing business in digital environments is undeniable.<\/p>\n<p>Training program for<\/p>\n<p><strong>INTERNET MARKETING SPECIALIST AND BRANDING<\/strong><\/p>\n<p>Duration of program: 1 semester.[\/vc_column_text][\/vc_column][\/vc_row][vc_row][vc_column][vc_column_text]<\/p>\n<p style=\"text-align: justify; background: white; vertical-align: baseline;\">Technological changes have an impact on everyday business so companies that want to be competitive should be ready for doing business in the digital world. It is therefore justified to start a training program for Internet marketing specialist, especially because the demand for skilled workers in this area has increased considerably in the past fifteen years. Participants of this program will become competitive in the labour market and acquire modern knowledge and management skills in Internet marketing. Lectures are held twice a week: Friday afternoon and Saturday morning.<\/p>\n<p>[\/vc_column_text][\/vc_column][\/vc_row][vc_row full_width=&#8221;stretch_row&#8221; bg_type=&#8221;bg_color&#8221; seperator_enable=&#8221;seperator_enable_value&#8221; seperator_type=&#8221;round_split_seperator&#8221; bg_color_value=&#8221;#f2f2f2&#8243;][vc_column][vc_column_text css=&#8221;.vc_custom_1532802789284{margin-top: 30px !important;}&#8221;]<\/p>\n<h3>Competencies the participants will acquire after finishing the program:<\/h3>\n<p>1. Participate in market research and design a marketing campaign plan.<br \/>\n2. Evaluate the needs of the web consumer and adapt it to advertising and sales methods<br \/>\n3. Use web site user interface design tools and online advertising<br \/>\n4. Use social networks for PR and achieve marketing goals<br \/>\n5. Use Google tools such as AdWords, Tag Manager, Analytics, and AdSense to increase Web site visibility<br \/>\n6. Apply workplace safety rules[\/vc_column_text][vc_column_text css=&#8221;.vc_custom_1532802855754{margin-top: 30px !important;margin-bottom: 30px !important;}&#8221;]<\/p>\n<h3>List of courses<\/h3>\n<p>\u2022 Organization of marketing activities<br \/>\n\u2022 Internet in integrated marketing communications<br \/>\n\u2022 Creating a Website<br \/>\n\u2022 Internet advertising<br \/>\n\u2022 Social Networks as a Communication Platform<br \/>\n\u2022 Business communication<br \/>\n\u2022 Safety at Work[\/vc_column_text][\/vc_column][\/vc_row][vc_row full_width=&#8221;stretch_row&#8221; bg_type=&#8221;bg_color&#8221; seperator_enable=&#8221;seperator_enable_value&#8221; seperator_type=&#8221;triangle_svg_seperator&#8221; seperator_svg_height=&#8221;35&#8243; seperator_shape_background=&#8221;#f2f2f2&#8243; bg_color_value=&#8221;#262f40&#8243;][vc_column][vc_column_text css=&#8221;.vc_custom_1532802725192{padding-bottom: 33px !important;}&#8221;]<\/p>\n<h2><span style=\"color: #f2f2f2;\">Lecturers<\/span><\/h2>\n<p><span style=\"color: #f2f2f2;\"><strong>Tomislav Zovi\u0107<\/strong><\/span><br \/>\n<span style=\"color: #f2f2f2;\">\u2022 The owner of a digital marketing company<\/span><br \/>\n<span style=\"color: #f2f2f2;\">\u2022 Develops business applications for tourism independently<\/span><br \/>\n<span style=\"color: #f2f2f2;\">\u2022 Internet Ad Campaign Manager<\/span><\/p>\n<p><span style=\"color: #f2f2f2;\"><strong>Andrija Anti\u010di\u0107<\/strong><\/span><br \/>\n<span style=\"color: #f2f2f2;\">\u2022 Manager of Global First Data Corporation Since 2008<\/span><br \/>\n<span style=\"color: #f2f2f2;\">\u2022 From 2002 until 2008 Deputy Operational Marketing Manager at Splitska Banka<\/span><br \/>\n<span style=\"color: #f2f2f2;\">\u2022 Author of many professional marketing papers<\/span><\/p>\n<p><span style=\"color: #f2f2f2;\"><strong>Ana Penovi\u0107<\/strong><\/span><br \/>\n<span style=\"color: #f2f2f2;\">\u2022 Corporate co-owner of social networking companies<\/span><br \/>\n<span style=\"color: #f2f2f2;\">\u2022 Launched the first Croatian technology lifestyle magazine<\/span><br \/>\n<span style=\"color: #f2f2f2;\">\u2022 10 years of experience in infor<\/span>[\/vc_column_text][\/vc_column][\/vc_row][vc_row][vc_column][vc_column_text]<strong>Enrollment requirements:<\/strong><\/p>\n<ul>\n<li>Completed three-year high school education<\/li>\n<li>Basic computer skills<\/li>\n<li>Minimum age of 18<\/li>\n<\/ul>\n<p><strong>Documents required for enrollment:<\/strong><\/p>\n<ul>\n<li>ID card or certificate of citizenship<\/li>\n<li>Birth certificate<\/li>\n<li>Final certificate of secondary education<\/li>\n<li>1 small photograph<\/li>\n<li>Personal Identification Number (OIB)<\/li>\n<\/ul>\n<p><strong>Literature:<\/strong><\/p>\n<ul>\n<li>Provided<\/li>\n<\/ul>\n<p>[\/vc_column_text][\/vc_column][\/vc_row][vc_row full_width=&#8221;stretch_row&#8221; bg_type=&#8221;bg_color&#8221; seperator_enable=&#8221;seperator_enable_value&#8221; seperator_type=&#8221;tilt_left_seperator&#8221; seperator_svg_height=&#8221;30&#8243; bg_color_value=&#8221;#f2f2f2&#8243;][vc_column][vc_column_text]<strong>Livestream Lectures<\/strong><\/p>\n<p>The program is unique in that it is delivered via livestream, allowing participants who are unable to attend in person to follow the lectures online, regardless of their location.<\/p>\n<p><strong>Installment Payment Option<\/strong><\/p>\n<p><em>Installment payment option up to 12 interest-free payments with no fees using Visa, Diners, and American Express cards.<\/em><\/p>\n<p><strong>Registration in the e-Employment Record Book<\/strong><\/p>\n<p>Upon successful completion of the assessment, each participant will be issued a certificate of qualification in INTERNET MARKETING AND BRANDING, which will be registered in the e-employment record book.<\/p>\n<p>We are confident that you will recognize the quality and potential of the program and become an Internet marketing specialist and branding.[\/vc_column_text][\/vc_column][\/vc_row][vc_row][vc_column]<div class=\" ubtn-ctn-center \"><a class=\"ubtn-link ult-adjust-bottom-margin ubtn-center ubtn-block \" href=\"https:\/\/www.aspira.hr\/en\/application-form\/application-lifelong-learning\/\" ><button type=\"button\" id=\"ubtn-9706\"  class=\"ubtn ult-adjust-bottom-margin ult-responsive ubtn-block ubtn-fade-bg  none  ubtn-center   tooltip-69f35a4d41a09 ubtn-block\"  data-hover=\"#ffffff\" data-border-color=\"\" data-bg=\"#da1611\" data-hover-bg=\"#262f40\" data-border-hover=\"\" data-shadow-hover=\"\" data-shadow-click=\"none\" data-shadow=\"\" data-shd-shadow=\"\"  data-ultimate-target='#ubtn-9706'  data-responsive-json-new='{\"font-size\":\"desktop:20px;\",\"line-height\":\"\"}'  style=\"font-weight:normal;border:none;background: #da1611;color: #ffffff;\"><span class=\"ubtn-hover\" style=\"background-color:#262f40\"><\/span><span class=\"ubtn-data ubtn-text \" >Application form<\/span><\/button><\/a><\/div>[\/vc_column][\/vc_row]<\/p>\n","protected":false},"excerpt":{"rendered":"<p>[vc_row][vc_column][vc_column_text]Department of Lifelong Learning at University College Aspira from Split organizes a training program for Internet marketing specialists and branding. Due to the growth and development of the IT and marketing market, the importance of doing business in digital environments is undeniable. Training program for INTERNET MARKETING SPECIALIST AND BRANDING Duration of program: 1 semester.[\/vc_column_text][\/vc_column][\/vc_row][vc_row][vc_column][vc_column_text]&hellip;<\/p>\n","protected":false},"author":1,"featured_media":0,"parent":20494,"menu_order":0,"comment_status":"closed","ping_status":"closed","template":"","meta":{"_monsterinsights_skip_tracking":false,"_monsterinsights_sitenote_active":false,"_monsterinsights_sitenote_note":"","_monsterinsights_sitenote_category":0},"yoast_head":"<!-- This site is optimized with the Yoast SEO plugin v18.0 - https:\/\/yoast.com\/wordpress\/plugins\/seo\/ -->\n<title>Internet marketing specialist and branding | ASPIRA University College<\/title>\n<meta name=\"robots\" content=\"index, follow, max-snippet:-1, max-image-preview:large, max-video-preview:-1\" \/>\n<link rel=\"canonical\" href=\"https:\/\/www.aspira.hr\/en\/lifelong-learning\/internet-marketing-specialists\/\" \/>\n<meta property=\"og:locale\" content=\"en_US\" \/>\n<meta property=\"og:type\" content=\"article\" \/>\n<meta property=\"og:title\" content=\"Internet marketing specialist and branding | ASPIRA University College\" \/>\n<meta property=\"og:description\" content=\"[vc_row][vc_column][vc_column_text]Department of Lifelong Learning at University College Aspira from Split organizes a training program for Internet marketing specialists and branding. Due to the growth and development of the IT and marketing market, the importance of doing business in digital environments is undeniable. Training program for INTERNET MARKETING SPECIALIST AND BRANDING Duration of program: 1 semester.[\/vc_column_text][\/vc_column][\/vc_row][vc_row][vc_column][vc_column_text]&hellip;\" \/>\n<meta property=\"og:url\" content=\"https:\/\/www.aspira.hr\/en\/lifelong-learning\/internet-marketing-specialists\/\" \/>\n<meta property=\"og:site_name\" content=\"ASPIRA University College\" \/>\n<meta property=\"article:publisher\" content=\"https:\/\/www.facebook.com\/Aspira.University.College\" \/>\n<meta property=\"article:modified_time\" content=\"2024-09-06T07:37:22+00:00\" \/>\n<meta name=\"twitter:card\" content=\"summary_large_image\" \/>\n<meta name=\"twitter:site\" content=\"@aspirasplit\" \/>\n<meta name=\"twitter:label1\" content=\"Est. reading time\" \/>\n\t<meta name=\"twitter:data1\" content=\"3 minutes\" \/>\n<script type=\"application\/ld+json\" class=\"yoast-schema-graph\">{\"@context\":\"https:\/\/schema.org\",\"@graph\":[{\"@type\":\"Organization\",\"@id\":\"https:\/\/www.aspira.hr\/#organization\",\"name\":\"Aspira university college\",\"url\":\"https:\/\/www.aspira.hr\/\",\"sameAs\":[\"https:\/\/www.facebook.com\/Aspira.University.College\",\"https:\/\/www.instagram.com\/aspira_university\/\",\"https:\/\/www.youtube.com\/channel\/UCIgYMJQ9r3uxEjC6kX_q7EQ\",\"https:\/\/twitter.com\/aspirasplit\"],\"logo\":{\"@type\":\"ImageObject\",\"@id\":\"https:\/\/www.aspira.hr\/#logo\",\"inLanguage\":\"en-US\",\"url\":\"https:\/\/www.aspira.hr\/wp-content\/uploads\/2018\/02\/Aspira-University-College-1.png\",\"contentUrl\":\"https:\/\/www.aspira.hr\/wp-content\/uploads\/2018\/02\/Aspira-University-College-1.png\",\"width\":247,\"height\":60,\"caption\":\"Aspira university college\"},\"image\":{\"@id\":\"https:\/\/www.aspira.hr\/#logo\"}},{\"@type\":\"WebSite\",\"@id\":\"https:\/\/www.aspira.hr\/#website\",\"url\":\"https:\/\/www.aspira.hr\/\",\"name\":\"ASPIRA University College\",\"description\":\"Obrazovanje vrhunskih menad\u017eera iz podru\u010dja sporta i turizma. Studijski programi Me\u0111unarodnog menad\u017ementa u hotelijerstvu i turizmu, te Sportskog menad\u017ementa.\",\"publisher\":{\"@id\":\"https:\/\/www.aspira.hr\/#organization\"},\"potentialAction\":[{\"@type\":\"SearchAction\",\"target\":{\"@type\":\"EntryPoint\",\"urlTemplate\":\"https:\/\/www.aspira.hr\/?s={search_term_string}\"},\"query-input\":\"required name=search_term_string\"}],\"inLanguage\":\"en-US\"},{\"@type\":\"WebPage\",\"@id\":\"https:\/\/www.aspira.hr\/en\/lifelong-learning\/internet-marketing-specialists\/#webpage\",\"url\":\"https:\/\/www.aspira.hr\/en\/lifelong-learning\/internet-marketing-specialists\/\",\"name\":\"Internet marketing specialist and branding | ASPIRA University College\",\"isPartOf\":{\"@id\":\"https:\/\/www.aspira.hr\/#website\"},\"datePublished\":\"2018-05-16T17:59:56+00:00\",\"dateModified\":\"2024-09-06T07:37:22+00:00\",\"breadcrumb\":{\"@id\":\"https:\/\/www.aspira.hr\/en\/lifelong-learning\/internet-marketing-specialists\/#breadcrumb\"},\"inLanguage\":\"en-US\",\"potentialAction\":[{\"@type\":\"ReadAction\",\"target\":[\"https:\/\/www.aspira.hr\/en\/lifelong-learning\/internet-marketing-specialists\/\"]}]},{\"@type\":\"BreadcrumbList\",\"@id\":\"https:\/\/www.aspira.hr\/en\/lifelong-learning\/internet-marketing-specialists\/#breadcrumb\",\"itemListElement\":[{\"@type\":\"ListItem\",\"position\":1,\"name\":\"Po\u010detna stranica\",\"item\":\"https:\/\/www.aspira.hr\/en\/\"},{\"@type\":\"ListItem\",\"position\":2,\"name\":\"Lifelong learning\",\"item\":\"https:\/\/www.aspira.hr\/en\/lifelong-learning\/\"},{\"@type\":\"ListItem\",\"position\":3,\"name\":\"Internet marketing specialist and branding\"}]}]}<\/script>\n<!-- \/ Yoast SEO plugin. -->","yoast_head_json":{"title":"Internet marketing specialist and branding | ASPIRA University College","robots":{"index":"index","follow":"follow","max-snippet":"max-snippet:-1","max-image-preview":"max-image-preview:large","max-video-preview":"max-video-preview:-1"},"canonical":"https:\/\/www.aspira.hr\/en\/lifelong-learning\/internet-marketing-specialists\/","og_locale":"en_US","og_type":"article","og_title":"Internet marketing specialist and branding | ASPIRA University College","og_description":"[vc_row][vc_column][vc_column_text]Department of Lifelong Learning at University College Aspira from Split organizes a training program for Internet marketing specialists and branding. Due to the growth and development of the IT and marketing market, the importance of doing business in digital environments is undeniable. Training program for INTERNET MARKETING SPECIALIST AND BRANDING Duration of program: 1 semester.[\/vc_column_text][\/vc_column][\/vc_row][vc_row][vc_column][vc_column_text]&hellip;","og_url":"https:\/\/www.aspira.hr\/en\/lifelong-learning\/internet-marketing-specialists\/","og_site_name":"ASPIRA University College","article_publisher":"https:\/\/www.facebook.com\/Aspira.University.College","article_modified_time":"2024-09-06T07:37:22+00:00","twitter_card":"summary_large_image","twitter_site":"@aspirasplit","twitter_misc":{"Est. reading time":"3 minutes"},"schema":{"@context":"https:\/\/schema.org","@graph":[{"@type":"Organization","@id":"https:\/\/www.aspira.hr\/#organization","name":"Aspira university college","url":"https:\/\/www.aspira.hr\/","sameAs":["https:\/\/www.facebook.com\/Aspira.University.College","https:\/\/www.instagram.com\/aspira_university\/","https:\/\/www.youtube.com\/channel\/UCIgYMJQ9r3uxEjC6kX_q7EQ","https:\/\/twitter.com\/aspirasplit"],"logo":{"@type":"ImageObject","@id":"https:\/\/www.aspira.hr\/#logo","inLanguage":"en-US","url":"https:\/\/www.aspira.hr\/wp-content\/uploads\/2018\/02\/Aspira-University-College-1.png","contentUrl":"https:\/\/www.aspira.hr\/wp-content\/uploads\/2018\/02\/Aspira-University-College-1.png","width":247,"height":60,"caption":"Aspira university college"},"image":{"@id":"https:\/\/www.aspira.hr\/#logo"}},{"@type":"WebSite","@id":"https:\/\/www.aspira.hr\/#website","url":"https:\/\/www.aspira.hr\/","name":"ASPIRA University College","description":"Obrazovanje vrhunskih menad\u017eera iz podru\u010dja sporta i turizma. Studijski programi Me\u0111unarodnog menad\u017ementa u hotelijerstvu i turizmu, te Sportskog menad\u017ementa.","publisher":{"@id":"https:\/\/www.aspira.hr\/#organization"},"potentialAction":[{"@type":"SearchAction","target":{"@type":"EntryPoint","urlTemplate":"https:\/\/www.aspira.hr\/?s={search_term_string}"},"query-input":"required name=search_term_string"}],"inLanguage":"en-US"},{"@type":"WebPage","@id":"https:\/\/www.aspira.hr\/en\/lifelong-learning\/internet-marketing-specialists\/#webpage","url":"https:\/\/www.aspira.hr\/en\/lifelong-learning\/internet-marketing-specialists\/","name":"Internet marketing specialist and branding | ASPIRA University College","isPartOf":{"@id":"https:\/\/www.aspira.hr\/#website"},"datePublished":"2018-05-16T17:59:56+00:00","dateModified":"2024-09-06T07:37:22+00:00","breadcrumb":{"@id":"https:\/\/www.aspira.hr\/en\/lifelong-learning\/internet-marketing-specialists\/#breadcrumb"},"inLanguage":"en-US","potentialAction":[{"@type":"ReadAction","target":["https:\/\/www.aspira.hr\/en\/lifelong-learning\/internet-marketing-specialists\/"]}]},{"@type":"BreadcrumbList","@id":"https:\/\/www.aspira.hr\/en\/lifelong-learning\/internet-marketing-specialists\/#breadcrumb","itemListElement":[{"@type":"ListItem","position":1,"name":"Po\u010detna stranica","item":"https:\/\/www.aspira.hr\/en\/"},{"@type":"ListItem","position":2,"name":"Lifelong learning","item":"https:\/\/www.aspira.hr\/en\/lifelong-learning\/"},{"@type":"ListItem","position":3,"name":"Internet marketing specialist and branding"}]}]}},"_links":{"self":[{"href":"https:\/\/www.aspira.hr\/en\/wp-json\/wp\/v2\/pages\/20524"}],"collection":[{"href":"https:\/\/www.aspira.hr\/en\/wp-json\/wp\/v2\/pages"}],"about":[{"href":"https:\/\/www.aspira.hr\/en\/wp-json\/wp\/v2\/types\/page"}],"author":[{"embeddable":true,"href":"https:\/\/www.aspira.hr\/en\/wp-json\/wp\/v2\/users\/1"}],"replies":[{"embeddable":true,"href":"https:\/\/www.aspira.hr\/en\/wp-json\/wp\/v2\/comments?post=20524"}],"version-history":[{"count":7,"href":"https:\/\/www.aspira.hr\/en\/wp-json\/wp\/v2\/pages\/20524\/revisions"}],"predecessor-version":[{"id":34893,"href":"https:\/\/www.aspira.hr\/en\/wp-json\/wp\/v2\/pages\/20524\/revisions\/34893"}],"up":[{"embeddable":true,"href":"https:\/\/www.aspira.hr\/en\/wp-json\/wp\/v2\/pages\/20494"}],"wp:attachment":[{"href":"https:\/\/www.aspira.hr\/en\/wp-json\/wp\/v2\/media?parent=20524"}],"curies":[{"name":"wp","href":"https:\/\/api.w.org\/{rel}","templated":true}]}}