{"id":20511,"date":"2018-05-13T14:15:08","date_gmt":"2018-05-13T12:15:08","guid":{"rendered":"https:\/\/www.aspira.hr\/lifelong-learning\/voditelj-turisticke-poslovnice\/"},"modified":"2025-02-28T12:03:23","modified_gmt":"2025-02-28T11:03:23","slug":"head-of-tourist-office","status":"publish","type":"page","link":"https:\/\/www.aspira.hr\/en\/lifelong-learning\/head-of-tourist-office\/","title":{"rendered":"Head of tourist office"},"content":{"rendered":"<p>[vc_row][vc_column][vc_column_text]Department of Lifelong Learning at Aspira University of Applied Sciences from Split organizes and conducts seminar for taking the professional exam for branch managers. The aforementioned seminar and exams are organized and conducted pursuant to Act on the provision of tourism services (Official Gazette 68\/07), and Ordinance on professional examination for branch managers (Official Gazette 50\/08).[\/vc_column_text][\/vc_column][\/vc_row][vc_row][vc_column][vc_column_text]<\/p>\n<h2>Why enrol in the program for branch managers at Aspira?<\/h2>\n<ul>\n<li>Affordable price<\/li>\n<li>Possibility of payment in 12 instalments<\/li>\n<li>Excellent lecturers with years of experience in practice<\/li>\n<li>Additional discount when combining this program with the program for tourist guides<\/li>\n<li>Two free exam terms<\/li>\n<li>All the materials required to take the exam<\/li>\n<\/ul>\n<p>[\/vc_column_text][\/vc_column][\/vc_row][vc_row full_width=&#8221;stretch_row&#8221; bg_type=&#8221;bg_color&#8221; seperator_enable=&#8221;seperator_enable_value&#8221; seperator_type=&#8221;multi_triangle_seperator&#8221; bg_color_value=&#8221;#f2f2f2&#8243;][vc_column][vc_column_text]<\/p>\n<h2>PROFESSIONAL EXAMINATION AND SEMINAR FOR BRANCH MANAGER (Head of tourist office)<\/h2>\n<p>[\/vc_column_text][vc_row_inner][vc_column_inner width=&#8221;1\/2&#8243;][vc_column_text]Admission informations:\u00a0<a href=\"mailto:info@aspira.hr\">info@aspira.hr<\/a>[\/vc_column_text][\/vc_column_inner][vc_column_inner width=&#8221;1\/2&#8243;][vc_column_text]Admission informations:\u00a0<a href=\"mailto:info@aspira.hr\">info@aspira.hr<\/a>[\/vc_column_text][\/vc_column_inner][\/vc_row_inner][vc_column_text]<\/p>\n<h4>Payment information:<\/h4>\n<p>Recipient Aspira University of Applied Sciences, Domovinskog rata 65, 2100 Split<br \/>\nDescription of payment Seminar and professional exam for tourist guide<br \/>\nIBAN (RBA) HR4024840081104992880<br \/>\nModel of payment 01<br \/>\nReference number Your OIB[\/vc_column_text][\/vc_column][\/vc_row][vc_row][vc_column][vc_column_text]To carry out these activities candidates need to check whether they meet the conditions laid down by the law, and for the registration and professional exam they have to meet the following requirements:<\/p>\n<ol>\n<li>to have at least secondary school qualifications,<\/li>\n<li>to actively speak at least one foreign language,<\/li>\n<li>to register for and pay the exam costs.<\/li>\n<\/ol>\n<p><a href=\"http:\/\/www.mint.hr\/default.aspx?id=4493\" target=\"_blank\" rel=\"noopener noreferrer\">All applicable laws and regulations in the field of hospitality and tourism can be viewed on the website of the Croatian Ministry of Tourism<\/a><\/p>\n<p>Registration for the seminar:<\/p>\n<p>Candidates are to register for the seminar exclusively in the form of written application.<\/p>\n<p>Along with the application to take the professional exam for\u00a0<strong>branch managers<\/strong>, candidates need to enclose:<\/p>\n<ol>\n<li>photocopy of identity card or passport,<\/li>\n<li>evidence of paying the fee for the exam,<\/li>\n<li>certificate on completing secondary education (original or verified photocopy of adequate certificate or diploma),<\/li>\n<li>certificate issued by educational institution on active knowledge of one foreign language and on passive knowledge of another one, and<\/li>\n<li>birth certificate<\/li>\n<\/ol>\n<p>[\/vc_column_text][\/vc_column][\/vc_row][vc_row full_width=&#8221;stretch_row&#8221; bg_type=&#8221;bg_color&#8221; seperator_enable=&#8221;seperator_enable_value&#8221; seperator_type=&#8221;tilt_right_seperator&#8221; seperator_position=&#8221;top_bottom_seperator&#8221; seperator_svg_height=&#8221;40&#8243; bg_color_value=&#8221;#262f40&#8243;][vc_column][vc_column_text css=&#8221;.vc_custom_1532801764266{margin-bottom: 30px !important;padding-top: 20px !important;padding-bottom: 20px !important;}&#8221;]<\/p>\n<h2><span style=\"color: #f2f2f2;\">Program \/ courses of the seminar for branch managers<\/span><\/h2>\n<table width=\"680\">\n<tbody>\n<tr>\n<td width=\"607\"><span style=\"color: #f2f2f2;\"><strong>SUBJECT<\/strong><\/span><\/td>\n<td width=\"67\"><span style=\"color: #f2f2f2;\"><strong>NUMBER OF HOURS<\/strong><\/span><\/td>\n<\/tr>\n<tr>\n<td width=\"607\"><span style=\"color: #f2f2f2;\"><strong>Political system of the Republic of Croatia<\/strong><\/span><\/td>\n<td width=\"67\"><span style=\"color: #f2f2f2;\">5<\/span><\/td>\n<\/tr>\n<tr>\n<td width=\"607\"><span style=\"color: #f2f2f2;\"><strong>Economic system of the Republic of Croatia<\/strong><\/span><\/td>\n<td width=\"67\"><span style=\"color: #f2f2f2;\">5<\/span><\/td>\n<\/tr>\n<tr>\n<td width=\"607\"><span style=\"color: #f2f2f2;\"><strong>Basics of tourism and the introduction to the tourism operations<\/strong><\/span><\/td>\n<td width=\"67\"><span style=\"color: #f2f2f2;\">6<\/span><\/td>\n<\/tr>\n<tr>\n<td width=\"607\"><span style=\"color: #f2f2f2;\"><strong>Basics of tourism legislation<\/strong><\/span><\/td>\n<td width=\"67\"><span style=\"color: #f2f2f2;\">5<\/span><\/td>\n<\/tr>\n<tr>\n<td width=\"607\"><span style=\"color: #f2f2f2;\"><strong>Travel agencies<\/strong><\/span><\/td>\n<td width=\"67\"><span style=\"color: #f2f2f2;\">12<\/span><\/td>\n<\/tr>\n<tr>\n<td width=\"607\"><span style=\"color: #f2f2f2;\"><strong>Practical training<\/strong><\/span><\/td>\n<td width=\"67\"><span style=\"color: #f2f2f2;\">10<\/span><\/td>\n<\/tr>\n<\/tbody>\n<\/table>\n<p><span style=\"color: #f2f2f2;\">It is legally proscribed as mandatory to attend classes for all the courses.<\/span>[\/vc_column_text][\/vc_column][\/vc_row][vc_row][vc_column][vc_column_text]After completing the classes, candidates take commission exam. The exam is graded as \u201cpassed\u201d or \u201cfailed\u201d. The exam commission in these seminars is appointed by the competent ministry, and the lecturers are experts from Aspira University of Applied Sciences, Directorate for the Protection of Culture and Heritage and Ministry of Tourism. Before the beginning of classes, candidates receive schedule of classes with lectures for each course.<\/p>\n<p>Professional exams are performed on the grounds of\u00a0<strong>the Decision by Ministry of Tourism<\/strong>, class: 334-01\/13-01\/50; Reference number: 529-06-13-03 dated 2 April 2013.<\/p>\n<p>The price includes:<\/p>\n<ol>\n<li>lectures<\/li>\n<li>materials to help candidates master course contents more easily,<\/li>\n<li>two exam terms.<\/li>\n<\/ol>\n<p>The following candidates are entitled to 10% discount on the general and special part of the program:<\/p>\n<ol>\n<li>students and alumni of ASPIRA,<\/li>\n<li>legal persons who register two or more persons<\/li>\n<\/ol>\n<p>[\/vc_column_text][\/vc_column][\/vc_row][vc_row][vc_column]<div class=\" ubtn-ctn-center \"><a class=\"ubtn-link ult-adjust-bottom-margin ubtn-center ubtn-block \" href=\"https:\/\/www.aspira.hr\/en\/application-form\/application-lifelong-learning\/\" ><button type=\"button\" id=\"ubtn-3348\"  class=\"ubtn ult-adjust-bottom-margin ult-responsive ubtn-block ubtn-fade-bg  none  ubtn-center   tooltip-69ec7fd20c720 ubtn-block\"  data-hover=\"#ffffff\" data-border-color=\"\" data-bg=\"#da1611\" data-hover-bg=\"#262f40\" data-border-hover=\"\" data-shadow-hover=\"\" data-shadow-click=\"none\" data-shadow=\"\" data-shd-shadow=\"\"  data-ultimate-target='#ubtn-3348'  data-responsive-json-new='{\"font-size\":\"desktop:20px;\",\"line-height\":\"\"}'  style=\"font-weight:normal;border:none;background: #da1611;color: #ffffff;\"><span class=\"ubtn-hover\" style=\"background-color:#262f40\"><\/span><span class=\"ubtn-data ubtn-text \" >Application form<\/span><\/button><\/a><\/div>[\/vc_column][\/vc_row]<\/p>\n","protected":false},"excerpt":{"rendered":"<p>[vc_row][vc_column][vc_column_text]Department of Lifelong Learning at Aspira University of Applied Sciences from Split organizes and conducts seminar for taking the professional exam for branch managers. The aforementioned seminar and exams are organized and conducted pursuant to Act on the provision of tourism services (Official Gazette 68\/07), and Ordinance on professional examination for branch managers (Official Gazette&hellip;<\/p>\n","protected":false},"author":1,"featured_media":0,"parent":20494,"menu_order":0,"comment_status":"closed","ping_status":"closed","template":"","meta":{"_monsterinsights_skip_tracking":false,"_monsterinsights_sitenote_active":false,"_monsterinsights_sitenote_note":"","_monsterinsights_sitenote_category":0},"yoast_head":"<!-- This site is optimized with the Yoast SEO plugin v18.0 - https:\/\/yoast.com\/wordpress\/plugins\/seo\/ -->\n<title>Head of tourist office | ASPIRA University College<\/title>\n<meta name=\"robots\" content=\"index, follow, max-snippet:-1, max-image-preview:large, max-video-preview:-1\" \/>\n<link rel=\"canonical\" href=\"https:\/\/www.aspira.hr\/en\/lifelong-learning\/head-of-tourist-office\/\" \/>\n<meta property=\"og:locale\" content=\"en_US\" \/>\n<meta property=\"og:type\" content=\"article\" \/>\n<meta property=\"og:title\" content=\"Head of tourist office | ASPIRA University College\" \/>\n<meta property=\"og:description\" content=\"[vc_row][vc_column][vc_column_text]Department of Lifelong Learning at Aspira University of Applied Sciences from Split organizes and conducts seminar for taking the professional exam for branch managers. The aforementioned seminar and exams are organized and conducted pursuant to Act on the provision of tourism services (Official Gazette 68\/07), and Ordinance on professional examination for branch managers (Official Gazette&hellip;\" \/>\n<meta property=\"og:url\" content=\"https:\/\/www.aspira.hr\/en\/lifelong-learning\/head-of-tourist-office\/\" \/>\n<meta property=\"og:site_name\" content=\"ASPIRA University College\" \/>\n<meta property=\"article:publisher\" content=\"https:\/\/www.facebook.com\/Aspira.University.College\" \/>\n<meta property=\"article:modified_time\" content=\"2025-02-28T11:03:23+00:00\" \/>\n<meta name=\"twitter:card\" content=\"summary_large_image\" \/>\n<meta name=\"twitter:site\" content=\"@aspirasplit\" \/>\n<meta name=\"twitter:label1\" content=\"Est. reading time\" \/>\n\t<meta name=\"twitter:data1\" content=\"4 minutes\" \/>\n<script type=\"application\/ld+json\" class=\"yoast-schema-graph\">{\"@context\":\"https:\/\/schema.org\",\"@graph\":[{\"@type\":\"Organization\",\"@id\":\"https:\/\/www.aspira.hr\/#organization\",\"name\":\"Aspira university college\",\"url\":\"https:\/\/www.aspira.hr\/\",\"sameAs\":[\"https:\/\/www.facebook.com\/Aspira.University.College\",\"https:\/\/www.instagram.com\/aspira_university\/\",\"https:\/\/www.youtube.com\/channel\/UCIgYMJQ9r3uxEjC6kX_q7EQ\",\"https:\/\/twitter.com\/aspirasplit\"],\"logo\":{\"@type\":\"ImageObject\",\"@id\":\"https:\/\/www.aspira.hr\/#logo\",\"inLanguage\":\"en-US\",\"url\":\"https:\/\/www.aspira.hr\/wp-content\/uploads\/2018\/02\/Aspira-University-College-1.png\",\"contentUrl\":\"https:\/\/www.aspira.hr\/wp-content\/uploads\/2018\/02\/Aspira-University-College-1.png\",\"width\":247,\"height\":60,\"caption\":\"Aspira university college\"},\"image\":{\"@id\":\"https:\/\/www.aspira.hr\/#logo\"}},{\"@type\":\"WebSite\",\"@id\":\"https:\/\/www.aspira.hr\/#website\",\"url\":\"https:\/\/www.aspira.hr\/\",\"name\":\"ASPIRA University College\",\"description\":\"Obrazovanje vrhunskih menad\u017eera iz podru\u010dja sporta i turizma. Studijski programi Me\u0111unarodnog menad\u017ementa u hotelijerstvu i turizmu, te Sportskog menad\u017ementa.\",\"publisher\":{\"@id\":\"https:\/\/www.aspira.hr\/#organization\"},\"potentialAction\":[{\"@type\":\"SearchAction\",\"target\":{\"@type\":\"EntryPoint\",\"urlTemplate\":\"https:\/\/www.aspira.hr\/?s={search_term_string}\"},\"query-input\":\"required name=search_term_string\"}],\"inLanguage\":\"en-US\"},{\"@type\":\"WebPage\",\"@id\":\"https:\/\/www.aspira.hr\/en\/lifelong-learning\/head-of-tourist-office\/#webpage\",\"url\":\"https:\/\/www.aspira.hr\/en\/lifelong-learning\/head-of-tourist-office\/\",\"name\":\"Head of tourist office | ASPIRA University College\",\"isPartOf\":{\"@id\":\"https:\/\/www.aspira.hr\/#website\"},\"datePublished\":\"2018-05-13T12:15:08+00:00\",\"dateModified\":\"2025-02-28T11:03:23+00:00\",\"breadcrumb\":{\"@id\":\"https:\/\/www.aspira.hr\/en\/lifelong-learning\/head-of-tourist-office\/#breadcrumb\"},\"inLanguage\":\"en-US\",\"potentialAction\":[{\"@type\":\"ReadAction\",\"target\":[\"https:\/\/www.aspira.hr\/en\/lifelong-learning\/head-of-tourist-office\/\"]}]},{\"@type\":\"BreadcrumbList\",\"@id\":\"https:\/\/www.aspira.hr\/en\/lifelong-learning\/head-of-tourist-office\/#breadcrumb\",\"itemListElement\":[{\"@type\":\"ListItem\",\"position\":1,\"name\":\"Po\u010detna stranica\",\"item\":\"https:\/\/www.aspira.hr\/en\/\"},{\"@type\":\"ListItem\",\"position\":2,\"name\":\"Lifelong learning\",\"item\":\"https:\/\/www.aspira.hr\/en\/lifelong-learning\/\"},{\"@type\":\"ListItem\",\"position\":3,\"name\":\"Head of tourist office\"}]}]}<\/script>\n<!-- \/ Yoast SEO plugin. -->","yoast_head_json":{"title":"Head of tourist office | ASPIRA University College","robots":{"index":"index","follow":"follow","max-snippet":"max-snippet:-1","max-image-preview":"max-image-preview:large","max-video-preview":"max-video-preview:-1"},"canonical":"https:\/\/www.aspira.hr\/en\/lifelong-learning\/head-of-tourist-office\/","og_locale":"en_US","og_type":"article","og_title":"Head of tourist office | ASPIRA University College","og_description":"[vc_row][vc_column][vc_column_text]Department of Lifelong Learning at Aspira University of Applied Sciences from Split organizes and conducts seminar for taking the professional exam for branch managers. The aforementioned seminar and exams are organized and conducted pursuant to Act on the provision of tourism services (Official Gazette 68\/07), and Ordinance on professional examination for branch managers (Official Gazette&hellip;","og_url":"https:\/\/www.aspira.hr\/en\/lifelong-learning\/head-of-tourist-office\/","og_site_name":"ASPIRA University College","article_publisher":"https:\/\/www.facebook.com\/Aspira.University.College","article_modified_time":"2025-02-28T11:03:23+00:00","twitter_card":"summary_large_image","twitter_site":"@aspirasplit","twitter_misc":{"Est. reading time":"4 minutes"},"schema":{"@context":"https:\/\/schema.org","@graph":[{"@type":"Organization","@id":"https:\/\/www.aspira.hr\/#organization","name":"Aspira university college","url":"https:\/\/www.aspira.hr\/","sameAs":["https:\/\/www.facebook.com\/Aspira.University.College","https:\/\/www.instagram.com\/aspira_university\/","https:\/\/www.youtube.com\/channel\/UCIgYMJQ9r3uxEjC6kX_q7EQ","https:\/\/twitter.com\/aspirasplit"],"logo":{"@type":"ImageObject","@id":"https:\/\/www.aspira.hr\/#logo","inLanguage":"en-US","url":"https:\/\/www.aspira.hr\/wp-content\/uploads\/2018\/02\/Aspira-University-College-1.png","contentUrl":"https:\/\/www.aspira.hr\/wp-content\/uploads\/2018\/02\/Aspira-University-College-1.png","width":247,"height":60,"caption":"Aspira university college"},"image":{"@id":"https:\/\/www.aspira.hr\/#logo"}},{"@type":"WebSite","@id":"https:\/\/www.aspira.hr\/#website","url":"https:\/\/www.aspira.hr\/","name":"ASPIRA University College","description":"Obrazovanje vrhunskih menad\u017eera iz podru\u010dja sporta i turizma. Studijski programi Me\u0111unarodnog menad\u017ementa u hotelijerstvu i turizmu, te Sportskog menad\u017ementa.","publisher":{"@id":"https:\/\/www.aspira.hr\/#organization"},"potentialAction":[{"@type":"SearchAction","target":{"@type":"EntryPoint","urlTemplate":"https:\/\/www.aspira.hr\/?s={search_term_string}"},"query-input":"required name=search_term_string"}],"inLanguage":"en-US"},{"@type":"WebPage","@id":"https:\/\/www.aspira.hr\/en\/lifelong-learning\/head-of-tourist-office\/#webpage","url":"https:\/\/www.aspira.hr\/en\/lifelong-learning\/head-of-tourist-office\/","name":"Head of tourist office | ASPIRA University College","isPartOf":{"@id":"https:\/\/www.aspira.hr\/#website"},"datePublished":"2018-05-13T12:15:08+00:00","dateModified":"2025-02-28T11:03:23+00:00","breadcrumb":{"@id":"https:\/\/www.aspira.hr\/en\/lifelong-learning\/head-of-tourist-office\/#breadcrumb"},"inLanguage":"en-US","potentialAction":[{"@type":"ReadAction","target":["https:\/\/www.aspira.hr\/en\/lifelong-learning\/head-of-tourist-office\/"]}]},{"@type":"BreadcrumbList","@id":"https:\/\/www.aspira.hr\/en\/lifelong-learning\/head-of-tourist-office\/#breadcrumb","itemListElement":[{"@type":"ListItem","position":1,"name":"Po\u010detna stranica","item":"https:\/\/www.aspira.hr\/en\/"},{"@type":"ListItem","position":2,"name":"Lifelong learning","item":"https:\/\/www.aspira.hr\/en\/lifelong-learning\/"},{"@type":"ListItem","position":3,"name":"Head of tourist office"}]}]}},"_links":{"self":[{"href":"https:\/\/www.aspira.hr\/en\/wp-json\/wp\/v2\/pages\/20511"}],"collection":[{"href":"https:\/\/www.aspira.hr\/en\/wp-json\/wp\/v2\/pages"}],"about":[{"href":"https:\/\/www.aspira.hr\/en\/wp-json\/wp\/v2\/types\/page"}],"author":[{"embeddable":true,"href":"https:\/\/www.aspira.hr\/en\/wp-json\/wp\/v2\/users\/1"}],"replies":[{"embeddable":true,"href":"https:\/\/www.aspira.hr\/en\/wp-json\/wp\/v2\/comments?post=20511"}],"version-history":[{"count":3,"href":"https:\/\/www.aspira.hr\/en\/wp-json\/wp\/v2\/pages\/20511\/revisions"}],"predecessor-version":[{"id":37025,"href":"https:\/\/www.aspira.hr\/en\/wp-json\/wp\/v2\/pages\/20511\/revisions\/37025"}],"up":[{"embeddable":true,"href":"https:\/\/www.aspira.hr\/en\/wp-json\/wp\/v2\/pages\/20494"}],"wp:attachment":[{"href":"https:\/\/www.aspira.hr\/en\/wp-json\/wp\/v2\/media?parent=20511"}],"curies":[{"name":"wp","href":"https:\/\/api.w.org\/{rel}","templated":true}]}}