{"id":20465,"date":"2018-06-17T23:53:52","date_gmt":"2018-06-17T21:53:52","guid":{"rendered":"https:\/\/www.aspira.hr\/o-studiju\/"},"modified":"2026-01-26T11:35:44","modified_gmt":"2026-01-26T10:35:44","slug":"about-study-program","status":"publish","type":"page","link":"https:\/\/www.aspira.hr\/en\/study-programs\/master-of-sports-management\/about-study-program\/","title":{"rendered":"About study program"},"content":{"rendered":"<p>[vc_row][vc_column][vc_column_text]<\/p>\n<h2>Who is the study program intended for?<\/h2>\n<p>Professional graduate study of Sports Management is the first and only such study program in Croatia.<br \/>\nIt is intended for the professionals who already work in sports, and want to advance their career, as well as those who want to achieve successful careers in sports and sports industry.<br \/>\nNowadays, sports in the EU generates several hundred million of Euro, which is approximately 4% GDP of the European Union, and provides jobs for 15 million people, or 5.4% of workforce.<br \/>\nIn Croatia, there are great requirements for highly educated professionals in the area of sports management due to the fact that managers in sports organizations, i.e. those who work in sports industry are usually not formally educated for managing specific business processes in the area of sports.<\/p>\n<p>Without educated sports managers, sports organizations cannot be recognized in the sports market, and thus suffer\u00a0enormous losses. Furthermore, non-profit sport organizations, such as sports associations, federations, local and state departments for sports, have realized that they can no longer function without modern and efficient management.[\/vc_column_text][\/vc_column][\/vc_row][vc_row full_width=&#8221;stretch_row&#8221; bg_type=&#8221;bg_color&#8221; seperator_enable=&#8221;seperator_enable_value&#8221; seperator_type=&#8221;tilt_left_seperator&#8221; seperator_position=&#8221;top_bottom_seperator&#8221; seperator_svg_height=&#8221;30&#8243; bg_color_value=&#8221;#262f40&#8243;][vc_column][vc_column_text]<\/p>\n<h2><span style=\"color: #f2f2f2;\">Competences acquired by the study program<\/span><\/h2>\n<p><span style=\"color: #f2f2f2;\">After finishing professional graduate study of sports management graduates acquire competences required to manage the systems of higher level of complexity on \u201ctop management\u201d jobs, as well as possibility to continue higher education on postgraduate studies in accordance with the Bologna Declaration.<\/span><\/p>\n<p><span style=\"color: #f2f2f2;\">The competences acquired by this study program, especially considering the continuity of undergraduate and graduate study of sports management can be divided into general and specific.<\/span><\/p>\n<p><span style=\"color: #f2f2f2;\">General competences are based on comprehensive education which includes basic theoretical, methodological, and applicative knowledge in the area of economics, management, kinesiology, law, information and communication sciences, psychology and sociology.<\/span><\/p>\n<p><span style=\"color: #f2f2f2;\">Specific competences are based on highly professional and expert training in the area of sports management, marketing management in sports, management of sports facilities and events, controlling and financial management in sports companies, sponsorship in sports, public relations in sports, sports law, and among other, managing human resources and socially responsible behavior in sports.<\/span>[\/vc_column_text]<div class=\" ubtn-ctn-center \"><a class=\"ubtn-link ult-adjust-bottom-margin ubtn-center ubtn-custom \" href=\"https:\/\/www.aspira.hr\/en\/application-form\/application-study-programs\/\" ><button type=\"button\" id=\"ubtn-5655\"  class=\"ubtn ult-adjust-bottom-margin ult-responsive ubtn-custom ubtn-fade-bg  none  ubtn-center   tooltip-69f0eb9b3993a\"  data-hover=\"#ffffff\" data-border-color=\"\" data-bg=\"#ff1e1e\" data-hover-bg=\"#262f40\" data-border-hover=\"\" data-shadow-hover=\"\" data-shadow-click=\"none\" data-shadow=\"\" data-shd-shadow=\"\"  data-ultimate-target='#ubtn-5655'  data-responsive-json-new='{\"font-size\":\"desktop:16px;\",\"line-height\":\"\"}'  style=\"font-weight:normal;width:300px;min-height:50px;padding:px px;border:none;background: #ff1e1e;color: #ffffff;\"><span class=\"ubtn-hover\" style=\"background-color:#262f40\"><\/span><span class=\"ubtn-data ubtn-text \" >Application form<\/span><\/button><\/a><\/div>[\/vc_column][\/vc_row][vc_row][vc_column][vc_column_text]<\/p>\n<h2>Duration of the study program<\/h2>\n<p>The study program lasts for two years (four semesters). After completing the study program graduates acquire, according to the provisions of the Bologna Process, 120 ECTS credits, and the professional title of (the equivalent of masters degree):<br \/>\n<strong>\u201cMaster of Sports Management (Msc in sports management)\u201d<\/strong>[\/vc_column_text][\/vc_column][\/vc_row][vc_row full_width=&#8221;stretch_row&#8221; bg_type=&#8221;bg_color&#8221; seperator_enable=&#8221;seperator_enable_value&#8221; seperator_type=&#8221;triangle_svg_seperator&#8221; seperator_svg_height=&#8221;35&#8243; bg_color_value=&#8221;#f2f2f2&#8243;][vc_column][vc_column_text]<\/p>\n<h2>Learning outcomes<\/h2>\n<p>The anticipated learning outcomes gained by completing the graduate specialist study Sports Management will enable students to:<\/p>\n<p>1. manage business activities and processes in sport facilities<br \/>\n2. Manage business activities and processes in sports facilities<\/p>\n<p>3. Analyze the competitive position of the organization in a changing market environment by applying business intelligence techniques<\/p>\n<p>4. Apply direct and online marketing in business<\/p>\n<p>5. Use communication technologies when managing public relations<\/p>\n<p>6. Apply a business goal setting system and form strategic planning that leads to goal achievement<\/p>\n<p>7. Design a plan for the development of human resources in the organization in an optimal way<\/p>\n<p>8. Use controlling methods in the management system of a sports organization<\/p>\n<p>9. Use managerial accounting techniques in the function of making business decisions<\/p>\n<p>10. Identify the fundamental strategic goals of the European Union<\/p>\n<p>11. To analyze the ways in which individuals, organizations, institutions and communities can actively participate in the design and realization of projects, when creating their own project<\/p>\n<p>12. Use different methodological approaches to market research in sports and connect all phases starting from the preparation of the research, the design of the measuring instrument, the implementation of the research, to the processing of the collected data with the analysis of the results and the development<\/p>\n<p>13. Organize and conduct negotiations, using negotiation strategies and tactics<\/p>\n<p>14. Discuss the sociological and psychological aspects of sports competitions and their social and political importance in society<\/p>\n<p>15. Create a bankruptcy plan when applying bankruptcy as a crisis resolution model<\/p>\n<p>16. Lead the project team when constructing a business project<\/p>\n<p>17. Create a plan of marketing activities for the promotion of a sports product or sports organization<\/p>\n<p>18. Valorize the potential of constant development of human traits, abilities and motor skills and their retention at the highest possible level for as long as possible<\/p>\n<p>19. Create a sponsorship offer in accordance with the goals and strategy of the company<\/p>\n<p>20. Apply sports law and legal sources in different systems of sports competitions<\/p>\n<p>[\/vc_column_text][\/vc_column][\/vc_row][vc_row][vc_column][vc_column_text]<\/p>\n<h2>Overview of the course<\/h2>\n<p>During the course, students will attend the following courses (in alphabetical order):<\/p>\n<ul>\n<li>Business Intelligence<\/li>\n<li>Controlling in sports organizations<\/li>\n<li>Graduate thesis<\/li>\n<li>EU Market, Institutions and Projects<\/li>\n<li>Market Research in Sports Management<\/li>\n<li>Selected kinesiology topics<\/li>\n<li>Crisis Management<\/li>\n<li>Marketing Management in Sports<\/li>\n<li>Project management<\/li>\n<li>Management of sports facilities and events<\/li>\n<li>Public Relations in Sports<\/li>\n<li>Socio-psychological aspects of major sports competitions<\/li>\n<li>Sponsorship in Sports<\/li>\n<li>Sports Industry and Markets<\/li>\n<li>Sports Law<\/li>\n<li>Human Resource Management Strategy<\/li>\n<li>Strategic Management<\/li>\n<\/ul>\n<p>[\/vc_column_text][\/vc_column][\/vc_row][vc_row full_width=&#8221;stretch_row&#8221; bg_type=&#8221;image&#8221; parallax_style=&#8221;vcpb-vz-jquery&#8221; bg_image_new=&#8221;id^19435|url^https:\/\/www.aspira.hr\/wp-content\/uploads\/2018\/06\/financije.jpg|caption^null|alt^financije|title^financije|description^null&#8221; bg_image_repeat=&#8221;no-repeat&#8221; bg_img_attach=&#8221;fixed&#8221;][vc_column][vc_column_text]<\/p>\n<h1><span style=\"color: #f2f2f2;\">Financial management module<\/span><\/h1>\n<h2><span style=\"color: #f2f2f2;\">Who is it intended for<\/span><\/h2>\n<p><span style=\"color: #f2f2f2;\">Specialized Graduate study Program in Sport Management with the module Financial Management is intended for all students who want to acquire knowledge and skills in the field of finance, especially in the field of insurance business. Financial management is an important aspect of every successful venture. Maximizing profits is the ultimate goal of every business venture and the precondition for achieving this goal is financial decision making. According to the study, 62% of non-financial managers in the United States do not understand the basic financial terminology necessary for the correct communication within the organization while some studies across Europe show that in 85% of cases, highly educated people from the business world do not understand elementary economic terminology.<\/span>[\/vc_column_text][vc_column_text]<\/p>\n<h2><span style=\"color: #f2f2f2;\">Competencies acquired by study and module<\/span><\/h2>\n<p><span style=\"color: #f2f2f2;\">The competencies acquired by studying the program content of the Sport Management are based on highly professional qualifications for the field of managerial accounting, analysis of the financial reports and corporate creditworthiness, business intelligence, corporate management, marketing management, sponsorship, event management, controlling, public relationship, human resources management and socially responsible behaviour.<\/span><\/p>\n<p><span style=\"color: #f2f2f2;\">The competences that the student, in addition to the aforementioned, acquires with the completion of the Financial Management module are:<\/span>[\/vc_column_text][vc_column_text]<\/p>\n<h2><span style=\"color: #f2f2f2;\">Courses\u00a0<\/span><\/h2>\n<p><span style=\"color: #f2f2f2;\"><strong>Financial markets and institutions<\/strong><\/span><\/p>\n<ul>\n<li><span style=\"color: #f2f2f2;\">understanding the fundamental theoretical concepts related to the structure and mechanism of action of modern financial systems and their constituent parts<\/span><\/li>\n<li><span style=\"color: #f2f2f2;\">developing an analytical and critical approach to addressing the problems of financial markets and institutions in the Republic of Croatia and the European Union<\/span><\/li>\n<li><span style=\"color: #f2f2f2;\">overview of financial markets from the point of view of the service provider and their users<\/span><\/li>\n<li><span style=\"color: #f2f2f2;\">competently autonomous decision-making<\/span><\/li>\n<\/ul>\n<p><span style=\"color: #f2f2f2;\"><strong>Insurance and reinsurance<\/strong><\/span><\/p>\n<ul>\n<li><span style=\"color: #f2f2f2;\">given that the insurance industry becomes an increasingly important part of each country economy, the students are well trained to understand the most important theoretical aspects of insurance<\/span><\/li>\n<li><span style=\"color: #f2f2f2;\">critical consideration of insurance activity as a component of financial institutions<\/span><\/li>\n<li><span style=\"color: #f2f2f2;\">review of reinsurance as a risk transfer through cedants and its international role in world finances<\/span><\/li>\n<li><span style=\"color: #f2f2f2;\">active inclusion in specific affairs of insurance and reinsurance companies, in particular the conclusion of insurance contracts and settlement of damages<\/span><\/li>\n<\/ul>\n<p>&nbsp;<\/p>\n<p><span style=\"color: #f2f2f2;\"><strong>Risk management<\/strong><\/span><\/p>\n<ul>\n<li><span style=\"color: #f2f2f2;\">understanding all relevant aspects of risk management in financial institutions<\/span><\/li>\n<li><span style=\"color: #f2f2f2;\">developing an analytical and critical approach to risk management methods in banks and insurance companies<\/span><\/li>\n<li><span style=\"color: #f2f2f2;\">considering the correlation of new risks as potential harm and the choice of appropriate methods of their coverage as economic protection<\/span><\/li>\n<li><span style=\"color: #f2f2f2;\">competently autonomous decision-making on all phases of risk management: identification, evaluation, prioritization and selection of management methods<\/span><\/li>\n<\/ul>\n<p><span style=\"color: #f2f2f2;\"><strong>Insurance rights<\/strong><\/span><\/p>\n<p><span style=\"color: #f2f2f2;\"><strong>\u00a0<\/strong><\/span><\/p>\n<ul>\n<li><span style=\"color: #f2f2f2;\">understanding the legal regulations and normative acts governing the operations of insurance companies<\/span><\/li>\n<li><span style=\"color: #f2f2f2;\">an analytical approach to the interpretation of the legal business provisions of insurance and reinsurance companies<\/span><\/li>\n<li><span style=\"color: #f2f2f2;\">consideration of the Insurance Act as a basic legal regulation<\/span><\/li>\n<li><span style=\"color: #f2f2f2;\">independent interpretation of acts according to which insurance is concluded: general insurance conditions, conditions for certain types of insurance, special conditions for certain types of insurance and pricelist insurance premium (premiums, tariffs)<\/span><\/li>\n<\/ul>\n<p>[\/vc_column_text][\/vc_column][\/vc_row]<\/p>\n","protected":false},"excerpt":{"rendered":"<p>[vc_row][vc_column][vc_column_text] Who is the study program intended for? Professional graduate study of Sports Management is the first and only such study program in Croatia. It is intended for the professionals who already work in sports, and want to advance their career, as well as those who want to achieve successful careers in sports and sports&hellip;<\/p>\n","protected":false},"author":1,"featured_media":0,"parent":20467,"menu_order":0,"comment_status":"closed","ping_status":"closed","template":"","meta":{"_monsterinsights_skip_tracking":false,"_monsterinsights_sitenote_active":false,"_monsterinsights_sitenote_note":"","_monsterinsights_sitenote_category":0},"yoast_head":"<!-- This site is optimized with the Yoast SEO plugin v18.0 - https:\/\/yoast.com\/wordpress\/plugins\/seo\/ -->\n<title>About study program - Graduate study (Master) of Sports Management<\/title>\n<meta name=\"robots\" content=\"index, follow, max-snippet:-1, max-image-preview:large, max-video-preview:-1\" \/>\n<link rel=\"canonical\" href=\"https:\/\/www.aspira.hr\/en\/study-programs\/master-of-sports-management\/about-study-program\/\" \/>\n<meta property=\"og:locale\" content=\"en_US\" \/>\n<meta property=\"og:type\" content=\"article\" \/>\n<meta property=\"og:title\" content=\"About study program - Graduate study (Master) of Sports Management\" \/>\n<meta property=\"og:description\" content=\"[vc_row][vc_column][vc_column_text] Who is the study program intended for? Professional graduate study of Sports Management is the first and only such study program in Croatia. It is intended for the professionals who already work in sports, and want to advance their career, as well as those who want to achieve successful careers in sports and sports&hellip;\" \/>\n<meta property=\"og:url\" content=\"https:\/\/www.aspira.hr\/en\/study-programs\/master-of-sports-management\/about-study-program\/\" \/>\n<meta property=\"og:site_name\" content=\"ASPIRA University College\" \/>\n<meta property=\"article:publisher\" content=\"https:\/\/www.facebook.com\/Aspira.University.College\" \/>\n<meta property=\"article:modified_time\" content=\"2026-01-26T10:35:44+00:00\" \/>\n<meta name=\"twitter:card\" content=\"summary_large_image\" \/>\n<meta name=\"twitter:site\" content=\"@aspirasplit\" \/>\n<meta name=\"twitter:label1\" content=\"Est. reading time\" \/>\n\t<meta name=\"twitter:data1\" content=\"8 minutes\" \/>\n<script type=\"application\/ld+json\" class=\"yoast-schema-graph\">{\"@context\":\"https:\/\/schema.org\",\"@graph\":[{\"@type\":\"Organization\",\"@id\":\"https:\/\/www.aspira.hr\/#organization\",\"name\":\"Aspira university college\",\"url\":\"https:\/\/www.aspira.hr\/\",\"sameAs\":[\"https:\/\/www.facebook.com\/Aspira.University.College\",\"https:\/\/www.instagram.com\/aspira_university\/\",\"https:\/\/www.youtube.com\/channel\/UCIgYMJQ9r3uxEjC6kX_q7EQ\",\"https:\/\/twitter.com\/aspirasplit\"],\"logo\":{\"@type\":\"ImageObject\",\"@id\":\"https:\/\/www.aspira.hr\/#logo\",\"inLanguage\":\"en-US\",\"url\":\"https:\/\/www.aspira.hr\/wp-content\/uploads\/2018\/02\/Aspira-University-College-1.png\",\"contentUrl\":\"https:\/\/www.aspira.hr\/wp-content\/uploads\/2018\/02\/Aspira-University-College-1.png\",\"width\":247,\"height\":60,\"caption\":\"Aspira university college\"},\"image\":{\"@id\":\"https:\/\/www.aspira.hr\/#logo\"}},{\"@type\":\"WebSite\",\"@id\":\"https:\/\/www.aspira.hr\/#website\",\"url\":\"https:\/\/www.aspira.hr\/\",\"name\":\"ASPIRA University College\",\"description\":\"Obrazovanje vrhunskih menad\u017eera iz podru\u010dja sporta i turizma. Studijski programi Me\u0111unarodnog menad\u017ementa u hotelijerstvu i turizmu, te Sportskog menad\u017ementa.\",\"publisher\":{\"@id\":\"https:\/\/www.aspira.hr\/#organization\"},\"potentialAction\":[{\"@type\":\"SearchAction\",\"target\":{\"@type\":\"EntryPoint\",\"urlTemplate\":\"https:\/\/www.aspira.hr\/?s={search_term_string}\"},\"query-input\":\"required name=search_term_string\"}],\"inLanguage\":\"en-US\"},{\"@type\":\"WebPage\",\"@id\":\"https:\/\/www.aspira.hr\/en\/study-programs\/master-of-sports-management\/about-study-program\/#webpage\",\"url\":\"https:\/\/www.aspira.hr\/en\/study-programs\/master-of-sports-management\/about-study-program\/\",\"name\":\"About study program - Graduate study (Master) of Sports Management\",\"isPartOf\":{\"@id\":\"https:\/\/www.aspira.hr\/#website\"},\"datePublished\":\"2018-06-17T21:53:52+00:00\",\"dateModified\":\"2026-01-26T10:35:44+00:00\",\"breadcrumb\":{\"@id\":\"https:\/\/www.aspira.hr\/en\/study-programs\/master-of-sports-management\/about-study-program\/#breadcrumb\"},\"inLanguage\":\"en-US\",\"potentialAction\":[{\"@type\":\"ReadAction\",\"target\":[\"https:\/\/www.aspira.hr\/en\/study-programs\/master-of-sports-management\/about-study-program\/\"]}]},{\"@type\":\"BreadcrumbList\",\"@id\":\"https:\/\/www.aspira.hr\/en\/study-programs\/master-of-sports-management\/about-study-program\/#breadcrumb\",\"itemListElement\":[{\"@type\":\"ListItem\",\"position\":1,\"name\":\"Po\u010detna stranica\",\"item\":\"https:\/\/www.aspira.hr\/en\/\"},{\"@type\":\"ListItem\",\"position\":2,\"name\":\"Study programs\",\"item\":\"https:\/\/www.aspira.hr\/en\/study-programs\/\"},{\"@type\":\"ListItem\",\"position\":3,\"name\":\"Graduate study in Sports Management\",\"item\":\"https:\/\/www.aspira.hr\/en\/study-programs\/master-of-sports-management\/\"},{\"@type\":\"ListItem\",\"position\":4,\"name\":\"About study program\"}]}]}<\/script>\n<!-- \/ Yoast SEO plugin. -->","yoast_head_json":{"title":"About study program - Graduate study (Master) of Sports Management","robots":{"index":"index","follow":"follow","max-snippet":"max-snippet:-1","max-image-preview":"max-image-preview:large","max-video-preview":"max-video-preview:-1"},"canonical":"https:\/\/www.aspira.hr\/en\/study-programs\/master-of-sports-management\/about-study-program\/","og_locale":"en_US","og_type":"article","og_title":"About study program - Graduate study (Master) of Sports Management","og_description":"[vc_row][vc_column][vc_column_text] Who is the study program intended for? Professional graduate study of Sports Management is the first and only such study program in Croatia. It is intended for the professionals who already work in sports, and want to advance their career, as well as those who want to achieve successful careers in sports and sports&hellip;","og_url":"https:\/\/www.aspira.hr\/en\/study-programs\/master-of-sports-management\/about-study-program\/","og_site_name":"ASPIRA University College","article_publisher":"https:\/\/www.facebook.com\/Aspira.University.College","article_modified_time":"2026-01-26T10:35:44+00:00","twitter_card":"summary_large_image","twitter_site":"@aspirasplit","twitter_misc":{"Est. reading time":"8 minutes"},"schema":{"@context":"https:\/\/schema.org","@graph":[{"@type":"Organization","@id":"https:\/\/www.aspira.hr\/#organization","name":"Aspira university college","url":"https:\/\/www.aspira.hr\/","sameAs":["https:\/\/www.facebook.com\/Aspira.University.College","https:\/\/www.instagram.com\/aspira_university\/","https:\/\/www.youtube.com\/channel\/UCIgYMJQ9r3uxEjC6kX_q7EQ","https:\/\/twitter.com\/aspirasplit"],"logo":{"@type":"ImageObject","@id":"https:\/\/www.aspira.hr\/#logo","inLanguage":"en-US","url":"https:\/\/www.aspira.hr\/wp-content\/uploads\/2018\/02\/Aspira-University-College-1.png","contentUrl":"https:\/\/www.aspira.hr\/wp-content\/uploads\/2018\/02\/Aspira-University-College-1.png","width":247,"height":60,"caption":"Aspira university college"},"image":{"@id":"https:\/\/www.aspira.hr\/#logo"}},{"@type":"WebSite","@id":"https:\/\/www.aspira.hr\/#website","url":"https:\/\/www.aspira.hr\/","name":"ASPIRA University College","description":"Obrazovanje vrhunskih menad\u017eera iz podru\u010dja sporta i turizma. Studijski programi Me\u0111unarodnog menad\u017ementa u hotelijerstvu i turizmu, te Sportskog menad\u017ementa.","publisher":{"@id":"https:\/\/www.aspira.hr\/#organization"},"potentialAction":[{"@type":"SearchAction","target":{"@type":"EntryPoint","urlTemplate":"https:\/\/www.aspira.hr\/?s={search_term_string}"},"query-input":"required name=search_term_string"}],"inLanguage":"en-US"},{"@type":"WebPage","@id":"https:\/\/www.aspira.hr\/en\/study-programs\/master-of-sports-management\/about-study-program\/#webpage","url":"https:\/\/www.aspira.hr\/en\/study-programs\/master-of-sports-management\/about-study-program\/","name":"About study program - Graduate study (Master) of Sports Management","isPartOf":{"@id":"https:\/\/www.aspira.hr\/#website"},"datePublished":"2018-06-17T21:53:52+00:00","dateModified":"2026-01-26T10:35:44+00:00","breadcrumb":{"@id":"https:\/\/www.aspira.hr\/en\/study-programs\/master-of-sports-management\/about-study-program\/#breadcrumb"},"inLanguage":"en-US","potentialAction":[{"@type":"ReadAction","target":["https:\/\/www.aspira.hr\/en\/study-programs\/master-of-sports-management\/about-study-program\/"]}]},{"@type":"BreadcrumbList","@id":"https:\/\/www.aspira.hr\/en\/study-programs\/master-of-sports-management\/about-study-program\/#breadcrumb","itemListElement":[{"@type":"ListItem","position":1,"name":"Po\u010detna stranica","item":"https:\/\/www.aspira.hr\/en\/"},{"@type":"ListItem","position":2,"name":"Study programs","item":"https:\/\/www.aspira.hr\/en\/study-programs\/"},{"@type":"ListItem","position":3,"name":"Graduate study in Sports Management","item":"https:\/\/www.aspira.hr\/en\/study-programs\/master-of-sports-management\/"},{"@type":"ListItem","position":4,"name":"About study program"}]}]}},"_links":{"self":[{"href":"https:\/\/www.aspira.hr\/en\/wp-json\/wp\/v2\/pages\/20465"}],"collection":[{"href":"https:\/\/www.aspira.hr\/en\/wp-json\/wp\/v2\/pages"}],"about":[{"href":"https:\/\/www.aspira.hr\/en\/wp-json\/wp\/v2\/types\/page"}],"author":[{"embeddable":true,"href":"https:\/\/www.aspira.hr\/en\/wp-json\/wp\/v2\/users\/1"}],"replies":[{"embeddable":true,"href":"https:\/\/www.aspira.hr\/en\/wp-json\/wp\/v2\/comments?post=20465"}],"version-history":[{"count":11,"href":"https:\/\/www.aspira.hr\/en\/wp-json\/wp\/v2\/pages\/20465\/revisions"}],"predecessor-version":[{"id":39687,"href":"https:\/\/www.aspira.hr\/en\/wp-json\/wp\/v2\/pages\/20465\/revisions\/39687"}],"up":[{"embeddable":true,"href":"https:\/\/www.aspira.hr\/en\/wp-json\/wp\/v2\/pages\/20467"}],"wp:attachment":[{"href":"https:\/\/www.aspira.hr\/en\/wp-json\/wp\/v2\/media?parent=20465"}],"curies":[{"name":"wp","href":"https:\/\/api.w.org\/{rel}","templated":true}]}}