{"id":20448,"date":"2018-05-08T14:11:57","date_gmt":"2018-05-08T12:11:57","guid":{"rendered":"https:\/\/www.aspira.hr\/study-programs\/sport-management\/o-studiju\/"},"modified":"2026-01-26T11:27:42","modified_gmt":"2026-01-26T10:27:42","slug":"about-study-program","status":"publish","type":"page","link":"https:\/\/www.aspira.hr\/en\/study-programs\/sport-management\/about-study-program\/","title":{"rendered":"About study program"},"content":{"rendered":"<p>[vc_row][vc_column][vc_column_text]A Professional undergraduate study in <strong>Sports Management<\/strong> is a well-rounded curriculum providing competences to work in sports or economy. Further education may be continued on Professional\u00a0 graduate study program in Sports Management.<\/p>\n<p>The curriculum of the Professional undergraduate study of Sport Management consists of the core subjects, i.e. the compulsory program content, and the proposed electives, which can make a good choice, but may be exchanged for elective courses from other study programs or other higher education institutions.<\/p>\n<p>Apart from the proposed electives, students may choose between all other courses implemented at Aspira University of Applied Sciences as their electives.[\/vc_column_text]<div class=\" ubtn-ctn-center \"><a class=\"ubtn-link ult-adjust-bottom-margin ubtn-center ubtn-custom \" href=\"#zasto\" ><button type=\"button\" id=\"ubtn-1464\"  class=\"ubtn ult-adjust-bottom-margin ult-responsive ubtn-custom ubtn-fade-bg  none  ubtn-center   tooltip-69f33dea4e558\"  data-hover=\"#ffffff\" data-border-color=\"\" data-bg=\"#ff1e1e\" data-hover-bg=\"#262f40\" data-border-hover=\"\" data-shadow-hover=\"\" data-shadow-click=\"none\" data-shadow=\"\" data-shd-shadow=\"\"  data-ultimate-target='#ubtn-1464'  data-responsive-json-new='{\"font-size\":\"desktop:16px;\",\"line-height\":\"\"}'  style=\"font-weight:normal;width:300px;min-height:50px;padding:px px;border:none;background: #ff1e1e;color: #ffffff;\"><span class=\"ubtn-hover\" style=\"background-color:#262f40\"><\/span><span class=\"ubtn-data ubtn-text \" >Why study at Aspira?<\/span><\/button><\/a><\/div>[\/vc_column][\/vc_row][vc_row][vc_column][vc_column_text]<\/p>\n<h2>Who is it aimed at<\/h2>\n<p>A curriculum of Sports Management Aspira is aimed at education for performing management functions in sports associations and other business systems, as well as educating managers, sports agents and sports companies and, finally, implementing sportsmen, who have finished their professional careers, into the business world.[\/vc_column_text][\/vc_column][\/vc_row][vc_row][vc_column width=&#8221;1\/2&#8243;][vc_column_text]<\/p>\n<h2>Aim<\/h2>\n<p>The education aim is to gain complete competence of a sports manager which is achieved through sports organizations governance by applying management processes, techniques and skills.<br \/>\nDue to the large proportion of economical subjects, students are going to be capable of performing numerous other jobs that require business knowledge, manager\u2019s competence and skills.[\/vc_column_text]<div class=\" ubtn-ctn-center \"><a class=\"ubtn-link ult-adjust-bottom-margin ubtn-center ubtn-custom \" href=\"https:\/\/www.aspira.hr\/en\/application-form\/application-study-programs\/\" ><button type=\"button\" id=\"ubtn-6335\"  class=\"ubtn ult-adjust-bottom-margin ult-responsive ubtn-custom ubtn-fade-bg  none  ubtn-center   tooltip-69f33dea4e655\"  data-hover=\"#ffffff\" data-border-color=\"\" data-bg=\"#ff1e1e\" data-hover-bg=\"#262f40\" data-border-hover=\"\" data-shadow-hover=\"\" data-shadow-click=\"none\" data-shadow=\"\" data-shd-shadow=\"\"  data-ultimate-target='#ubtn-6335'  data-responsive-json-new='{\"font-size\":\"desktop:16px;\",\"line-height\":\"\"}'  style=\"font-weight:normal;width:300px;min-height:50px;padding:px px;border:none;background: #ff1e1e;color: #ffffff;\"><span class=\"ubtn-hover\" style=\"background-color:#262f40\"><\/span><span class=\"ubtn-data ubtn-text \" >Application form<\/span><\/button><\/a><\/div>[\/vc_column][vc_column width=&#8221;1\/2&#8243;][vc_single_image image=&#8221;39562&#8243; img_size=&#8221;full&#8221;][\/vc_column][\/vc_row][vc_row][vc_column][vc_column_text]<\/p>\n<h2>Schedule of studies<\/h2>\n<p>The college studies last for 3 years (6 semesters) and are performed as regular and Associate degree. Upon completion students receive, in accordance with the\u00a0 <a href=\"http:\/\/www.ond.vlaanderen.be\/hogeronderwijs\/bologna\/\">Bologna Declaration<\/a>, 180 ECTS and the academic title:<\/p>\n<p><strong>PROFESSIONAL BACHELOR (baccalaureus (m)\/baccalaurea (f)) in sports management \u2013 bacc.<\/strong>[\/vc_column_text][\/vc_column][\/vc_row][vc_row full_width=&#8221;stretch_row&#8221; bg_type=&#8221;bg_color&#8221; seperator_enable=&#8221;seperator_enable_value&#8221; seperator_type=&#8221;triangle_svg_seperator&#8221; seperator_svg_height=&#8221;35&#8243; bg_color_value=&#8221;#f2f2f2&#8243;][vc_column][vc_column_text]<\/p>\n<h2>Learning outcomes<\/h2>\n<p>The projected learning outcomes acquired after completing the study program of Sports Management provide the students with knowledge and skills to:<\/p>\n<ol>\n<li>Recognize the importance and role of sport from both the aspect of the society and individuals in terms of developing their entrepreneurial activities<\/li>\n<li>Identify skills related to development planning and management of product and service offerings<\/li>\n<li>Apply marketing concepts to the sports industry<\/li>\n<li>Create a marketing strategy for company development<\/li>\n<li>Critically judge the main economic laws in business<\/li>\n<li>Prepare financial statements in accordance with the law and international accounting standards<\/li>\n<li>Analyze the performance of sports organizations and companies<\/li>\n<li>Apply legal acts and laws in business<\/li>\n<li>Assess business risks and create an adequate business plan accordingly<\/li>\n<li>Use modern technologies in everyday business<\/li>\n<li>Combine applied mathematical methods for making strategic business decisions<\/li>\n<li>Communicate appropriately in a foreign language in a business environment<\/li>\n<li>Apply the principles of sustainable development to business and recognize the negative and positive effects of the development of the sports industry on the environment<\/li>\n<li>To identify the role of sports medicine as a key factor in the development of competitive sports and recreational and health-oriented sports activities<\/li>\n<li>Design a work plan for a sports organization using methods of assessment and development of human resources<\/li>\n<li>To create sports and recreational facilities as an additional offer of the tourist destination<\/li>\n<li>Distinguish the goals that an exercise process must have in order to be the subject of interest of kinesiology science<\/li>\n<li>Evaluate the importance of the historical aspect of the development of sports when creating sports and recreational content<\/li>\n<li>To determine the functioning of sports organizations in a changing market environment<\/li>\n<li>To identify scientifically based and theoretically explained knowledge about the complex process of training, competition and recovery of athletes<\/li>\n<\/ol>\n<p>[\/vc_column_text][\/vc_column][\/vc_row][vc_row][vc_column][vc_column_text]<\/p>\n<h2>OVERVIEW OF THE COURSE SEMESTERS<\/h2>\n<p>[\/vc_column_text]<div class=\"smile-icon-timeline-wrap csstime   tl-animation-slide-out\"     style=\"\"><div class=\"timeline-line \" style=\"border-right-color:;\"><span><\/span><\/div><div class=\"timeline-wrapper\"><div class=\"timeline-block \"><div class=\"timeline-dot\"><\/div><div class=\"ult-timeline-arrow\"><s><\/s><l><\/l><\/div><div class=\"timeline-icon-block\"><div class=\"ult-timeline-icon tl-icon-no-bg\" style=\"   \"><\/div> <!-- icon --><\/div><div class=\"timeline-header-block\" >\n\t\t\t\t\t\t\t<div id=\"timeline-item-7142\" class=\"timeline-header\" style=\"\"><h3 class=\"ult-timeline-title ult-responsive\"  data-ultimate-target='#timeline-item-7142 .ult-timeline-title'  data-responsive-json-new='{\"font-size\":\"\",\"line-height\":\"\"}'  style=\"\">1st SEMESTER<\/h3><div class=\"ult-responsive timeline-item-spt\"  data-ultimate-target='#timeline-item-7142 .timeline-item-spt'  data-responsive-json-new='{\"font-size\":\"\",\"line-height\":\"\"}'  style=\"\">Business Mathematics<br \/>\nBasics of Economy<br \/>\nBasics of Kinesiology<\/p>\n<p>History of Sports<br \/>\nComputer Science<br \/>\nBusiness English I<br \/>\nBusiness communication<\/div><\/div> <!-- header --><\/div><\/div><div class=\"timeline-block \"><div class=\"timeline-dot\"><\/div><div class=\"ult-timeline-arrow\"><s><\/s><l><\/l><\/div><div class=\"timeline-icon-block\"><div class=\"ult-timeline-icon tl-icon-no-bg\" style=\"   \"><\/div> <!-- icon --><\/div><div class=\"timeline-header-block\" >\n\t\t\t\t\t\t\t<div id=\"timeline-item-4825\" class=\"timeline-header\" style=\"\"><h3 class=\"ult-timeline-title ult-responsive\"  data-ultimate-target='#timeline-item-4825 .ult-timeline-title'  data-responsive-json-new='{\"font-size\":\"\",\"line-height\":\"\"}'  style=\"\">2nd SEMESTER<\/h3><div class=\"ult-responsive timeline-item-spt\"  data-ultimate-target='#timeline-item-4825 .timeline-item-spt'  data-responsive-json-new='{\"font-size\":\"\",\"line-height\":\"\"}'  style=\"\">Business Mathematics<br \/>\nManagement<br \/>\nPrinciples of Marketing<br \/>\nBusiness English II<\/p>\n<p>Sports Management I<br \/>\nInternship I<\/div><\/div> <!-- header --><\/div><\/div><div class=\"timeline-block \"><div class=\"timeline-dot\"><\/div><div class=\"ult-timeline-arrow\"><s><\/s><l><\/l><\/div><div class=\"timeline-icon-block\"><div class=\"ult-timeline-icon tl-icon-no-bg\" style=\"   \"><\/div> <!-- icon --><\/div><div class=\"timeline-header-block\" >\n\t\t\t\t\t\t\t<div id=\"timeline-item-3524\" class=\"timeline-header\" style=\"\"><h3 class=\"ult-timeline-title ult-responsive\"  data-ultimate-target='#timeline-item-3524 .ult-timeline-title'  data-responsive-json-new='{\"font-size\":\"\",\"line-height\":\"\"}'  style=\"\">3rd SEMESTER<\/h3><div class=\"ult-responsive timeline-item-spt\"  data-ultimate-target='#timeline-item-3524 .timeline-item-spt'  data-responsive-json-new='{\"font-size\":\"\",\"line-height\":\"\"}'  style=\"\">Principles of Accounting<br \/>\nSports Marketing<br \/>\nKinesiological Recreation<br \/>\nPrinciples of Law with Trade Law<br \/>\nSports Statistics<br \/>\nBusiness English III<\/div><\/div> <!-- header --><\/div><\/div><div class=\"timeline-block \"><div class=\"timeline-dot\"><\/div><div class=\"ult-timeline-arrow\"><s><\/s><l><\/l><\/div><div class=\"timeline-icon-block\"><div class=\"ult-timeline-icon tl-icon-no-bg\" style=\"   \"><\/div> <!-- icon --><\/div><div class=\"timeline-header-block\" >\n\t\t\t\t\t\t\t<div id=\"timeline-item-1123\" class=\"timeline-header\" style=\"\"><h3 class=\"ult-timeline-title ult-responsive\"  data-ultimate-target='#timeline-item-1123 .ult-timeline-title'  data-responsive-json-new='{\"font-size\":\"\",\"line-height\":\"\"}'  style=\"\">4th SEMESTER<\/h3><div class=\"ult-responsive timeline-item-spt\"  data-ultimate-target='#timeline-item-1123 .timeline-item-spt'  data-responsive-json-new='{\"font-size\":\"\",\"line-height\":\"\"}'  style=\"\">Sports Entrepreneurship<br \/>\nEnterprise Economics<br \/>\nTheory of Sports Training<br \/>\nBusiness English IV<br \/>\nSociology of Sports and Sports Management<br \/>\nInternship II<\/div><\/div> <!-- header --><\/div><\/div><div class=\"timeline-block \"><div class=\"timeline-dot\"><\/div><div class=\"ult-timeline-arrow\"><s><\/s><l><\/l><\/div><div class=\"timeline-icon-block\"><div class=\"ult-timeline-icon tl-icon-no-bg\" style=\"   \"><\/div> <!-- icon --><\/div><div class=\"timeline-header-block\" >\n\t\t\t\t\t\t\t<div id=\"timeline-item-7117\" class=\"timeline-header\" style=\"\"><h3 class=\"ult-timeline-title ult-responsive\"  data-ultimate-target='#timeline-item-7117 .ult-timeline-title'  data-responsive-json-new='{\"font-size\":\"\",\"line-height\":\"\"}'  style=\"\">5th SEMESTER<\/h3><div class=\"ult-responsive timeline-item-spt\"  data-ultimate-target='#timeline-item-7117 .timeline-item-spt'  data-responsive-json-new='{\"font-size\":\"\",\"line-height\":\"\"}'  style=\"\">Sports Management II<br \/>\nSports Medicine<br \/>\nHuman Resource Management<br \/>\nELECTIVE **<\/p>\n<p>ELECTIVE**<\/div><\/div> <!-- header --><\/div><\/div><div class=\"timeline-block \"><div class=\"timeline-dot\"><\/div><div class=\"ult-timeline-arrow\"><s><\/s><l><\/l><\/div><div class=\"timeline-icon-block\"><div class=\"ult-timeline-icon tl-icon-no-bg\" style=\"   \"><\/div> <!-- icon --><\/div><div class=\"timeline-header-block\" >\n\t\t\t\t\t\t\t<div id=\"timeline-item-4937\" class=\"timeline-header\" style=\"\"><h3 class=\"ult-timeline-title ult-responsive\"  data-ultimate-target='#timeline-item-4937 .ult-timeline-title'  data-responsive-json-new='{\"font-size\":\"\",\"line-height\":\"\"}'  style=\"\">6th SEMESTER<\/h3><div class=\"ult-responsive timeline-item-spt\"  data-ultimate-target='#timeline-item-4937 .timeline-item-spt'  data-responsive-json-new='{\"font-size\":\"\",\"line-height\":\"\"}'  style=\"\">Internship III \/ Sports Project<br \/>\nGraduation Thesis<\/div><\/div> <!-- header --><\/div><\/div><\/div><\/div>[\/vc_column][\/vc_row][vc_row full_width=&#8221;stretch_row&#8221; bg_type=&#8221;image&#8221; parallax_style=&#8221;vcpb-vz-jquery&#8221; bg_image_new=&#8221;id^18832|url^https:\/\/www.aspira.hr\/wp-content\/uploads\/2018\/05\/paralax-sport2.jpg|caption^null|alt^Tenis reket i loptica paralax|title^paralax-sport2|description^null&#8221; bg_image_repeat=&#8221;no-repeat&#8221; bg_img_attach=&#8221;fixed&#8221;][vc_column][vc_column_text]<\/p>\n<h2><span style=\"color: #f2f2f2;\">Guest lecturers<\/span><\/h2>\n<p><span style=\"color: #f2f2f2;\">The acknowledged Croatian, as well as foreign, experts in the fields of sports and management will give guest lectures and practice classes.<\/span>[\/vc_column_text][vc_column_text]<\/p>\n<h2><span style=\"color: #f2f2f2;\">Practical lessons<\/span><\/h2>\n<p><span style=\"color: #f2f2f2;\">Practical lessons are held in different sports organizations, clubs, alliances and other institutions, from those amateur to the professional ones. Students take part in work specially in the organization of sports manifestations (matches, tournaments, etc.)<\/span><\/p>\n<h2><span style=\"color: #f2f2f2;\">Working while studying<\/span><\/h2>\n<p><span style=\"color: #f2f2f2;\">Working while studying is coordinated for the employed people and active sportsmen who can\u2019t attend classes due to their obligations.<\/span><\/p>\n<h2><span style=\"color: #f2f2f2;\">Bologna process<\/span><\/h2>\n<p><span style=\"color: #f2f2f2;\">The basic aims of this program are: individualized approach in small groups with constant mentorship of professors and assistants; high vertical and horizontal mobility of students; large number of electives that student can choose from any other colleges and flexibility of studies \u2013 Aspira University of Applied Sciences adjusting the program to the students\u2019 needs while keeping the official title. Also, Aspira University of Applied Sciences is comparable to akin studies of famous foreign universities.<\/span>[\/vc_column_text][\/vc_column][\/vc_row][vc_row full_width=&#8221;stretch_row&#8221; bg_type=&#8221;bg_color&#8221; bg_color_value=&#8221;#f5f5f5&#8243; el_id=&#8221;zasto&#8221;][vc_column][vc_column_text]<\/p>\n<h2>Why study at Aspira?<\/h2>\n<ul>\n<li>Study in English and Croatian language<\/li>\n<li>Top international lecturers in the field of sports management<\/li>\n<li>Practice in leading Croatian and international sports clubs, organizations and events<\/li>\n<li>The possibility of continuing studies at a graduate study<\/li>\n<li>Acquiring an ECDL computer diploma as part of the studies<\/li>\n<li>Participation in necessary professional workshops and a series of public lectures<\/li>\n<li>Subsidized meals for full-time students<\/li>\n<li>Upon completion of your studies, you become one of the first highly educated sports managers in Croatia<\/li>\n<\/ul>\n<p>[\/vc_column_text][\/vc_column][\/vc_row]<\/p>\n","protected":false},"excerpt":{"rendered":"<p>[vc_row][vc_column][vc_column_text]A Professional undergraduate study in Sports Management is a well-rounded curriculum providing competences to work in sports or economy. Further education may be continued on Professional\u00a0 graduate study program in Sports Management. The curriculum of the Professional undergraduate study of Sport Management consists of the core subjects, i.e. the compulsory program content, and the proposed&hellip;<\/p>\n","protected":false},"author":1,"featured_media":0,"parent":20443,"menu_order":0,"comment_status":"closed","ping_status":"closed","template":"","meta":{"_monsterinsights_skip_tracking":false,"_monsterinsights_sitenote_active":false,"_monsterinsights_sitenote_note":"","_monsterinsights_sitenote_category":0},"yoast_head":"<!-- This site is optimized with the Yoast SEO plugin v18.0 - https:\/\/yoast.com\/wordpress\/plugins\/seo\/ -->\n<title>About study program Sport management - Aspira Universtiy College<\/title>\n<meta name=\"description\" content=\"The education aim is to gain complete competence of a sports manager which is achieved through sports organizations governance by applying management processes, techniques and skills.\" \/>\n<meta name=\"robots\" content=\"index, follow, max-snippet:-1, max-image-preview:large, max-video-preview:-1\" \/>\n<link rel=\"canonical\" href=\"https:\/\/www.aspira.hr\/en\/study-programs\/sport-management\/about-study-program\/\" \/>\n<meta property=\"og:locale\" content=\"en_US\" \/>\n<meta property=\"og:type\" content=\"article\" \/>\n<meta property=\"og:title\" content=\"About study program Sport management - Aspira Universtiy College\" \/>\n<meta property=\"og:description\" content=\"The education aim is to gain complete competence of a sports manager which is achieved through sports organizations governance by applying management processes, techniques and skills.\" \/>\n<meta property=\"og:url\" content=\"https:\/\/www.aspira.hr\/en\/study-programs\/sport-management\/about-study-program\/\" \/>\n<meta property=\"og:site_name\" content=\"ASPIRA University College\" \/>\n<meta property=\"article:publisher\" content=\"https:\/\/www.facebook.com\/Aspira.University.College\" \/>\n<meta property=\"article:modified_time\" content=\"2026-01-26T10:27:42+00:00\" \/>\n<meta name=\"twitter:card\" content=\"summary_large_image\" \/>\n<meta name=\"twitter:site\" content=\"@aspirasplit\" \/>\n<meta name=\"twitter:label1\" content=\"Est. reading time\" \/>\n\t<meta name=\"twitter:data1\" content=\"6 minutes\" \/>\n<script type=\"application\/ld+json\" class=\"yoast-schema-graph\">{\"@context\":\"https:\/\/schema.org\",\"@graph\":[{\"@type\":\"Organization\",\"@id\":\"https:\/\/www.aspira.hr\/#organization\",\"name\":\"Aspira university college\",\"url\":\"https:\/\/www.aspira.hr\/\",\"sameAs\":[\"https:\/\/www.facebook.com\/Aspira.University.College\",\"https:\/\/www.instagram.com\/aspira_university\/\",\"https:\/\/www.youtube.com\/channel\/UCIgYMJQ9r3uxEjC6kX_q7EQ\",\"https:\/\/twitter.com\/aspirasplit\"],\"logo\":{\"@type\":\"ImageObject\",\"@id\":\"https:\/\/www.aspira.hr\/#logo\",\"inLanguage\":\"en-US\",\"url\":\"https:\/\/www.aspira.hr\/wp-content\/uploads\/2018\/02\/Aspira-University-College-1.png\",\"contentUrl\":\"https:\/\/www.aspira.hr\/wp-content\/uploads\/2018\/02\/Aspira-University-College-1.png\",\"width\":247,\"height\":60,\"caption\":\"Aspira university college\"},\"image\":{\"@id\":\"https:\/\/www.aspira.hr\/#logo\"}},{\"@type\":\"WebSite\",\"@id\":\"https:\/\/www.aspira.hr\/#website\",\"url\":\"https:\/\/www.aspira.hr\/\",\"name\":\"ASPIRA University College\",\"description\":\"Obrazovanje vrhunskih menad\u017eera iz podru\u010dja sporta i turizma. Studijski programi Me\u0111unarodnog menad\u017ementa u hotelijerstvu i turizmu, te Sportskog menad\u017ementa.\",\"publisher\":{\"@id\":\"https:\/\/www.aspira.hr\/#organization\"},\"potentialAction\":[{\"@type\":\"SearchAction\",\"target\":{\"@type\":\"EntryPoint\",\"urlTemplate\":\"https:\/\/www.aspira.hr\/?s={search_term_string}\"},\"query-input\":\"required name=search_term_string\"}],\"inLanguage\":\"en-US\"},{\"@type\":\"WebPage\",\"@id\":\"https:\/\/www.aspira.hr\/en\/study-programs\/sport-management\/about-study-program\/#webpage\",\"url\":\"https:\/\/www.aspira.hr\/en\/study-programs\/sport-management\/about-study-program\/\",\"name\":\"About study program Sport management - Aspira Universtiy College\",\"isPartOf\":{\"@id\":\"https:\/\/www.aspira.hr\/#website\"},\"datePublished\":\"2018-05-08T12:11:57+00:00\",\"dateModified\":\"2026-01-26T10:27:42+00:00\",\"description\":\"The education aim is to gain complete competence of a sports manager which is achieved through sports organizations governance by applying management processes, techniques and skills.\",\"breadcrumb\":{\"@id\":\"https:\/\/www.aspira.hr\/en\/study-programs\/sport-management\/about-study-program\/#breadcrumb\"},\"inLanguage\":\"en-US\",\"potentialAction\":[{\"@type\":\"ReadAction\",\"target\":[\"https:\/\/www.aspira.hr\/en\/study-programs\/sport-management\/about-study-program\/\"]}]},{\"@type\":\"BreadcrumbList\",\"@id\":\"https:\/\/www.aspira.hr\/en\/study-programs\/sport-management\/about-study-program\/#breadcrumb\",\"itemListElement\":[{\"@type\":\"ListItem\",\"position\":1,\"name\":\"Po\u010detna stranica\",\"item\":\"https:\/\/www.aspira.hr\/en\/\"},{\"@type\":\"ListItem\",\"position\":2,\"name\":\"Study programs\",\"item\":\"https:\/\/www.aspira.hr\/en\/study-programs\/\"},{\"@type\":\"ListItem\",\"position\":3,\"name\":\"Sports management\",\"item\":\"https:\/\/www.aspira.hr\/en\/study-programs\/sport-management\/\"},{\"@type\":\"ListItem\",\"position\":4,\"name\":\"About study program\"}]}]}<\/script>\n<!-- \/ Yoast SEO plugin. -->","yoast_head_json":{"title":"About study program Sport management - Aspira Universtiy College","description":"The education aim is to gain complete competence of a sports manager which is achieved through sports organizations governance by applying management processes, techniques and skills.","robots":{"index":"index","follow":"follow","max-snippet":"max-snippet:-1","max-image-preview":"max-image-preview:large","max-video-preview":"max-video-preview:-1"},"canonical":"https:\/\/www.aspira.hr\/en\/study-programs\/sport-management\/about-study-program\/","og_locale":"en_US","og_type":"article","og_title":"About study program Sport management - Aspira Universtiy College","og_description":"The education aim is to gain complete competence of a sports manager which is achieved through sports organizations governance by applying management processes, techniques and skills.","og_url":"https:\/\/www.aspira.hr\/en\/study-programs\/sport-management\/about-study-program\/","og_site_name":"ASPIRA University College","article_publisher":"https:\/\/www.facebook.com\/Aspira.University.College","article_modified_time":"2026-01-26T10:27:42+00:00","twitter_card":"summary_large_image","twitter_site":"@aspirasplit","twitter_misc":{"Est. reading time":"6 minutes"},"schema":{"@context":"https:\/\/schema.org","@graph":[{"@type":"Organization","@id":"https:\/\/www.aspira.hr\/#organization","name":"Aspira university college","url":"https:\/\/www.aspira.hr\/","sameAs":["https:\/\/www.facebook.com\/Aspira.University.College","https:\/\/www.instagram.com\/aspira_university\/","https:\/\/www.youtube.com\/channel\/UCIgYMJQ9r3uxEjC6kX_q7EQ","https:\/\/twitter.com\/aspirasplit"],"logo":{"@type":"ImageObject","@id":"https:\/\/www.aspira.hr\/#logo","inLanguage":"en-US","url":"https:\/\/www.aspira.hr\/wp-content\/uploads\/2018\/02\/Aspira-University-College-1.png","contentUrl":"https:\/\/www.aspira.hr\/wp-content\/uploads\/2018\/02\/Aspira-University-College-1.png","width":247,"height":60,"caption":"Aspira university college"},"image":{"@id":"https:\/\/www.aspira.hr\/#logo"}},{"@type":"WebSite","@id":"https:\/\/www.aspira.hr\/#website","url":"https:\/\/www.aspira.hr\/","name":"ASPIRA University College","description":"Obrazovanje vrhunskih menad\u017eera iz podru\u010dja sporta i turizma. Studijski programi Me\u0111unarodnog menad\u017ementa u hotelijerstvu i turizmu, te Sportskog menad\u017ementa.","publisher":{"@id":"https:\/\/www.aspira.hr\/#organization"},"potentialAction":[{"@type":"SearchAction","target":{"@type":"EntryPoint","urlTemplate":"https:\/\/www.aspira.hr\/?s={search_term_string}"},"query-input":"required name=search_term_string"}],"inLanguage":"en-US"},{"@type":"WebPage","@id":"https:\/\/www.aspira.hr\/en\/study-programs\/sport-management\/about-study-program\/#webpage","url":"https:\/\/www.aspira.hr\/en\/study-programs\/sport-management\/about-study-program\/","name":"About study program Sport management - Aspira Universtiy College","isPartOf":{"@id":"https:\/\/www.aspira.hr\/#website"},"datePublished":"2018-05-08T12:11:57+00:00","dateModified":"2026-01-26T10:27:42+00:00","description":"The education aim is to gain complete competence of a sports manager which is achieved through sports organizations governance by applying management processes, techniques and skills.","breadcrumb":{"@id":"https:\/\/www.aspira.hr\/en\/study-programs\/sport-management\/about-study-program\/#breadcrumb"},"inLanguage":"en-US","potentialAction":[{"@type":"ReadAction","target":["https:\/\/www.aspira.hr\/en\/study-programs\/sport-management\/about-study-program\/"]}]},{"@type":"BreadcrumbList","@id":"https:\/\/www.aspira.hr\/en\/study-programs\/sport-management\/about-study-program\/#breadcrumb","itemListElement":[{"@type":"ListItem","position":1,"name":"Po\u010detna stranica","item":"https:\/\/www.aspira.hr\/en\/"},{"@type":"ListItem","position":2,"name":"Study programs","item":"https:\/\/www.aspira.hr\/en\/study-programs\/"},{"@type":"ListItem","position":3,"name":"Sports management","item":"https:\/\/www.aspira.hr\/en\/study-programs\/sport-management\/"},{"@type":"ListItem","position":4,"name":"About study program"}]}]}},"_links":{"self":[{"href":"https:\/\/www.aspira.hr\/en\/wp-json\/wp\/v2\/pages\/20448"}],"collection":[{"href":"https:\/\/www.aspira.hr\/en\/wp-json\/wp\/v2\/pages"}],"about":[{"href":"https:\/\/www.aspira.hr\/en\/wp-json\/wp\/v2\/types\/page"}],"author":[{"embeddable":true,"href":"https:\/\/www.aspira.hr\/en\/wp-json\/wp\/v2\/users\/1"}],"replies":[{"embeddable":true,"href":"https:\/\/www.aspira.hr\/en\/wp-json\/wp\/v2\/comments?post=20448"}],"version-history":[{"count":16,"href":"https:\/\/www.aspira.hr\/en\/wp-json\/wp\/v2\/pages\/20448\/revisions"}],"predecessor-version":[{"id":39679,"href":"https:\/\/www.aspira.hr\/en\/wp-json\/wp\/v2\/pages\/20448\/revisions\/39679"}],"up":[{"embeddable":true,"href":"https:\/\/www.aspira.hr\/en\/wp-json\/wp\/v2\/pages\/20443"}],"wp:attachment":[{"href":"https:\/\/www.aspira.hr\/en\/wp-json\/wp\/v2\/media?parent=20448"}],"curies":[{"name":"wp","href":"https:\/\/api.w.org\/{rel}","templated":true}]}}