{"id":20388,"date":"2018-04-05T20:42:11","date_gmt":"2018-04-05T18:42:11","guid":{"rendered":"https:\/\/www.aspira.hr\/study-programs-zagreb-split\/hotelijerstvo-i-turizam\/"},"modified":"2026-01-26T11:01:51","modified_gmt":"2026-01-26T10:01:51","slug":"hotel-and-tourism","status":"publish","type":"page","link":"https:\/\/www.aspira.hr\/en\/hotel-and-tourism\/hotel-and-tourism\/","title":{"rendered":"Hotel and Tourism"},"content":{"rendered":"<p>[vc_row full_width=&#8221;stretch_row_content_no_spaces&#8221; equal_height=&#8221;yes&#8221; bg_type=&#8221;image&#8221; parallax_style=&#8221;vcpb-default&#8221; css=&#8221;.vc_custom_1531263850336{margin-top: -65px !important;margin-left: 0px !important;border-left-width: 0px !important;padding-left: 0px !important;}&#8221;][vc_column width=&#8221;1\/4&#8243;]<div class=\"ult-content-box-container \" >\t<a class=\"ult-content-box-anchor\" href=\"https:\/\/www.aspira.hr\/en\/hotel-and-tourism\/hotel-and-tourism\/about-study-program\/\" >\t\t<div class=\"ult-content-box\" style=\"background-image:url(&#039;https:\/\/www.aspira.hr\/wp-content\/uploads\/2018\/05\/infobox-o-studiju.jpg&#039;);background-size: cover;background-repeat: no-repeat;background-position: center center;background-color: rgba(0, 0, 0, 0);box-shadow: px px px px none;border-style:inset;border-width:1px;border-color:#ff004c;min-height:370px;-webkit-transition: height 1000ms ease;-moz-transition: height 1000ms ease;-ms-transition: height 1000ms ease;-o-transition: height 1000ms ease;transition: height 1000ms ease;\"  data-hover_box_shadow=\"none\"     data-border_color=\"#ff004c\" >[vc_icon icon_fontawesome=&#8221;fa fa-info&#8221; color=&#8221;white&#8221; align=&#8221;center&#8221;][vc_column_text]<\/p>\n<h3 style=\"text-align: center;\"><span style=\"color: #f2f2f2;\">About study program<\/span><\/h3>\n<p style=\"text-align: center;\"><span style=\"color: #f2f2f2;\">Professional undergraduate study in\u00a0<strong> International Hospitality and Tourism Management<\/strong> prepares students for management functions in tourism, hospitality and hotel industry.<\/span><\/p>\n<p>[\/vc_column_text]\t\t<\/div>\t<\/a><\/div>[\/vc_column][vc_column width=&#8221;1\/4&#8243;]<div class=\"ult-content-box-container \" >\t<a class=\"ult-content-box-anchor\" href=\"https:\/\/www.aspira.hr\/en\/hotel-and-tourism\/hotel-and-tourism\/admissions\/\" >\t\t<div class=\"ult-content-box\" style=\"background-image:url(&#039;https:\/\/www.aspira.hr\/wp-content\/uploads\/2018\/05\/kako-upisati-infobox.jpg&#039;);background-size: cover;background-repeat: no-repeat;background-position: center center;background-color: rgba(0, 0, 0, 0);box-shadow: px px px px none;padding:5px;min-height:370px;-webkit-transition: color 700ms ease;-moz-transition: color 700ms ease;-ms-transition: color 700ms ease;-o-transition: color 700ms ease;transition: color 700ms ease;\"  data-hover_box_shadow=\"none\"    >[vc_icon icon_fontawesome=&#8221;fa fa-sticky-note-o&#8221; color=&#8221;white&#8221; align=&#8221;center&#8221;][vc_column_text]<\/p>\n<h3 style=\"text-align: center;\"><span style=\"color: #f2f2f2;\">Admissions<\/span><\/h3>\n<p style=\"text-align: center;\"><span style=\"color: #f2f2f2;\">Admission is done in two ways: based on the state graduation diploma or an entry exam. In case of a transition from another collage, you have the right to direct enrolment.<\/span><\/p>\n<p>[\/vc_column_text]\t\t<\/div>\t<\/a><\/div>[\/vc_column][vc_column width=&#8221;1\/4&#8243;]<div class=\"ult-content-box-container \" >\t<a class=\"ult-content-box-anchor\" href=\"https:\/\/www.aspira.hr\/en\/study-programs\/transition\/\" >\t\t<div class=\"ult-content-box\" style=\"background-image:url(&#039;https:\/\/www.aspira.hr\/wp-content\/uploads\/2018\/05\/prijelaz-s-studija.jpg&#039;);background-size: cover;background-repeat: no-repeat;background-position: center center;background-color: rgba(0, 0, 0, 0);box-shadow: px px px px none;padding:5px;min-height:370px;-webkit-transition: all 700ms ease;-moz-transition: all 700ms ease;-ms-transition: all 700ms ease;-o-transition: all 700ms ease;transition: all 700ms ease;\"  data-hover_box_shadow=\"none\"    >[vc_icon icon_fontawesome=&#8221;fa fa-graduation-cap&#8221; color=&#8221;white&#8221; align=&#8221;center&#8221;][vc_column_text]<\/p>\n<h3 style=\"text-align: center;\"><span style=\"color: #f2f2f2;\">Transition from other study programs<\/span><\/h3>\n<p style=\"text-align: center;\"><span style=\"color: #f2f2f2;\">Transition of students from other study programs is possible without taking the entrance exam, or state graduation exam, provided that no more than 10 years.<\/span><\/p>\n<p>[\/vc_column_text]\t\t<\/div>\t<\/a><\/div>[\/vc_column][vc_column width=&#8221;1\/4&#8243;]<div class=\"ult-content-box-container \" >\t<a class=\"ult-content-box-anchor\" href=\"https:\/\/www.aspira.hr\/en\/hotel-and-tourism\/hotel-and-tourism\/professional-practice\/\" >\t\t<div class=\"ult-content-box\" style=\"background-image:url(&#039;https:\/\/www.aspira.hr\/wp-content\/uploads\/2018\/05\/praksa-2.jpg&#039;);background-size: cover;background-repeat: no-repeat;background-position: center center;background-color: rgba(0, 0, 0, 0);box-shadow: px px px px none;padding:5px;min-height:370px;-webkit-transition: all 700ms ease;-moz-transition: all 700ms ease;-ms-transition: all 700ms ease;-o-transition: all 700ms ease;transition: all 700ms ease;\"  data-hover_box_shadow=\"none\"    >[vc_icon icon_fontawesome=&#8221;fa fa-handshake-o&#8221; color=&#8221;white&#8221; align=&#8221;center&#8221;][vc_column_text]<\/p>\n<h3 style=\"text-align: center;\"><span style=\"color: #f2f2f2;\">Professional practice<\/span><\/h3>\n<p style=\"text-align: center;\"><span style=\"color: #f2f2f2;\">At Aspira University of Applied Sciences particular emphasis is placed on practical training which the students may take in respected international hotels, as well as a number of tourist agencies and companies. <\/span><\/p>\n<p>[\/vc_column_text]\t\t<\/div>\t<\/a><\/div>[\/vc_column][\/vc_row]<\/p>\n","protected":false},"excerpt":{"rendered":"<p>[vc_row full_width=&#8221;stretch_row_content_no_spaces&#8221; equal_height=&#8221;yes&#8221; bg_type=&#8221;image&#8221; parallax_style=&#8221;vcpb-default&#8221; css=&#8221;.vc_custom_1531263850336{margin-top: -65px !important;margin-left: 0px !important;border-left-width: 0px !important;padding-left: 0px !important;}&#8221;][vc_column width=&#8221;1\/4&#8243;][\/vc_column][vc_column width=&#8221;1\/4&#8243;][\/vc_column][vc_column width=&#8221;1\/4&#8243;][\/vc_column][vc_column width=&#8221;1\/4&#8243;][\/vc_column][\/vc_row]<\/p>\n","protected":false},"author":1,"featured_media":0,"parent":23268,"menu_order":0,"comment_status":"closed","ping_status":"closed","template":"","meta":{"_monsterinsights_skip_tracking":false,"_monsterinsights_sitenote_active":false,"_monsterinsights_sitenote_note":"","_monsterinsights_sitenote_category":0},"yoast_head":"<!-- This site is optimized with the Yoast SEO plugin v18.0 - https:\/\/yoast.com\/wordpress\/plugins\/seo\/ -->\n<title>Hotel and Tourism | ASPIRA University College<\/title>\n<meta name=\"robots\" content=\"index, follow, max-snippet:-1, max-image-preview:large, max-video-preview:-1\" \/>\n<link rel=\"canonical\" href=\"https:\/\/www.aspira.hr\/en\/hotel-and-tourism\/hotel-and-tourism\/\" \/>\n<meta property=\"og:locale\" content=\"en_US\" \/>\n<meta property=\"og:type\" content=\"article\" \/>\n<meta property=\"og:title\" content=\"Hotel and Tourism | ASPIRA University College\" \/>\n<meta property=\"og:description\" content=\"[vc_row full_width=&#8221;stretch_row_content_no_spaces&#8221; equal_height=&#8221;yes&#8221; bg_type=&#8221;image&#8221; parallax_style=&#8221;vcpb-default&#8221; css=&#8221;.vc_custom_1531263850336{margin-top: -65px !important;margin-left: 0px !important;border-left-width: 0px !important;padding-left: 0px !important;}&#8221;][vc_column width=&#8221;1\/4&#8243;][\/vc_column][vc_column width=&#8221;1\/4&#8243;][\/vc_column][vc_column width=&#8221;1\/4&#8243;][\/vc_column][vc_column width=&#8221;1\/4&#8243;][\/vc_column][\/vc_row]\" \/>\n<meta property=\"og:url\" content=\"https:\/\/www.aspira.hr\/en\/hotel-and-tourism\/hotel-and-tourism\/\" \/>\n<meta property=\"og:site_name\" content=\"ASPIRA University College\" \/>\n<meta property=\"article:publisher\" content=\"https:\/\/www.facebook.com\/Aspira.University.College\" \/>\n<meta property=\"article:modified_time\" content=\"2026-01-26T10:01:51+00:00\" \/>\n<meta name=\"twitter:card\" content=\"summary_large_image\" \/>\n<meta name=\"twitter:site\" content=\"@aspirasplit\" \/>\n<meta name=\"twitter:label1\" content=\"Est. reading time\" \/>\n\t<meta name=\"twitter:data1\" content=\"2 minutes\" \/>\n<script type=\"application\/ld+json\" class=\"yoast-schema-graph\">{\"@context\":\"https:\/\/schema.org\",\"@graph\":[{\"@type\":\"Organization\",\"@id\":\"https:\/\/www.aspira.hr\/#organization\",\"name\":\"Aspira university college\",\"url\":\"https:\/\/www.aspira.hr\/\",\"sameAs\":[\"https:\/\/www.facebook.com\/Aspira.University.College\",\"https:\/\/www.instagram.com\/aspira_university\/\",\"https:\/\/www.youtube.com\/channel\/UCIgYMJQ9r3uxEjC6kX_q7EQ\",\"https:\/\/twitter.com\/aspirasplit\"],\"logo\":{\"@type\":\"ImageObject\",\"@id\":\"https:\/\/www.aspira.hr\/#logo\",\"inLanguage\":\"en-US\",\"url\":\"https:\/\/www.aspira.hr\/wp-content\/uploads\/2018\/02\/Aspira-University-College-1.png\",\"contentUrl\":\"https:\/\/www.aspira.hr\/wp-content\/uploads\/2018\/02\/Aspira-University-College-1.png\",\"width\":247,\"height\":60,\"caption\":\"Aspira university college\"},\"image\":{\"@id\":\"https:\/\/www.aspira.hr\/#logo\"}},{\"@type\":\"WebSite\",\"@id\":\"https:\/\/www.aspira.hr\/#website\",\"url\":\"https:\/\/www.aspira.hr\/\",\"name\":\"ASPIRA University College\",\"description\":\"Obrazovanje vrhunskih menad\u017eera iz podru\u010dja sporta i turizma. Studijski programi Me\u0111unarodnog menad\u017ementa u hotelijerstvu i turizmu, te Sportskog menad\u017ementa.\",\"publisher\":{\"@id\":\"https:\/\/www.aspira.hr\/#organization\"},\"potentialAction\":[{\"@type\":\"SearchAction\",\"target\":{\"@type\":\"EntryPoint\",\"urlTemplate\":\"https:\/\/www.aspira.hr\/?s={search_term_string}\"},\"query-input\":\"required name=search_term_string\"}],\"inLanguage\":\"en-US\"},{\"@type\":\"WebPage\",\"@id\":\"https:\/\/www.aspira.hr\/en\/hotel-and-tourism\/hotel-and-tourism\/#webpage\",\"url\":\"https:\/\/www.aspira.hr\/en\/hotel-and-tourism\/hotel-and-tourism\/\",\"name\":\"Hotel and Tourism | ASPIRA University College\",\"isPartOf\":{\"@id\":\"https:\/\/www.aspira.hr\/#website\"},\"datePublished\":\"2018-04-05T18:42:11+00:00\",\"dateModified\":\"2026-01-26T10:01:51+00:00\",\"breadcrumb\":{\"@id\":\"https:\/\/www.aspira.hr\/en\/hotel-and-tourism\/hotel-and-tourism\/#breadcrumb\"},\"inLanguage\":\"en-US\",\"potentialAction\":[{\"@type\":\"ReadAction\",\"target\":[\"https:\/\/www.aspira.hr\/en\/hotel-and-tourism\/hotel-and-tourism\/\"]}]},{\"@type\":\"BreadcrumbList\",\"@id\":\"https:\/\/www.aspira.hr\/en\/hotel-and-tourism\/hotel-and-tourism\/#breadcrumb\",\"itemListElement\":[{\"@type\":\"ListItem\",\"position\":1,\"name\":\"Po\u010detna stranica\",\"item\":\"https:\/\/www.aspira.hr\/en\/\"},{\"@type\":\"ListItem\",\"position\":2,\"name\":\"Hotel and tourism\",\"item\":\"https:\/\/www.aspira.hr\/en\/hotel-and-tourism\/\"},{\"@type\":\"ListItem\",\"position\":3,\"name\":\"Hotel and Tourism\"}]}]}<\/script>\n<!-- \/ Yoast SEO plugin. -->","yoast_head_json":{"title":"Hotel and Tourism | ASPIRA University College","robots":{"index":"index","follow":"follow","max-snippet":"max-snippet:-1","max-image-preview":"max-image-preview:large","max-video-preview":"max-video-preview:-1"},"canonical":"https:\/\/www.aspira.hr\/en\/hotel-and-tourism\/hotel-and-tourism\/","og_locale":"en_US","og_type":"article","og_title":"Hotel and Tourism | ASPIRA University College","og_description":"[vc_row full_width=&#8221;stretch_row_content_no_spaces&#8221; equal_height=&#8221;yes&#8221; bg_type=&#8221;image&#8221; parallax_style=&#8221;vcpb-default&#8221; css=&#8221;.vc_custom_1531263850336{margin-top: -65px !important;margin-left: 0px !important;border-left-width: 0px !important;padding-left: 0px !important;}&#8221;][vc_column width=&#8221;1\/4&#8243;][\/vc_column][vc_column width=&#8221;1\/4&#8243;][\/vc_column][vc_column width=&#8221;1\/4&#8243;][\/vc_column][vc_column width=&#8221;1\/4&#8243;][\/vc_column][\/vc_row]","og_url":"https:\/\/www.aspira.hr\/en\/hotel-and-tourism\/hotel-and-tourism\/","og_site_name":"ASPIRA University College","article_publisher":"https:\/\/www.facebook.com\/Aspira.University.College","article_modified_time":"2026-01-26T10:01:51+00:00","twitter_card":"summary_large_image","twitter_site":"@aspirasplit","twitter_misc":{"Est. reading time":"2 minutes"},"schema":{"@context":"https:\/\/schema.org","@graph":[{"@type":"Organization","@id":"https:\/\/www.aspira.hr\/#organization","name":"Aspira university college","url":"https:\/\/www.aspira.hr\/","sameAs":["https:\/\/www.facebook.com\/Aspira.University.College","https:\/\/www.instagram.com\/aspira_university\/","https:\/\/www.youtube.com\/channel\/UCIgYMJQ9r3uxEjC6kX_q7EQ","https:\/\/twitter.com\/aspirasplit"],"logo":{"@type":"ImageObject","@id":"https:\/\/www.aspira.hr\/#logo","inLanguage":"en-US","url":"https:\/\/www.aspira.hr\/wp-content\/uploads\/2018\/02\/Aspira-University-College-1.png","contentUrl":"https:\/\/www.aspira.hr\/wp-content\/uploads\/2018\/02\/Aspira-University-College-1.png","width":247,"height":60,"caption":"Aspira university college"},"image":{"@id":"https:\/\/www.aspira.hr\/#logo"}},{"@type":"WebSite","@id":"https:\/\/www.aspira.hr\/#website","url":"https:\/\/www.aspira.hr\/","name":"ASPIRA University College","description":"Obrazovanje vrhunskih menad\u017eera iz podru\u010dja sporta i turizma. Studijski programi Me\u0111unarodnog menad\u017ementa u hotelijerstvu i turizmu, te Sportskog menad\u017ementa.","publisher":{"@id":"https:\/\/www.aspira.hr\/#organization"},"potentialAction":[{"@type":"SearchAction","target":{"@type":"EntryPoint","urlTemplate":"https:\/\/www.aspira.hr\/?s={search_term_string}"},"query-input":"required name=search_term_string"}],"inLanguage":"en-US"},{"@type":"WebPage","@id":"https:\/\/www.aspira.hr\/en\/hotel-and-tourism\/hotel-and-tourism\/#webpage","url":"https:\/\/www.aspira.hr\/en\/hotel-and-tourism\/hotel-and-tourism\/","name":"Hotel and Tourism | ASPIRA University College","isPartOf":{"@id":"https:\/\/www.aspira.hr\/#website"},"datePublished":"2018-04-05T18:42:11+00:00","dateModified":"2026-01-26T10:01:51+00:00","breadcrumb":{"@id":"https:\/\/www.aspira.hr\/en\/hotel-and-tourism\/hotel-and-tourism\/#breadcrumb"},"inLanguage":"en-US","potentialAction":[{"@type":"ReadAction","target":["https:\/\/www.aspira.hr\/en\/hotel-and-tourism\/hotel-and-tourism\/"]}]},{"@type":"BreadcrumbList","@id":"https:\/\/www.aspira.hr\/en\/hotel-and-tourism\/hotel-and-tourism\/#breadcrumb","itemListElement":[{"@type":"ListItem","position":1,"name":"Po\u010detna stranica","item":"https:\/\/www.aspira.hr\/en\/"},{"@type":"ListItem","position":2,"name":"Hotel and tourism","item":"https:\/\/www.aspira.hr\/en\/hotel-and-tourism\/"},{"@type":"ListItem","position":3,"name":"Hotel and Tourism"}]}]}},"_links":{"self":[{"href":"https:\/\/www.aspira.hr\/en\/wp-json\/wp\/v2\/pages\/20388"}],"collection":[{"href":"https:\/\/www.aspira.hr\/en\/wp-json\/wp\/v2\/pages"}],"about":[{"href":"https:\/\/www.aspira.hr\/en\/wp-json\/wp\/v2\/types\/page"}],"author":[{"embeddable":true,"href":"https:\/\/www.aspira.hr\/en\/wp-json\/wp\/v2\/users\/1"}],"replies":[{"embeddable":true,"href":"https:\/\/www.aspira.hr\/en\/wp-json\/wp\/v2\/comments?post=20388"}],"version-history":[{"count":3,"href":"https:\/\/www.aspira.hr\/en\/wp-json\/wp\/v2\/pages\/20388\/revisions"}],"predecessor-version":[{"id":38652,"href":"https:\/\/www.aspira.hr\/en\/wp-json\/wp\/v2\/pages\/20388\/revisions\/38652"}],"up":[{"embeddable":true,"href":"https:\/\/www.aspira.hr\/en\/wp-json\/wp\/v2\/pages\/23268"}],"wp:attachment":[{"href":"https:\/\/www.aspira.hr\/en\/wp-json\/wp\/v2\/media?parent=20388"}],"curies":[{"name":"wp","href":"https:\/\/api.w.org\/{rel}","templated":true}]}}