{"id":20378,"date":"2018-07-22T09:03:46","date_gmt":"2018-07-22T07:03:46","guid":{"rendered":"https:\/\/www.aspira.hr\/?page_id=20378"},"modified":"2026-01-26T11:00:14","modified_gmt":"2026-01-26T10:00:14","slug":"study-programs","status":"publish","type":"page","link":"https:\/\/www.aspira.hr\/en\/study-programs\/","title":{"rendered":"Study programs"},"content":{"rendered":"<p>[vc_row full_width=&#8221;stretch_row&#8221; css=&#8221;.vc_custom_1532246389349{margin-top: -50px !important;}&#8221;][vc_column width=&#8221;1\/3&#8243;]<div class=\"ult-new-ib ult-ib-effect-style7  ult-ib-resp ult-ib2-min-height \" data-min-width=\"768\" data-max-width=\"900\" style=\"background:#000000; opacity:0; \" data-opacity=\"0.6\" data-hover-opacity=\"0.4\"  data-min-height=\"270\" ><img class=\"ult-new-ib-img\" style=\"opacity:0.6;\" alt=\"null\" src=\"https:\/\/www.aspira.hr\/wp-content\/uploads\/2025\/11\/WhatsApp-Image-2025-06-30-at-15.16.57-3.jpeg\"  data-min-height=\"270\"   \/><div id=\"interactive-banner-wrap-2619\" class=\"ult-new-ib-desc\" style=\"\"><h2 class=\"ult-new-ib-title ult-responsive\"  data-ultimate-target='#interactive-banner-wrap-2619 .ult-new-ib-title'  data-responsive-json-new='{\"font-size\":\"desktop:22px;\",\"line-height\":\"\"}'  style=\"font-weight:normal;\">Professional undergraduate study in International Management in Hospitality and Tourism<\/h2><div class=\"ult-new-ib-content ult-responsive\"  data-ultimate-target='#interactive-banner-wrap-2619 .ult-new-ib-content'  data-responsive-json-new='{\"font-size\":\"desktop:16px;\",\"line-height\":\"\"}'  style=\"font-weight:normal;\"><p>The study program prepares students for management functions in tourism, hospitality and hotel industry.<\/p><\/div><\/div><a class=\"ult-new-ib-link\" href=\"https:\/\/www.aspira.hr\/en\/study-programs\/hotel-and-tourism\/\"  ><\/a><\/div><script type=\"text\/javascript\">\n\t\t\t(function($){\n\t\t\t\t$(document).ready(function(){\n\t\t\t\t\t$(\".ult-new-ib\").css(\"opacity\",\"1\");\n\t\t\t\t});\n\t\t\t})(jQuery);\n\t\t\t<\/script>[\/vc_column][vc_column width=&#8221;1\/3&#8243;]<div class=\"ult-new-ib ult-ib-effect-style7  ult-ib-resp ult-ib2-min-height \" data-min-width=\"768\" data-max-width=\"900\" style=\"background:#000000; opacity:0; \" data-opacity=\"0.6\" data-hover-opacity=\"0.4\"  data-min-height=\"270\" ><img class=\"ult-new-ib-img\" style=\"opacity:0.6;\" alt=\"null\" src=\"https:\/\/www.aspira.hr\/wp-content\/uploads\/2025\/11\/Aspira-dan-karijera-2025-105-1.jpg\"  data-min-height=\"270\"   \/><div id=\"interactive-banner-wrap-4462\" class=\"ult-new-ib-desc\" style=\"\"><h2 class=\"ult-new-ib-title ult-responsive\"  data-ultimate-target='#interactive-banner-wrap-4462 .ult-new-ib-title'  data-responsive-json-new='{\"font-size\":\"desktop:22px;\",\"line-height\":\"\"}'  style=\"font-weight:normal;\">Professional graduate study in Hotel and Tourism Management<\/h2><div class=\"ult-new-ib-content ult-responsive\"  data-ultimate-target='#interactive-banner-wrap-4462 .ult-new-ib-content'  data-responsive-json-new='{\"font-size\":\"desktop:15px;\",\"line-height\":\"\"}'  style=\"font-weight:normal;\"><p>This study ensures the highest level of specialization in the complex hospitality and tourism sector.<\/p><\/div><\/div><a class=\"ult-new-ib-link\" href=\"https:\/\/www.aspira.hr\/en\/hotel-and-tourism\/mba-study-hospitality-tourism\/\"  ><\/a><\/div><script type=\"text\/javascript\">\n\t\t\t(function($){\n\t\t\t\t$(document).ready(function(){\n\t\t\t\t\t$(\".ult-new-ib\").css(\"opacity\",\"1\");\n\t\t\t\t});\n\t\t\t})(jQuery);\n\t\t\t<\/script>[\/vc_column][vc_column width=&#8221;1\/3&#8243;]<div class=\"ult-new-ib ult-ib-effect-style7  ult-ib-resp ult-ib2-min-height \" data-min-width=\"768\" data-max-width=\"900\" style=\"background:#000000; opacity:0; \" data-opacity=\"0.6\" data-hover-opacity=\"0.4\"  data-min-height=\"270\" ><img class=\"ult-new-ib-img\" style=\"opacity:0.6;\" alt=\"null\" src=\"https:\/\/www.aspira.hr\/wp-content\/uploads\/2025\/11\/DSC_0237.jpg\"  data-min-height=\"270\"   \/><div id=\"interactive-banner-wrap-3626\" class=\"ult-new-ib-desc\" style=\"\"><h2 class=\"ult-new-ib-title ult-responsive\"  data-ultimate-target='#interactive-banner-wrap-3626 .ult-new-ib-title'  data-responsive-json-new='{\"font-size\":\"desktop:22px;\",\"line-height\":\"\"}'  style=\"font-weight:normal;\">Gastronomy<\/h2><div class=\"ult-new-ib-content ult-responsive\"  data-ultimate-target='#interactive-banner-wrap-3626 .ult-new-ib-content'  data-responsive-json-new='{\"font-size\":\"desktop:16px;\",\"line-height\":\"\"}'  style=\"font-weight:normal;\"><p>Croatia is slowly but surely setting itself apart on the world market with its unique culinary offer. The first international study course in Gastronomy will teach you everything about opening and running a restaurant.<\/p><\/div><\/div><a class=\"ult-new-ib-link\" href=\"http:\/\/studij-gastronomije.com\/en\/\"  ><\/a><\/div><script type=\"text\/javascript\">\n\t\t\t(function($){\n\t\t\t\t$(document).ready(function(){\n\t\t\t\t\t$(\".ult-new-ib\").css(\"opacity\",\"1\");\n\t\t\t\t});\n\t\t\t})(jQuery);\n\t\t\t<\/script>[\/vc_column][\/vc_row][vc_row full_width=&#8221;stretch_row&#8221;][vc_column width=&#8221;1\/3&#8243;]<div class=\"ult-new-ib ult-ib-effect-style7  ult-ib-resp ult-ib2-min-height \" data-min-width=\"768\" data-max-width=\"900\" style=\"background:#000000; opacity:0; \" data-opacity=\"0.6\" data-hover-opacity=\"0.4\"  data-min-height=\"270\" ><img class=\"ult-new-ib-img\" style=\"opacity:0.6;\" alt=\"null\" src=\"https:\/\/www.aspira.hr\/wp-content\/uploads\/2025\/11\/DSC_8456.jpg\"  data-min-height=\"270\"   \/><div id=\"interactive-banner-wrap-6959\" class=\"ult-new-ib-desc\" style=\"\"><h2 class=\"ult-new-ib-title ult-responsive\"  data-ultimate-target='#interactive-banner-wrap-6959 .ult-new-ib-title'  data-responsive-json-new='{\"font-size\":\"desktop:22px;\",\"line-height\":\"\"}'  style=\"font-weight:normal;\">Professional undergraduate study in Computer Engineering<\/h2><div class=\"ult-new-ib-content ult-responsive\"  data-ultimate-target='#interactive-banner-wrap-6959 .ult-new-ib-content'  data-responsive-json-new='{\"font-size\":\"desktop:16px;\",\"line-height\":\"\"}'  style=\"font-weight:normal;\"><p>Degree Program created in Cooperation with IT Experts and Entrepreneurs<\/p><\/div><\/div><a class=\"ult-new-ib-link\" href=\"https:\/\/studij-racunarstva.com\/en\/\"  ><\/a><\/div><script type=\"text\/javascript\">\n\t\t\t(function($){\n\t\t\t\t$(document).ready(function(){\n\t\t\t\t\t$(\".ult-new-ib\").css(\"opacity\",\"1\");\n\t\t\t\t});\n\t\t\t})(jQuery);\n\t\t\t<\/script>[\/vc_column][vc_column width=&#8221;1\/3&#8243;]<div class=\"ult-new-ib ult-ib-effect-style7  ult-ib-resp ult-ib2-min-height \" data-min-width=\"768\" data-max-width=\"900\" style=\"background:#000000; opacity:0; \" data-opacity=\"0.6\" data-hover-opacity=\"0.4\"  data-min-height=\"270\" ><img class=\"ult-new-ib-img\" style=\"opacity:0.6;\" alt=\"null\" src=\"https:\/\/www.aspira.hr\/wp-content\/uploads\/2025\/11\/WhatsApp-Image-2023-10-16-at-17.37.31.jpeg\"  data-min-height=\"270\"   \/><div id=\"interactive-banner-wrap-2338\" class=\"ult-new-ib-desc\" style=\"\"><h2 class=\"ult-new-ib-title ult-responsive\"  data-ultimate-target='#interactive-banner-wrap-2338 .ult-new-ib-title'  data-responsive-json-new='{\"font-size\":\"desktop:22px;\",\"line-height\":\"\"}'  style=\"font-weight:normal;\">Professional undergraduate study in Sports management<\/h2><div class=\"ult-new-ib-content ult-responsive\"  data-ultimate-target='#interactive-banner-wrap-2338 .ult-new-ib-content'  data-responsive-json-new='{\"font-size\":\"desktop:16px;\",\"line-height\":\"\"}'  style=\"font-weight:normal;\"><p>A curriculum of College of Sports Management Aspira is aimed at education for performing management functions in sports associations and other business systems.<\/p><\/div><\/div><a class=\"ult-new-ib-link\" href=\"https:\/\/www.aspira.hr\/en\/study-programs\/sport-management\/\"  ><\/a><\/div><script type=\"text\/javascript\">\n\t\t\t(function($){\n\t\t\t\t$(document).ready(function(){\n\t\t\t\t\t$(\".ult-new-ib\").css(\"opacity\",\"1\");\n\t\t\t\t});\n\t\t\t})(jQuery);\n\t\t\t<\/script>[\/vc_column][vc_column width=&#8221;1\/3&#8243;]<div class=\"ult-new-ib ult-ib-effect-style7  ult-ib-resp ult-ib2-min-height \" data-min-width=\"200\" data-max-width=\"900\" style=\"background:#000000; opacity:0; \" data-opacity=\"0.6\" data-hover-opacity=\"0.2\"  data-min-height=\"270\" ><img class=\"ult-new-ib-img\" style=\"opacity:0.6;\" alt=\"null\" src=\"https:\/\/www.aspira.hr\/wp-content\/uploads\/2025\/11\/GM_04371.jpg\"  data-min-height=\"270\"   \/><div id=\"interactive-banner-wrap-3969\" class=\"ult-new-ib-desc\" style=\"\"><h2 class=\"ult-new-ib-title ult-responsive\"  data-ultimate-target='#interactive-banner-wrap-3969 .ult-new-ib-title'  data-responsive-json-new='{\"font-size\":\"desktop:22px;\",\"line-height\":\"\"}'  style=\"font-weight:normal;\">Professional graduate study in Sports Management<\/h2><div class=\"ult-new-ib-content ult-responsive\"  data-ultimate-target='#interactive-banner-wrap-3969 .ult-new-ib-content'  data-responsive-json-new='{\"font-size\":\"desktop:16px;\",\"line-height\":\"\"}'  style=\"font-weight:normal;\"><p>It is intended for the professionals who already work in sports, as well as those who want to achieve successful careers in sports and sports industry.<\/p><\/div><\/div><a class=\"ult-new-ib-link\" href=\"https:\/\/www.aspira.hr\/en\/study-programs\/master-of-sports-management\/\"  ><\/a><\/div><script type=\"text\/javascript\">\n\t\t\t(function($){\n\t\t\t\t$(document).ready(function(){\n\t\t\t\t\t$(\".ult-new-ib\").css(\"opacity\",\"1\");\n\t\t\t\t});\n\t\t\t})(jQuery);\n\t\t\t<\/script>[\/vc_column][\/vc_row]<\/p>\n","protected":false},"excerpt":{"rendered":"<p>[vc_row full_width=&#8221;stretch_row&#8221; css=&#8221;.vc_custom_1532246389349{margin-top: -50px !important;}&#8221;][vc_column width=&#8221;1\/3&#8243;][\/vc_column][vc_column width=&#8221;1\/3&#8243;][\/vc_column][vc_column width=&#8221;1\/3&#8243;][\/vc_column][\/vc_row][vc_row full_width=&#8221;stretch_row&#8221;][vc_column width=&#8221;1\/3&#8243;][\/vc_column][vc_column width=&#8221;1\/3&#8243;][\/vc_column][vc_column width=&#8221;1\/3&#8243;][\/vc_column][\/vc_row]<\/p>\n","protected":false},"author":1,"featured_media":0,"parent":0,"menu_order":0,"comment_status":"closed","ping_status":"closed","template":"","meta":{"_monsterinsights_skip_tracking":false,"_monsterinsights_sitenote_active":false,"_monsterinsights_sitenote_note":"","_monsterinsights_sitenote_category":0},"yoast_head":"<!-- This site is optimized with the Yoast SEO plugin v18.0 - https:\/\/yoast.com\/wordpress\/plugins\/seo\/ -->\n<title>Study at Aspira in Zagreb or Split<\/title>\n<meta name=\"robots\" content=\"index, follow, max-snippet:-1, max-image-preview:large, max-video-preview:-1\" \/>\n<link rel=\"canonical\" href=\"https:\/\/www.aspira.hr\/en\/study-programs\/\" \/>\n<meta property=\"og:locale\" content=\"en_US\" \/>\n<meta property=\"og:type\" content=\"article\" \/>\n<meta property=\"og:title\" content=\"Study at Aspira in Zagreb or Split\" \/>\n<meta property=\"og:description\" content=\"[vc_row full_width=&#8221;stretch_row&#8221; css=&#8221;.vc_custom_1532246389349{margin-top: -50px !important;}&#8221;][vc_column width=&#8221;1\/3&#8243;][\/vc_column][vc_column width=&#8221;1\/3&#8243;][\/vc_column][vc_column width=&#8221;1\/3&#8243;][\/vc_column][\/vc_row][vc_row full_width=&#8221;stretch_row&#8221;][vc_column width=&#8221;1\/3&#8243;][\/vc_column][vc_column width=&#8221;1\/3&#8243;][\/vc_column][vc_column width=&#8221;1\/3&#8243;][\/vc_column][\/vc_row]\" \/>\n<meta property=\"og:url\" content=\"https:\/\/www.aspira.hr\/en\/study-programs\/\" \/>\n<meta property=\"og:site_name\" content=\"ASPIRA University College\" \/>\n<meta property=\"article:publisher\" content=\"https:\/\/www.facebook.com\/Aspira.University.College\" \/>\n<meta property=\"article:modified_time\" content=\"2026-01-26T10:00:14+00:00\" \/>\n<meta name=\"twitter:card\" content=\"summary_large_image\" \/>\n<meta name=\"twitter:site\" content=\"@aspirasplit\" \/>\n<meta name=\"twitter:label1\" content=\"Est. reading time\" \/>\n\t<meta name=\"twitter:data1\" content=\"2 minutes\" \/>\n<script type=\"application\/ld+json\" class=\"yoast-schema-graph\">{\"@context\":\"https:\/\/schema.org\",\"@graph\":[{\"@type\":\"Organization\",\"@id\":\"https:\/\/www.aspira.hr\/#organization\",\"name\":\"Aspira university college\",\"url\":\"https:\/\/www.aspira.hr\/\",\"sameAs\":[\"https:\/\/www.facebook.com\/Aspira.University.College\",\"https:\/\/www.instagram.com\/aspira_university\/\",\"https:\/\/www.youtube.com\/channel\/UCIgYMJQ9r3uxEjC6kX_q7EQ\",\"https:\/\/twitter.com\/aspirasplit\"],\"logo\":{\"@type\":\"ImageObject\",\"@id\":\"https:\/\/www.aspira.hr\/#logo\",\"inLanguage\":\"en-US\",\"url\":\"https:\/\/www.aspira.hr\/wp-content\/uploads\/2018\/02\/Aspira-University-College-1.png\",\"contentUrl\":\"https:\/\/www.aspira.hr\/wp-content\/uploads\/2018\/02\/Aspira-University-College-1.png\",\"width\":247,\"height\":60,\"caption\":\"Aspira university college\"},\"image\":{\"@id\":\"https:\/\/www.aspira.hr\/#logo\"}},{\"@type\":\"WebSite\",\"@id\":\"https:\/\/www.aspira.hr\/#website\",\"url\":\"https:\/\/www.aspira.hr\/\",\"name\":\"ASPIRA University College\",\"description\":\"Obrazovanje vrhunskih menad\u017eera iz podru\u010dja sporta i turizma. Studijski programi Me\u0111unarodnog menad\u017ementa u hotelijerstvu i turizmu, te Sportskog menad\u017ementa.\",\"publisher\":{\"@id\":\"https:\/\/www.aspira.hr\/#organization\"},\"potentialAction\":[{\"@type\":\"SearchAction\",\"target\":{\"@type\":\"EntryPoint\",\"urlTemplate\":\"https:\/\/www.aspira.hr\/?s={search_term_string}\"},\"query-input\":\"required name=search_term_string\"}],\"inLanguage\":\"en-US\"},{\"@type\":\"WebPage\",\"@id\":\"https:\/\/www.aspira.hr\/en\/study-programs\/#webpage\",\"url\":\"https:\/\/www.aspira.hr\/en\/study-programs\/\",\"name\":\"Study at Aspira in Zagreb or Split\",\"isPartOf\":{\"@id\":\"https:\/\/www.aspira.hr\/#website\"},\"datePublished\":\"2018-07-22T07:03:46+00:00\",\"dateModified\":\"2026-01-26T10:00:14+00:00\",\"breadcrumb\":{\"@id\":\"https:\/\/www.aspira.hr\/en\/study-programs\/#breadcrumb\"},\"inLanguage\":\"en-US\",\"potentialAction\":[{\"@type\":\"ReadAction\",\"target\":[\"https:\/\/www.aspira.hr\/en\/study-programs\/\"]}]},{\"@type\":\"BreadcrumbList\",\"@id\":\"https:\/\/www.aspira.hr\/en\/study-programs\/#breadcrumb\",\"itemListElement\":[{\"@type\":\"ListItem\",\"position\":1,\"name\":\"Po\u010detna stranica\",\"item\":\"https:\/\/www.aspira.hr\/en\/\"},{\"@type\":\"ListItem\",\"position\":2,\"name\":\"Study programs\"}]}]}<\/script>\n<!-- \/ Yoast SEO plugin. -->","yoast_head_json":{"title":"Study at Aspira in Zagreb or Split","robots":{"index":"index","follow":"follow","max-snippet":"max-snippet:-1","max-image-preview":"max-image-preview:large","max-video-preview":"max-video-preview:-1"},"canonical":"https:\/\/www.aspira.hr\/en\/study-programs\/","og_locale":"en_US","og_type":"article","og_title":"Study at Aspira in Zagreb or Split","og_description":"[vc_row full_width=&#8221;stretch_row&#8221; css=&#8221;.vc_custom_1532246389349{margin-top: -50px !important;}&#8221;][vc_column width=&#8221;1\/3&#8243;][\/vc_column][vc_column width=&#8221;1\/3&#8243;][\/vc_column][vc_column width=&#8221;1\/3&#8243;][\/vc_column][\/vc_row][vc_row full_width=&#8221;stretch_row&#8221;][vc_column width=&#8221;1\/3&#8243;][\/vc_column][vc_column width=&#8221;1\/3&#8243;][\/vc_column][vc_column width=&#8221;1\/3&#8243;][\/vc_column][\/vc_row]","og_url":"https:\/\/www.aspira.hr\/en\/study-programs\/","og_site_name":"ASPIRA University College","article_publisher":"https:\/\/www.facebook.com\/Aspira.University.College","article_modified_time":"2026-01-26T10:00:14+00:00","twitter_card":"summary_large_image","twitter_site":"@aspirasplit","twitter_misc":{"Est. reading time":"2 minutes"},"schema":{"@context":"https:\/\/schema.org","@graph":[{"@type":"Organization","@id":"https:\/\/www.aspira.hr\/#organization","name":"Aspira university college","url":"https:\/\/www.aspira.hr\/","sameAs":["https:\/\/www.facebook.com\/Aspira.University.College","https:\/\/www.instagram.com\/aspira_university\/","https:\/\/www.youtube.com\/channel\/UCIgYMJQ9r3uxEjC6kX_q7EQ","https:\/\/twitter.com\/aspirasplit"],"logo":{"@type":"ImageObject","@id":"https:\/\/www.aspira.hr\/#logo","inLanguage":"en-US","url":"https:\/\/www.aspira.hr\/wp-content\/uploads\/2018\/02\/Aspira-University-College-1.png","contentUrl":"https:\/\/www.aspira.hr\/wp-content\/uploads\/2018\/02\/Aspira-University-College-1.png","width":247,"height":60,"caption":"Aspira university college"},"image":{"@id":"https:\/\/www.aspira.hr\/#logo"}},{"@type":"WebSite","@id":"https:\/\/www.aspira.hr\/#website","url":"https:\/\/www.aspira.hr\/","name":"ASPIRA University College","description":"Obrazovanje vrhunskih menad\u017eera iz podru\u010dja sporta i turizma. Studijski programi Me\u0111unarodnog menad\u017ementa u hotelijerstvu i turizmu, te Sportskog menad\u017ementa.","publisher":{"@id":"https:\/\/www.aspira.hr\/#organization"},"potentialAction":[{"@type":"SearchAction","target":{"@type":"EntryPoint","urlTemplate":"https:\/\/www.aspira.hr\/?s={search_term_string}"},"query-input":"required name=search_term_string"}],"inLanguage":"en-US"},{"@type":"WebPage","@id":"https:\/\/www.aspira.hr\/en\/study-programs\/#webpage","url":"https:\/\/www.aspira.hr\/en\/study-programs\/","name":"Study at Aspira in Zagreb or Split","isPartOf":{"@id":"https:\/\/www.aspira.hr\/#website"},"datePublished":"2018-07-22T07:03:46+00:00","dateModified":"2026-01-26T10:00:14+00:00","breadcrumb":{"@id":"https:\/\/www.aspira.hr\/en\/study-programs\/#breadcrumb"},"inLanguage":"en-US","potentialAction":[{"@type":"ReadAction","target":["https:\/\/www.aspira.hr\/en\/study-programs\/"]}]},{"@type":"BreadcrumbList","@id":"https:\/\/www.aspira.hr\/en\/study-programs\/#breadcrumb","itemListElement":[{"@type":"ListItem","position":1,"name":"Po\u010detna stranica","item":"https:\/\/www.aspira.hr\/en\/"},{"@type":"ListItem","position":2,"name":"Study programs"}]}]}},"_links":{"self":[{"href":"https:\/\/www.aspira.hr\/en\/wp-json\/wp\/v2\/pages\/20378"}],"collection":[{"href":"https:\/\/www.aspira.hr\/en\/wp-json\/wp\/v2\/pages"}],"about":[{"href":"https:\/\/www.aspira.hr\/en\/wp-json\/wp\/v2\/types\/page"}],"author":[{"embeddable":true,"href":"https:\/\/www.aspira.hr\/en\/wp-json\/wp\/v2\/users\/1"}],"replies":[{"embeddable":true,"href":"https:\/\/www.aspira.hr\/en\/wp-json\/wp\/v2\/comments?post=20378"}],"version-history":[{"count":12,"href":"https:\/\/www.aspira.hr\/en\/wp-json\/wp\/v2\/pages\/20378\/revisions"}],"predecessor-version":[{"id":39672,"href":"https:\/\/www.aspira.hr\/en\/wp-json\/wp\/v2\/pages\/20378\/revisions\/39672"}],"wp:attachment":[{"href":"https:\/\/www.aspira.hr\/en\/wp-json\/wp\/v2\/media?parent=20378"}],"curies":[{"name":"wp","href":"https:\/\/api.w.org\/{rel}","templated":true}]}}