{"id":20373,"date":"2018-07-22T08:56:37","date_gmt":"2018-07-22T06:56:37","guid":{"rendered":"https:\/\/www.aspira.hr\/?page_id=20373"},"modified":"2018-07-22T08:58:13","modified_gmt":"2018-07-22T06:58:13","slug":"alumni","status":"publish","type":"page","link":"https:\/\/www.aspira.hr\/en\/alumni\/","title":{"rendered":"Alumni"},"content":{"rendered":"<p>[vc_row][vc_column][vc_column_text]Alumni is an association of former students within which contacts and cooperation continue after graduating from college. It represents a voluntary association that can be joined by all those who have graduated from the University College Aspira. The aim of the club is to connect all generations of graduate students for the purpose of realizing and maintaining permanent contacts, socializing, exchanging business experiences and so on.<\/p>\n<p>The University College Aspira is fully available for assistance or cooperation.[\/vc_column_text][\/vc_column][\/vc_row][vc_row full_width=&#8221;stretch_row&#8221; bg_type=&#8221;image&#8221; parallax_style=&#8221;vcpb-default&#8221; bg_image_new=&#8221;id^19757|url^https:\/\/www.aspira.hr\/wp-content\/uploads\/2018\/06\/alumni.jpg|caption^null|alt^Aspira Alumni|title^alumni|description^null&#8221; bg_image_repeat=&#8221;no-repeat&#8221; bg_img_attach=&#8221;fixed&#8221;][vc_column][vc_column_text]<\/p>\n<h2><span style=\"color: #f2f2f2;\">Main goals of establishment and work of alumni are:<\/span><\/h2>\n<ul>\n<li><span style=\"color: #f2f2f2;\">connecting all those who have graduated from the University College Aspira in Split in the college community Alumni and building mutual relations of cooperation<\/span><\/li>\n<li><span style=\"color: #f2f2f2;\">establishing and maintaining the connection between the University College Aspira in Split and its students after graduation<\/span><\/li>\n<li><span style=\"color: #f2f2f2;\">developing cooperation between the University College Aspira and companies or organizations in which former students of Aspira are working<\/span><\/li>\n<li><span style=\"color: #f2f2f2;\">promoting the activities of the University College in Split and promotion of the University College Aspira as an institution<\/span><\/li>\n<li><span style=\"color: #f2f2f2;\">encouraging and enhancing professional, scientific and practical activities of their membership<\/span><\/li>\n<li><span style=\"color: #f2f2f2;\">participating in international scientific and professional exchange and establishment of contacts with alumni associations at home and abroad<\/span><\/li>\n<li><span style=\"color: #f2f2f2;\">regularly and occasionally informing members about the activities of the Association, its members&#8217; achievements and about the events concerning their professions<\/span><\/li>\n<li><span style=\"color: #f2f2f2;\">providing experiential information to potential students regarding the study of the University College Aspira<\/span><\/li>\n<li><span style=\"color: #f2f2f2;\">issuing scientific, professional and informative publications<\/span><\/li>\n<li><span style=\"color: #f2f2f2;\">encouraging understanding and adoption of professional ethical values \u200b\u200bthrough the overall activity of the Association<\/span><\/li>\n<li><span style=\"color: #f2f2f2;\">organizing professional, sports and other gatherings with other associations and marking important anniversaries<\/span><\/li>\n<li><span style=\"color: #f2f2f2;\">organizing round tables on significant economic problems,<\/span><\/li>\n<li><span style=\"color: #f2f2f2;\">encouraging the organization of meetings and lectures for members of Alumni<\/span><\/li>\n<li><span style=\"color: #f2f2f2;\">organizing and realizing various programs and projects in the field of sports management and other areas<\/span><\/li>\n<li><span style=\"color: #f2f2f2;\">cooperating with other alumni associations and professional associations in the country and abroad, scientific and professional cooperation with University College Aspira in Split<\/span><\/li>\n<li><span style=\"color: #f2f2f2;\">cooperating with the Students\u2019 Union and other organizations of students of the Aspira High School in Split,<\/span><\/li>\n<li><span style=\"color: #f2f2f2;\">organizing meetings of the finnal year students of Aspira in Split with eminent experts<\/span><\/li>\n<\/ul>\n<p><span style=\"color: #f2f2f2;\">Our wish is to establish a lasting relationship with our students, to inform them about the development plans and programs and to encourage them to help in our efforts to make study and stay at the University College Aspira as better and better as possible.<\/span>[\/vc_column_text][\/vc_column][\/vc_row]<\/p>\n","protected":false},"excerpt":{"rendered":"<p>[vc_row][vc_column][vc_column_text]Alumni is an association of former students within which contacts and cooperation continue after graduating from college. It represents a voluntary association that can be joined by all those who have graduated from the University College Aspira. The aim of the club is to connect all generations of graduate students for the purpose of realizing&hellip;<\/p>\n","protected":false},"author":1,"featured_media":0,"parent":0,"menu_order":0,"comment_status":"closed","ping_status":"closed","template":"","meta":{"_monsterinsights_skip_tracking":false,"_monsterinsights_sitenote_active":false,"_monsterinsights_sitenote_note":"","_monsterinsights_sitenote_category":0},"yoast_head":"<!-- This site is optimized with the Yoast SEO plugin v18.0 - https:\/\/yoast.com\/wordpress\/plugins\/seo\/ -->\n<title>Alumni | ASPIRA University College<\/title>\n<meta name=\"robots\" content=\"index, follow, max-snippet:-1, max-image-preview:large, max-video-preview:-1\" \/>\n<link rel=\"canonical\" href=\"https:\/\/www.aspira.hr\/en\/alumni\/\" \/>\n<meta property=\"og:locale\" content=\"en_US\" \/>\n<meta property=\"og:type\" content=\"article\" \/>\n<meta property=\"og:title\" content=\"Alumni | ASPIRA University College\" \/>\n<meta property=\"og:description\" content=\"[vc_row][vc_column][vc_column_text]Alumni is an association of former students within which contacts and cooperation continue after graduating from college. It represents a voluntary association that can be joined by all those who have graduated from the University College Aspira. The aim of the club is to connect all generations of graduate students for the purpose of realizing&hellip;\" \/>\n<meta property=\"og:url\" content=\"https:\/\/www.aspira.hr\/en\/alumni\/\" \/>\n<meta property=\"og:site_name\" content=\"ASPIRA University College\" \/>\n<meta property=\"article:publisher\" content=\"https:\/\/www.facebook.com\/Aspira.University.College\" \/>\n<meta property=\"article:modified_time\" content=\"2018-07-22T06:58:13+00:00\" \/>\n<meta name=\"twitter:card\" content=\"summary_large_image\" \/>\n<meta name=\"twitter:site\" content=\"@aspirasplit\" \/>\n<meta name=\"twitter:label1\" content=\"Est. reading time\" \/>\n\t<meta name=\"twitter:data1\" content=\"2 minutes\" \/>\n<script type=\"application\/ld+json\" class=\"yoast-schema-graph\">{\"@context\":\"https:\/\/schema.org\",\"@graph\":[{\"@type\":\"Organization\",\"@id\":\"https:\/\/www.aspira.hr\/#organization\",\"name\":\"Aspira university college\",\"url\":\"https:\/\/www.aspira.hr\/\",\"sameAs\":[\"https:\/\/www.facebook.com\/Aspira.University.College\",\"https:\/\/www.instagram.com\/aspira_university\/\",\"https:\/\/www.youtube.com\/channel\/UCIgYMJQ9r3uxEjC6kX_q7EQ\",\"https:\/\/twitter.com\/aspirasplit\"],\"logo\":{\"@type\":\"ImageObject\",\"@id\":\"https:\/\/www.aspira.hr\/#logo\",\"inLanguage\":\"en-US\",\"url\":\"https:\/\/www.aspira.hr\/wp-content\/uploads\/2018\/02\/Aspira-University-College-1.png\",\"contentUrl\":\"https:\/\/www.aspira.hr\/wp-content\/uploads\/2018\/02\/Aspira-University-College-1.png\",\"width\":247,\"height\":60,\"caption\":\"Aspira university college\"},\"image\":{\"@id\":\"https:\/\/www.aspira.hr\/#logo\"}},{\"@type\":\"WebSite\",\"@id\":\"https:\/\/www.aspira.hr\/#website\",\"url\":\"https:\/\/www.aspira.hr\/\",\"name\":\"ASPIRA University College\",\"description\":\"Obrazovanje vrhunskih menad\u017eera iz podru\u010dja sporta i turizma. Studijski programi Me\u0111unarodnog menad\u017ementa u hotelijerstvu i turizmu, te Sportskog menad\u017ementa.\",\"publisher\":{\"@id\":\"https:\/\/www.aspira.hr\/#organization\"},\"potentialAction\":[{\"@type\":\"SearchAction\",\"target\":{\"@type\":\"EntryPoint\",\"urlTemplate\":\"https:\/\/www.aspira.hr\/?s={search_term_string}\"},\"query-input\":\"required name=search_term_string\"}],\"inLanguage\":\"en-US\"},{\"@type\":\"WebPage\",\"@id\":\"https:\/\/www.aspira.hr\/en\/alumni\/#webpage\",\"url\":\"https:\/\/www.aspira.hr\/en\/alumni\/\",\"name\":\"Alumni | ASPIRA University College\",\"isPartOf\":{\"@id\":\"https:\/\/www.aspira.hr\/#website\"},\"datePublished\":\"2018-07-22T06:56:37+00:00\",\"dateModified\":\"2018-07-22T06:58:13+00:00\",\"breadcrumb\":{\"@id\":\"https:\/\/www.aspira.hr\/en\/alumni\/#breadcrumb\"},\"inLanguage\":\"en-US\",\"potentialAction\":[{\"@type\":\"ReadAction\",\"target\":[\"https:\/\/www.aspira.hr\/en\/alumni\/\"]}]},{\"@type\":\"BreadcrumbList\",\"@id\":\"https:\/\/www.aspira.hr\/en\/alumni\/#breadcrumb\",\"itemListElement\":[{\"@type\":\"ListItem\",\"position\":1,\"name\":\"Po\u010detna stranica\",\"item\":\"https:\/\/www.aspira.hr\/en\/\"},{\"@type\":\"ListItem\",\"position\":2,\"name\":\"Alumni\"}]}]}<\/script>\n<!-- \/ Yoast SEO plugin. -->","yoast_head_json":{"title":"Alumni | ASPIRA University College","robots":{"index":"index","follow":"follow","max-snippet":"max-snippet:-1","max-image-preview":"max-image-preview:large","max-video-preview":"max-video-preview:-1"},"canonical":"https:\/\/www.aspira.hr\/en\/alumni\/","og_locale":"en_US","og_type":"article","og_title":"Alumni | ASPIRA University College","og_description":"[vc_row][vc_column][vc_column_text]Alumni is an association of former students within which contacts and cooperation continue after graduating from college. It represents a voluntary association that can be joined by all those who have graduated from the University College Aspira. The aim of the club is to connect all generations of graduate students for the purpose of realizing&hellip;","og_url":"https:\/\/www.aspira.hr\/en\/alumni\/","og_site_name":"ASPIRA University College","article_publisher":"https:\/\/www.facebook.com\/Aspira.University.College","article_modified_time":"2018-07-22T06:58:13+00:00","twitter_card":"summary_large_image","twitter_site":"@aspirasplit","twitter_misc":{"Est. reading time":"2 minutes"},"schema":{"@context":"https:\/\/schema.org","@graph":[{"@type":"Organization","@id":"https:\/\/www.aspira.hr\/#organization","name":"Aspira university college","url":"https:\/\/www.aspira.hr\/","sameAs":["https:\/\/www.facebook.com\/Aspira.University.College","https:\/\/www.instagram.com\/aspira_university\/","https:\/\/www.youtube.com\/channel\/UCIgYMJQ9r3uxEjC6kX_q7EQ","https:\/\/twitter.com\/aspirasplit"],"logo":{"@type":"ImageObject","@id":"https:\/\/www.aspira.hr\/#logo","inLanguage":"en-US","url":"https:\/\/www.aspira.hr\/wp-content\/uploads\/2018\/02\/Aspira-University-College-1.png","contentUrl":"https:\/\/www.aspira.hr\/wp-content\/uploads\/2018\/02\/Aspira-University-College-1.png","width":247,"height":60,"caption":"Aspira university college"},"image":{"@id":"https:\/\/www.aspira.hr\/#logo"}},{"@type":"WebSite","@id":"https:\/\/www.aspira.hr\/#website","url":"https:\/\/www.aspira.hr\/","name":"ASPIRA University College","description":"Obrazovanje vrhunskih menad\u017eera iz podru\u010dja sporta i turizma. Studijski programi Me\u0111unarodnog menad\u017ementa u hotelijerstvu i turizmu, te Sportskog menad\u017ementa.","publisher":{"@id":"https:\/\/www.aspira.hr\/#organization"},"potentialAction":[{"@type":"SearchAction","target":{"@type":"EntryPoint","urlTemplate":"https:\/\/www.aspira.hr\/?s={search_term_string}"},"query-input":"required name=search_term_string"}],"inLanguage":"en-US"},{"@type":"WebPage","@id":"https:\/\/www.aspira.hr\/en\/alumni\/#webpage","url":"https:\/\/www.aspira.hr\/en\/alumni\/","name":"Alumni | ASPIRA University College","isPartOf":{"@id":"https:\/\/www.aspira.hr\/#website"},"datePublished":"2018-07-22T06:56:37+00:00","dateModified":"2018-07-22T06:58:13+00:00","breadcrumb":{"@id":"https:\/\/www.aspira.hr\/en\/alumni\/#breadcrumb"},"inLanguage":"en-US","potentialAction":[{"@type":"ReadAction","target":["https:\/\/www.aspira.hr\/en\/alumni\/"]}]},{"@type":"BreadcrumbList","@id":"https:\/\/www.aspira.hr\/en\/alumni\/#breadcrumb","itemListElement":[{"@type":"ListItem","position":1,"name":"Po\u010detna stranica","item":"https:\/\/www.aspira.hr\/en\/"},{"@type":"ListItem","position":2,"name":"Alumni"}]}]}},"_links":{"self":[{"href":"https:\/\/www.aspira.hr\/en\/wp-json\/wp\/v2\/pages\/20373"}],"collection":[{"href":"https:\/\/www.aspira.hr\/en\/wp-json\/wp\/v2\/pages"}],"about":[{"href":"https:\/\/www.aspira.hr\/en\/wp-json\/wp\/v2\/types\/page"}],"author":[{"embeddable":true,"href":"https:\/\/www.aspira.hr\/en\/wp-json\/wp\/v2\/users\/1"}],"replies":[{"embeddable":true,"href":"https:\/\/www.aspira.hr\/en\/wp-json\/wp\/v2\/comments?post=20373"}],"version-history":[{"count":0,"href":"https:\/\/www.aspira.hr\/en\/wp-json\/wp\/v2\/pages\/20373\/revisions"}],"wp:attachment":[{"href":"https:\/\/www.aspira.hr\/en\/wp-json\/wp\/v2\/media?parent=20373"}],"curies":[{"name":"wp","href":"https:\/\/api.w.org\/{rel}","templated":true}]}}