{"id":20370,"date":"2018-07-22T08:54:12","date_gmt":"2018-07-22T06:54:12","guid":{"rendered":"https:\/\/www.aspira.hr\/?page_id=20370"},"modified":"2025-02-13T13:28:01","modified_gmt":"2025-02-13T12:28:01","slug":"business-carrer-center","status":"publish","type":"page","link":"https:\/\/www.aspira.hr\/en\/business-carrer-center\/","title":{"rendered":"Centre for Career Development and Support"},"content":{"rendered":"<p>[vc_row][vc_column][vc_column_text]The Centre for Career Development and Support aims to create a student profile according to the labour market requirements. It contains a database of information needed for students to create their own profile. Among other things, it offers many workshops that can contribute to skills strengthening, as well as to connecting with companies in terms of enabling student practice.<br \/>\nSince the beginning, our philosophy of knowledge transfer has been based on practicality and recognizing the needs of the economy for certain skills and competencies of our students, who will assume their role and responsibility in the design, development and management of existing but also unused resources.<\/p>\n<p>In our opinion, the best way to accomplish the above mentioned qualities is the development of synergy between us, our students and of course the economic factors, our partners in sports, tourism and IT organizations, with the ultimate goal of coordinating education and demand for educated workforce.<br \/>\nThe Career Day, which we organize annually, is an opportunity for our students to create connections and contacts with business entities so they can approach them and study their needs and ultimately adapt to the state of the labour market. It is also an opportunity for our partners to crystallize new ideas, to direct some of the students towards their specific requirements through providing practical work or engagement within their work processes and beyond the framework initially set for such an event.<\/p>\n<p>Prominent guest lecturers from economic, academic and political life enrich regular lectures. Work done by the Centre for Career Development and Support is best confirmed by the fact that 93% of the Aspira students find employment in the profession after finishing the college, or continue their education on a graduate level. After completing the studies, the students remain connected with the University College Aspira through the <a href=\"https:\/\/www.aspira.hr\/en\/alumni\/\">Alumni club<\/a>.[\/vc_column_text][\/vc_column][\/vc_row][vc_row][vc_column width=&#8221;1\/2&#8243;][vc_column_text]<\/p>\n<h2>Activities of the Career Center:<\/h2>\n<p>\u2022 counseling center for students<br \/>\n\u2022 organizing workshops and education<br \/>\n\u2022 organizing student practices<br \/>\n\u2022 networking between students and employers<br \/>\n\u2022 developing student entrepreneurship<\/p>\n<p><strong>Head of Business Career Center<\/strong>: <strong>Andrea Armano<\/strong><\/p>\n<p><strong>Contact:\u00a0<\/strong><\/p>\n<p>andrea.armano@aspira.hr<\/p>\n<p>&nbsp;<\/p>\n<p><strong>Working hours<\/strong>: Monday to Friday 8:30 &#8211; 16:00<\/p>\n<p>&nbsp;<\/p>\n<p><strong>LEGAL CONSULTATION<\/strong><\/p>\n<p>Legal consultation provides primary legal aid, free legal advice, and information from the legal profession.<\/p>\n<p>Activities included in legal consultation:<\/p>\n<ol>\n<li>Providing legal assistance regarding student rights and ensuring the quality of those rights.<\/li>\n<li>Informing students about their rights and obligations under the internal regulations of Aspira College (Regulations, Decisions, Recommendations, Manuals&#8230;) and offering support in proposing changes related to studying and student life.<\/li>\n<li>Organizing educational sessions, workshops, forums, and roundtable discussions in the field of law.<\/li>\n<\/ol>\n<p><strong>Contact e-mail:<\/strong> info@aspira.hr[\/vc_column_text][\/vc_column][vc_column width=&#8221;1\/2&#8243;][vc_single_image image=&#8221;19569&#8243; img_size=&#8221;full&#8221; alignment=&#8221;center&#8221; style=&#8221;vc_box_shadow_3d&#8221;][\/vc_column][\/vc_row]<\/p>\n","protected":false},"excerpt":{"rendered":"<p>[vc_row][vc_column][vc_column_text]The Centre for Career Development and Support aims to create a student profile according to the labour market requirements. It contains a database of information needed for students to create their own profile. Among other things, it offers many workshops that can contribute to skills strengthening, as well as to connecting with companies in terms&hellip;<\/p>\n","protected":false},"author":1,"featured_media":0,"parent":0,"menu_order":0,"comment_status":"closed","ping_status":"closed","template":"","meta":{"_monsterinsights_skip_tracking":false,"_monsterinsights_sitenote_active":false,"_monsterinsights_sitenote_note":"","_monsterinsights_sitenote_category":0},"yoast_head":"<!-- This site is optimized with the Yoast SEO plugin v18.0 - https:\/\/yoast.com\/wordpress\/plugins\/seo\/ -->\n<title>Centre for Career Development and Support | ASPIRA University College<\/title>\n<meta name=\"robots\" content=\"index, follow, max-snippet:-1, max-image-preview:large, max-video-preview:-1\" \/>\n<link rel=\"canonical\" href=\"https:\/\/www.aspira.hr\/en\/business-carrer-center\/\" \/>\n<meta property=\"og:locale\" content=\"en_US\" \/>\n<meta property=\"og:type\" content=\"article\" \/>\n<meta property=\"og:title\" content=\"Centre for Career Development and Support | ASPIRA University College\" \/>\n<meta property=\"og:description\" content=\"[vc_row][vc_column][vc_column_text]The Centre for Career Development and Support aims to create a student profile according to the labour market requirements. It contains a database of information needed for students to create their own profile. Among other things, it offers many workshops that can contribute to skills strengthening, as well as to connecting with companies in terms&hellip;\" \/>\n<meta property=\"og:url\" content=\"https:\/\/www.aspira.hr\/en\/business-carrer-center\/\" \/>\n<meta property=\"og:site_name\" content=\"ASPIRA University College\" \/>\n<meta property=\"article:publisher\" content=\"https:\/\/www.facebook.com\/Aspira.University.College\" \/>\n<meta property=\"article:modified_time\" content=\"2025-02-13T12:28:01+00:00\" \/>\n<meta name=\"twitter:card\" content=\"summary_large_image\" \/>\n<meta name=\"twitter:site\" content=\"@aspirasplit\" \/>\n<meta name=\"twitter:label1\" content=\"Est. reading time\" \/>\n\t<meta name=\"twitter:data1\" content=\"3 minutes\" \/>\n<script type=\"application\/ld+json\" class=\"yoast-schema-graph\">{\"@context\":\"https:\/\/schema.org\",\"@graph\":[{\"@type\":\"Organization\",\"@id\":\"https:\/\/www.aspira.hr\/#organization\",\"name\":\"Aspira university college\",\"url\":\"https:\/\/www.aspira.hr\/\",\"sameAs\":[\"https:\/\/www.facebook.com\/Aspira.University.College\",\"https:\/\/www.instagram.com\/aspira_university\/\",\"https:\/\/www.youtube.com\/channel\/UCIgYMJQ9r3uxEjC6kX_q7EQ\",\"https:\/\/twitter.com\/aspirasplit\"],\"logo\":{\"@type\":\"ImageObject\",\"@id\":\"https:\/\/www.aspira.hr\/#logo\",\"inLanguage\":\"en-US\",\"url\":\"https:\/\/www.aspira.hr\/wp-content\/uploads\/2018\/02\/Aspira-University-College-1.png\",\"contentUrl\":\"https:\/\/www.aspira.hr\/wp-content\/uploads\/2018\/02\/Aspira-University-College-1.png\",\"width\":247,\"height\":60,\"caption\":\"Aspira university college\"},\"image\":{\"@id\":\"https:\/\/www.aspira.hr\/#logo\"}},{\"@type\":\"WebSite\",\"@id\":\"https:\/\/www.aspira.hr\/#website\",\"url\":\"https:\/\/www.aspira.hr\/\",\"name\":\"ASPIRA University College\",\"description\":\"Obrazovanje vrhunskih menad\u017eera iz podru\u010dja sporta i turizma. Studijski programi Me\u0111unarodnog menad\u017ementa u hotelijerstvu i turizmu, te Sportskog menad\u017ementa.\",\"publisher\":{\"@id\":\"https:\/\/www.aspira.hr\/#organization\"},\"potentialAction\":[{\"@type\":\"SearchAction\",\"target\":{\"@type\":\"EntryPoint\",\"urlTemplate\":\"https:\/\/www.aspira.hr\/?s={search_term_string}\"},\"query-input\":\"required name=search_term_string\"}],\"inLanguage\":\"en-US\"},{\"@type\":\"WebPage\",\"@id\":\"https:\/\/www.aspira.hr\/en\/business-carrer-center\/#webpage\",\"url\":\"https:\/\/www.aspira.hr\/en\/business-carrer-center\/\",\"name\":\"Centre for Career Development and Support | ASPIRA University College\",\"isPartOf\":{\"@id\":\"https:\/\/www.aspira.hr\/#website\"},\"datePublished\":\"2018-07-22T06:54:12+00:00\",\"dateModified\":\"2025-02-13T12:28:01+00:00\",\"breadcrumb\":{\"@id\":\"https:\/\/www.aspira.hr\/en\/business-carrer-center\/#breadcrumb\"},\"inLanguage\":\"en-US\",\"potentialAction\":[{\"@type\":\"ReadAction\",\"target\":[\"https:\/\/www.aspira.hr\/en\/business-carrer-center\/\"]}]},{\"@type\":\"BreadcrumbList\",\"@id\":\"https:\/\/www.aspira.hr\/en\/business-carrer-center\/#breadcrumb\",\"itemListElement\":[{\"@type\":\"ListItem\",\"position\":1,\"name\":\"Po\u010detna stranica\",\"item\":\"https:\/\/www.aspira.hr\/en\/\"},{\"@type\":\"ListItem\",\"position\":2,\"name\":\"Centre for Career Development and Support\"}]}]}<\/script>\n<!-- \/ Yoast SEO plugin. -->","yoast_head_json":{"title":"Centre for Career Development and Support | ASPIRA University College","robots":{"index":"index","follow":"follow","max-snippet":"max-snippet:-1","max-image-preview":"max-image-preview:large","max-video-preview":"max-video-preview:-1"},"canonical":"https:\/\/www.aspira.hr\/en\/business-carrer-center\/","og_locale":"en_US","og_type":"article","og_title":"Centre for Career Development and Support | ASPIRA University College","og_description":"[vc_row][vc_column][vc_column_text]The Centre for Career Development and Support aims to create a student profile according to the labour market requirements. It contains a database of information needed for students to create their own profile. Among other things, it offers many workshops that can contribute to skills strengthening, as well as to connecting with companies in terms&hellip;","og_url":"https:\/\/www.aspira.hr\/en\/business-carrer-center\/","og_site_name":"ASPIRA University College","article_publisher":"https:\/\/www.facebook.com\/Aspira.University.College","article_modified_time":"2025-02-13T12:28:01+00:00","twitter_card":"summary_large_image","twitter_site":"@aspirasplit","twitter_misc":{"Est. reading time":"3 minutes"},"schema":{"@context":"https:\/\/schema.org","@graph":[{"@type":"Organization","@id":"https:\/\/www.aspira.hr\/#organization","name":"Aspira university college","url":"https:\/\/www.aspira.hr\/","sameAs":["https:\/\/www.facebook.com\/Aspira.University.College","https:\/\/www.instagram.com\/aspira_university\/","https:\/\/www.youtube.com\/channel\/UCIgYMJQ9r3uxEjC6kX_q7EQ","https:\/\/twitter.com\/aspirasplit"],"logo":{"@type":"ImageObject","@id":"https:\/\/www.aspira.hr\/#logo","inLanguage":"en-US","url":"https:\/\/www.aspira.hr\/wp-content\/uploads\/2018\/02\/Aspira-University-College-1.png","contentUrl":"https:\/\/www.aspira.hr\/wp-content\/uploads\/2018\/02\/Aspira-University-College-1.png","width":247,"height":60,"caption":"Aspira university college"},"image":{"@id":"https:\/\/www.aspira.hr\/#logo"}},{"@type":"WebSite","@id":"https:\/\/www.aspira.hr\/#website","url":"https:\/\/www.aspira.hr\/","name":"ASPIRA University College","description":"Obrazovanje vrhunskih menad\u017eera iz podru\u010dja sporta i turizma. Studijski programi Me\u0111unarodnog menad\u017ementa u hotelijerstvu i turizmu, te Sportskog menad\u017ementa.","publisher":{"@id":"https:\/\/www.aspira.hr\/#organization"},"potentialAction":[{"@type":"SearchAction","target":{"@type":"EntryPoint","urlTemplate":"https:\/\/www.aspira.hr\/?s={search_term_string}"},"query-input":"required name=search_term_string"}],"inLanguage":"en-US"},{"@type":"WebPage","@id":"https:\/\/www.aspira.hr\/en\/business-carrer-center\/#webpage","url":"https:\/\/www.aspira.hr\/en\/business-carrer-center\/","name":"Centre for Career Development and Support | ASPIRA University College","isPartOf":{"@id":"https:\/\/www.aspira.hr\/#website"},"datePublished":"2018-07-22T06:54:12+00:00","dateModified":"2025-02-13T12:28:01+00:00","breadcrumb":{"@id":"https:\/\/www.aspira.hr\/en\/business-carrer-center\/#breadcrumb"},"inLanguage":"en-US","potentialAction":[{"@type":"ReadAction","target":["https:\/\/www.aspira.hr\/en\/business-carrer-center\/"]}]},{"@type":"BreadcrumbList","@id":"https:\/\/www.aspira.hr\/en\/business-carrer-center\/#breadcrumb","itemListElement":[{"@type":"ListItem","position":1,"name":"Po\u010detna stranica","item":"https:\/\/www.aspira.hr\/en\/"},{"@type":"ListItem","position":2,"name":"Centre for Career Development and Support"}]}]}},"_links":{"self":[{"href":"https:\/\/www.aspira.hr\/en\/wp-json\/wp\/v2\/pages\/20370"}],"collection":[{"href":"https:\/\/www.aspira.hr\/en\/wp-json\/wp\/v2\/pages"}],"about":[{"href":"https:\/\/www.aspira.hr\/en\/wp-json\/wp\/v2\/types\/page"}],"author":[{"embeddable":true,"href":"https:\/\/www.aspira.hr\/en\/wp-json\/wp\/v2\/users\/1"}],"replies":[{"embeddable":true,"href":"https:\/\/www.aspira.hr\/en\/wp-json\/wp\/v2\/comments?post=20370"}],"version-history":[{"count":9,"href":"https:\/\/www.aspira.hr\/en\/wp-json\/wp\/v2\/pages\/20370\/revisions"}],"predecessor-version":[{"id":36931,"href":"https:\/\/www.aspira.hr\/en\/wp-json\/wp\/v2\/pages\/20370\/revisions\/36931"}],"wp:attachment":[{"href":"https:\/\/www.aspira.hr\/en\/wp-json\/wp\/v2\/media?parent=20370"}],"curies":[{"name":"wp","href":"https:\/\/api.w.org\/{rel}","templated":true}]}}