{"id":20367,"date":"2018-06-21T00:20:57","date_gmt":"2018-06-20T22:20:57","guid":{"rendered":"https:\/\/www.aspira.hr\/?page_id=20367"},"modified":"2026-04-23T14:11:24","modified_gmt":"2026-04-23T12:11:24","slug":"students-council","status":"publish","type":"page","link":"https:\/\/www.aspira.hr\/en\/students-council\/","title":{"rendered":"Students\u2019 Council"},"content":{"rendered":"<p>[vc_row][vc_column][vc_column_text]<\/p>\n<p data-start=\"0\" data-end=\"138\">The Student Council operates within Aspira University of Applied Sciences as a representative body of students, whose members are elected through a democratic process.<\/p>\n<p data-start=\"140\" data-end=\"316\" data-is-last-node=\"\" data-is-only-node=\"\">The primary objective of the Student Council is to protect students\u2019 interests and to participate in decision-making processes concerning matters of importance to student life.<\/p>\n<h2>TASKS OF THE STUDENTS\u2019 COUNCIL:<\/h2>\n<ol>\n<li>Ensuring high quality of studying at Aspira University of Applied Sciences<\/li>\n<li>Taking care of the students\u2019 rights<\/li>\n<li>Implementation of the council\u2019s work plan and program<\/li>\n<li>Proposing new guidelines for the college\u2019s development<\/li>\n<li>Noticing possible omissions<\/li>\n<li>Proposing, encouraging, and implementing students\u2019 activities<\/li>\n<li>Promotion and representation of the students<\/li>\n<\/ol>\n<p>Due to the existence of the students\u2019 council, the communication between the students themselves deepens, as well as their communication with the teachers, the administration and all the other employees of Aspira University of Applied Sciences. Thus, the quality of studying increases, and students can at any time present their ideas for improving the study experience, point out its advantages or disadvantages, and participate in decision-making as a community.<\/p>\n<p>If you want to contact the students\u2019 council, you can do so via e-mail at: <a href=\"mailto:studentskizbor@aspira.hr\">studentskizbor@aspira.hr<\/a>[\/vc_column_text][\/vc_column][\/vc_row][vc_row][vc_column][vc_column_text]<\/p>\n<h2>Students\u2019 council representatives \u2013 Teaching center Split<\/h2>\n<p>[\/vc_column_text][\/vc_column][\/vc_row][vc_row][vc_column width=&#8221;1\/4&#8243;][vc_single_image image=&#8221;29721&#8243; img_size=&#8221;full&#8221;][vc_column_text]<\/p>\n<p style=\"text-align: center;\"><strong>Ivona Bosan\u010di\u0107 Lasi\u0107<br \/>\n<\/strong>The students&#8217; ombudswoman<\/p>\n<p>[\/vc_column_text][\/vc_column][vc_column width=&#8221;1\/4&#8243;][vc_single_image image=&#8221;29725&#8243; img_size=&#8221;full&#8221;][vc_column_text]<\/p>\n<p style=\"text-align: center;\"><strong>Pjero Piva\u010di\u0107<br \/>\n<\/strong>President of the Students&#8217; council of Aspira College, First year Representative,<br \/>\nUndergraduate study of Computer Engineering specializing in Software Engineering<\/p>\n<p>[\/vc_column_text][\/vc_column][vc_column width=&#8221;1\/4&#8243;][vc_single_image image=&#8221;29728&#8243; img_size=&#8221;full&#8221;][vc_column_text]<\/p>\n<p style=\"text-align: center;\"><strong>Laura Mishevska<br \/>\n<\/strong>Deputy President of the Students&#8217; Council of Aspira College<\/p>\n<p>[\/vc_column_text][\/vc_column][vc_column width=&#8221;1\/4&#8243;][vc_single_image image=&#8221;29731&#8243; img_size=&#8221;full&#8221;][vc_column_text]<\/p>\n<p style=\"text-align: center;\"><strong>Lana Buljuba\u0161i\u0107<br \/>\n<\/strong>First year Representative,<br \/>\nUndergraduate professional study program of International Hospitality and Tourism Management<br \/>\n<strong><br \/>\n<\/strong><\/p>\n<p>[\/vc_column_text][\/vc_column][\/vc_row][vc_row][vc_column width=&#8221;1\/4&#8243;][vc_single_image image=&#8221;29734&#8243; img_size=&#8221;full&#8221;][vc_column_text]<\/p>\n<p style=\"text-align: center;\"><strong>Zorina Tudor<br \/>\n<\/strong>Second year Representative,<br \/>\nUndergraduate professional study program of International Hospitality and Tourism Management<\/p>\n<p>[\/vc_column_text][\/vc_column][vc_column width=&#8221;1\/4&#8243;][vc_single_image image=&#8221;29734&#8243; img_size=&#8221;full&#8221;][vc_column_text]<\/p>\n<p style=\"text-align: center;\"><strong>Matea Piplica<br \/>\n<\/strong>Third year Representative,<br \/>\nUndergraduate professional study program of International Hospitality and Tourism Management<\/p>\n<p>[\/vc_column_text][\/vc_column][vc_column width=&#8221;1\/4&#8243;][vc_single_image image=&#8221;29734&#8243; img_size=&#8221;full&#8221;][vc_column_text]<\/p>\n<p style=\"text-align: center;\"><strong>Lora Slatina<br \/>\n<\/strong>First year Representative,<br \/>\nUndergraduate professional study program of International Hospitality and Tourism Management, majoring in Gastronomy<\/p>\n<p>[\/vc_column_text][\/vc_column][vc_column width=&#8221;1\/4&#8243;][vc_single_image image=&#8221;29736&#8243; img_size=&#8221;full&#8221;][vc_column_text]<\/p>\n<p style=\"text-align: center;\"><strong>Anita Mari\u0107<br \/>\n<\/strong>First year Representative,<br \/>\nUndergraduate professional study program of International Hospitality and Tourism Management, majoring in Gastronomy<\/p>\n<p>[\/vc_column_text][\/vc_column][\/vc_row][vc_row][vc_column width=&#8221;1\/4&#8243;][vc_single_image image=&#8221;29740&#8243; img_size=&#8221;full&#8221;][vc_column_text]<\/p>\n<p style=\"text-align: center;\"><strong>Devi Rani Najev<br \/>\n<\/strong>Second year Representative,<br \/>\nUndergraduate professional study program of International Hospitality and Tourism Management, majoring in Gastronomy<\/p>\n<p>[\/vc_column_text][\/vc_column][vc_column width=&#8221;1\/4&#8243;][vc_single_image image=&#8221;29742&#8243; img_size=&#8221;full&#8221;][vc_column_text]<\/p>\n<p style=\"text-align: center;\"><strong>Marina Mihanovi\u0107<br \/>\n<\/strong>Third year Representative,<br \/>\nUndergraduate professional study program of International Hospitality and Tourism Management, majoring in Gastronomy<\/p>\n<p>[\/vc_column_text][\/vc_column][vc_column width=&#8221;1\/4&#8243;][vc_single_image image=&#8221;29734&#8243; img_size=&#8221;full&#8221;][vc_column_text]<\/p>\n<p style=\"text-align: center;\"><strong>Josip Ka\u010duni\u0107<br \/>\n<\/strong>First year Representative,<br \/>\nUndergraduate studies in Sports management<\/p>\n<p>[\/vc_column_text][\/vc_column][vc_column width=&#8221;1\/4&#8243;][vc_single_image image=&#8221;29754&#8243; img_size=&#8221;full&#8221;][vc_column_text]<\/p>\n<p style=\"text-align: center;\"><strong>Igor Mimica<br \/>\n<\/strong>Second year Representative,<br \/>\nUndergraduate studies in Sports management<\/p>\n<p>[\/vc_column_text][\/vc_column][\/vc_row][vc_row][vc_column width=&#8221;1\/4&#8243;][vc_single_image image=&#8221;29756&#8243; img_size=&#8221;full&#8221;][vc_column_text]<\/p>\n<p style=\"text-align: center;\"><strong>Frane Mar\u0161i\u0107<br \/>\n<\/strong>Third year Representative,<br \/>\nUndergraduate studies in Sports management<\/p>\n<p>[\/vc_column_text][\/vc_column][vc_column width=&#8221;1\/4&#8243;][vc_single_image image=&#8221;29759&#8243; img_size=&#8221;full&#8221;][vc_column_text]<\/p>\n<p style=\"text-align: center;\"><strong>Luka Kru\u017eevi\u0107<br \/>\n<\/strong>First year Representative,<br \/>\nUndergraduate study of Computer Engineering specializing in Software Engineering<\/p>\n<p>[\/vc_column_text][\/vc_column][vc_column width=&#8221;1\/4&#8243;][vc_single_image image=&#8221;29734&#8243; img_size=&#8221;full&#8221;][vc_column_text]<\/p>\n<p style=\"text-align: center;\"><strong>Toni Ami\u017ei\u0107<br \/>\n<\/strong>Second year Representative,<br \/>\nUndergraduate study of Computer Engineering specializing in Software Engineering<\/p>\n<p>[\/vc_column_text][\/vc_column][vc_column width=&#8221;1\/4&#8243;][vc_single_image image=&#8221;29734&#8243; img_size=&#8221;full&#8221;][vc_column_text]<\/p>\n<p style=\"text-align: center;\"><strong>Antonio Ribarevi\u0107<br \/>\n<\/strong>Third year Representative,<br \/>\nUndergraduate study of Computer Engineering specializing in Software Engineering<\/p>\n<p>[\/vc_column_text][\/vc_column][\/vc_row][vc_row][vc_column width=&#8221;1\/4&#8243;][vc_single_image image=&#8221;29763&#8243; img_size=&#8221;full&#8221;][vc_column_text]<\/p>\n<p style=\"text-align: center;\"><strong>Halid Gu\u0161o<br \/>\n<\/strong>First year Representative,<br \/>\nGraduate study in International Management in Hotel and Tourism<\/p>\n<p>[\/vc_column_text][\/vc_column][vc_column width=&#8221;1\/4&#8243;][vc_single_image image=&#8221;29765&#8243; img_size=&#8221;full&#8221;][vc_column_text]<\/p>\n<p style=\"text-align: center;\"><strong>Lucijana \u0160imunac<br \/>\n<\/strong>Second year Representative,<br \/>\nGraduate study in International Management in Hotel and Tourism<\/p>\n<p>[\/vc_column_text][\/vc_column][vc_column width=&#8221;1\/4&#8243;][\/vc_column][vc_column width=&#8221;1\/4&#8243;][\/vc_column][\/vc_row][vc_row css=&#8221;.vc_custom_1673723358660{margin-top: 40px !important;}&#8221;][vc_column][vc_column_text]<\/p>\n<h2>Representatives of the students&#8217; council &#8211; Teaching center Zagreb<\/h2>\n<p>[\/vc_column_text][\/vc_column][\/vc_row][vc_row][vc_column width=&#8221;1\/4&#8243;][vc_single_image image=&#8221;29772&#8243; img_size=&#8221;full&#8221;][vc_column_text]<\/p>\n<p style=\"text-align: center;\"><strong>Alan \u017di\u017eak Gvozdenovi\u0107<br \/>\n<\/strong>President of the Students&#8217; council of Aspira College,<br \/>\nSecond year Representative,<br \/>\nUndergraduate professional study program of International Hospitality and Tourism Management, majoring in Gastronomy<br \/>\n<strong><br \/>\n<\/strong><\/p>\n<p>[\/vc_column_text][\/vc_column][vc_column width=&#8221;1\/4&#8243;][vc_single_image image=&#8221;29774&#8243; img_size=&#8221;full&#8221;][vc_column_text]<\/p>\n<p style=\"text-align: center;\"><strong>Herman Bo\u0161kovi\u0107<br \/>\n<\/strong>Deputy President of the Students&#8217; council of Aspira College,<br \/>\nSecond year Representative,<br \/>\nUndergraduate professional study program of International Hospitality and Tourism Management, majoring in Gastronomy<br \/>\n<strong><br \/>\n<\/strong><\/p>\n<p>[\/vc_column_text][\/vc_column][vc_column width=&#8221;1\/4&#8243;][vc_single_image image=&#8221;29777&#8243; img_size=&#8221;full&#8221;][vc_column_text]<\/p>\n<p style=\"text-align: center;\"><strong>Anamarija \u0160tefan<br \/>\n<\/strong>First year Representative,<br \/>\nUndergraduate professional study program of International Hospitality and Tourism Management<\/p>\n<p>[\/vc_column_text][\/vc_column][vc_column width=&#8221;1\/4&#8243;][vc_single_image image=&#8221;29779&#8243; img_size=&#8221;full&#8221;][vc_column_text]<\/p>\n<p style=\"text-align: center;\"><strong>Karla Kadoi\u0107<br \/>\n<\/strong>Deputy of the First year Representative,<br \/>\nUndergraduate professional study program of International Hospitality and Tourism Management<\/p>\n<p>[\/vc_column_text][\/vc_column][\/vc_row][vc_row][vc_column width=&#8221;1\/4&#8243;][vc_single_image image=&#8221;29781&#8243; img_size=&#8221;full&#8221;][vc_column_text]<\/p>\n<p style=\"text-align: center;\"><strong>Ana Kril\u010di\u0107<br \/>\n<\/strong>Second year Representative,<br \/>\nUndergraduate professional study program of International Hospitality and Tourism Management<\/p>\n<p>[\/vc_column_text][\/vc_column][vc_column width=&#8221;1\/4&#8243;][vc_single_image image=&#8221;29783&#8243; img_size=&#8221;full&#8221;][vc_column_text]<\/p>\n<p style=\"text-align: center;\"><strong>Lara Hrg<br \/>\n<\/strong>Deputy of the Second year Representative,<br \/>\nUndergraduate professional study program of International Hospitality and Tourism Management<\/p>\n<p>[\/vc_column_text][\/vc_column][vc_column width=&#8221;1\/4&#8243;][vc_single_image image=&#8221;29789&#8243; img_size=&#8221;full&#8221;][vc_column_text]<\/p>\n<p style=\"text-align: center;\"><strong>Klaudia \u0160iprak<br \/>\n<\/strong>Third year Representative,<br \/>\nUndergraduate professional study program of International Hospitality and Tourism Management<\/p>\n<p>[\/vc_column_text][\/vc_column][vc_column width=&#8221;1\/4&#8243;][vc_single_image image=&#8221;29791&#8243; img_size=&#8221;full&#8221;][vc_column_text]<\/p>\n<p style=\"text-align: center;\"><strong>Ema Ra\u010di\u0107<br \/>\n<\/strong>Deputy of the Third year Representative,<br \/>\nUndergraduate professional study program of International Hospitality and Tourism Management<\/p>\n<p>[\/vc_column_text][\/vc_column][\/vc_row][vc_row][vc_column width=&#8221;1\/4&#8243;][vc_single_image image=&#8221;29794&#8243; img_size=&#8221;full&#8221;][vc_column_text]<\/p>\n<p style=\"text-align: center;\"><strong>Ana Vrbovski<br \/>\n<\/strong>First year Representative,<br \/>\nUndergraduate professional study program of International Hospitality and Tourism Management, majoring in Gastronomy<\/p>\n<p>[\/vc_column_text][\/vc_column][vc_column width=&#8221;1\/4&#8243;][vc_single_image image=&#8221;29796&#8243; img_size=&#8221;full&#8221;][vc_column_text]<\/p>\n<p style=\"text-align: center;\"><strong>Petar Mandac<br \/>\n<\/strong>Deputy of the First year Representative,<br \/>\nUndergraduate professional study program of International Hospitality and Tourism Management, majoring in Gastronomy<\/p>\n<p>[\/vc_column_text][\/vc_column][vc_column width=&#8221;1\/4&#8243;][vc_single_image image=&#8221;29734&#8243; img_size=&#8221;full&#8221;][vc_column_text]<\/p>\n<p style=\"text-align: center;\"><strong>Marko Peji\u0107<br \/>\n<\/strong>Third year Representative,<br \/>\nUndergraduate professional study program of International Hospitality and Tourism Management, majoring in Gastronomy<\/p>\n<p>[\/vc_column_text][\/vc_column][vc_column width=&#8221;1\/4&#8243;][vc_single_image image=&#8221;29734&#8243; img_size=&#8221;full&#8221;][vc_column_text]<\/p>\n<p style=\"text-align: center;\"><strong>Karlo Salamon<br \/>\n<\/strong>Deputy of the Third year Representative,<br \/>\nUndergraduate professional study program of International Hospitality and Tourism Management, majoring in Gastronomy<\/p>\n<p>[\/vc_column_text][\/vc_column][\/vc_row]<\/p>\n","protected":false},"excerpt":{"rendered":"<p>[vc_row][vc_column][vc_column_text] The Student Council operates within Aspira University of Applied Sciences as a representative body of students, whose members are elected through a democratic process. The primary objective of the Student Council is to protect students\u2019 interests and to participate in decision-making processes concerning matters of importance to student life. TASKS OF THE STUDENTS\u2019 COUNCIL:&hellip;<\/p>\n","protected":false},"author":1,"featured_media":0,"parent":0,"menu_order":0,"comment_status":"closed","ping_status":"closed","template":"","meta":{"_monsterinsights_skip_tracking":false,"_monsterinsights_sitenote_active":false,"_monsterinsights_sitenote_note":"","_monsterinsights_sitenote_category":0},"yoast_head":"<!-- This site is optimized with the Yoast SEO plugin v18.0 - https:\/\/yoast.com\/wordpress\/plugins\/seo\/ -->\n<title>Students\u2019 Council | ASPIRA University College<\/title>\n<meta name=\"robots\" content=\"index, follow, max-snippet:-1, max-image-preview:large, max-video-preview:-1\" \/>\n<link rel=\"canonical\" href=\"https:\/\/www.aspira.hr\/en\/students-council\/\" \/>\n<meta property=\"og:locale\" content=\"en_US\" \/>\n<meta property=\"og:type\" content=\"article\" \/>\n<meta property=\"og:title\" content=\"Students\u2019 Council | ASPIRA University College\" \/>\n<meta property=\"og:description\" content=\"[vc_row][vc_column][vc_column_text] The Student Council operates within Aspira University of Applied Sciences as a representative body of students, whose members are elected through a democratic process. The primary objective of the Student Council is to protect students\u2019 interests and to participate in decision-making processes concerning matters of importance to student life. TASKS OF THE STUDENTS\u2019 COUNCIL:&hellip;\" \/>\n<meta property=\"og:url\" content=\"https:\/\/www.aspira.hr\/en\/students-council\/\" \/>\n<meta property=\"og:site_name\" content=\"ASPIRA University College\" \/>\n<meta property=\"article:publisher\" content=\"https:\/\/www.facebook.com\/Aspira.University.College\" \/>\n<meta property=\"article:modified_time\" content=\"2026-04-23T12:11:24+00:00\" \/>\n<meta name=\"twitter:card\" content=\"summary_large_image\" \/>\n<meta name=\"twitter:site\" content=\"@aspirasplit\" \/>\n<meta name=\"twitter:label1\" content=\"Est. reading time\" \/>\n\t<meta name=\"twitter:data1\" content=\"5 minutes\" \/>\n<script type=\"application\/ld+json\" class=\"yoast-schema-graph\">{\"@context\":\"https:\/\/schema.org\",\"@graph\":[{\"@type\":\"Organization\",\"@id\":\"https:\/\/www.aspira.hr\/#organization\",\"name\":\"Aspira university college\",\"url\":\"https:\/\/www.aspira.hr\/\",\"sameAs\":[\"https:\/\/www.facebook.com\/Aspira.University.College\",\"https:\/\/www.instagram.com\/aspira_university\/\",\"https:\/\/www.youtube.com\/channel\/UCIgYMJQ9r3uxEjC6kX_q7EQ\",\"https:\/\/twitter.com\/aspirasplit\"],\"logo\":{\"@type\":\"ImageObject\",\"@id\":\"https:\/\/www.aspira.hr\/#logo\",\"inLanguage\":\"en-US\",\"url\":\"https:\/\/www.aspira.hr\/wp-content\/uploads\/2018\/02\/Aspira-University-College-1.png\",\"contentUrl\":\"https:\/\/www.aspira.hr\/wp-content\/uploads\/2018\/02\/Aspira-University-College-1.png\",\"width\":247,\"height\":60,\"caption\":\"Aspira university college\"},\"image\":{\"@id\":\"https:\/\/www.aspira.hr\/#logo\"}},{\"@type\":\"WebSite\",\"@id\":\"https:\/\/www.aspira.hr\/#website\",\"url\":\"https:\/\/www.aspira.hr\/\",\"name\":\"ASPIRA University College\",\"description\":\"Obrazovanje vrhunskih menad\u017eera iz podru\u010dja sporta i turizma. Studijski programi Me\u0111unarodnog menad\u017ementa u hotelijerstvu i turizmu, te Sportskog menad\u017ementa.\",\"publisher\":{\"@id\":\"https:\/\/www.aspira.hr\/#organization\"},\"potentialAction\":[{\"@type\":\"SearchAction\",\"target\":{\"@type\":\"EntryPoint\",\"urlTemplate\":\"https:\/\/www.aspira.hr\/?s={search_term_string}\"},\"query-input\":\"required name=search_term_string\"}],\"inLanguage\":\"en-US\"},{\"@type\":\"WebPage\",\"@id\":\"https:\/\/www.aspira.hr\/en\/students-council\/#webpage\",\"url\":\"https:\/\/www.aspira.hr\/en\/students-council\/\",\"name\":\"Students\u2019 Council | ASPIRA University College\",\"isPartOf\":{\"@id\":\"https:\/\/www.aspira.hr\/#website\"},\"datePublished\":\"2018-06-20T22:20:57+00:00\",\"dateModified\":\"2026-04-23T12:11:24+00:00\",\"breadcrumb\":{\"@id\":\"https:\/\/www.aspira.hr\/en\/students-council\/#breadcrumb\"},\"inLanguage\":\"en-US\",\"potentialAction\":[{\"@type\":\"ReadAction\",\"target\":[\"https:\/\/www.aspira.hr\/en\/students-council\/\"]}]},{\"@type\":\"BreadcrumbList\",\"@id\":\"https:\/\/www.aspira.hr\/en\/students-council\/#breadcrumb\",\"itemListElement\":[{\"@type\":\"ListItem\",\"position\":1,\"name\":\"Po\u010detna stranica\",\"item\":\"https:\/\/www.aspira.hr\/en\/\"},{\"@type\":\"ListItem\",\"position\":2,\"name\":\"Students\u2019 Council\"}]}]}<\/script>\n<!-- \/ Yoast SEO plugin. -->","yoast_head_json":{"title":"Students\u2019 Council | ASPIRA University College","robots":{"index":"index","follow":"follow","max-snippet":"max-snippet:-1","max-image-preview":"max-image-preview:large","max-video-preview":"max-video-preview:-1"},"canonical":"https:\/\/www.aspira.hr\/en\/students-council\/","og_locale":"en_US","og_type":"article","og_title":"Students\u2019 Council | ASPIRA University College","og_description":"[vc_row][vc_column][vc_column_text] The Student Council operates within Aspira University of Applied Sciences as a representative body of students, whose members are elected through a democratic process. The primary objective of the Student Council is to protect students\u2019 interests and to participate in decision-making processes concerning matters of importance to student life. TASKS OF THE STUDENTS\u2019 COUNCIL:&hellip;","og_url":"https:\/\/www.aspira.hr\/en\/students-council\/","og_site_name":"ASPIRA University College","article_publisher":"https:\/\/www.facebook.com\/Aspira.University.College","article_modified_time":"2026-04-23T12:11:24+00:00","twitter_card":"summary_large_image","twitter_site":"@aspirasplit","twitter_misc":{"Est. reading time":"5 minutes"},"schema":{"@context":"https:\/\/schema.org","@graph":[{"@type":"Organization","@id":"https:\/\/www.aspira.hr\/#organization","name":"Aspira university college","url":"https:\/\/www.aspira.hr\/","sameAs":["https:\/\/www.facebook.com\/Aspira.University.College","https:\/\/www.instagram.com\/aspira_university\/","https:\/\/www.youtube.com\/channel\/UCIgYMJQ9r3uxEjC6kX_q7EQ","https:\/\/twitter.com\/aspirasplit"],"logo":{"@type":"ImageObject","@id":"https:\/\/www.aspira.hr\/#logo","inLanguage":"en-US","url":"https:\/\/www.aspira.hr\/wp-content\/uploads\/2018\/02\/Aspira-University-College-1.png","contentUrl":"https:\/\/www.aspira.hr\/wp-content\/uploads\/2018\/02\/Aspira-University-College-1.png","width":247,"height":60,"caption":"Aspira university college"},"image":{"@id":"https:\/\/www.aspira.hr\/#logo"}},{"@type":"WebSite","@id":"https:\/\/www.aspira.hr\/#website","url":"https:\/\/www.aspira.hr\/","name":"ASPIRA University College","description":"Obrazovanje vrhunskih menad\u017eera iz podru\u010dja sporta i turizma. Studijski programi Me\u0111unarodnog menad\u017ementa u hotelijerstvu i turizmu, te Sportskog menad\u017ementa.","publisher":{"@id":"https:\/\/www.aspira.hr\/#organization"},"potentialAction":[{"@type":"SearchAction","target":{"@type":"EntryPoint","urlTemplate":"https:\/\/www.aspira.hr\/?s={search_term_string}"},"query-input":"required name=search_term_string"}],"inLanguage":"en-US"},{"@type":"WebPage","@id":"https:\/\/www.aspira.hr\/en\/students-council\/#webpage","url":"https:\/\/www.aspira.hr\/en\/students-council\/","name":"Students\u2019 Council | ASPIRA University College","isPartOf":{"@id":"https:\/\/www.aspira.hr\/#website"},"datePublished":"2018-06-20T22:20:57+00:00","dateModified":"2026-04-23T12:11:24+00:00","breadcrumb":{"@id":"https:\/\/www.aspira.hr\/en\/students-council\/#breadcrumb"},"inLanguage":"en-US","potentialAction":[{"@type":"ReadAction","target":["https:\/\/www.aspira.hr\/en\/students-council\/"]}]},{"@type":"BreadcrumbList","@id":"https:\/\/www.aspira.hr\/en\/students-council\/#breadcrumb","itemListElement":[{"@type":"ListItem","position":1,"name":"Po\u010detna stranica","item":"https:\/\/www.aspira.hr\/en\/"},{"@type":"ListItem","position":2,"name":"Students\u2019 Council"}]}]}},"_links":{"self":[{"href":"https:\/\/www.aspira.hr\/en\/wp-json\/wp\/v2\/pages\/20367"}],"collection":[{"href":"https:\/\/www.aspira.hr\/en\/wp-json\/wp\/v2\/pages"}],"about":[{"href":"https:\/\/www.aspira.hr\/en\/wp-json\/wp\/v2\/types\/page"}],"author":[{"embeddable":true,"href":"https:\/\/www.aspira.hr\/en\/wp-json\/wp\/v2\/users\/1"}],"replies":[{"embeddable":true,"href":"https:\/\/www.aspira.hr\/en\/wp-json\/wp\/v2\/comments?post=20367"}],"version-history":[{"count":7,"href":"https:\/\/www.aspira.hr\/en\/wp-json\/wp\/v2\/pages\/20367\/revisions"}],"predecessor-version":[{"id":40465,"href":"https:\/\/www.aspira.hr\/en\/wp-json\/wp\/v2\/pages\/20367\/revisions\/40465"}],"wp:attachment":[{"href":"https:\/\/www.aspira.hr\/en\/wp-json\/wp\/v2\/media?parent=20367"}],"curies":[{"name":"wp","href":"https:\/\/api.w.org\/{rel}","templated":true}]}}