{"id":20360,"date":"2018-07-22T08:41:01","date_gmt":"2018-07-22T06:41:01","guid":{"rendered":"https:\/\/www.aspira.hr\/?page_id=20360"},"modified":"2019-08-23T11:25:01","modified_gmt":"2019-08-23T09:25:01","slug":"student-clubs","status":"publish","type":"page","link":"https:\/\/www.aspira.hr\/en\/student-clubs\/","title":{"rendered":"Student clubs"},"content":{"rendered":"<p>[vc_row][vc_column][vc_column_text]University College Aspira offers attendees various extracurricular activities. Depending on what they are interested in, they can engage in a certain activity and thus spend their time well. The goal of these activities is to encourage students to socialize and help them develop their own interests, thereby improving the quality of life.[\/vc_column_text][\/vc_column][\/vc_row][vc_row full_width=&#8221;stretch_row&#8221; bg_type=&#8221;bg_color&#8221; bg_color_value=&#8221;#f5f5f5&#8243;][vc_column][vc_row_inner][vc_column_inner width=&#8221;1\/2&#8243;][vc_column_text]<\/p>\n<h2>Sports club<\/h2>\n<p>The idea of establishing &#8220;Aspira sports club&#8221; is to enable all students and teachers to recreationally do some sports activity, i.e. to unite all students, regardless of the study program they are attending. Those students who have the will and tendency can represent the colours of ASPIRA at the University or some other championships. All members of the club have certain benefits in using various sporting facilities in the city. In this way, students have the opportunity to socialize and recreate besides attending teaching activities.<\/p>\n<h3>Goals:<\/h3>\n<p>&#8211; the primary goal is gathering, socializing and entertainment of students<br \/>\n&#8211; promotion of health and healthy way of life<br \/>\n&#8211; promotion of physical activity as a regular daily activity<br \/>\n&#8211; promotion of sports and sports recreation as an important aspect in the lives of people[\/vc_column_text][\/vc_column_inner][vc_column_inner width=&#8221;1\/2&#8243;][vc_single_image image=&#8221;19722&#8243; img_size=&#8221;full&#8221; alignment=&#8221;center&#8221; style=&#8221;vc_box_shadow_3d&#8221;][\/vc_column_inner][\/vc_row_inner][vc_column_text css=&#8221;.vc_custom_1532241804362{margin-top: 0px !important;}&#8221;]Each sport has a student coordinator who leads their teams through the various sports meetings which are organised at university level. Also, sports coordinators are selected each year. Sports club enables Aspira students to recreationally play 10 different sports in 6 sports centers.[\/vc_column_text][\/vc_column][\/vc_row][vc_row full_width=&#8221;stretch_row&#8221; bg_type=&#8221;bg_color&#8221; seperator_enable=&#8221;seperator_enable_value&#8221; seperator_type=&#8221;tilt_right_seperator&#8221; seperator_svg_height=&#8221;40&#8243; seperator_shape_background=&#8221;#f5f5f5&#8243; bg_color_value=&#8221;#262f40&#8243;][vc_column width=&#8221;1\/2&#8243;][vc_column_text]<\/p>\n<h2><span style=\"color: #f2f2f2;\">Gastro club<\/span><\/h2>\n<p><span style=\"color: #f2f2f2;\">&#8220;Aspira Gastro Club&#8221; offers to all interested students the opportunity to be further educated in the field of gastronomy.<\/span><\/p>\n<p><span style=\"color: #f2f2f2;\">The goal of the club is to give students the opportunity to learn something new and have fun at the same time. Through various lectures and workshops, topics that follow trends in nutrition, wine industry and many other culinary challenges are covered. Lectures are accompanied by examples done in practice. Chefs and other gastro-scene representatives try to transfer their experiences to students. Members of the club also have the opportunity to attend certain gastro events and thus get to know more about the domestic and international gastronomy scene.<\/span>[\/vc_column_text][\/vc_column][vc_column width=&#8221;1\/2&#8243;][vc_single_image image=&#8221;19741&#8243; img_size=&#8221;full&#8221; alignment=&#8221;center&#8221; style=&#8221;vc_box_shadow_3d&#8221;][\/vc_column][\/vc_row][vc_row][vc_column width=&#8221;1\/2&#8243;][vc_column_text]<\/p>\n<h2>Tourist inspection<\/h2>\n<p>The idea of establishing a &#8220;Tourist Inspection&#8221; derives from the importance and influence of tourism today which is the main driver of the economy in the Republic of Croatia. It was founded as a section aimed at improving the tourism industry in Croatia, especially the offer of the city of Split and then beyond.<br \/>\nThe goal is also to spend good time under the guidance of coordinators and to come up with some new ideas. Students thus have the opportunity to directly participate in increasing the quality of the tourist offer of their own city but also of the entire offer of our country. Through field research and direct contact with tourists, students receive valuable information, then participate in developing new projects, products and services or improving already existing ones.<br \/>\nAs part of the &#8220;Tourist Inspection&#8221; they have the opportunity to present their ideas and initiatives and at the same time develop their own skills.[\/vc_column_text][\/vc_column][vc_column width=&#8221;1\/2&#8243;][vc_single_image image=&#8221;19745&#8243; img_size=&#8221;full&#8221; alignment=&#8221;center&#8221; style=&#8221;vc_box_shadow_3d&#8221;][\/vc_column][\/vc_row][vc_row full_width=&#8221;stretch_row&#8221; bg_type=&#8221;bg_color&#8221; seperator_enable=&#8221;seperator_enable_value&#8221; seperator_type=&#8221;triangle_svg_seperator&#8221; seperator_svg_height=&#8221;35&#8243; bg_color_value=&#8221;#f5f5f5&#8243;][vc_column width=&#8221;1\/2&#8243;][vc_column_text]<\/p>\n<h2>PR club<\/h2>\n<p>&#8220;Aspira PR Club&#8221; brings together all interested students who want to acquire knowledge and skills in the PR as a contemporary challenge to public relations.<br \/>\nWhen it comes to PR at present, an emphasis is put on creative thinking, the ability to express well and have all the necessary knowledge. Students, members of this club, have the opportunity to develop their skills, take part in professional lectures and workshops, and encounter an actual examples done in practice under the guidance of a coordinator. They can also learn how to coordinate PR activities with the overall marketing strategy, i.e. goals of individual organizations and become acquainted with the rules of PR writing and the functioning of the media.<br \/>\nFollowing the latest trends and collaborating with experts, Aspira offers members of this club a unique experience of gaining a valuable experience in a relaxed atmosphere[\/vc_column_text][\/vc_column][vc_column width=&#8221;1\/2&#8243;][vc_single_image image=&#8221;19743&#8243; img_size=&#8221;full&#8221; alignment=&#8221;center&#8221; style=&#8221;vc_box_shadow_3d&#8221;][\/vc_column][\/vc_row][vc_row full_width=&#8221;stretch_row&#8221; bg_type=&#8221;bg_color&#8221; seperator_enable=&#8221;seperator_enable_value&#8221; seperator_type=&#8221;triangle_svg_seperator&#8221; seperator_svg_height=&#8221;35&#8243; seperator_shape_background=&#8221;#f5f5f5&#8243; bg_color_value=&#8221;#262f40&#8243;][vc_column width=&#8221;1\/2&#8243;][vc_column_text]<\/p>\n<h2><span style=\"color: #f2f2f2;\">Enterprise club<\/span><\/h2>\n<p><span style=\"color: #f2f2f2;\">The idea of starting an &#8220;Enterprise Club&#8221; derives from the important role of entrepreneurship in the development of the economy. Encouraging and developing entrepreneurship and entrepreneurial spirit in the contemporary society is of utmost importance.<\/span><\/p>\n<p><span style=\"color: #f2f2f2;\">Students, members of this club, have the opportunity, in addition to socializing with other colleagues, work on developing entrepreneurial ideas and skills under the guidance of mentors. Through lectures and workshops, and advice from experts in economics or entrepreneurship, they can gain knowledge on how to lead an entrepreneurial project from the idea itself to the ultimate realization.<\/span><\/p>\n<p><span style=\"color: #f2f2f2;\">Aspira in this way wants to motivate students to put their ideas into action and help them in their journey.<\/span>[\/vc_column_text]<div class=\" ubtn-ctn-left \"><a class=\"ubtn-link ult-adjust-bottom-margin ubtn-left ubtn-normal \" href=\"https:\/\/aspira.hr\/poduzetnickiklub\/home-page\/\" ><button type=\"button\" id=\"ubtn-8693\"  class=\"ubtn ult-adjust-bottom-margin ult-responsive ubtn-normal ubtn-no-hover-bg  none  ubtn-left   tooltip-69f38fb7ea129\"  data-hover=\"#e2e2e2\" data-border-color=\"\" data-bg=\"#ed1c24\" data-hover-bg=\"#212121\" data-border-hover=\"\" data-shadow-hover=\"\" data-shadow-click=\"none\" data-shadow=\"\" data-shd-shadow=\"\"  data-ultimate-target='#ubtn-8693'  data-responsive-json-new='{\"font-size\":\"desktop:17px;\",\"line-height\":\"\"}'  style=\"font-weight:normal;border:none;background: #ed1c24;color: #ffffff;\"><span class=\"ubtn-hover\" style=\"background-color:#212121\"><\/span><span class=\"ubtn-data ubtn-text \" >Entrepreneurship club website<\/span><\/button><\/a><\/div>[\/vc_column][vc_column width=&#8221;1\/2&#8243;][vc_single_image image=&#8221;19747&#8243; img_size=&#8221;full&#8221; alignment=&#8221;center&#8221; style=&#8221;vc_box_shadow_3d&#8221;][\/vc_column][\/vc_row]<\/p>\n","protected":false},"excerpt":{"rendered":"<p>[vc_row][vc_column][vc_column_text]University College Aspira offers attendees various extracurricular activities. Depending on what they are interested in, they can engage in a certain activity and thus spend their time well. The goal of these activities is to encourage students to socialize and help them develop their own interests, thereby improving the quality of life.[\/vc_column_text][\/vc_column][\/vc_row][vc_row full_width=&#8221;stretch_row&#8221; bg_type=&#8221;bg_color&#8221; bg_color_value=&#8221;#f5f5f5&#8243;][vc_column][vc_row_inner][vc_column_inner&hellip;<\/p>\n","protected":false},"author":1,"featured_media":0,"parent":0,"menu_order":0,"comment_status":"closed","ping_status":"closed","template":"","meta":{"_monsterinsights_skip_tracking":false,"_monsterinsights_sitenote_active":false,"_monsterinsights_sitenote_note":"","_monsterinsights_sitenote_category":0},"yoast_head":"<!-- This site is optimized with the Yoast SEO plugin v18.0 - https:\/\/yoast.com\/wordpress\/plugins\/seo\/ -->\n<title>Student clubs | ASPIRA University College<\/title>\n<meta name=\"robots\" content=\"index, follow, max-snippet:-1, max-image-preview:large, max-video-preview:-1\" \/>\n<link rel=\"canonical\" href=\"https:\/\/www.aspira.hr\/en\/student-clubs\/\" \/>\n<meta property=\"og:locale\" content=\"en_US\" \/>\n<meta property=\"og:type\" content=\"article\" \/>\n<meta property=\"og:title\" content=\"Student clubs | ASPIRA University College\" \/>\n<meta property=\"og:description\" content=\"[vc_row][vc_column][vc_column_text]University College Aspira offers attendees various extracurricular activities. Depending on what they are interested in, they can engage in a certain activity and thus spend their time well. The goal of these activities is to encourage students to socialize and help them develop their own interests, thereby improving the quality of life.[\/vc_column_text][\/vc_column][\/vc_row][vc_row full_width=&#8221;stretch_row&#8221; bg_type=&#8221;bg_color&#8221; bg_color_value=&#8221;#f5f5f5&#8243;][vc_column][vc_row_inner][vc_column_inner&hellip;\" \/>\n<meta property=\"og:url\" content=\"https:\/\/www.aspira.hr\/en\/student-clubs\/\" \/>\n<meta property=\"og:site_name\" content=\"ASPIRA University College\" \/>\n<meta property=\"article:publisher\" content=\"https:\/\/www.facebook.com\/Aspira.University.College\" \/>\n<meta property=\"article:modified_time\" content=\"2019-08-23T09:25:01+00:00\" \/>\n<meta name=\"twitter:card\" content=\"summary_large_image\" \/>\n<meta name=\"twitter:site\" content=\"@aspirasplit\" \/>\n<meta name=\"twitter:label1\" content=\"Est. reading time\" \/>\n\t<meta name=\"twitter:data1\" content=\"6 minutes\" \/>\n<script type=\"application\/ld+json\" class=\"yoast-schema-graph\">{\"@context\":\"https:\/\/schema.org\",\"@graph\":[{\"@type\":\"Organization\",\"@id\":\"https:\/\/www.aspira.hr\/#organization\",\"name\":\"Aspira university college\",\"url\":\"https:\/\/www.aspira.hr\/\",\"sameAs\":[\"https:\/\/www.facebook.com\/Aspira.University.College\",\"https:\/\/www.instagram.com\/aspira_university\/\",\"https:\/\/www.youtube.com\/channel\/UCIgYMJQ9r3uxEjC6kX_q7EQ\",\"https:\/\/twitter.com\/aspirasplit\"],\"logo\":{\"@type\":\"ImageObject\",\"@id\":\"https:\/\/www.aspira.hr\/#logo\",\"inLanguage\":\"en-US\",\"url\":\"https:\/\/www.aspira.hr\/wp-content\/uploads\/2018\/02\/Aspira-University-College-1.png\",\"contentUrl\":\"https:\/\/www.aspira.hr\/wp-content\/uploads\/2018\/02\/Aspira-University-College-1.png\",\"width\":247,\"height\":60,\"caption\":\"Aspira university college\"},\"image\":{\"@id\":\"https:\/\/www.aspira.hr\/#logo\"}},{\"@type\":\"WebSite\",\"@id\":\"https:\/\/www.aspira.hr\/#website\",\"url\":\"https:\/\/www.aspira.hr\/\",\"name\":\"ASPIRA University College\",\"description\":\"Obrazovanje vrhunskih menad\u017eera iz podru\u010dja sporta i turizma. Studijski programi Me\u0111unarodnog menad\u017ementa u hotelijerstvu i turizmu, te Sportskog menad\u017ementa.\",\"publisher\":{\"@id\":\"https:\/\/www.aspira.hr\/#organization\"},\"potentialAction\":[{\"@type\":\"SearchAction\",\"target\":{\"@type\":\"EntryPoint\",\"urlTemplate\":\"https:\/\/www.aspira.hr\/?s={search_term_string}\"},\"query-input\":\"required name=search_term_string\"}],\"inLanguage\":\"en-US\"},{\"@type\":\"WebPage\",\"@id\":\"https:\/\/www.aspira.hr\/en\/student-clubs\/#webpage\",\"url\":\"https:\/\/www.aspira.hr\/en\/student-clubs\/\",\"name\":\"Student clubs | ASPIRA University College\",\"isPartOf\":{\"@id\":\"https:\/\/www.aspira.hr\/#website\"},\"datePublished\":\"2018-07-22T06:41:01+00:00\",\"dateModified\":\"2019-08-23T09:25:01+00:00\",\"breadcrumb\":{\"@id\":\"https:\/\/www.aspira.hr\/en\/student-clubs\/#breadcrumb\"},\"inLanguage\":\"en-US\",\"potentialAction\":[{\"@type\":\"ReadAction\",\"target\":[\"https:\/\/www.aspira.hr\/en\/student-clubs\/\"]}]},{\"@type\":\"BreadcrumbList\",\"@id\":\"https:\/\/www.aspira.hr\/en\/student-clubs\/#breadcrumb\",\"itemListElement\":[{\"@type\":\"ListItem\",\"position\":1,\"name\":\"Po\u010detna stranica\",\"item\":\"https:\/\/www.aspira.hr\/en\/\"},{\"@type\":\"ListItem\",\"position\":2,\"name\":\"Student clubs\"}]}]}<\/script>\n<!-- \/ Yoast SEO plugin. -->","yoast_head_json":{"title":"Student clubs | ASPIRA University College","robots":{"index":"index","follow":"follow","max-snippet":"max-snippet:-1","max-image-preview":"max-image-preview:large","max-video-preview":"max-video-preview:-1"},"canonical":"https:\/\/www.aspira.hr\/en\/student-clubs\/","og_locale":"en_US","og_type":"article","og_title":"Student clubs | ASPIRA University College","og_description":"[vc_row][vc_column][vc_column_text]University College Aspira offers attendees various extracurricular activities. Depending on what they are interested in, they can engage in a certain activity and thus spend their time well. The goal of these activities is to encourage students to socialize and help them develop their own interests, thereby improving the quality of life.[\/vc_column_text][\/vc_column][\/vc_row][vc_row full_width=&#8221;stretch_row&#8221; bg_type=&#8221;bg_color&#8221; bg_color_value=&#8221;#f5f5f5&#8243;][vc_column][vc_row_inner][vc_column_inner&hellip;","og_url":"https:\/\/www.aspira.hr\/en\/student-clubs\/","og_site_name":"ASPIRA University College","article_publisher":"https:\/\/www.facebook.com\/Aspira.University.College","article_modified_time":"2019-08-23T09:25:01+00:00","twitter_card":"summary_large_image","twitter_site":"@aspirasplit","twitter_misc":{"Est. reading time":"6 minutes"},"schema":{"@context":"https:\/\/schema.org","@graph":[{"@type":"Organization","@id":"https:\/\/www.aspira.hr\/#organization","name":"Aspira university college","url":"https:\/\/www.aspira.hr\/","sameAs":["https:\/\/www.facebook.com\/Aspira.University.College","https:\/\/www.instagram.com\/aspira_university\/","https:\/\/www.youtube.com\/channel\/UCIgYMJQ9r3uxEjC6kX_q7EQ","https:\/\/twitter.com\/aspirasplit"],"logo":{"@type":"ImageObject","@id":"https:\/\/www.aspira.hr\/#logo","inLanguage":"en-US","url":"https:\/\/www.aspira.hr\/wp-content\/uploads\/2018\/02\/Aspira-University-College-1.png","contentUrl":"https:\/\/www.aspira.hr\/wp-content\/uploads\/2018\/02\/Aspira-University-College-1.png","width":247,"height":60,"caption":"Aspira university college"},"image":{"@id":"https:\/\/www.aspira.hr\/#logo"}},{"@type":"WebSite","@id":"https:\/\/www.aspira.hr\/#website","url":"https:\/\/www.aspira.hr\/","name":"ASPIRA University College","description":"Obrazovanje vrhunskih menad\u017eera iz podru\u010dja sporta i turizma. Studijski programi Me\u0111unarodnog menad\u017ementa u hotelijerstvu i turizmu, te Sportskog menad\u017ementa.","publisher":{"@id":"https:\/\/www.aspira.hr\/#organization"},"potentialAction":[{"@type":"SearchAction","target":{"@type":"EntryPoint","urlTemplate":"https:\/\/www.aspira.hr\/?s={search_term_string}"},"query-input":"required name=search_term_string"}],"inLanguage":"en-US"},{"@type":"WebPage","@id":"https:\/\/www.aspira.hr\/en\/student-clubs\/#webpage","url":"https:\/\/www.aspira.hr\/en\/student-clubs\/","name":"Student clubs | ASPIRA University College","isPartOf":{"@id":"https:\/\/www.aspira.hr\/#website"},"datePublished":"2018-07-22T06:41:01+00:00","dateModified":"2019-08-23T09:25:01+00:00","breadcrumb":{"@id":"https:\/\/www.aspira.hr\/en\/student-clubs\/#breadcrumb"},"inLanguage":"en-US","potentialAction":[{"@type":"ReadAction","target":["https:\/\/www.aspira.hr\/en\/student-clubs\/"]}]},{"@type":"BreadcrumbList","@id":"https:\/\/www.aspira.hr\/en\/student-clubs\/#breadcrumb","itemListElement":[{"@type":"ListItem","position":1,"name":"Po\u010detna stranica","item":"https:\/\/www.aspira.hr\/en\/"},{"@type":"ListItem","position":2,"name":"Student clubs"}]}]}},"_links":{"self":[{"href":"https:\/\/www.aspira.hr\/en\/wp-json\/wp\/v2\/pages\/20360"}],"collection":[{"href":"https:\/\/www.aspira.hr\/en\/wp-json\/wp\/v2\/pages"}],"about":[{"href":"https:\/\/www.aspira.hr\/en\/wp-json\/wp\/v2\/types\/page"}],"author":[{"embeddable":true,"href":"https:\/\/www.aspira.hr\/en\/wp-json\/wp\/v2\/users\/1"}],"replies":[{"embeddable":true,"href":"https:\/\/www.aspira.hr\/en\/wp-json\/wp\/v2\/comments?post=20360"}],"version-history":[{"count":1,"href":"https:\/\/www.aspira.hr\/en\/wp-json\/wp\/v2\/pages\/20360\/revisions"}],"predecessor-version":[{"id":34901,"href":"https:\/\/www.aspira.hr\/en\/wp-json\/wp\/v2\/pages\/20360\/revisions\/34901"}],"wp:attachment":[{"href":"https:\/\/www.aspira.hr\/en\/wp-json\/wp\/v2\/media?parent=20360"}],"curies":[{"name":"wp","href":"https:\/\/api.w.org\/{rel}","templated":true}]}}