{"id":20355,"date":"2018-07-22T08:31:33","date_gmt":"2018-07-22T06:31:33","guid":{"rendered":"https:\/\/www.aspira.hr\/?page_id=20355"},"modified":"2018-08-30T12:05:27","modified_gmt":"2018-08-30T10:05:27","slug":"advisory-board","status":"publish","type":"page","link":"https:\/\/www.aspira.hr\/en\/advisory-board\/","title":{"rendered":"Advisory Board"},"content":{"rendered":"<p>[vc_row][vc_column width=&#8221;1\/2&#8243;][vc_column_text]University College Aspira has established the Economic Advisory Board, council consisted of successful entrepreneurs with the aim of bringing students closer to the labor market and obtaining information on employers&#8217; needs. Numerous eminent enterpreneurs, representatives of companies, local government and sports federations are members of the Advisory. Among other things, the role of the Economic Advisory Board is to enable our students to practice, to assist in the realization of public lectures and forums and to develop joint projects with Aspira and its students.<\/p>\n<p>The Economic Advisory Board meets at least twice a year to keep track of all the novelties in order to continuously improve the teaching of undergraduate and graduate studies, to elaborate specific lifelong learning programs and adress the other issues.<br \/>\nEconomic Advisory Board gives us great support in all areas of our work and activities, and in particular the improvement of the position of students and their studies at the Universiy College Aspira.[\/vc_column_text][\/vc_column][vc_column width=&#8221;1\/2&#8243;][vc_single_image image=&#8221;19716&#8243; img_size=&#8221;full&#8221; alignment=&#8221;center&#8221; style=&#8221;vc_box_shadow_3d&#8221;][\/vc_column][\/vc_row][vc_row full_width=&#8221;stretch_row&#8221; bg_type=&#8221;bg_color&#8221; seperator_enable=&#8221;seperator_enable_value&#8221; seperator_type=&#8221;tilt_right_seperator&#8221; seperator_position=&#8221;top_bottom_seperator&#8221; seperator_svg_height=&#8221;40&#8243; bg_color_value=&#8221;#f5f5f5&#8243;][vc_column][vc_column_text]<\/p>\n<h2>Members of the Economic Advisory:<\/h2>\n<ol>\n<li><strong>Jako Andabak<\/strong> &#8211; owner of the Blue Sun Hotel and president of the executive board of the Croatian Association of Employers in Hotel Management &#8211; Association of Restaurants and Tourism<\/li>\n<li><strong>Hrvoje Akrap<\/strong> &#8211; head of Sports and Sports Infrastructure Office in Split<\/li>\n<li><strong>Aljo\u0161a Ba\u0161i\u0107<\/strong> &#8211; marketing director of Tommy d.o.o.<\/li>\n<li><strong>Igor Boraska<\/strong> &#8211; president of the Croatian Olympic Committee (HOO) Commission for International Relations<\/li>\n<li><strong>Mario Bunti\u0107<\/strong> &#8211; director of Messer<\/li>\n<li><strong>Gordon Cerjan<\/strong> &#8211; head of Sport Center Poljud Pools- Public institution sports facilities<\/li>\n<li><strong>Neven Kulu\u0161i\u0107<\/strong> \u2013 director of the company Pomak<\/li>\n<li><strong>Miroslav Ivi\u0107<\/strong> &#8211; president of the Management Board of Slobodna Dalmacija<\/li>\n<li><strong>Silvija Markoti\u0107<\/strong> &#8211; chief of Hotel Atrium<\/li>\n<li><strong>Ivan Mi\u0161eti\u0107<\/strong> &#8211; secretary general of the Atlantic Group<\/li>\n<li><strong>Dario Mami\u0107<\/strong> &#8211; member of the board of Tommy d.o.o.<\/li>\n<li><strong>Renco Posinkovi\u0107<\/strong> \u2013 head of the Team Sports Association and technical director of Spaladium Arena<\/li>\n<li><strong>Prof. Dr. Izet Ra\u0111o<\/strong> &#8211; vice president of the Olympic Committee of BiH; Faculty of Sport and Physical Education<\/li>\n<li><strong>Josip Rei\u0107<\/strong> &#8211; secretary of the Split Olympics Club<\/li>\n<li><strong>Jo\u0161ko Stella<\/strong> &#8211; Director of the Tourist Board of Split-Dalmatia<\/li>\n<li><strong>Alijana Vuk\u0161i\u0107<\/strong> &#8211; director of tourist information centre of Split Tourist Board<\/li>\n<\/ol>\n<p>[\/vc_column_text][\/vc_column][\/vc_row]<\/p>\n","protected":false},"excerpt":{"rendered":"<p>[vc_row][vc_column width=&#8221;1\/2&#8243;][vc_column_text]University College Aspira has established the Economic Advisory Board, council consisted of successful entrepreneurs with the aim of bringing students closer to the labor market and obtaining information on employers&#8217; needs. Numerous eminent enterpreneurs, representatives of companies, local government and sports federations are members of the Advisory. Among other things, the role of the&hellip;<\/p>\n","protected":false},"author":1,"featured_media":0,"parent":0,"menu_order":0,"comment_status":"closed","ping_status":"closed","template":"","meta":{"_monsterinsights_skip_tracking":false,"_monsterinsights_sitenote_active":false,"_monsterinsights_sitenote_note":"","_monsterinsights_sitenote_category":0},"yoast_head":"<!-- This site is optimized with the Yoast SEO plugin v18.0 - https:\/\/yoast.com\/wordpress\/plugins\/seo\/ -->\n<title>Advisory Board | ASPIRA University College<\/title>\n<meta name=\"robots\" content=\"index, follow, max-snippet:-1, max-image-preview:large, max-video-preview:-1\" \/>\n<link rel=\"canonical\" href=\"https:\/\/www.aspira.hr\/en\/advisory-board\/\" \/>\n<meta property=\"og:locale\" content=\"en_US\" \/>\n<meta property=\"og:type\" content=\"article\" \/>\n<meta property=\"og:title\" content=\"Advisory Board | ASPIRA University College\" \/>\n<meta property=\"og:description\" content=\"[vc_row][vc_column width=&#8221;1\/2&#8243;][vc_column_text]University College Aspira has established the Economic Advisory Board, council consisted of successful entrepreneurs with the aim of bringing students closer to the labor market and obtaining information on employers&#8217; needs. Numerous eminent enterpreneurs, representatives of companies, local government and sports federations are members of the Advisory. Among other things, the role of the&hellip;\" \/>\n<meta property=\"og:url\" content=\"https:\/\/www.aspira.hr\/en\/advisory-board\/\" \/>\n<meta property=\"og:site_name\" content=\"ASPIRA University College\" \/>\n<meta property=\"article:publisher\" content=\"https:\/\/www.facebook.com\/Aspira.University.College\" \/>\n<meta property=\"article:modified_time\" content=\"2018-08-30T10:05:27+00:00\" \/>\n<meta name=\"twitter:card\" content=\"summary_large_image\" \/>\n<meta name=\"twitter:site\" content=\"@aspirasplit\" \/>\n<meta name=\"twitter:label1\" content=\"Est. reading time\" \/>\n\t<meta name=\"twitter:data1\" content=\"2 minutes\" \/>\n<script type=\"application\/ld+json\" class=\"yoast-schema-graph\">{\"@context\":\"https:\/\/schema.org\",\"@graph\":[{\"@type\":\"Organization\",\"@id\":\"https:\/\/www.aspira.hr\/#organization\",\"name\":\"Aspira university college\",\"url\":\"https:\/\/www.aspira.hr\/\",\"sameAs\":[\"https:\/\/www.facebook.com\/Aspira.University.College\",\"https:\/\/www.instagram.com\/aspira_university\/\",\"https:\/\/www.youtube.com\/channel\/UCIgYMJQ9r3uxEjC6kX_q7EQ\",\"https:\/\/twitter.com\/aspirasplit\"],\"logo\":{\"@type\":\"ImageObject\",\"@id\":\"https:\/\/www.aspira.hr\/#logo\",\"inLanguage\":\"en-US\",\"url\":\"https:\/\/www.aspira.hr\/wp-content\/uploads\/2018\/02\/Aspira-University-College-1.png\",\"contentUrl\":\"https:\/\/www.aspira.hr\/wp-content\/uploads\/2018\/02\/Aspira-University-College-1.png\",\"width\":247,\"height\":60,\"caption\":\"Aspira university college\"},\"image\":{\"@id\":\"https:\/\/www.aspira.hr\/#logo\"}},{\"@type\":\"WebSite\",\"@id\":\"https:\/\/www.aspira.hr\/#website\",\"url\":\"https:\/\/www.aspira.hr\/\",\"name\":\"ASPIRA University College\",\"description\":\"Obrazovanje vrhunskih menad\u017eera iz podru\u010dja sporta i turizma. Studijski programi Me\u0111unarodnog menad\u017ementa u hotelijerstvu i turizmu, te Sportskog menad\u017ementa.\",\"publisher\":{\"@id\":\"https:\/\/www.aspira.hr\/#organization\"},\"potentialAction\":[{\"@type\":\"SearchAction\",\"target\":{\"@type\":\"EntryPoint\",\"urlTemplate\":\"https:\/\/www.aspira.hr\/?s={search_term_string}\"},\"query-input\":\"required name=search_term_string\"}],\"inLanguage\":\"en-US\"},{\"@type\":\"WebPage\",\"@id\":\"https:\/\/www.aspira.hr\/en\/advisory-board\/#webpage\",\"url\":\"https:\/\/www.aspira.hr\/en\/advisory-board\/\",\"name\":\"Advisory Board | ASPIRA University College\",\"isPartOf\":{\"@id\":\"https:\/\/www.aspira.hr\/#website\"},\"datePublished\":\"2018-07-22T06:31:33+00:00\",\"dateModified\":\"2018-08-30T10:05:27+00:00\",\"breadcrumb\":{\"@id\":\"https:\/\/www.aspira.hr\/en\/advisory-board\/#breadcrumb\"},\"inLanguage\":\"en-US\",\"potentialAction\":[{\"@type\":\"ReadAction\",\"target\":[\"https:\/\/www.aspira.hr\/en\/advisory-board\/\"]}]},{\"@type\":\"BreadcrumbList\",\"@id\":\"https:\/\/www.aspira.hr\/en\/advisory-board\/#breadcrumb\",\"itemListElement\":[{\"@type\":\"ListItem\",\"position\":1,\"name\":\"Po\u010detna stranica\",\"item\":\"https:\/\/www.aspira.hr\/en\/\"},{\"@type\":\"ListItem\",\"position\":2,\"name\":\"Advisory Board\"}]}]}<\/script>\n<!-- \/ Yoast SEO plugin. -->","yoast_head_json":{"title":"Advisory Board | ASPIRA University College","robots":{"index":"index","follow":"follow","max-snippet":"max-snippet:-1","max-image-preview":"max-image-preview:large","max-video-preview":"max-video-preview:-1"},"canonical":"https:\/\/www.aspira.hr\/en\/advisory-board\/","og_locale":"en_US","og_type":"article","og_title":"Advisory Board | ASPIRA University College","og_description":"[vc_row][vc_column width=&#8221;1\/2&#8243;][vc_column_text]University College Aspira has established the Economic Advisory Board, council consisted of successful entrepreneurs with the aim of bringing students closer to the labor market and obtaining information on employers&#8217; needs. Numerous eminent enterpreneurs, representatives of companies, local government and sports federations are members of the Advisory. Among other things, the role of the&hellip;","og_url":"https:\/\/www.aspira.hr\/en\/advisory-board\/","og_site_name":"ASPIRA University College","article_publisher":"https:\/\/www.facebook.com\/Aspira.University.College","article_modified_time":"2018-08-30T10:05:27+00:00","twitter_card":"summary_large_image","twitter_site":"@aspirasplit","twitter_misc":{"Est. reading time":"2 minutes"},"schema":{"@context":"https:\/\/schema.org","@graph":[{"@type":"Organization","@id":"https:\/\/www.aspira.hr\/#organization","name":"Aspira university college","url":"https:\/\/www.aspira.hr\/","sameAs":["https:\/\/www.facebook.com\/Aspira.University.College","https:\/\/www.instagram.com\/aspira_university\/","https:\/\/www.youtube.com\/channel\/UCIgYMJQ9r3uxEjC6kX_q7EQ","https:\/\/twitter.com\/aspirasplit"],"logo":{"@type":"ImageObject","@id":"https:\/\/www.aspira.hr\/#logo","inLanguage":"en-US","url":"https:\/\/www.aspira.hr\/wp-content\/uploads\/2018\/02\/Aspira-University-College-1.png","contentUrl":"https:\/\/www.aspira.hr\/wp-content\/uploads\/2018\/02\/Aspira-University-College-1.png","width":247,"height":60,"caption":"Aspira university college"},"image":{"@id":"https:\/\/www.aspira.hr\/#logo"}},{"@type":"WebSite","@id":"https:\/\/www.aspira.hr\/#website","url":"https:\/\/www.aspira.hr\/","name":"ASPIRA University College","description":"Obrazovanje vrhunskih menad\u017eera iz podru\u010dja sporta i turizma. Studijski programi Me\u0111unarodnog menad\u017ementa u hotelijerstvu i turizmu, te Sportskog menad\u017ementa.","publisher":{"@id":"https:\/\/www.aspira.hr\/#organization"},"potentialAction":[{"@type":"SearchAction","target":{"@type":"EntryPoint","urlTemplate":"https:\/\/www.aspira.hr\/?s={search_term_string}"},"query-input":"required name=search_term_string"}],"inLanguage":"en-US"},{"@type":"WebPage","@id":"https:\/\/www.aspira.hr\/en\/advisory-board\/#webpage","url":"https:\/\/www.aspira.hr\/en\/advisory-board\/","name":"Advisory Board | ASPIRA University College","isPartOf":{"@id":"https:\/\/www.aspira.hr\/#website"},"datePublished":"2018-07-22T06:31:33+00:00","dateModified":"2018-08-30T10:05:27+00:00","breadcrumb":{"@id":"https:\/\/www.aspira.hr\/en\/advisory-board\/#breadcrumb"},"inLanguage":"en-US","potentialAction":[{"@type":"ReadAction","target":["https:\/\/www.aspira.hr\/en\/advisory-board\/"]}]},{"@type":"BreadcrumbList","@id":"https:\/\/www.aspira.hr\/en\/advisory-board\/#breadcrumb","itemListElement":[{"@type":"ListItem","position":1,"name":"Po\u010detna stranica","item":"https:\/\/www.aspira.hr\/en\/"},{"@type":"ListItem","position":2,"name":"Advisory Board"}]}]}},"_links":{"self":[{"href":"https:\/\/www.aspira.hr\/en\/wp-json\/wp\/v2\/pages\/20355"}],"collection":[{"href":"https:\/\/www.aspira.hr\/en\/wp-json\/wp\/v2\/pages"}],"about":[{"href":"https:\/\/www.aspira.hr\/en\/wp-json\/wp\/v2\/types\/page"}],"author":[{"embeddable":true,"href":"https:\/\/www.aspira.hr\/en\/wp-json\/wp\/v2\/users\/1"}],"replies":[{"embeddable":true,"href":"https:\/\/www.aspira.hr\/en\/wp-json\/wp\/v2\/comments?post=20355"}],"version-history":[{"count":0,"href":"https:\/\/www.aspira.hr\/en\/wp-json\/wp\/v2\/pages\/20355\/revisions"}],"wp:attachment":[{"href":"https:\/\/www.aspira.hr\/en\/wp-json\/wp\/v2\/media?parent=20355"}],"curies":[{"name":"wp","href":"https:\/\/api.w.org\/{rel}","templated":true}]}}