{"id":20350,"date":"2018-06-12T00:27:41","date_gmt":"2018-06-11T22:27:41","guid":{"rendered":"https:\/\/www.aspira.hr\/about-aspira\/partneri\/"},"modified":"2018-07-20T17:02:11","modified_gmt":"2018-07-20T15:02:11","slug":"partners","status":"publish","type":"page","link":"https:\/\/www.aspira.hr\/en\/about-aspira\/partners\/","title":{"rendered":"Partners"},"content":{"rendered":"<p>[vc_row][vc_column width=&#8221;1\/4&#8243;][vc_single_image image=&#8221;19243&#8243; img_size=&#8221;300&#215;100&#8243; alignment=&#8221;center&#8221; onclick=&#8221;custom_link&#8221; img_link_target=&#8221;_blank&#8221; image_hovers=&#8221;false&#8221; link=&#8221;http:\/\/www.hotel-atrium.hr\/?lang=hr&#8221;][\/vc_column][vc_column width=&#8221;1\/4&#8243;][vc_single_image image=&#8221;19246&#8243; img_size=&#8221;300&#215;100&#8243; alignment=&#8221;center&#8221; onclick=&#8221;custom_link&#8221; img_link_target=&#8221;_blank&#8221; image_hovers=&#8221;false&#8221; link=&#8221;https:\/\/www.bluesunhotels.com\/&#8221;][\/vc_column][vc_column width=&#8221;1\/4&#8243;][vc_single_image image=&#8221;19241&#8243; img_size=&#8221;300&#215;100&#8243; alignment=&#8221;center&#8221; onclick=&#8221;custom_link&#8221; img_link_target=&#8221;_blank&#8221; image_hovers=&#8221;false&#8221; link=&#8221;https:\/\/www.cetinatours.com\/&#8221;][\/vc_column][vc_column width=&#8221;1\/4&#8243;][vc_single_image image=&#8221;19248&#8243; img_size=&#8221;300&#215;100&#8243; alignment=&#8221;center&#8221; onclick=&#8221;custom_link&#8221; img_link_target=&#8221;_blank&#8221; image_hovers=&#8221;false&#8221; link=&#8221;http:\/\/www.ktc.hr\/&#8221;][\/vc_column][\/vc_row][vc_row css=&#8221;.vc_custom_1528756834344{margin-top: 20px !important;}&#8221;][vc_column width=&#8221;1\/4&#8243;][vc_single_image image=&#8221;19253&#8243; img_size=&#8221;300&#215;100&#8243; alignment=&#8221;center&#8221; onclick=&#8221;custom_link&#8221; img_link_target=&#8221;_blank&#8221; image_hovers=&#8221;false&#8221; link=&#8221;http:\/\/www.cornarohotel.com\/&#8221;][\/vc_column][vc_column width=&#8221;1\/4&#8243;][vc_single_image image=&#8221;19255&#8243; img_size=&#8221;300&#215;100&#8243; alignment=&#8221;center&#8221; onclick=&#8221;custom_link&#8221; img_link_target=&#8221;_blank&#8221; image_hovers=&#8221;false&#8221; link=&#8221;http:\/\/hoteldamianii.hr\/hr\/&#8221;][\/vc_column][vc_column width=&#8221;1\/4&#8243;][vc_single_image image=&#8221;19257&#8243; img_size=&#8221;300&#215;100&#8243; alignment=&#8221;center&#8221; onclick=&#8221;custom_link&#8221; img_link_target=&#8221;_blank&#8221; image_hovers=&#8221;false&#8221; link=&#8221;https:\/\/www.falkensteiner.com\/hr&#8221;][\/vc_column][vc_column width=&#8221;1\/4&#8243;][vc_single_image image=&#8221;19275&#8243; img_size=&#8221;300&#215;100&#8243; alignment=&#8221;center&#8221; onclick=&#8221;custom_link&#8221; img_link_target=&#8221;_blank&#8221; image_hovers=&#8221;false&#8221; link=&#8221;http:\/\/www.hoteladria.hr\/&#8221;][\/vc_column][\/vc_row][vc_row css=&#8221;.vc_custom_1528756834344{margin-top: 20px !important;}&#8221;][vc_column width=&#8221;1\/4&#8243;][vc_single_image image=&#8221;19277&#8243; img_size=&#8221;300&#215;100&#8243; alignment=&#8221;center&#8221; onclick=&#8221;custom_link&#8221; img_link_target=&#8221;_blank&#8221; image_hovers=&#8221;false&#8221; link=&#8221;http:\/\/www.hotel-dioklecijan.com\/&#8221;][\/vc_column][vc_column width=&#8221;1\/4&#8243;][vc_single_image image=&#8221;19279&#8243; img_size=&#8221;300&#215;100&#8243; alignment=&#8221;center&#8221; onclick=&#8221;custom_link&#8221; img_link_target=&#8221;_blank&#8221; image_hovers=&#8221;false&#8221; link=&#8221;https:\/\/www.lhjupiter.com\/hr&#8221;][\/vc_column][vc_column width=&#8221;1\/4&#8243;][vc_single_image image=&#8221;19281&#8243; img_size=&#8221;300&#215;100&#8243; alignment=&#8221;center&#8221; onclick=&#8221;custom_link&#8221; img_link_target=&#8221;_blank&#8221; image_hovers=&#8221;false&#8221; link=&#8221;http:\/\/www3.hilton.com\/en\/languagegateway\/index.htm&#8221;][\/vc_column][vc_column width=&#8221;1\/4&#8243;][vc_single_image image=&#8221;19283&#8243; img_size=&#8221;300&#215;100&#8243; alignment=&#8221;center&#8221; onclick=&#8221;custom_link&#8221; img_link_target=&#8221;_blank&#8221; image_hovers=&#8221;false&#8221; link=&#8221;http:\/\/www.hotelpark-split.hr\/&#8221;][\/vc_column][\/vc_row][vc_row css=&#8221;.vc_custom_1528756834344{margin-top: 20px !important;}&#8221;][vc_column width=&#8221;1\/4&#8243;][vc_single_image image=&#8221;19287&#8243; img_size=&#8221;300&#215;100&#8243; alignment=&#8221;center&#8221; onclick=&#8221;custom_link&#8221; img_link_target=&#8221;_blank&#8221; image_hovers=&#8221;false&#8221; link=&#8221;https:\/\/htz.hr\/hr-HR&#8221;][\/vc_column][vc_column width=&#8221;1\/4&#8243;][vc_single_image image=&#8221;19289&#8243; img_size=&#8221;300&#215;100&#8243; alignment=&#8221;center&#8221; onclick=&#8221;custom_link&#8221; img_link_target=&#8221;_blank&#8221; image_hovers=&#8221;false&#8221; link=&#8221;https:\/\/ilirijabiograd.com\/ilirija-travel&#8221;][\/vc_column][vc_column width=&#8221;1\/4&#8243;][vc_single_image image=&#8221;19291&#8243; img_size=&#8221;300&#215;100&#8243; alignment=&#8221;center&#8221; onclick=&#8221;custom_link&#8221; img_link_target=&#8221;_blank&#8221; image_hovers=&#8221;false&#8221; link=&#8221;https:\/\/ilirijabiograd.com\/&#8221;][\/vc_column][vc_column width=&#8221;1\/4&#8243;][vc_single_image image=&#8221;19293&#8243; img_size=&#8221;300&#215;100&#8243; alignment=&#8221;center&#8221; onclick=&#8221;custom_link&#8221; img_link_target=&#8221;_blank&#8221; image_hovers=&#8221;false&#8221; link=&#8221;https:\/\/www.kempinski.com\/hr\/istria\/hotel-adriatic\/&#8221;][\/vc_column][\/vc_row][vc_row css=&#8221;.vc_custom_1528756834344{margin-top: 20px !important;}&#8221;][vc_column width=&#8221;1\/4&#8243;][vc_single_image image=&#8221;19305&#8243; img_size=&#8221;300&#215;100&#8243; alignment=&#8221;center&#8221; onclick=&#8221;custom_link&#8221; img_link_target=&#8221;_blank&#8221; image_hovers=&#8221;false&#8221; link=&#8221;http:\/\/www.lemeridienlavsplit.com\/hr&#8221;][\/vc_column][vc_column width=&#8221;1\/4&#8243;][vc_single_image image=&#8221;19307&#8243; img_size=&#8221;300&#215;100&#8243; alignment=&#8221;center&#8221; onclick=&#8221;custom_link&#8221; img_link_target=&#8221;_blank&#8221; image_hovers=&#8221;false&#8221; link=&#8221;https:\/\/www.maistra.com\/hr\/&#8221;][\/vc_column][vc_column width=&#8221;1\/4&#8243;][vc_single_image image=&#8221;19309&#8243; img_size=&#8221;300&#215;100&#8243; alignment=&#8221;center&#8221; onclick=&#8221;custom_link&#8221; img_link_target=&#8221;_blank&#8221; image_hovers=&#8221;false&#8221; link=&#8221;https:\/\/www.hoteli-makarska.hr\/hr\/&#8221;][\/vc_column][vc_column width=&#8221;1\/4&#8243;][vc_single_image image=&#8221;19311&#8243; img_size=&#8221;300&#215;100&#8243; alignment=&#8221;center&#8221; onclick=&#8221;custom_link&#8221; img_link_target=&#8221;_blank&#8221; image_hovers=&#8221;false&#8221; link=&#8221;http:\/\/www.mint.hr\/&#8221;][\/vc_column][\/vc_row][vc_row css=&#8221;.vc_custom_1528756834344{margin-top: 20px !important;}&#8221;][vc_column width=&#8221;1\/4&#8243;][vc_single_image image=&#8221;19313&#8243; img_size=&#8221;300&#215;100&#8243; alignment=&#8221;center&#8221; onclick=&#8221;custom_link&#8221; img_link_target=&#8221;_blank&#8221; image_hovers=&#8221;false&#8221; link=&#8221;https:\/\/olympiavodice.hr\/&#8221;][\/vc_column][vc_column width=&#8221;1\/4&#8243;][vc_single_image image=&#8221;19316&#8243; img_size=&#8221;300&#215;100&#8243; alignment=&#8221;center&#8221; onclick=&#8221;custom_link&#8221; img_link_target=&#8221;_blank&#8221; image_hovers=&#8221;false&#8221; link=&#8221;http:\/\/hotelpasike.com\/&#8221;][\/vc_column][vc_column width=&#8221;1\/4&#8243;][vc_single_image image=&#8221;19317&#8243; img_size=&#8221;300&#215;100&#8243; alignment=&#8221;center&#8221; onclick=&#8221;custom_link&#8221; img_link_target=&#8221;_blank&#8221; image_hovers=&#8221;false&#8221; link=&#8221;https:\/\/www.radissonblu.com\/hr\/resort-split&#8221;][\/vc_column][vc_column width=&#8221;1\/4&#8243;][vc_single_image image=&#8221;19318&#8243; img_size=&#8221;300&#215;100&#8243; alignment=&#8221;center&#8221; onclick=&#8221;custom_link&#8221; img_link_target=&#8221;_blank&#8221; image_hovers=&#8221;false&#8221; link=&#8221;http:\/\/www.solaris.hr\/&#8221;][\/vc_column][\/vc_row][vc_row css=&#8221;.vc_custom_1528756834344{margin-top: 20px !important;}&#8221;][vc_column width=&#8221;1\/4&#8243;][vc_single_image image=&#8221;19320&#8243; img_size=&#8221;300&#215;100&#8243; alignment=&#8221;center&#8221; onclick=&#8221;custom_link&#8221; img_link_target=&#8221;_blank&#8221; image_hovers=&#8221;false&#8221; link=&#8221;http:\/\/www.suvremenouciliste.hr\/&#8221;][\/vc_column][vc_column width=&#8221;1\/4&#8243;][vc_single_image image=&#8221;19322&#8243; img_size=&#8221;300&#215;100&#8243; alignment=&#8221;center&#8221; onclick=&#8221;custom_link&#8221; img_link_target=&#8221;_blank&#8221; image_hovers=&#8221;false&#8221; link=&#8221;https:\/\/www.swisseducation.com\/en\/&#8221;][\/vc_column][vc_column width=&#8221;1\/4&#8243;][vc_single_image image=&#8221;19324&#8243; img_size=&#8221;300&#215;100&#8243; alignment=&#8221;center&#8221; onclick=&#8221;custom_link&#8221; img_link_target=&#8221;_blank&#8221; image_hovers=&#8221;false&#8221; link=&#8221;http:\/\/www.visittrogir.hr\/&#8221;][\/vc_column][vc_column width=&#8221;1\/4&#8243;][vc_single_image image=&#8221;19326&#8243; img_size=&#8221;300&#215;100&#8243; alignment=&#8221;center&#8221; onclick=&#8221;custom_link&#8221; img_link_target=&#8221;_blank&#8221; image_hovers=&#8221;false&#8221; link=&#8221;https:\/\/visitsplit.com\/&#8221;][\/vc_column][\/vc_row][vc_row css=&#8221;.vc_custom_1528756834344{margin-top: 20px !important;}&#8221;][vc_column width=&#8221;1\/4&#8243;][vc_single_image image=&#8221;19328&#8243; img_size=&#8221;300&#215;100&#8243; alignment=&#8221;center&#8221; onclick=&#8221;custom_link&#8221; img_link_target=&#8221;_blank&#8221; image_hovers=&#8221;false&#8221; link=&#8221;https:\/\/www.dalmatia.hr\/hr&#8221;][\/vc_column][vc_column width=&#8221;1\/4&#8243;][vc_single_image image=&#8221;19330&#8243; img_size=&#8221;300&#215;100&#8243; alignment=&#8221;center&#8221; onclick=&#8221;custom_link&#8221; img_link_target=&#8221;_blank&#8221; image_hovers=&#8221;false&#8221; link=&#8221;https:\/\/www.valamar.com\/hr\/&#8221;][\/vc_column][vc_column width=&#8221;1\/4&#8243;][vc_single_image image=&#8221;19332&#8243; img_size=&#8221;300&#215;100&#8243; alignment=&#8221;center&#8221; onclick=&#8221;custom_link&#8221; img_link_target=&#8221;_blank&#8221; image_hovers=&#8221;false&#8221; link=&#8221;https:\/\/www.vestibulpalace.com\/&#8221;][\/vc_column][vc_column width=&#8221;1\/4&#8243;][vc_single_image image=&#8221;19334&#8243; img_size=&#8221;300&#215;100&#8243; alignment=&#8221;center&#8221; onclick=&#8221;custom_link&#8221; img_link_target=&#8221;_blank&#8221; image_hovers=&#8221;false&#8221; link=&#8221;https:\/\/www.villaadriatica.com\/hr\/&#8221;][\/vc_column][\/vc_row][vc_row css=&#8221;.vc_custom_1528756834344{margin-top: 20px !important;}&#8221;][vc_column width=&#8221;1\/4&#8243;][vc_single_image image=&#8221;19335&#8243; img_size=&#8221;300&#215;100&#8243; alignment=&#8221;center&#8221; onclick=&#8221;custom_link&#8221; img_link_target=&#8221;_blank&#8221; image_hovers=&#8221;false&#8221; link=&#8221;http:\/\/www.zico-tours.com\/index.php\/en\/&#8221;][\/vc_column][vc_column width=&#8221;1\/4&#8243;][\/vc_column][vc_column width=&#8221;1\/4&#8243;][\/vc_column][vc_column width=&#8221;1\/4&#8243;][\/vc_column][\/vc_row]<\/p>\n","protected":false},"excerpt":{"rendered":"<p>[vc_row][vc_column width=&#8221;1\/4&#8243;][vc_single_image image=&#8221;19243&#8243; img_size=&#8221;300&#215;100&#8243; alignment=&#8221;center&#8221; onclick=&#8221;custom_link&#8221; img_link_target=&#8221;_blank&#8221; image_hovers=&#8221;false&#8221; link=&#8221;http:\/\/www.hotel-atrium.hr\/?lang=hr&#8221;][\/vc_column][vc_column width=&#8221;1\/4&#8243;][vc_single_image image=&#8221;19246&#8243; img_size=&#8221;300&#215;100&#8243; alignment=&#8221;center&#8221; onclick=&#8221;custom_link&#8221; img_link_target=&#8221;_blank&#8221; image_hovers=&#8221;false&#8221; link=&#8221;https:\/\/www.bluesunhotels.com\/&#8221;][\/vc_column][vc_column width=&#8221;1\/4&#8243;][vc_single_image image=&#8221;19241&#8243; img_size=&#8221;300&#215;100&#8243; alignment=&#8221;center&#8221; onclick=&#8221;custom_link&#8221; img_link_target=&#8221;_blank&#8221; image_hovers=&#8221;false&#8221; link=&#8221;https:\/\/www.cetinatours.com\/&#8221;][\/vc_column][vc_column width=&#8221;1\/4&#8243;][vc_single_image image=&#8221;19248&#8243; img_size=&#8221;300&#215;100&#8243; alignment=&#8221;center&#8221; onclick=&#8221;custom_link&#8221; img_link_target=&#8221;_blank&#8221; image_hovers=&#8221;false&#8221; link=&#8221;http:\/\/www.ktc.hr\/&#8221;][\/vc_column][\/vc_row][vc_row css=&#8221;.vc_custom_1528756834344{margin-top: 20px !important;}&#8221;][vc_column width=&#8221;1\/4&#8243;][vc_single_image image=&#8221;19253&#8243; img_size=&#8221;300&#215;100&#8243; alignment=&#8221;center&#8221; onclick=&#8221;custom_link&#8221; img_link_target=&#8221;_blank&#8221; image_hovers=&#8221;false&#8221; link=&#8221;http:\/\/www.cornarohotel.com\/&#8221;][\/vc_column][vc_column width=&#8221;1\/4&#8243;][vc_single_image image=&#8221;19255&#8243; img_size=&#8221;300&#215;100&#8243; alignment=&#8221;center&#8221; onclick=&#8221;custom_link&#8221; img_link_target=&#8221;_blank&#8221; image_hovers=&#8221;false&#8221; link=&#8221;http:\/\/hoteldamianii.hr\/hr\/&#8221;][\/vc_column][vc_column width=&#8221;1\/4&#8243;][vc_single_image image=&#8221;19257&#8243; img_size=&#8221;300&#215;100&#8243;&hellip;<\/p>\n","protected":false},"author":1,"featured_media":0,"parent":20342,"menu_order":0,"comment_status":"closed","ping_status":"closed","template":"","meta":{"_monsterinsights_skip_tracking":false,"_monsterinsights_sitenote_active":false,"_monsterinsights_sitenote_note":"","_monsterinsights_sitenote_category":0},"yoast_head":"<!-- This site is optimized with the Yoast SEO plugin v18.0 - https:\/\/yoast.com\/wordpress\/plugins\/seo\/ -->\n<title>Partners | ASPIRA University College<\/title>\n<meta name=\"robots\" content=\"index, follow, max-snippet:-1, max-image-preview:large, max-video-preview:-1\" \/>\n<link rel=\"canonical\" href=\"https:\/\/www.aspira.hr\/en\/about-aspira\/partners\/\" \/>\n<meta property=\"og:locale\" content=\"en_US\" \/>\n<meta property=\"og:type\" content=\"article\" \/>\n<meta property=\"og:title\" content=\"Partners | ASPIRA University College\" \/>\n<meta property=\"og:description\" content=\"[vc_row][vc_column width=&#8221;1\/4&#8243;][vc_single_image image=&#8221;19243&#8243; img_size=&#8221;300&#215;100&#8243; alignment=&#8221;center&#8221; onclick=&#8221;custom_link&#8221; img_link_target=&#8221;_blank&#8221; image_hovers=&#8221;false&#8221; link=&#8221;http:\/\/www.hotel-atrium.hr\/?lang=hr&#8221;][\/vc_column][vc_column width=&#8221;1\/4&#8243;][vc_single_image image=&#8221;19246&#8243; img_size=&#8221;300&#215;100&#8243; alignment=&#8221;center&#8221; onclick=&#8221;custom_link&#8221; img_link_target=&#8221;_blank&#8221; image_hovers=&#8221;false&#8221; link=&#8221;https:\/\/www.bluesunhotels.com\/&#8221;][\/vc_column][vc_column width=&#8221;1\/4&#8243;][vc_single_image image=&#8221;19241&#8243; img_size=&#8221;300&#215;100&#8243; alignment=&#8221;center&#8221; onclick=&#8221;custom_link&#8221; img_link_target=&#8221;_blank&#8221; image_hovers=&#8221;false&#8221; link=&#8221;https:\/\/www.cetinatours.com\/&#8221;][\/vc_column][vc_column width=&#8221;1\/4&#8243;][vc_single_image image=&#8221;19248&#8243; img_size=&#8221;300&#215;100&#8243; alignment=&#8221;center&#8221; onclick=&#8221;custom_link&#8221; img_link_target=&#8221;_blank&#8221; image_hovers=&#8221;false&#8221; link=&#8221;http:\/\/www.ktc.hr\/&#8221;][\/vc_column][\/vc_row][vc_row css=&#8221;.vc_custom_1528756834344{margin-top: 20px !important;}&#8221;][vc_column width=&#8221;1\/4&#8243;][vc_single_image image=&#8221;19253&#8243; img_size=&#8221;300&#215;100&#8243; alignment=&#8221;center&#8221; onclick=&#8221;custom_link&#8221; img_link_target=&#8221;_blank&#8221; image_hovers=&#8221;false&#8221; link=&#8221;http:\/\/www.cornarohotel.com\/&#8221;][\/vc_column][vc_column width=&#8221;1\/4&#8243;][vc_single_image image=&#8221;19255&#8243; img_size=&#8221;300&#215;100&#8243; alignment=&#8221;center&#8221; onclick=&#8221;custom_link&#8221; img_link_target=&#8221;_blank&#8221; image_hovers=&#8221;false&#8221; link=&#8221;http:\/\/hoteldamianii.hr\/hr\/&#8221;][\/vc_column][vc_column width=&#8221;1\/4&#8243;][vc_single_image image=&#8221;19257&#8243; img_size=&#8221;300&#215;100&#8243;&hellip;\" \/>\n<meta property=\"og:url\" content=\"https:\/\/www.aspira.hr\/en\/about-aspira\/partners\/\" \/>\n<meta property=\"og:site_name\" content=\"ASPIRA University College\" \/>\n<meta property=\"article:publisher\" content=\"https:\/\/www.facebook.com\/Aspira.University.College\" \/>\n<meta property=\"article:modified_time\" content=\"2018-07-20T15:02:11+00:00\" \/>\n<meta name=\"twitter:card\" content=\"summary_large_image\" \/>\n<meta name=\"twitter:site\" content=\"@aspirasplit\" \/>\n<meta name=\"twitter:label1\" content=\"Est. reading time\" \/>\n\t<meta name=\"twitter:data1\" content=\"5 minutes\" \/>\n<script type=\"application\/ld+json\" class=\"yoast-schema-graph\">{\"@context\":\"https:\/\/schema.org\",\"@graph\":[{\"@type\":\"Organization\",\"@id\":\"https:\/\/www.aspira.hr\/#organization\",\"name\":\"Aspira university college\",\"url\":\"https:\/\/www.aspira.hr\/\",\"sameAs\":[\"https:\/\/www.facebook.com\/Aspira.University.College\",\"https:\/\/www.instagram.com\/aspira_university\/\",\"https:\/\/www.youtube.com\/channel\/UCIgYMJQ9r3uxEjC6kX_q7EQ\",\"https:\/\/twitter.com\/aspirasplit\"],\"logo\":{\"@type\":\"ImageObject\",\"@id\":\"https:\/\/www.aspira.hr\/#logo\",\"inLanguage\":\"en-US\",\"url\":\"https:\/\/www.aspira.hr\/wp-content\/uploads\/2018\/02\/Aspira-University-College-1.png\",\"contentUrl\":\"https:\/\/www.aspira.hr\/wp-content\/uploads\/2018\/02\/Aspira-University-College-1.png\",\"width\":247,\"height\":60,\"caption\":\"Aspira university college\"},\"image\":{\"@id\":\"https:\/\/www.aspira.hr\/#logo\"}},{\"@type\":\"WebSite\",\"@id\":\"https:\/\/www.aspira.hr\/#website\",\"url\":\"https:\/\/www.aspira.hr\/\",\"name\":\"ASPIRA University College\",\"description\":\"Obrazovanje vrhunskih menad\u017eera iz podru\u010dja sporta i turizma. Studijski programi Me\u0111unarodnog menad\u017ementa u hotelijerstvu i turizmu, te Sportskog menad\u017ementa.\",\"publisher\":{\"@id\":\"https:\/\/www.aspira.hr\/#organization\"},\"potentialAction\":[{\"@type\":\"SearchAction\",\"target\":{\"@type\":\"EntryPoint\",\"urlTemplate\":\"https:\/\/www.aspira.hr\/?s={search_term_string}\"},\"query-input\":\"required name=search_term_string\"}],\"inLanguage\":\"en-US\"},{\"@type\":\"WebPage\",\"@id\":\"https:\/\/www.aspira.hr\/en\/about-aspira\/partners\/#webpage\",\"url\":\"https:\/\/www.aspira.hr\/en\/about-aspira\/partners\/\",\"name\":\"Partners | ASPIRA University College\",\"isPartOf\":{\"@id\":\"https:\/\/www.aspira.hr\/#website\"},\"datePublished\":\"2018-06-11T22:27:41+00:00\",\"dateModified\":\"2018-07-20T15:02:11+00:00\",\"breadcrumb\":{\"@id\":\"https:\/\/www.aspira.hr\/en\/about-aspira\/partners\/#breadcrumb\"},\"inLanguage\":\"en-US\",\"potentialAction\":[{\"@type\":\"ReadAction\",\"target\":[\"https:\/\/www.aspira.hr\/en\/about-aspira\/partners\/\"]}]},{\"@type\":\"BreadcrumbList\",\"@id\":\"https:\/\/www.aspira.hr\/en\/about-aspira\/partners\/#breadcrumb\",\"itemListElement\":[{\"@type\":\"ListItem\",\"position\":1,\"name\":\"Po\u010detna stranica\",\"item\":\"https:\/\/www.aspira.hr\/en\/\"},{\"@type\":\"ListItem\",\"position\":2,\"name\":\"About Aspira\",\"item\":\"https:\/\/www.aspira.hr\/en\/about-aspira\/\"},{\"@type\":\"ListItem\",\"position\":3,\"name\":\"Partners\"}]}]}<\/script>\n<!-- \/ Yoast SEO plugin. -->","yoast_head_json":{"title":"Partners | ASPIRA University College","robots":{"index":"index","follow":"follow","max-snippet":"max-snippet:-1","max-image-preview":"max-image-preview:large","max-video-preview":"max-video-preview:-1"},"canonical":"https:\/\/www.aspira.hr\/en\/about-aspira\/partners\/","og_locale":"en_US","og_type":"article","og_title":"Partners | ASPIRA University College","og_description":"[vc_row][vc_column width=&#8221;1\/4&#8243;][vc_single_image image=&#8221;19243&#8243; img_size=&#8221;300&#215;100&#8243; alignment=&#8221;center&#8221; onclick=&#8221;custom_link&#8221; img_link_target=&#8221;_blank&#8221; image_hovers=&#8221;false&#8221; link=&#8221;http:\/\/www.hotel-atrium.hr\/?lang=hr&#8221;][\/vc_column][vc_column width=&#8221;1\/4&#8243;][vc_single_image image=&#8221;19246&#8243; img_size=&#8221;300&#215;100&#8243; alignment=&#8221;center&#8221; onclick=&#8221;custom_link&#8221; img_link_target=&#8221;_blank&#8221; image_hovers=&#8221;false&#8221; link=&#8221;https:\/\/www.bluesunhotels.com\/&#8221;][\/vc_column][vc_column width=&#8221;1\/4&#8243;][vc_single_image image=&#8221;19241&#8243; img_size=&#8221;300&#215;100&#8243; alignment=&#8221;center&#8221; onclick=&#8221;custom_link&#8221; img_link_target=&#8221;_blank&#8221; image_hovers=&#8221;false&#8221; link=&#8221;https:\/\/www.cetinatours.com\/&#8221;][\/vc_column][vc_column width=&#8221;1\/4&#8243;][vc_single_image image=&#8221;19248&#8243; img_size=&#8221;300&#215;100&#8243; alignment=&#8221;center&#8221; onclick=&#8221;custom_link&#8221; img_link_target=&#8221;_blank&#8221; image_hovers=&#8221;false&#8221; link=&#8221;http:\/\/www.ktc.hr\/&#8221;][\/vc_column][\/vc_row][vc_row css=&#8221;.vc_custom_1528756834344{margin-top: 20px !important;}&#8221;][vc_column width=&#8221;1\/4&#8243;][vc_single_image image=&#8221;19253&#8243; img_size=&#8221;300&#215;100&#8243; alignment=&#8221;center&#8221; onclick=&#8221;custom_link&#8221; img_link_target=&#8221;_blank&#8221; image_hovers=&#8221;false&#8221; link=&#8221;http:\/\/www.cornarohotel.com\/&#8221;][\/vc_column][vc_column width=&#8221;1\/4&#8243;][vc_single_image image=&#8221;19255&#8243; img_size=&#8221;300&#215;100&#8243; alignment=&#8221;center&#8221; onclick=&#8221;custom_link&#8221; img_link_target=&#8221;_blank&#8221; image_hovers=&#8221;false&#8221; link=&#8221;http:\/\/hoteldamianii.hr\/hr\/&#8221;][\/vc_column][vc_column width=&#8221;1\/4&#8243;][vc_single_image image=&#8221;19257&#8243; img_size=&#8221;300&#215;100&#8243;&hellip;","og_url":"https:\/\/www.aspira.hr\/en\/about-aspira\/partners\/","og_site_name":"ASPIRA University College","article_publisher":"https:\/\/www.facebook.com\/Aspira.University.College","article_modified_time":"2018-07-20T15:02:11+00:00","twitter_card":"summary_large_image","twitter_site":"@aspirasplit","twitter_misc":{"Est. reading time":"5 minutes"},"schema":{"@context":"https:\/\/schema.org","@graph":[{"@type":"Organization","@id":"https:\/\/www.aspira.hr\/#organization","name":"Aspira university college","url":"https:\/\/www.aspira.hr\/","sameAs":["https:\/\/www.facebook.com\/Aspira.University.College","https:\/\/www.instagram.com\/aspira_university\/","https:\/\/www.youtube.com\/channel\/UCIgYMJQ9r3uxEjC6kX_q7EQ","https:\/\/twitter.com\/aspirasplit"],"logo":{"@type":"ImageObject","@id":"https:\/\/www.aspira.hr\/#logo","inLanguage":"en-US","url":"https:\/\/www.aspira.hr\/wp-content\/uploads\/2018\/02\/Aspira-University-College-1.png","contentUrl":"https:\/\/www.aspira.hr\/wp-content\/uploads\/2018\/02\/Aspira-University-College-1.png","width":247,"height":60,"caption":"Aspira university college"},"image":{"@id":"https:\/\/www.aspira.hr\/#logo"}},{"@type":"WebSite","@id":"https:\/\/www.aspira.hr\/#website","url":"https:\/\/www.aspira.hr\/","name":"ASPIRA University College","description":"Obrazovanje vrhunskih menad\u017eera iz podru\u010dja sporta i turizma. Studijski programi Me\u0111unarodnog menad\u017ementa u hotelijerstvu i turizmu, te Sportskog menad\u017ementa.","publisher":{"@id":"https:\/\/www.aspira.hr\/#organization"},"potentialAction":[{"@type":"SearchAction","target":{"@type":"EntryPoint","urlTemplate":"https:\/\/www.aspira.hr\/?s={search_term_string}"},"query-input":"required name=search_term_string"}],"inLanguage":"en-US"},{"@type":"WebPage","@id":"https:\/\/www.aspira.hr\/en\/about-aspira\/partners\/#webpage","url":"https:\/\/www.aspira.hr\/en\/about-aspira\/partners\/","name":"Partners | ASPIRA University College","isPartOf":{"@id":"https:\/\/www.aspira.hr\/#website"},"datePublished":"2018-06-11T22:27:41+00:00","dateModified":"2018-07-20T15:02:11+00:00","breadcrumb":{"@id":"https:\/\/www.aspira.hr\/en\/about-aspira\/partners\/#breadcrumb"},"inLanguage":"en-US","potentialAction":[{"@type":"ReadAction","target":["https:\/\/www.aspira.hr\/en\/about-aspira\/partners\/"]}]},{"@type":"BreadcrumbList","@id":"https:\/\/www.aspira.hr\/en\/about-aspira\/partners\/#breadcrumb","itemListElement":[{"@type":"ListItem","position":1,"name":"Po\u010detna stranica","item":"https:\/\/www.aspira.hr\/en\/"},{"@type":"ListItem","position":2,"name":"About Aspira","item":"https:\/\/www.aspira.hr\/en\/about-aspira\/"},{"@type":"ListItem","position":3,"name":"Partners"}]}]}},"_links":{"self":[{"href":"https:\/\/www.aspira.hr\/en\/wp-json\/wp\/v2\/pages\/20350"}],"collection":[{"href":"https:\/\/www.aspira.hr\/en\/wp-json\/wp\/v2\/pages"}],"about":[{"href":"https:\/\/www.aspira.hr\/en\/wp-json\/wp\/v2\/types\/page"}],"author":[{"embeddable":true,"href":"https:\/\/www.aspira.hr\/en\/wp-json\/wp\/v2\/users\/1"}],"replies":[{"embeddable":true,"href":"https:\/\/www.aspira.hr\/en\/wp-json\/wp\/v2\/comments?post=20350"}],"version-history":[{"count":0,"href":"https:\/\/www.aspira.hr\/en\/wp-json\/wp\/v2\/pages\/20350\/revisions"}],"up":[{"embeddable":true,"href":"https:\/\/www.aspira.hr\/en\/wp-json\/wp\/v2\/pages\/20342"}],"wp:attachment":[{"href":"https:\/\/www.aspira.hr\/en\/wp-json\/wp\/v2\/media?parent=20350"}],"curies":[{"name":"wp","href":"https:\/\/api.w.org\/{rel}","templated":true}]}}