{"id":20347,"date":"2018-04-02T20:27:26","date_gmt":"2018-04-02T18:27:26","guid":{"rendered":"https:\/\/www.aspira.hr\/about-aspira\/dopusnica\/"},"modified":"2023-11-09T11:54:21","modified_gmt":"2023-11-09T10:54:21","slug":"authorization","status":"publish","type":"page","link":"https:\/\/www.aspira.hr\/en\/about-aspira\/authorization\/","title":{"rendered":"Accreditation licence"},"content":{"rendered":"<p>[vc_row][vc_column][vc_column_text]<\/p>\n<p>Aspira University of Applied Sciences was recognized the public rights by receiving the Authorization from the Ministry of Science and Education (CLASS: UP\/I-602-04\/07-12\/00007; Register No: 533-07-08-0010) for performing business operations and running the academic program for the professional studies of Sports Management.<\/p>\n<p>With the license of the Ministry of Science and Education (CLASS: UP \/ I-602-04 \/ 13-13 \/ 00070; Reg 533-20-15-0006) signed on 6 May 2015 \u2013 for higher education activities and performance of undergraduate study of International Management in Hospitality and Tourism, the University of Applied Sciences Aspira has been recognised the right of the public.<br \/>\nThe ceremony of handing the licence was contributed by the Minister of Tourism, Mr Darko Lorencin, who emphasised that the study of International Management in Hospitality and Tourism at the University of Applied Sciences Aspira is quality response to the development of tourism and that this study enables the development of first-rate experts who, in accordance with the growth of tourism, are extremely necessary.[\/vc_column_text][\/vc_column][\/vc_row]<\/p>\n","protected":false},"excerpt":{"rendered":"<p>[vc_row][vc_column][vc_column_text] Aspira University of Applied Sciences was recognized the public rights by receiving the Authorization from the Ministry of Science and Education (CLASS: UP\/I-602-04\/07-12\/00007; Register No: 533-07-08-0010) for performing business operations and running the academic program for the professional studies of Sports Management. With the license of the Ministry of Science and Education (CLASS: UP&hellip;<\/p>\n","protected":false},"author":1,"featured_media":0,"parent":20342,"menu_order":0,"comment_status":"closed","ping_status":"closed","template":"","meta":{"_monsterinsights_skip_tracking":false,"_monsterinsights_sitenote_active":false,"_monsterinsights_sitenote_note":"","_monsterinsights_sitenote_category":0},"yoast_head":"<!-- This site is optimized with the Yoast SEO plugin v18.0 - https:\/\/yoast.com\/wordpress\/plugins\/seo\/ -->\n<title>Accreditation licence | ASPIRA University College<\/title>\n<meta name=\"robots\" content=\"index, follow, max-snippet:-1, max-image-preview:large, max-video-preview:-1\" \/>\n<link rel=\"canonical\" href=\"https:\/\/www.aspira.hr\/en\/about-aspira\/authorization\/\" \/>\n<meta property=\"og:locale\" content=\"en_US\" \/>\n<meta property=\"og:type\" content=\"article\" \/>\n<meta property=\"og:title\" content=\"Accreditation licence | ASPIRA University College\" \/>\n<meta property=\"og:description\" content=\"[vc_row][vc_column][vc_column_text] Aspira University of Applied Sciences was recognized the public rights by receiving the Authorization from the Ministry of Science and Education (CLASS: UP\/I-602-04\/07-12\/00007; Register No: 533-07-08-0010) for performing business operations and running the academic program for the professional studies of Sports Management. With the license of the Ministry of Science and Education (CLASS: UP&hellip;\" \/>\n<meta property=\"og:url\" content=\"https:\/\/www.aspira.hr\/en\/about-aspira\/authorization\/\" \/>\n<meta property=\"og:site_name\" content=\"ASPIRA University College\" \/>\n<meta property=\"article:publisher\" content=\"https:\/\/www.facebook.com\/Aspira.University.College\" \/>\n<meta property=\"article:modified_time\" content=\"2023-11-09T10:54:21+00:00\" \/>\n<meta name=\"twitter:card\" content=\"summary_large_image\" \/>\n<meta name=\"twitter:site\" content=\"@aspirasplit\" \/>\n<meta name=\"twitter:label1\" content=\"Est. reading time\" \/>\n\t<meta name=\"twitter:data1\" content=\"1 minute\" \/>\n<script type=\"application\/ld+json\" class=\"yoast-schema-graph\">{\"@context\":\"https:\/\/schema.org\",\"@graph\":[{\"@type\":\"Organization\",\"@id\":\"https:\/\/www.aspira.hr\/#organization\",\"name\":\"Aspira university college\",\"url\":\"https:\/\/www.aspira.hr\/\",\"sameAs\":[\"https:\/\/www.facebook.com\/Aspira.University.College\",\"https:\/\/www.instagram.com\/aspira_university\/\",\"https:\/\/www.youtube.com\/channel\/UCIgYMJQ9r3uxEjC6kX_q7EQ\",\"https:\/\/twitter.com\/aspirasplit\"],\"logo\":{\"@type\":\"ImageObject\",\"@id\":\"https:\/\/www.aspira.hr\/#logo\",\"inLanguage\":\"en-US\",\"url\":\"https:\/\/www.aspira.hr\/wp-content\/uploads\/2018\/02\/Aspira-University-College-1.png\",\"contentUrl\":\"https:\/\/www.aspira.hr\/wp-content\/uploads\/2018\/02\/Aspira-University-College-1.png\",\"width\":247,\"height\":60,\"caption\":\"Aspira university college\"},\"image\":{\"@id\":\"https:\/\/www.aspira.hr\/#logo\"}},{\"@type\":\"WebSite\",\"@id\":\"https:\/\/www.aspira.hr\/#website\",\"url\":\"https:\/\/www.aspira.hr\/\",\"name\":\"ASPIRA University College\",\"description\":\"Obrazovanje vrhunskih menad\u017eera iz podru\u010dja sporta i turizma. Studijski programi Me\u0111unarodnog menad\u017ementa u hotelijerstvu i turizmu, te Sportskog menad\u017ementa.\",\"publisher\":{\"@id\":\"https:\/\/www.aspira.hr\/#organization\"},\"potentialAction\":[{\"@type\":\"SearchAction\",\"target\":{\"@type\":\"EntryPoint\",\"urlTemplate\":\"https:\/\/www.aspira.hr\/?s={search_term_string}\"},\"query-input\":\"required name=search_term_string\"}],\"inLanguage\":\"en-US\"},{\"@type\":\"WebPage\",\"@id\":\"https:\/\/www.aspira.hr\/en\/about-aspira\/authorization\/#webpage\",\"url\":\"https:\/\/www.aspira.hr\/en\/about-aspira\/authorization\/\",\"name\":\"Accreditation licence | ASPIRA University College\",\"isPartOf\":{\"@id\":\"https:\/\/www.aspira.hr\/#website\"},\"datePublished\":\"2018-04-02T18:27:26+00:00\",\"dateModified\":\"2023-11-09T10:54:21+00:00\",\"breadcrumb\":{\"@id\":\"https:\/\/www.aspira.hr\/en\/about-aspira\/authorization\/#breadcrumb\"},\"inLanguage\":\"en-US\",\"potentialAction\":[{\"@type\":\"ReadAction\",\"target\":[\"https:\/\/www.aspira.hr\/en\/about-aspira\/authorization\/\"]}]},{\"@type\":\"BreadcrumbList\",\"@id\":\"https:\/\/www.aspira.hr\/en\/about-aspira\/authorization\/#breadcrumb\",\"itemListElement\":[{\"@type\":\"ListItem\",\"position\":1,\"name\":\"Po\u010detna stranica\",\"item\":\"https:\/\/www.aspira.hr\/en\/\"},{\"@type\":\"ListItem\",\"position\":2,\"name\":\"About Aspira\",\"item\":\"https:\/\/www.aspira.hr\/en\/about-aspira\/\"},{\"@type\":\"ListItem\",\"position\":3,\"name\":\"Accreditation licence\"}]}]}<\/script>\n<!-- \/ Yoast SEO plugin. -->","yoast_head_json":{"title":"Accreditation licence | ASPIRA University College","robots":{"index":"index","follow":"follow","max-snippet":"max-snippet:-1","max-image-preview":"max-image-preview:large","max-video-preview":"max-video-preview:-1"},"canonical":"https:\/\/www.aspira.hr\/en\/about-aspira\/authorization\/","og_locale":"en_US","og_type":"article","og_title":"Accreditation licence | ASPIRA University College","og_description":"[vc_row][vc_column][vc_column_text] Aspira University of Applied Sciences was recognized the public rights by receiving the Authorization from the Ministry of Science and Education (CLASS: UP\/I-602-04\/07-12\/00007; Register No: 533-07-08-0010) for performing business operations and running the academic program for the professional studies of Sports Management. With the license of the Ministry of Science and Education (CLASS: UP&hellip;","og_url":"https:\/\/www.aspira.hr\/en\/about-aspira\/authorization\/","og_site_name":"ASPIRA University College","article_publisher":"https:\/\/www.facebook.com\/Aspira.University.College","article_modified_time":"2023-11-09T10:54:21+00:00","twitter_card":"summary_large_image","twitter_site":"@aspirasplit","twitter_misc":{"Est. reading time":"1 minute"},"schema":{"@context":"https:\/\/schema.org","@graph":[{"@type":"Organization","@id":"https:\/\/www.aspira.hr\/#organization","name":"Aspira university college","url":"https:\/\/www.aspira.hr\/","sameAs":["https:\/\/www.facebook.com\/Aspira.University.College","https:\/\/www.instagram.com\/aspira_university\/","https:\/\/www.youtube.com\/channel\/UCIgYMJQ9r3uxEjC6kX_q7EQ","https:\/\/twitter.com\/aspirasplit"],"logo":{"@type":"ImageObject","@id":"https:\/\/www.aspira.hr\/#logo","inLanguage":"en-US","url":"https:\/\/www.aspira.hr\/wp-content\/uploads\/2018\/02\/Aspira-University-College-1.png","contentUrl":"https:\/\/www.aspira.hr\/wp-content\/uploads\/2018\/02\/Aspira-University-College-1.png","width":247,"height":60,"caption":"Aspira university college"},"image":{"@id":"https:\/\/www.aspira.hr\/#logo"}},{"@type":"WebSite","@id":"https:\/\/www.aspira.hr\/#website","url":"https:\/\/www.aspira.hr\/","name":"ASPIRA University College","description":"Obrazovanje vrhunskih menad\u017eera iz podru\u010dja sporta i turizma. Studijski programi Me\u0111unarodnog menad\u017ementa u hotelijerstvu i turizmu, te Sportskog menad\u017ementa.","publisher":{"@id":"https:\/\/www.aspira.hr\/#organization"},"potentialAction":[{"@type":"SearchAction","target":{"@type":"EntryPoint","urlTemplate":"https:\/\/www.aspira.hr\/?s={search_term_string}"},"query-input":"required name=search_term_string"}],"inLanguage":"en-US"},{"@type":"WebPage","@id":"https:\/\/www.aspira.hr\/en\/about-aspira\/authorization\/#webpage","url":"https:\/\/www.aspira.hr\/en\/about-aspira\/authorization\/","name":"Accreditation licence | ASPIRA University College","isPartOf":{"@id":"https:\/\/www.aspira.hr\/#website"},"datePublished":"2018-04-02T18:27:26+00:00","dateModified":"2023-11-09T10:54:21+00:00","breadcrumb":{"@id":"https:\/\/www.aspira.hr\/en\/about-aspira\/authorization\/#breadcrumb"},"inLanguage":"en-US","potentialAction":[{"@type":"ReadAction","target":["https:\/\/www.aspira.hr\/en\/about-aspira\/authorization\/"]}]},{"@type":"BreadcrumbList","@id":"https:\/\/www.aspira.hr\/en\/about-aspira\/authorization\/#breadcrumb","itemListElement":[{"@type":"ListItem","position":1,"name":"Po\u010detna stranica","item":"https:\/\/www.aspira.hr\/en\/"},{"@type":"ListItem","position":2,"name":"About Aspira","item":"https:\/\/www.aspira.hr\/en\/about-aspira\/"},{"@type":"ListItem","position":3,"name":"Accreditation licence"}]}]}},"_links":{"self":[{"href":"https:\/\/www.aspira.hr\/en\/wp-json\/wp\/v2\/pages\/20347"}],"collection":[{"href":"https:\/\/www.aspira.hr\/en\/wp-json\/wp\/v2\/pages"}],"about":[{"href":"https:\/\/www.aspira.hr\/en\/wp-json\/wp\/v2\/types\/page"}],"author":[{"embeddable":true,"href":"https:\/\/www.aspira.hr\/en\/wp-json\/wp\/v2\/users\/1"}],"replies":[{"embeddable":true,"href":"https:\/\/www.aspira.hr\/en\/wp-json\/wp\/v2\/comments?post=20347"}],"version-history":[{"count":2,"href":"https:\/\/www.aspira.hr\/en\/wp-json\/wp\/v2\/pages\/20347\/revisions"}],"predecessor-version":[{"id":31912,"href":"https:\/\/www.aspira.hr\/en\/wp-json\/wp\/v2\/pages\/20347\/revisions\/31912"}],"up":[{"embeddable":true,"href":"https:\/\/www.aspira.hr\/en\/wp-json\/wp\/v2\/pages\/20342"}],"wp:attachment":[{"href":"https:\/\/www.aspira.hr\/en\/wp-json\/wp\/v2\/media?parent=20347"}],"curies":[{"name":"wp","href":"https:\/\/api.w.org\/{rel}","templated":true}]}}